{"id":148664,"date":"2021-09-22T11:23:21","date_gmt":"2021-09-22T11:23:21","guid":{"rendered":"https:\/\/www.canvasartbay.com\/dmca-compliance\/"},"modified":"2025-08-19T14:02:52","modified_gmt":"2025-08-19T14:02:52","slug":"dmca-compliance","status":"publish","type":"page","link":"https:\/\/www.canvasartbay.com\/de\/dmca-compliance\/","title":{"rendered":"DMCA Compliance"},"content":{"rendered":"\t\t<div data-elementor-type=\"wp-page\" data-elementor-id=\"148664\" class=\"elementor elementor-148664 elementor-911\" data-elementor-post-type=\"page\">\n\t\t\t\t\t\t<section class=\"elementor-section elementor-top-section elementor-element elementor-element-62c2a007 elementor-section-boxed elementor-section-height-default elementor-section-height-default\" data-id=\"62c2a007\" data-element_type=\"section\">\n\t\t\t\t\t\t<div class=\"elementor-container elementor-column-gap-default\">\n\t\t\t\t\t<div class=\"elementor-column elementor-col-100 elementor-top-column elementor-element elementor-element-55d569e7\" data-id=\"55d569e7\" data-element_type=\"column\">\n\t\t\t<div class=\"elementor-widget-wrap elementor-element-populated\">\n\t\t\t\t\t\t<div class=\"elementor-element elementor-element-f6e7087 elementor-widget elementor-widget-heading\" data-id=\"f6e7087\" data-element_type=\"widget\" data-widget_type=\"heading.default\">\n\t\t\t\t<div class=\"elementor-widget-container\">\n\t\t\t\t\t<h1 class=\"elementor-heading-title elementor-size-default\">DIGITAL MILLENNIUM COPYRIGHT ACT<\/h1>\t\t\t\t<\/div>\n\t\t\t\t<\/div>\n\t\t\t\t<div class=\"elementor-element elementor-element-b017769 elementor-widget elementor-widget-spacer\" data-id=\"b017769\" data-element_type=\"widget\" data-widget_type=\"spacer.default\">\n\t\t\t\t<div class=\"elementor-widget-container\">\n\t\t\t\t\t\t\t<div class=\"elementor-spacer\">\n\t\t\t<div class=\"elementor-spacer-inner\"><\/div>\n\t\t<\/div>\n\t\t\t\t\t\t<\/div>\n\t\t\t\t<\/div>\n\t\t\t\t<div class=\"elementor-element elementor-element-2ac4110f elementor-widget elementor-widget-text-editor\" data-id=\"2ac4110f\" data-element_type=\"widget\" data-widget_type=\"text-editor.default\">\n\t\t\t\t<div class=\"elementor-widget-container\">\n\t\t\t\t\t\t\t\t\t<p>Hier ist die \u00dcbersetzung des Textes ins Deutsche:<\/p><p><span style=\"font-size: 12pt; font-family: georgia, palatino, serif;\"><strong>Canvas Art Bay<\/strong> unterst\u00fctzt die Kunstgemeinschaft als Ganzes auf jede erdenkliche Weise! Wir haben unsere Gemeinschaft vollst\u00e4ndig auf den grundlegenden Prinzipien des Respekts und der Anerkennung von K\u00fcnstlern aufgebaut. Wir bitten h\u00f6flichst darum, dass keine Person Werke auf <strong>Canvas Art Bay<\/strong> ver\u00f6ffentlicht, die die Rechte am geistigen Eigentum anderer K\u00fcnstler, Unternehmen oder deren Markenrechte verletzen k\u00f6nnten! Indem Sie dies beachten, helfen Sie <strong>Canvas Art Bay<\/strong> dabei, sich als vertrauensw\u00fcrdiges und ethisch einwandfreies Unternehmen zu etablieren, das mit voller Integrit\u00e4t handelt.<\/span><\/p><p><span style=\"font-size: 12pt; font-family: georgia, palatino, serif;\">Es gibt mehrere internationale Abkommen zum geistigen Eigentum, aber die Gesetze sind nicht weltweit einheitlich. Allgemein gesagt jedoch\u2026<\/span><\/p><p><span style=\"font-size: 12pt; font-family: georgia, palatino, serif;\"><strong>URHEBERRECHT<\/strong> sch\u00fctzt die Verk\u00f6rperung einer originellen Idee in einer greifbaren Form, wie Kunstwerke in Form von Fotografien oder Gem\u00e4lden und literarische Werke in Form von Gedichten oder Geschichten.<\/span><\/p><p><span style=\"font-size: 12pt; font-family: georgia, palatino, serif;\"><strong>MARKENRECHT<\/strong> sch\u00fctzt die Verwendung von W\u00f6rtern, Symbolen, Designs oder Logos, die eine Herkunft von Waren kennzeichnen und unterscheiden.<\/span><\/p><p><span style=\"font-size: 12pt; font-family: georgia, palatino, serif;\"><strong>PERS\u00d6NLICHEKEITSRECHTE<\/strong> sch\u00fctzen den Namen, das Bild und die Erscheinung einer Person. Im Grunde bedeutet das, dass Sie die Identit\u00e4t einer anderen Person nicht ohne deren Einwilligung zu Ihrem kommerziellen Vorteil nutzen k\u00f6nnen.<\/span><\/p><p><span style=\"font-size: 12pt; font-family: georgia, palatino, serif;\"><strong>EIN HINWEIS ZUR ERLAUBNIS DER FREIEN NUTZUNG (FAIR USE)<\/strong><\/span><\/p><p><span style=\"font-size: 12pt; font-family: georgia, palatino, serif;\">M\u00f6glicherweise k\u00f6nnen Sie urheberrechtlich oder markenrechtlich gesch\u00fctztes Material einer anderen Person in Ihr eigenes Werk einbinden, wenn dies auf eine Weise geschieht, die als \u201eerlaubte freie Nutzung\u201c (fair use) gilt oder eine andere zul\u00e4ssige Nutzung darstellt. Bitte beachten Sie jedoch, dass \u201efair use\u201c typischerweise nur in begrenzten Situationen Anwendung findet und nicht dasselbe wie \u201eMeinungsfreiheit\u201c ist. Ganz offen gesagt ist \u201efair use\u201c ein schwieriges Konzept, selbst f\u00fcr Experten, und der Umfang von \u201efair use\u201c ist in verschiedenen L\u00e4ndern unterschiedlich. Selbst wenn Sie also glauben, ein Werk geschaffen zu haben, das unter \u201efair use\u201c oder eine andere zul\u00e4ssige Nutzung f\u00e4llt, sollten Sie sich vor der Verwendung im Zusammenhang mit dem <strong>Canvas Art Bay<\/strong>-Service an einen Rechtsanwalt wenden. Auch wenn einige Nutzungen Ihnen \u201efair\u201c oder zul\u00e4ssig erscheinen m\u00f6gen, bitten wir Sie zu verstehen, dass <strong>Canvas Art Bay<\/strong> gem\u00e4\u00df seinem Hinweis- und L\u00f6schverfahren (Notice and Takedown procedure) handeln muss, sobald ein Bericht eingegangen ist. Zus\u00e4tzlich k\u00f6nnen bestimmte Werke ohne einen spezifischen Bericht entfernt werden, wenn wir anderweitig auf m\u00f6gliche Rechtsverletzungen aufmerksam gemacht werden oder davon Kenntnis erlangen.<\/span><\/p><p><span style=\"font-size: 12pt; font-family: georgia, palatino, serif;\">Letztendlich tragen Sie die volle Verantwortung f\u00fcr die Werke, die Sie auf <strong>Canvas Art Bay<\/strong> hochladen und anzeigen. Dies spiegelt sich in unseren <strong>NUTZUNGSBEDINGUNGEN (TERMS OF SERVICE)<\/strong> wider. Die Nutzung der <strong>Canvas Art Bay<\/strong>-Website setzt die fortgesetzte Akzeptanz dieser Vereinbarung voraus.<\/span><\/p><p><span style=\"font-size: 12pt; font-family: georgia, palatino, serif;\">Bitte tun Sie uns also allen einen Gefallen und holen Sie die Einwilligung ein, wenn jemand die Rechte an einem Bild, Gem\u00e4lde, Foto, Logo, einer Geschichte, einem Gedicht oder einem anderen Werk, Urheberrecht, Markenrecht oder Pers\u00f6nlichkeitsrecht besitzt oder geschaffen hat (unabh\u00e4ngig davon, ob es sich um eine Einzelperson oder ein gro\u00dfes globales Unternehmen handelt), bevor Sie dieses Werk im Zusammenhang mit dem <strong>Canvas Art Bay<\/strong>-Service verwenden. Dies wird dazu beitragen, sicherzustellen, dass Sie nicht die Rechte Dritter verletzen, und uns helfen, eine ermutigende und inspirierende Umgebung bei WCM (Anm.: vermutlich Tippfehler, gemeint ist wohl Canvas Art Bay) zu f\u00f6rdern, die voller Witz, Seele, Bedeutung und \u00e4sthetischer Genialit\u00e4t ist.<\/span><\/p><p><span style=\"font-size: 12pt; font-family: georgia, palatino, serif;\"><strong>RICHTLINIE F\u00dcR WIEDERHOLTE RECHTSVERLETZER (REPEAT INFRINGER POLICY)<\/strong><\/span><\/p><p><span style=\"font-size: 12pt; font-family: georgia, palatino, serif;\">Es ist die Policy von <strong>Canvas Art Bay<\/strong>, unter angemessenen Umst\u00e4nden die Konten von Nutzern zu deaktivieren und\/oder zu k\u00fcndigen, die wiederholt Rechte verletzen oder wiederholt beschuldigt werden, Urheberrechte, Markenrechte, andere Rechte des geistigen Eigentums oder Pers\u00f6nlichkeitsrechte anderer zu verletzen.<\/span><\/p><h3><span style=\"font-size: 12pt; font-family: georgia, palatino, serif;\">VERFAHREN BEI RECHTSVERLETZUNGSHINWEISEN UND ENTFERNUNG (INFRINGEMENT NOTICE AND TAKEDOWN PROCEDURE):<\/span><\/h3><p><span style=\"font-size: 12pt; font-family: georgia, palatino, serif;\"><strong>Canvas Art Bay<\/strong> respektiert die Rechte des geistigen Eigentums anderer und wir bitten unsere Nutzer, dies ebenfalls zu tun.<\/span><\/p><p><span style=\"font-size: 12pt; font-family: georgia, palatino, serif;\">** Wenn Sie der Ansicht sind, dass Ihre Inhalte in einer Weise verwendet wurden, die eine Verletzung Ihrer Rechte darstellt, benachrichtigen Sie bitte den daf\u00fcr benannten Beauftragten von <strong>Canvas Art Bay<\/strong> f\u00fcr Beschwerden (Kontakt-E-Mail unten), indem Sie einen Hinweis- und L\u00f6schantrag (Notice and Takedown Report) senden, der folgende wichtige Informationen enthalten muss:<\/span><\/p><ol><li><span style=\"font-size: 12pt; font-family: georgia, palatino, serif;\">eine elektronische oder physische Unterschrift der Person, die bevollm\u00e4chtigt ist, im Namen des Rechteinhabers des betreffenden Werkes\/Materials zu handeln;<\/span><\/li><li><span style=\"font-size: 12pt; font-family: georgia, palatino, serif;\">eine Beschreibung des Werkes\/Materials, von dem behauptet wird, dass es verletzt wurde;<\/span><\/li><li><span style=\"font-size: 12pt; font-family: georgia, palatino, serif;\">eine Beschreibung, wo sich der angeblich rechtsverletzende Inhalt auf der <strong>Canvas Art Bay<\/strong>-Website befindet;<\/span><\/li><li><span style=\"font-size: 12pt; font-family: georgia, palatino, serif;\">Ihre Adresse, Telefonnummer und E-Mail-Adresse;<\/span><\/li><li><span style=\"font-size: 12pt; font-family: georgia, palatino, serif;\">eine Erkl\u00e4rung Ihrerseits, dass Sie in gutem Glauben davon ausgehen, dass die strittige Nutzung nicht durch den Rechteinhaber, seinen Bevollm\u00e4chtigten oder das Gesetz autorisiert ist;<\/span><\/li><li><span style=\"font-size: 12pt; font-family: georgia, palatino, serif;\"><span style=\"font-size: 12pt; font-family: georgia, palatino, serif;\">eine Erkl\u00e4rung Ihrerseits, die wahrheitsgem\u00e4\u00df und unter Strafandrohung abgegeben wird, dass:<br \/><\/span><\/span><ol type=\"a\"><li><span style=\"font-size: 12pt; font-family: georgia, palatino, serif;\">die obenstehenden Informationen zutreffend sind; und<\/span><\/li><li><span style=\"font-size: 12pt; font-family: georgia, palatino, serif;\">Sie bevollm\u00e4chtigt sind, im Namen des Inhabers der betroffenen Rechte zu handeln.<\/span><\/li><\/ol><p>\u00a0<\/p><\/li><\/ol><p><span style=\"font-size: 12pt; font-family: georgia, palatino, serif;\">Der daf\u00fcr benannte Beauftragte von <strong>Canvas Art Bay<\/strong> f\u00fcr Beschwerden ist erreichbar unter: <strong><span style=\"text-decoration: underline;\">legal@canvasartbay.com<\/span><\/strong><\/span><\/p><p><span style=\"font-size: 12pt; font-family: georgia, palatino, serif;\">Zus\u00e4tzlich kann <strong>Canvas Art Bay<\/strong> unter bestimmten Umst\u00e4nden Nutzer sperren oder k\u00fcndigen, die unserer Meinung nach vors\u00e4tzlich Urheberrechte, Markenrechte, Pers\u00f6nlichkeitsrechte oder andere Rechte Dritter verletzen.<\/span><\/p><p><span style=\"font-size: 12pt; font-family: georgia, palatino, serif;\">Wenn Ihr Werk in einem Hinweis-\/L\u00f6schantrag enthalten war<\/span><\/p><p><span style=\"font-size: 12pt; font-family: georgia, palatino, serif;\">Wenn das <strong>Canvas Art Bay<\/strong> Content Team einen Hinweis- und L\u00f6schantrag erhalten hat, der eines oder mehrere Ihrer Werke ausdr\u00fccklich benennt, wurden die genannten Werke entfernt. Sie werden diese Werke nicht einsehen oder aktualisieren k\u00f6nnen.<\/span><\/p><p><span style=\"font-size: 12pt; font-family: georgia, palatino, serif;\">Der eingegangene Hinweis- und L\u00f6schantrag kann auch Werke anderer K\u00fcnstler enthalten haben oder auch nicht, und durch die Entfernung des Werkes stellen wir nicht fest, dass Ihr Werk Urheberrechts-, Marken- oder Pers\u00f6nlichkeitsrechte verletzt oder nicht verletzt.<\/span><\/p><p><span style=\"font-size: 12pt; font-family: georgia, palatino, serif;\"><em>Wir sind gesetzlich verpflichtet, auf Berichte zu reagieren, die gem\u00e4\u00df unserer IP-\/Pers\u00f6nlichkeitsrechte-Richtlinie eingereicht werden.<\/em><\/span><\/p><p><span style=\"font-size: 12pt; font-family: georgia, palatino, serif;\">Auch wenn das Werk m\u00f6glicherweise keine direkte Kopie des Werkes eines anderen war, kann es Elemente, Logos oder pers\u00f6nliche Abbildungen enthalten, die die Rechte anderer verletzen k\u00f6nnten.<\/span><\/p><p><span style=\"font-size: 12pt; font-family: georgia, palatino, serif;\">Wenn Sie der Ansicht sind, dass ein Bericht fehlerhaft war oder nicht auf Ihr Werk zutreffen sollte, haben Sie das Recht, einen Gegenhinweis (counter-notification) einzureichen.<\/span><\/p><p><span style=\"font-size: 12pt; font-family: georgia, palatino, serif;\"><strong>Wir bitten vielmals um Entschuldigung, dass wir gesetzlich nicht in der Lage sind, individuelle Rechtsberatung in Urheberrechts-, Marken- oder Pers\u00f6nlichkeitsrechtsfragen zu erteilen oder pers\u00f6nliche Meinungen zu diesen Angelegenheiten abzugeben.<\/strong><\/span><\/p><p><span style=\"font-size: 12pt; font-family: georgia, palatino, serif;\">Wir empfehlen, dass Sie die relevanten Urheberrechts-, Marken- und Pers\u00f6nlichkeitsrechtsgesetze und ihre Anwendung auf Ihr Werk im Internet recherchieren (einige Links unten), oder einen IP-Spezialisten konsultieren, wenn Sie unsicher sind, warum Ihr spezifisches Werk in einen Hinweis- und L\u00f6schantrag aufgenommen wurde.<\/span><\/p><ul><li><span style=\"font-size: 12pt; font-family: georgia, palatino, serif;\"><a href=\"http:\/\/en.wikipedia.org\/wiki\/\"><span style=\"text-decoration: underline;\">Allgemeines zu Urheberrecht (General Copyright)<\/span><\/a><\/span><\/li><li><span style=\"font-size: 12pt; font-family: georgia, palatino, serif;\"><a href=\"http:\/\/en.wikipedia.org\/wiki\/Trademark\"><span style=\"text-decoration: underline;\">Allgemeines zu Markenrecht (General Trademark)<\/span><\/a><\/span><\/li><li><span style=\"font-size: 12pt; font-family: georgia, palatino, serif;\"><a href=\"http:\/\/en.wikipedia.org\/wiki\/Personality_rights\"><span style=\"text-decoration: underline;\">Allgemeines zu Pers\u00f6nlichkeitsrechten (General Publicity Rights)<\/span><\/a><\/span><\/li><li><span style=\"font-size: 12pt; font-family: georgia, palatino, serif;\"><a href=\"http:\/\/www.copyright.org.au\/find-an-answer\/\"><span style=\"text-decoration: underline;\">Australien (Australia)<\/span><\/a><\/span><\/li><li><span style=\"font-size: 12pt; font-family: georgia, palatino, serif;\"><a href=\"http:\/\/www.ipo.gov.uk\/copy.htm\"><span style=\"text-decoration: underline;\">Vereinigtes K\u00f6nigreich (United Kingdom)<\/span><\/a><\/span><\/li><li><span style=\"font-size: 12pt; font-family: georgia, palatino, serif;\"><a href=\"http:\/\/www.copyright.gov\/\"><span style=\"text-decoration: underline;\">Urheberrecht der Vereinigten Staaten (United States Copyright)<\/span><\/a><\/span><\/li><li><span style=\"font-size: 12pt; font-family: georgia, palatino, serif;\"><a href=\"http:\/\/www.uspto.gov\/trademarks\/index.jsp\"><span style=\"text-decoration: underline;\">Markenrecht der Vereinigten Staaten (United States Trademark)<\/span><\/a><\/span><\/li><\/ul><h3><span style=\"font-size: 12pt; font-family: georgia, palatino, serif;\">EINEN GEGENHINWEIS EINREICHEN (FILING A COUNTER NOTICE):<br \/><\/span><\/h3><p><span style=\"font-size: 12pt; font-family: georgia, palatino, serif;\">Wenn Sie der Ansicht sind, dass die Entfernung des Inhalts das Ergebnis eines Fehlers (zum Beispiel, dass Sie eine Berechtigung haben) oder einer Fehlidentifizierung ist, k\u00f6nnen Sie uns einen Gegenhinweis zusenden. Ein solcher Gegenhinweis muss folgende Informationen enthalten:<\/span><\/p><ol><li><span style=\"font-size: 12pt; font-family: georgia, palatino, serif;\">Eine elektronische oder physische Unterschrift der Person, die bevollm\u00e4chtigt ist, im Namen des Rechteinhabers des betreffenden Werkes\/Materials zu handeln;<\/span><\/li><li><span style=\"font-size: 12pt; font-family: georgia, palatino, serif;\">eine Beschreibung des Inhalts, den wir entfernt haben, einschlie\u00dflich der URL, unter der der Inhalt auf der <strong>Canvas Art Bay<\/strong>-Website located war;<\/span><\/li><li><span style=\"font-size: 12pt; font-family: georgia, palatino, serif;\">Ihre Adresse, Telefonnummer und E-Mail-Adresse;<\/span><\/li><li><span style=\"font-size: 12pt; font-family: georgia, palatino, serif;\">eine Erkl\u00e4rung Ihrerseits, dass Sie sich der Gerichtsbarkeit des Bundesbezirksgerichts (Federal District Court) Fulton County, Georgia, Vereinigte Staaten unterwerfen und dass Sie die Zustellung gerichtlicher Schriftst\u00fccke von der Person, die den oben beschriebenen Hinweis gegeben hat, oder einem Bevollm\u00e4chtigten dieser Person annehmen werden;<\/span><\/li><li><span style=\"font-size: 12pt; font-family: georgia, palatino, serif;\">eine Erkl\u00e4rung Ihrerseits, die wahrheitsgem\u00e4\u00df und unter Strafandrohung abgegeben wird, dass Sie in gutem Glauben davon ausgehen, dass das Material aufgrund eines Fehlers oder einer Fehlidentifizierung des zu entfernenden oder zu deaktivierenden Materials entfernt oder deaktiviert wurde.<\/span><\/li><li><span style=\"font-size: 12pt; font-family: georgia, palatino, serif;\">Sie k\u00f6nnen einen Gegenhinweis senden an: <strong><span style=\"text-decoration: underline;\">legal@canvasartbay.com<\/span><\/strong><\/span><\/li><\/ol><p><span style=\"font-size: 12pt; font-family: georgia, palatino, serif;\">Wenn wir Ihren Gegenhinweis erhalten, Ihr Werk jedoch nicht mit der <strong>Canvas Art Bay<\/strong> Nutzervereinbarung und\/oder der IP-\/Pers\u00f6nlichkeitsrechte-Richtlinie \u00fcbereinstimmt, k\u00f6nnen wir Ihnen mitteilen, dass wir Ihr Werk nicht wiederherstellen k\u00f6nnen. Wir k\u00f6nnen auch weitere Informationen von Ihnen anfordern, um zu bestimmen, ob das Werk wiederhergestellt werden kann.<\/span><\/p><p><span style=\"font-size: 12pt; font-family: georgia, palatino, serif;\">In vielen F\u00e4llen werden wir Ihren Gegenhinweis jedoch direkt an den Beschwerdef\u00fchrer weiterleiten, was Ihre pers\u00f6nlichen Kontaktinformationen einschlie\u00dfen wird. Zu diesem Zeitpunkt kann der Beschwerdef\u00fchrer rechtliche Gerichtsma\u00dfnahmen gegen Sie in den Vereinigten Staaten einleiten. Wenn nach 14 Tagen der Beschwerdef\u00fchrer keine rechtlichen Schritte gegen Sie eingeleitet hat, k\u00f6nnen Sie uns kontaktieren und um die Wiederherstellung Ihres Werkes bitten. Wenn Ihr Werk ansonsten unserer Nutzervereinbarung und der IP-\/Pers\u00f6nlichkeitsrechte-Richtlinie entspricht, k\u00f6nnen wir Ihr Werk zu diesem Zeitpunkt m\u00f6glicherweise wiederherstellen.<\/span><\/p>\t\t\t\t\t\t\t\t<\/div>\n\t\t\t\t<\/div>\n\t\t\t\t\t<\/div>\n\t\t<\/div>\n\t\t\t\t\t<\/div>\n\t\t<\/section>\n\t\t\t\t<\/div>\n\t\t","protected":false},"excerpt":{"rendered":"<p>DIGITAL MILLENNIUM COPYRIGHT ACT Hier ist die \u00dcbersetzung des Textes ins Deutsche: Canvas Art Bay unterst\u00fctzt die Kunstgemeinschaft als Ganzes&#8230;<\/p>\n","protected":false},"author":3,"featured_media":0,"parent":0,"menu_order":0,"comment_status":"closed","ping_status":"closed","template":"","meta":{"_acf_changed":false,"footnotes":""},"class_list":["post-148664","page","type-page","status-publish","hentry"],"acf":[],"yoast_head":"<!-- This site is optimized with the Yoast SEO plugin v25.9 - https:\/\/yoast.com\/wordpress\/plugins\/seo\/ -->\n<title>DMCA Compliance - Canvas Art Bay<\/title>\n<meta name=\"robots\" content=\"index, follow, max-snippet:-1, max-image-preview:large, max-video-preview:-1\" \/>\n<link rel=\"canonical\" href=\"https:\/\/www.canvasartbay.com\/de\/dmca-compliance\/\" \/>\n<meta property=\"og:locale\" content=\"de_DE\" \/>\n<meta property=\"og:type\" content=\"article\" \/>\n<meta property=\"og:title\" content=\"DMCA Compliance - Canvas Art Bay\" \/>\n<meta property=\"og:description\" content=\"DIGITAL MILLENNIUM COPYRIGHT ACT Hier ist die \u00dcbersetzung des Textes ins Deutsche: Canvas Art Bay unterst\u00fctzt die Kunstgemeinschaft als Ganzes...\" \/>\n<meta property=\"og:url\" content=\"https:\/\/www.canvasartbay.com\/de\/dmca-compliance\/\" \/>\n<meta property=\"og:site_name\" content=\"Canvas Art Bay\" \/>\n<meta property=\"article:modified_time\" content=\"2025-08-19T14:02:52+00:00\" \/>\n<meta name=\"twitter:card\" content=\"summary_large_image\" \/>\n<meta name=\"twitter:label1\" content=\"Gesch\u00e4tzte Lesezeit\" \/>\n\t<meta name=\"twitter:data1\" content=\"6\u00a0Minuten\" \/>\n<script type=\"application\/ld+json\" class=\"yoast-schema-graph\">{\"@context\":\"https:\/\/schema.org\",\"@graph\":[{\"@type\":\"WebPage\",\"@id\":\"https:\/\/www.canvasartbay.com\/de\/dmca-compliance\/\",\"url\":\"https:\/\/www.canvasartbay.com\/de\/dmca-compliance\/\",\"name\":\"DMCA Compliance - Canvas Art Bay\",\"isPartOf\":{\"@id\":\"https:\/\/www.canvasartbay.com\/#website\"},\"datePublished\":\"2021-09-22T11:23:21+00:00\",\"dateModified\":\"2025-08-19T14:02:52+00:00\",\"breadcrumb\":{\"@id\":\"https:\/\/www.canvasartbay.com\/de\/dmca-compliance\/#breadcrumb\"},\"inLanguage\":\"de\",\"potentialAction\":[{\"@type\":\"ReadAction\",\"target\":[\"https:\/\/www.canvasartbay.com\/de\/dmca-compliance\/\"]}]},{\"@type\":\"BreadcrumbList\",\"@id\":\"https:\/\/www.canvasartbay.com\/de\/dmca-compliance\/#breadcrumb\",\"itemListElement\":[{\"@type\":\"ListItem\",\"position\":1,\"name\":\"Home\",\"item\":\"https:\/\/www.canvasartbay.com\/de\/\"},{\"@type\":\"ListItem\",\"position\":2,\"name\":\"DMCA Compliance\"}]},{\"@type\":\"WebSite\",\"@id\":\"https:\/\/www.canvasartbay.com\/#website\",\"url\":\"https:\/\/www.canvasartbay.com\/\",\"name\":\"Canvas Art Bay\",\"description\":\"\",\"publisher\":{\"@id\":\"https:\/\/www.canvasartbay.com\/#organization\"},\"potentialAction\":[{\"@type\":\"SearchAction\",\"target\":{\"@type\":\"EntryPoint\",\"urlTemplate\":\"https:\/\/www.canvasartbay.com\/?s={search_term_string}\"},\"query-input\":{\"@type\":\"PropertyValueSpecification\",\"valueRequired\":true,\"valueName\":\"search_term_string\"}}],\"inLanguage\":\"de\"},{\"@type\":\"Organization\",\"@id\":\"https:\/\/www.canvasartbay.com\/#organization\",\"name\":\"Canvas Art Bay\",\"url\":\"https:\/\/www.canvasartbay.com\/\",\"logo\":{\"@type\":\"ImageObject\",\"inLanguage\":\"de\",\"@id\":\"https:\/\/www.canvasartbay.com\/#\/schema\/logo\/image\/\",\"url\":\"https:\/\/www.canvasartbay.com\/wp-content\/uploads\/2021\/09\/cropped-cropped-cropped-cropped-canvasartbay-logo-1-1-300x142-1.png\",\"contentUrl\":\"https:\/\/www.canvasartbay.com\/wp-content\/uploads\/2021\/09\/cropped-cropped-cropped-cropped-canvasartbay-logo-1-1-300x142-1.png\",\"width\":300,\"height\":142,\"caption\":\"Canvas Art Bay\"},\"image\":{\"@id\":\"https:\/\/www.canvasartbay.com\/#\/schema\/logo\/image\/\"}}]}<\/script>\n<!-- \/ Yoast SEO plugin. -->","yoast_head_json":{"title":"DMCA Compliance - Canvas Art Bay","robots":{"index":"index","follow":"follow","max-snippet":"max-snippet:-1","max-image-preview":"max-image-preview:large","max-video-preview":"max-video-preview:-1"},"canonical":"https:\/\/www.canvasartbay.com\/de\/dmca-compliance\/","og_locale":"de_DE","og_type":"article","og_title":"DMCA Compliance - Canvas Art Bay","og_description":"DIGITAL MILLENNIUM COPYRIGHT ACT Hier ist die \u00dcbersetzung des Textes ins Deutsche: Canvas Art Bay unterst\u00fctzt die Kunstgemeinschaft als Ganzes...","og_url":"https:\/\/www.canvasartbay.com\/de\/dmca-compliance\/","og_site_name":"Canvas Art Bay","article_modified_time":"2025-08-19T14:02:52+00:00","twitter_card":"summary_large_image","twitter_misc":{"Gesch\u00e4tzte Lesezeit":"6\u00a0Minuten"},"schema":{"@context":"https:\/\/schema.org","@graph":[{"@type":"WebPage","@id":"https:\/\/www.canvasartbay.com\/de\/dmca-compliance\/","url":"https:\/\/www.canvasartbay.com\/de\/dmca-compliance\/","name":"DMCA Compliance - Canvas Art Bay","isPartOf":{"@id":"https:\/\/www.canvasartbay.com\/#website"},"datePublished":"2021-09-22T11:23:21+00:00","dateModified":"2025-08-19T14:02:52+00:00","breadcrumb":{"@id":"https:\/\/www.canvasartbay.com\/de\/dmca-compliance\/#breadcrumb"},"inLanguage":"de","potentialAction":[{"@type":"ReadAction","target":["https:\/\/www.canvasartbay.com\/de\/dmca-compliance\/"]}]},{"@type":"BreadcrumbList","@id":"https:\/\/www.canvasartbay.com\/de\/dmca-compliance\/#breadcrumb","itemListElement":[{"@type":"ListItem","position":1,"name":"Home","item":"https:\/\/www.canvasartbay.com\/de\/"},{"@type":"ListItem","position":2,"name":"DMCA Compliance"}]},{"@type":"WebSite","@id":"https:\/\/www.canvasartbay.com\/#website","url":"https:\/\/www.canvasartbay.com\/","name":"Canvas Art Bay","description":"","publisher":{"@id":"https:\/\/www.canvasartbay.com\/#organization"},"potentialAction":[{"@type":"SearchAction","target":{"@type":"EntryPoint","urlTemplate":"https:\/\/www.canvasartbay.com\/?s={search_term_string}"},"query-input":{"@type":"PropertyValueSpecification","valueRequired":true,"valueName":"search_term_string"}}],"inLanguage":"de"},{"@type":"Organization","@id":"https:\/\/www.canvasartbay.com\/#organization","name":"Canvas Art Bay","url":"https:\/\/www.canvasartbay.com\/","logo":{"@type":"ImageObject","inLanguage":"de","@id":"https:\/\/www.canvasartbay.com\/#\/schema\/logo\/image\/","url":"https:\/\/www.canvasartbay.com\/wp-content\/uploads\/2021\/09\/cropped-cropped-cropped-cropped-canvasartbay-logo-1-1-300x142-1.png","contentUrl":"https:\/\/www.canvasartbay.com\/wp-content\/uploads\/2021\/09\/cropped-cropped-cropped-cropped-canvasartbay-logo-1-1-300x142-1.png","width":300,"height":142,"caption":"Canvas Art Bay"},"image":{"@id":"https:\/\/www.canvasartbay.com\/#\/schema\/logo\/image\/"}}]}},"_links":{"self":[{"href":"https:\/\/www.canvasartbay.com\/de\/wp-json\/wp\/v2\/pages\/148664","targetHints":{"allow":["GET"]}}],"collection":[{"href":"https:\/\/www.canvasartbay.com\/de\/wp-json\/wp\/v2\/pages"}],"about":[{"href":"https:\/\/www.canvasartbay.com\/de\/wp-json\/wp\/v2\/types\/page"}],"author":[{"embeddable":true,"href":"https:\/\/www.canvasartbay.com\/de\/wp-json\/wp\/v2\/users\/3"}],"replies":[{"embeddable":true,"href":"https:\/\/www.canvasartbay.com\/de\/wp-json\/wp\/v2\/comments?post=148664"}],"version-history":[{"count":0,"href":"https:\/\/www.canvasartbay.com\/de\/wp-json\/wp\/v2\/pages\/148664\/revisions"}],"wp:attachment":[{"href":"https:\/\/www.canvasartbay.com\/de\/wp-json\/wp\/v2\/media?parent=148664"}],"curies":[{"name":"wp","href":"https:\/\/api.w.org\/{rel}","templated":true}]}}