{"id":148639,"date":"2023-09-14T13:10:03","date_gmt":"2023-09-14T13:10:03","guid":{"rendered":"https:\/\/www.canvasartbay.com\/?post_type=product&#038;p=148639"},"modified":"2025-09-06T11:30:16","modified_gmt":"2025-09-06T11:30:16","slug":"schwarze-weltkarte-pinnwand","status":"publish","type":"product","link":"https:\/\/www.canvasartbay.com\/de\/produkt\/schwarze-weltkarte-pinnwand\/","title":{"rendered":"Schwarze Weltkarte Pinnwand"},"excerpt":{"rendered":"<h3>Warum Sie Ihre Schwarze Weltkarte lieben werden<\/h3>\n<p>Wir kombinieren unsere Liebe zur Geographie mit unserer Designerfahrung, um Ihnen diese atemberaubende und dennoch detaillierte Reisekarte zu pr\u00e4sentieren. Wir ber\u00fccksichtigen so viele St\u00e4dte wie m\u00f6glich (\u00fcber 1500 St\u00e4dte), ohne die Klarheit, Lesbarkeit und Sch\u00f6nheit dieser klassischen Weltkarte zu beeintr\u00e4chtigen.<\/p>\n<p>Ein echtes Kunstwerk, das in jedem Raum ein Statement setzt! Es eignet sich hervorragend als Hochzeits- oder Jubil\u00e4umsgeschenk f\u00fcr Paare. Au\u00dferdem ist es vollst\u00e4ndig anpassbar und somit ein pers\u00f6nlicheres Reisegeschenk. H\u00e4ngen Sie es einfach in Ihr B\u00fcro oder Wohnzimmer und Sie werden sehen, wie schnell Gespr\u00e4che dar\u00fcber entstehen!<\/p>\n<p><a href=\"https:\/\/www.youtube.com\/watch?v=ZspFmyfW_tw\" data-lity=\"\">&gt;&gt; <u><b>Watch this map in video<\/b><\/u><\/a><\/p>\n<h3><strong>Detaillierter Inhalt der Weltkarte<\/strong><\/h3>\n<ul>\n<li>Alle L\u00e4nder der Welt aufgelistet und beschriftet.<\/li>\n<li>Beschriftungen f\u00fcr Ozeane und alle Meere enthalten.<\/li>\n<li>\u00dcber 1500 St\u00e4dte beschriftet und markiert.<\/li>\n<li>Aktuelle Weltkarte &#8211; Aktualisiert 2025 mit Beschriftung Golf von Amerika (Golf von Mexiko).<\/li>\n<li>Pr\u00e4zise Weltkarte mit Mercator-Projektion.<\/li>\n<li>90 kanadische St\u00e4dte beschriftet und markiert.<\/li>\n<li>Staatsgrenzen in den USA, Kanada, Australien, China, Russland und Brasilien definiert.<\/li>\n<li>Staatliche Bezeichnungen\/Namen in den USA, Kanada, Australien und Brasilien.<\/li>\n<li>Diese Weltkarte ist sowohl in Englisch als auch in Franz\u00f6sisch erh\u00e4ltlich. Bitte w\u00e4hlen Sie Ihre Kartensprache bei der Bestellung unter &#8220;W\u00e4hlen Sie Ihre Kartensprache&#8221; aus.<\/li>\n<\/ul>\n<h3>Funktionen der Weltkarte<\/h3>\n<ul>\n<li>Hochwertiges Baumwoll-Canvas mit halbgl\u00e4nzender Oberfl\u00e4che.<\/li>\n<li>Echte Archiv-PIGMENT-Tinte (hergestellt f\u00fcr eine Lebensdauer von \u00fcber 100 Jahren)<\/li>\n<li>Wasserfeste, UV-best\u00e4ndige und lichtbest\u00e4ndige Drucke.<\/li>\n<li>Von Hand eng gespannte und gefaltete Ecken.<\/li>\n<li>Spiegeleffektkanten (Die Karte wird an den Seiten fortgesetzt).<\/li>\n<li>Galerie-Wrap \u2013 auf polierten Holzkeilrahmen gespannt.<\/li>\n<li>Ihre Karte enth\u00e4lt 200 Stecknadeln in 4 verschiedenen Farben: 50 Stecknadeln pro Farbe.<\/li>\n<li>Alle gerahmten Optionen werden mit einer Schaumstoffr\u00fcckwand geliefert (au\u00dfer der Option mit gerolltem Druck)..<\/li>\n<li>Diese Reisekarte ist mit zwei verstellbaren Krokodilzahnaufh\u00e4ngern auf der R\u00fcckseite fertig zum Aufh\u00e4ngen (au\u00dfer bei der Option mit gerolltem Druck)..<\/li>\n<\/ul>\n<h3>Verf\u00fcgbare Kartenrahmenoptionen:<\/h3>\n<ul>\n<li>Galerie-Leinwand (1&#8243; oder 1,5&#8243; dick).<\/li>\n<li>Gerahmte Leinwand (Hartholzrahmen + Leinwandumschlag)<\/li>\n<li>Gerollter Leinwanddruck (ungespannt).<\/li>\n<\/ul>\n<h3>So personalisieren Sie Ihre Karte<\/h3>\n<h4>1\/\/ Angebotspersonalisierung<\/h4>\n<p>Wir lieben es, Ihre Karte zu personalisieren! W\u00e4hlen Sie aus sieben Zitat- und Titelstilen (Anker, Schiff, Ballon, Flugzeug usw.). Wenn Sie Option 6 oder 7 w\u00e4hlen, erhalten Sie 20 handverlesene Reisezitate, damit Sie das passende Zitat finden!<\/p>\n<p>Wenn Sie Ihr eigenes Logo verwenden m\u00f6chten, w\u00e4hlen Sie einfach die Option Nr. 7: Ihr Logo und senden Sie uns Ihr Logo nach Ihrer Bestellung per E-Mail an contact@canvasartbay.com. Bitte beachten Sie, dass wir nur Logodateien im PDF- und SVG-Format akzeptieren.<\/p>\n<p>Sie k\u00f6nnen Titel und Zitat auch entfernen, wenn Sie ein einfaches Kartendesign w\u00fcnschen. W\u00e4hlen Sie dazu im Auswahlfeld \u201eZitatdesign\u201c die Option Nr. 8: KEIN ZITAT.<\/p>\n<p>Haben Sie bereits ein Reisezitat im Kopf? Schreiben Sie es einfach in das Feld \u201eGeben Sie Ihren individuellen Text ein\u201c und wir integrieren es in Ihre Karte.<\/p>\n<h4>2\/\/ Kompass- und Legendenpersonalisierung<\/h4>\n<p>Die Reiselegende ist im Kompass integriert (siehe Produktbilder). Sie k\u00f6nnen zwischen vier Kompasstypen w\u00e4hlen, je nachdem, wie viele Elemente Sie in die Legende aufnehmen m\u00f6chten.<\/p>\n<p>Der Standardtext der Legende lautet: \u201eReise geplant\u201c \/ \u201eReise durchgef\u00fchrt\u201c. Sie k\u00f6nnen ihn jedoch nach Ihren W\u00fcnschen \u00e4ndern.<\/p>\n<p>Hier sind einige Beispiele:<\/p>\n<p>\u201cWar schon da \/ Los geht\u2019s\u201d<\/p>\n<p>\u201cVergangene Abenteuer \/ N\u00e4chste Abenteuer\u201d<\/p>\n<p>\u201cFrank Trips \/ Olga Trips \/ Zusammen\u201d , etc\u2026.<\/p>\n<p>F\u00fcgen Sie einfach Ihren individuellen Legendentextwunsch in das Feld \u201eGeben Sie Ihre benutzerdefinierte Legende ein\u201c ein.<\/p>\n<h4>3\/\/ Mehr Personalisierung&#8230;<\/h4>\n<p>Du m\u00f6chtest wissen, ob eine bestimmte Stadt bereits auf dieser Karte verzeichnet ist? Oder m\u00f6chtest du vielleicht deine Lieblingsstadt\/dein Lieblingsziel hinzuf\u00fcgen? Schreib mir einfach eine Nachricht, und ich f\u00fcge sie gerne kostenlos hinzu!<\/p>\n<h4>4\/\/ Nicht personalisierte Karte<\/h4>\n<p>Wenn Sie die Option \u201eKein Zitat\u201c und keine Personalisierung w\u00fcnschen, erhalten Sie die klassische Weltkarte mit Kompass auf der linken Seite der Leinwand. Der Kompass enth\u00e4lt KEINE Legende oder Text (wir verwenden Kompass Nr. 4, der in den Listenbildern angezeigt wird).<\/p>\n<p>Bitte sehen Sie sich hier unten die nicht personalisierte Vorschau der klassischen Weltkarte an:<a href=\"https:\/\/www.canvasartbay.com\/wp-content\/uploads\/2021\/11\/classic-push-pin-world-map-no-quote.jpg\"><img fetchpriority=\"high\" decoding=\"async\" class=\"size-medium wp-image-7787 aligncenter\" src=\"https:\/\/www.canvasartbay.com\/wp-content\/uploads\/2021\/11\/classic-push-pin-world-map-no-quote.jpg\" alt=\"classic world map non personlized-min\" width=\"300\" height=\"300\" \/><\/a>&gt;&gt; Hinweis: Wenn Sie die Antarktis zur Version \u201eKein Zitat\u201c der Karte hinzuf\u00fcgen m\u00f6chten, aktivieren Sie einfach das Kontrollk\u00e4stchen \u201eAntarktis hinzuf\u00fcgen\u201c unten.<\/p>\n<h3>Verf\u00fcgbare Gr\u00f6\u00dfen:<strong><br \/>\n<\/strong><\/h3>\n<h4>Gerollter Leinwanddruck<\/h4>\n<ul>\n<li>Medium: 39\u201dx23\u201d (100&#215;60) cm<\/li>\n<li>Gro\u00df: 47\u201dx28\u201d (120&#215;72) cm<\/li>\n<li>Extra Gro\u00df: 59\u201dx35\u201d (150&#215;90) cm<\/li>\n<\/ul>\n<p>* Hinweis: Die ungespannte Leinwand hat an den R\u00e4ndern 1,5 Zoll zus\u00e4tzliches bedrucktes Leinwandmaterial, sodass Sie sie problemlos rahmen\/umwickeln k\u00f6nnen, ohne die Kartengr\u00f6\u00dfe zu beeintr\u00e4chtigen.)<\/p>\n<h4>Leinwandumh\u00fcllung<\/h4>\n<ul>\n<li>Medium: 39\u201dx23\u201d (100&#215;60) cm<\/li>\n<li>Gro\u00df: 47\u201dx28\u201d (120&#215;72) cm<\/li>\n<li>Extra Gro\u00df: 59\u201dx35\u201d (150&#215;90) cm<\/li>\n<\/ul>\n<p>* Hinweis: Die Leinwand besteht aus 1 Zoll oder 1,5 Zoll dickem Galerie-Canvas mit Schaumstoffr\u00fcckwand. Sie k\u00f6nnen die Dicke der Leinwand bei der Bestellung ausw\u00e4hlen.<\/p>\n<h4>Gerahmte Leinwand<\/h4>\n<ul>\n<li>Medium: Externe Rahmengr\u00f6\u00dfe= 41&#8243; x 25&#8243; x 1.3&#8243; Thick (104 x 64 x 3.5) cm.<\/li>\n<li>Gro\u00df: Externe Rahmengr\u00f6\u00dfe= 49&#8243; x 30&#8243; x 1.3&#8243; Thick (125 x 76 x 3.5) cm.<\/li>\n<li>Extra Gro\u00df: Externe Rahmengr\u00f6\u00dfe= 60&#8243; x 36&#8243; x 2&#8243; Thick (153 x 92 x 5) cm.<\/li>\n<\/ul>\n<p>* Hinweis: Die gerahmte Leinwand besteht aus 2,5 cm dickem Galerie-Leinwandpapier, Schaumstoffr\u00fcckwand und Hartholzrahmen. Unsere Rahmen bestehen aus echtem Hartholz und sind in f\u00fcnf verschiedenen Farben erh\u00e4ltlich: Mattschwarz, Mattwei\u00df, Klassisches Gold, Walnussbraun und Naturbeige. (Die Ma\u00dfangaben in cm sind ungef\u00e4hre Angaben.)<\/p>\n<h3><strong>200 Rei\u00dfzwecken im Lieferumfang enthalten<\/strong><\/h3>\n<p>Ihre Karte enth\u00e4lt 200 Stecknadeln in 4 verschiedenen Farben: 50 Stecknadeln pro Farbe. Stecknadeln sind auch in den gerollten Versionen enthalten..<\/p>\n<h3><strong>\u00dcberpr\u00fcfen Sie Ihre Karte vor dem Drucken<\/strong><\/h3>\n<p>Alle Kartenbestellungen werden vor dem Druck gepr\u00fcft. Es gibt keine Zeichenbeschr\u00e4nkung f\u00fcr Textzitat und Legende, die Schriftgr\u00f6\u00dfe wird jedoch entsprechend angepasst. Wir empfehlen daher, die angezeigten Beispiele als Orientierung zu verwenden, um die Lesbarkeit des Textes zu gew\u00e4hrleisten.<\/p>\n<p>Wir senden Ihnen vor dem Druck Ihrer individuellen Karte einen Korrekturabzug per E-Mail (in der Regel 1-3 Tage nach der Bestellung). Sobald Sie den Korrekturabzug freigegeben haben, drucken wir ihn aus. Bitte \u00fcberpr\u00fcfen Sie Ihre E-Mails rechtzeitig, um Verz\u00f6gerungen zu vermeiden.<\/p>\n<p><strong><em>!! Wir drucken Ihre Karte NICHT, bis Sie Ihre benutzerdefinierte Karte genehmigen !!<\/em><\/strong><\/p>\n<p>Wenn Sie Fragen haben, z\u00f6gern Sie nicht uns zu kontaktieren. <span style=\"color: #ff6600;\"><a style=\"color: #ff6600;\" href=\"https:\/\/www.canvasartbay.com\/contact-us\/\"><u>contact us anytime<\/u><\/a> <\/span>!<\/p>\n","protected":false},"featured_media":67376,"comment_status":"open","ping_status":"closed","template":"","meta":{"_acf_changed":false},"product_brand":[],"product_cat":[1895,1896,1897],"product_tag":[1925,1899,1900,1901,1902,1903,1904,1905,1906,1907],"class_list":{"0":"post-148639","1":"product","2":"type-product","3":"status-publish","4":"has-post-thumbnail","6":"product_cat-pinnwand-reisekarten","7":"product_cat-weltkarte-pinnwand","8":"product_cat-weltkarten","9":"product_tag-black-de","10":"product_tag-detailed-map-de","11":"product_tag-framed-map-de","12":"product_tag-large-map-de","13":"product_tag-map-de","14":"product_tag-map-of-the-world-de","15":"product_tag-push-pin-map-de","16":"product_tag-vintage-de","17":"product_tag-world-de","18":"product_tag-world-map-de","19":"pa_canvas-type-canvas-wrap-de","20":"pa_canvas-type-framed-canvas-de","21":"pa_canvas-type-rolled-print-de","22":"pa_color-beige-wall-art-de","23":"pa_room-hallway-wall-decor-de","24":"pa_room-living-room-wall-decor-de","25":"pa_room-man-cave-wall-decor-de","26":"pa_room-office-wall-decor-de","27":"tm-has-options","29":"first","30":"instock","31":"featured","32":"shipping-taxable","33":"purchasable","34":"product-type-variable","35":"has-default-attributes"},"acf":[],"yoast_head":"<!-- This site is optimized with the Yoast SEO plugin v25.9 - https:\/\/yoast.com\/wordpress\/plugins\/seo\/ -->\n<title>Schwarze Weltkarte Pinnwand | Personalisierte Reisekarte<\/title>\n<meta name=\"description\" content=\"Gestalten Sie Ihre Schwarze Weltkarte individuell und erhalten Sie Ihr individuelles Reise- oder Hochzeitsgeschenk! W\u00e4hlen Sie zwischen Poster, Leinwand oder gerahmter Leinwand mit Pinnwand. Extra gro\u00dfe Gr\u00f6\u00dfen erh\u00e4ltlich. 200 Rei\u00dfzwecken inklusive.\" \/>\n<meta name=\"robots\" content=\"index, follow, max-snippet:-1, max-image-preview:large, max-video-preview:-1\" \/>\n<link rel=\"canonical\" href=\"https:\/\/www.canvasartbay.com\/de\/produkt\/schwarze-weltkarte-pinnwand\/\" \/>\n<meta property=\"og:locale\" content=\"de_DE\" \/>\n<meta property=\"og:type\" content=\"article\" \/>\n<meta property=\"og:title\" content=\"Schwarze Weltkarte Pinnwand | Personalisierte Reisekarte\" \/>\n<meta property=\"og:description\" content=\"Gestalten Sie Ihre Schwarze Weltkarte individuell und erhalten Sie Ihr individuelles Reise- oder Hochzeitsgeschenk! W\u00e4hlen Sie zwischen Poster, Leinwand oder gerahmter Leinwand mit Pinnwand. Extra gro\u00dfe Gr\u00f6\u00dfen erh\u00e4ltlich. 200 Rei\u00dfzwecken inklusive.\" \/>\n<meta property=\"og:url\" content=\"https:\/\/www.canvasartbay.com\/de\/produkt\/schwarze-weltkarte-pinnwand\/\" \/>\n<meta property=\"og:site_name\" content=\"Canvas Art Bay\" \/>\n<meta property=\"article:modified_time\" content=\"2025-09-06T11:30:16+00:00\" \/>\n<meta property=\"og:image\" content=\"https:\/\/www.canvasartbay.com\/wp-content\/uploads\/2022\/08\/Dark-push-pin-world-map-featured.jpg\" \/>\n\t<meta property=\"og:image:width\" content=\"1200\" \/>\n\t<meta property=\"og:image:height\" content=\"1200\" \/>\n\t<meta property=\"og:image:type\" content=\"image\/jpeg\" \/>\n<meta name=\"twitter:card\" content=\"summary_large_image\" \/>\n<script type=\"application\/ld+json\" class=\"yoast-schema-graph\">{\"@context\":\"https:\/\/schema.org\",\"@graph\":[{\"@type\":[\"WebPage\",\"ItemPage\"],\"@id\":\"https:\/\/www.canvasartbay.com\/de\/produkt\/schwarze-weltkarte-pinnwand\/\",\"url\":\"https:\/\/www.canvasartbay.com\/de\/produkt\/schwarze-weltkarte-pinnwand\/\",\"name\":\"Schwarze Weltkarte Pinnwand | Personalisierte Reisekarte\",\"isPartOf\":{\"@id\":\"https:\/\/www.canvasartbay.com\/#website\"},\"primaryImageOfPage\":{\"@id\":\"https:\/\/www.canvasartbay.com\/de\/produkt\/schwarze-weltkarte-pinnwand\/#primaryimage\"},\"image\":{\"@id\":\"https:\/\/www.canvasartbay.com\/de\/produkt\/schwarze-weltkarte-pinnwand\/#primaryimage\"},\"thumbnailUrl\":\"https:\/\/www.canvasartbay.com\/wp-content\/uploads\/2022\/08\/Dark-push-pin-world-map-featured.jpg\",\"datePublished\":\"2023-09-14T13:10:03+00:00\",\"dateModified\":\"2025-09-06T11:30:16+00:00\",\"description\":\"Gestalten Sie Ihre Schwarze Weltkarte individuell und erhalten Sie Ihr individuelles Reise- oder Hochzeitsgeschenk! W\u00e4hlen Sie zwischen Poster, Leinwand oder gerahmter Leinwand mit Pinnwand. Extra gro\u00dfe Gr\u00f6\u00dfen erh\u00e4ltlich. 200 Rei\u00dfzwecken inklusive.\",\"breadcrumb\":{\"@id\":\"https:\/\/www.canvasartbay.com\/de\/produkt\/schwarze-weltkarte-pinnwand\/#breadcrumb\"},\"inLanguage\":\"de\",\"potentialAction\":[{\"@type\":\"ReadAction\",\"target\":[\"https:\/\/www.canvasartbay.com\/de\/produkt\/schwarze-weltkarte-pinnwand\/\"]}]},{\"@type\":\"ImageObject\",\"inLanguage\":\"de\",\"@id\":\"https:\/\/www.canvasartbay.com\/de\/produkt\/schwarze-weltkarte-pinnwand\/#primaryimage\",\"url\":\"https:\/\/www.canvasartbay.com\/wp-content\/uploads\/2022\/08\/Dark-push-pin-world-map-featured.jpg\",\"contentUrl\":\"https:\/\/www.canvasartbay.com\/wp-content\/uploads\/2022\/08\/Dark-push-pin-world-map-featured.jpg\",\"width\":1200,\"height\":1200},{\"@type\":\"BreadcrumbList\",\"@id\":\"https:\/\/www.canvasartbay.com\/de\/produkt\/schwarze-weltkarte-pinnwand\/#breadcrumb\",\"itemListElement\":[{\"@type\":\"ListItem\",\"position\":1,\"name\":\"Home\",\"item\":\"https:\/\/www.canvasartbay.com\/de\/\"},{\"@type\":\"ListItem\",\"position\":2,\"name\":\"Neu eingetroffen\",\"item\":\"https:\/\/www.canvasartbay.com\/de\/neu-eingetroffen\/\"},{\"@type\":\"ListItem\",\"position\":3,\"name\":\"Push Pin Maps\",\"item\":\"https:\/\/www.canvasartbay.com\/collection\/push-pin-travel-maps\/\"},{\"@type\":\"ListItem\",\"position\":4,\"name\":\"World Maps\",\"item\":\"https:\/\/www.canvasartbay.com\/collection\/push-pin-travel-maps\/world-map\/\"},{\"@type\":\"ListItem\",\"position\":5,\"name\":\"Schwarze Weltkarte Pinnwand\"}]},{\"@type\":\"WebSite\",\"@id\":\"https:\/\/www.canvasartbay.com\/#website\",\"url\":\"https:\/\/www.canvasartbay.com\/\",\"name\":\"Canvas Art Bay\",\"description\":\"\",\"publisher\":{\"@id\":\"https:\/\/www.canvasartbay.com\/#organization\"},\"potentialAction\":[{\"@type\":\"SearchAction\",\"target\":{\"@type\":\"EntryPoint\",\"urlTemplate\":\"https:\/\/www.canvasartbay.com\/?s={search_term_string}\"},\"query-input\":{\"@type\":\"PropertyValueSpecification\",\"valueRequired\":true,\"valueName\":\"search_term_string\"}}],\"inLanguage\":\"de\"},{\"@type\":\"Organization\",\"@id\":\"https:\/\/www.canvasartbay.com\/#organization\",\"name\":\"Canvas Art Bay\",\"url\":\"https:\/\/www.canvasartbay.com\/\",\"logo\":{\"@type\":\"ImageObject\",\"inLanguage\":\"de\",\"@id\":\"https:\/\/www.canvasartbay.com\/#\/schema\/logo\/image\/\",\"url\":\"https:\/\/www.canvasartbay.com\/wp-content\/uploads\/2021\/09\/cropped-cropped-cropped-cropped-canvasartbay-logo-1-1-300x142-1.png\",\"contentUrl\":\"https:\/\/www.canvasartbay.com\/wp-content\/uploads\/2021\/09\/cropped-cropped-cropped-cropped-canvasartbay-logo-1-1-300x142-1.png\",\"width\":300,\"height\":142,\"caption\":\"Canvas Art Bay\"},\"image\":{\"@id\":\"https:\/\/www.canvasartbay.com\/#\/schema\/logo\/image\/\"}}]}<\/script>\n<!-- \/ Yoast SEO plugin. -->","yoast_head_json":{"title":"Schwarze Weltkarte Pinnwand | Personalisierte Reisekarte","description":"Gestalten Sie Ihre Schwarze Weltkarte individuell und erhalten Sie Ihr individuelles Reise- oder Hochzeitsgeschenk! W\u00e4hlen Sie zwischen Poster, Leinwand oder gerahmter Leinwand mit Pinnwand. Extra gro\u00dfe Gr\u00f6\u00dfen erh\u00e4ltlich. 200 Rei\u00dfzwecken inklusive.","robots":{"index":"index","follow":"follow","max-snippet":"max-snippet:-1","max-image-preview":"max-image-preview:large","max-video-preview":"max-video-preview:-1"},"canonical":"https:\/\/www.canvasartbay.com\/de\/produkt\/schwarze-weltkarte-pinnwand\/","og_locale":"de_DE","og_type":"article","og_title":"Schwarze Weltkarte Pinnwand | Personalisierte Reisekarte","og_description":"Gestalten Sie Ihre Schwarze Weltkarte individuell und erhalten Sie Ihr individuelles Reise- oder Hochzeitsgeschenk! W\u00e4hlen Sie zwischen Poster, Leinwand oder gerahmter Leinwand mit Pinnwand. Extra gro\u00dfe Gr\u00f6\u00dfen erh\u00e4ltlich. 200 Rei\u00dfzwecken inklusive.","og_url":"https:\/\/www.canvasartbay.com\/de\/produkt\/schwarze-weltkarte-pinnwand\/","og_site_name":"Canvas Art Bay","article_modified_time":"2025-09-06T11:30:16+00:00","og_image":[{"width":1200,"height":1200,"url":"https:\/\/www.canvasartbay.com\/wp-content\/uploads\/2022\/08\/Dark-push-pin-world-map-featured.jpg","type":"image\/jpeg"}],"twitter_card":"summary_large_image","schema":{"@context":"https:\/\/schema.org","@graph":[{"@type":["WebPage","ItemPage"],"@id":"https:\/\/www.canvasartbay.com\/de\/produkt\/schwarze-weltkarte-pinnwand\/","url":"https:\/\/www.canvasartbay.com\/de\/produkt\/schwarze-weltkarte-pinnwand\/","name":"Schwarze Weltkarte Pinnwand | Personalisierte Reisekarte","isPartOf":{"@id":"https:\/\/www.canvasartbay.com\/#website"},"primaryImageOfPage":{"@id":"https:\/\/www.canvasartbay.com\/de\/produkt\/schwarze-weltkarte-pinnwand\/#primaryimage"},"image":{"@id":"https:\/\/www.canvasartbay.com\/de\/produkt\/schwarze-weltkarte-pinnwand\/#primaryimage"},"thumbnailUrl":"https:\/\/www.canvasartbay.com\/wp-content\/uploads\/2022\/08\/Dark-push-pin-world-map-featured.jpg","datePublished":"2023-09-14T13:10:03+00:00","dateModified":"2025-09-06T11:30:16+00:00","description":"Gestalten Sie Ihre Schwarze Weltkarte individuell und erhalten Sie Ihr individuelles Reise- oder Hochzeitsgeschenk! W\u00e4hlen Sie zwischen Poster, Leinwand oder gerahmter Leinwand mit Pinnwand. Extra gro\u00dfe Gr\u00f6\u00dfen erh\u00e4ltlich. 200 Rei\u00dfzwecken inklusive.","breadcrumb":{"@id":"https:\/\/www.canvasartbay.com\/de\/produkt\/schwarze-weltkarte-pinnwand\/#breadcrumb"},"inLanguage":"de","potentialAction":[{"@type":"ReadAction","target":["https:\/\/www.canvasartbay.com\/de\/produkt\/schwarze-weltkarte-pinnwand\/"]}]},{"@type":"ImageObject","inLanguage":"de","@id":"https:\/\/www.canvasartbay.com\/de\/produkt\/schwarze-weltkarte-pinnwand\/#primaryimage","url":"https:\/\/www.canvasartbay.com\/wp-content\/uploads\/2022\/08\/Dark-push-pin-world-map-featured.jpg","contentUrl":"https:\/\/www.canvasartbay.com\/wp-content\/uploads\/2022\/08\/Dark-push-pin-world-map-featured.jpg","width":1200,"height":1200},{"@type":"BreadcrumbList","@id":"https:\/\/www.canvasartbay.com\/de\/produkt\/schwarze-weltkarte-pinnwand\/#breadcrumb","itemListElement":[{"@type":"ListItem","position":1,"name":"Home","item":"https:\/\/www.canvasartbay.com\/de\/"},{"@type":"ListItem","position":2,"name":"Neu eingetroffen","item":"https:\/\/www.canvasartbay.com\/de\/neu-eingetroffen\/"},{"@type":"ListItem","position":3,"name":"Push Pin Maps","item":"https:\/\/www.canvasartbay.com\/collection\/push-pin-travel-maps\/"},{"@type":"ListItem","position":4,"name":"World Maps","item":"https:\/\/www.canvasartbay.com\/collection\/push-pin-travel-maps\/world-map\/"},{"@type":"ListItem","position":5,"name":"Schwarze Weltkarte Pinnwand"}]},{"@type":"WebSite","@id":"https:\/\/www.canvasartbay.com\/#website","url":"https:\/\/www.canvasartbay.com\/","name":"Canvas Art Bay","description":"","publisher":{"@id":"https:\/\/www.canvasartbay.com\/#organization"},"potentialAction":[{"@type":"SearchAction","target":{"@type":"EntryPoint","urlTemplate":"https:\/\/www.canvasartbay.com\/?s={search_term_string}"},"query-input":{"@type":"PropertyValueSpecification","valueRequired":true,"valueName":"search_term_string"}}],"inLanguage":"de"},{"@type":"Organization","@id":"https:\/\/www.canvasartbay.com\/#organization","name":"Canvas Art Bay","url":"https:\/\/www.canvasartbay.com\/","logo":{"@type":"ImageObject","inLanguage":"de","@id":"https:\/\/www.canvasartbay.com\/#\/schema\/logo\/image\/","url":"https:\/\/www.canvasartbay.com\/wp-content\/uploads\/2021\/09\/cropped-cropped-cropped-cropped-canvasartbay-logo-1-1-300x142-1.png","contentUrl":"https:\/\/www.canvasartbay.com\/wp-content\/uploads\/2021\/09\/cropped-cropped-cropped-cropped-canvasartbay-logo-1-1-300x142-1.png","width":300,"height":142,"caption":"Canvas Art Bay"},"image":{"@id":"https:\/\/www.canvasartbay.com\/#\/schema\/logo\/image\/"}}]}},"_links":{"self":[{"href":"https:\/\/www.canvasartbay.com\/de\/wp-json\/wp\/v2\/product\/148639","targetHints":{"allow":["GET"]}}],"collection":[{"href":"https:\/\/www.canvasartbay.com\/de\/wp-json\/wp\/v2\/product"}],"about":[{"href":"https:\/\/www.canvasartbay.com\/de\/wp-json\/wp\/v2\/types\/product"}],"replies":[{"embeddable":true,"href":"https:\/\/www.canvasartbay.com\/de\/wp-json\/wp\/v2\/comments?post=148639"}],"wp:featuredmedia":[{"embeddable":true,"href":"https:\/\/www.canvasartbay.com\/de\/wp-json\/wp\/v2\/media\/67376"}],"wp:attachment":[{"href":"https:\/\/www.canvasartbay.com\/de\/wp-json\/wp\/v2\/media?parent=148639"}],"wp:term":[{"taxonomy":"product_brand","embeddable":true,"href":"https:\/\/www.canvasartbay.com\/de\/wp-json\/wp\/v2\/product_brand?post=148639"},{"taxonomy":"product_cat","embeddable":true,"href":"https:\/\/www.canvasartbay.com\/de\/wp-json\/wp\/v2\/product_cat?post=148639"},{"taxonomy":"product_tag","embeddable":true,"href":"https:\/\/www.canvasartbay.com\/de\/wp-json\/wp\/v2\/product_tag?post=148639"}],"curies":[{"name":"wp","href":"https:\/\/api.w.org\/{rel}","templated":true}]}}