{"id":149849,"date":"2024-10-19T09:29:01","date_gmt":"2024-10-19T09:29:01","guid":{"rendered":"https:\/\/www.canvasartbay.com\/product\/gangster-three-wise-monkeys-canvas-art\/"},"modified":"2026-01-23T08:43:38","modified_gmt":"2026-01-23T08:43:38","slug":"gangster-drei-weise-affen-leinwandbild","status":"publish","type":"product","link":"https:\/\/www.canvasartbay.com\/de\/produkt\/gangster-drei-weise-affen-leinwandbild\/","title":{"rendered":"Gangster Drei weise Affen"},"excerpt":{"rendered":"<p>Das Leinwandbild \u201eGangster Three Wise Monkeys\u201c wird montagefertig mit Metallaufh\u00e4ngern auf der R\u00fcckseite geliefert und ben\u00f6tigt keinen zus\u00e4tzlichen Rahmen. Die Leinwand wird von unseren erfahrenen Handwerkern sorgf\u00e4ltig von Hand auf Keilrahmen aus 100 % Naturholz gespannt. Wir kombinieren hochwertige Poly-Baumwoll-Leinwand mit pigmentierten Archivtinten, um Ihnen hochaufl\u00f6sende Drucke mit lebendigen Farben zu bieten, die \u00fcber 100 Jahre halten.<\/p>\n<h3>Wanddeko-Ideen mit den drei weisen Gangster-Affen<\/h3>\n<p>Dieses Wandbild mit den drei weisen Affen ist als 1-, 3- oder 5-teiliges Bild oder als Leinwandbild mit schwebendem Rahmen erh\u00e4ltlich. Au\u00dferdem ist es in vielen verschiedenen Gr\u00f6\u00dfen erh\u00e4ltlich: von klein bis \u00fcbergro\u00df. So passt es garantiert in Ihr Wohnzimmer, Ihren Flur, Ihr Kinderzimmer oder sogar Ihr Esszimmer.<\/p>\n<h3>Banksy 3 Weise Affen Geschenke<\/h3>\n<p>Dieses Kunstwerk \u201eGangster Three Wise Monkeys\u201c ist ein perfektes Geburtstags- oder Jubil\u00e4umsgeschenk. Sie k\u00f6nnen es auch Street-Art- und Graffiti-Liebhabern schenken. Verbreiten Sie Liebe in Ihrer Umgebung, indem Sie dieses atemberaubende Leinwandbild mit den drei weisen Gangster-Affen anbieten!<\/p>\n","protected":false},"featured_media":130255,"comment_status":"open","ping_status":"closed","template":"","meta":{"_acf_changed":false},"product_brand":[],"product_cat":[3388,1894,3389],"product_tag":[3390,3391,3392,3393,3394,3395,3396,3397,3398,3399,3400,3401],"class_list":{"0":"post-149849","1":"product","2":"type-product","3":"status-publish","4":"has-post-thumbnail","6":"product_cat-banksy-de","7":"product_cat-featured-art-de","8":"product_cat-graffiti-und-strassenkunst","9":"product_tag-3-monkeys-de","10":"product_tag-banksy-de","11":"product_tag-fog-de","12":"product_tag-foggy-de","13":"product_tag-gangster-de","14":"product_tag-graffiti-de","15":"product_tag-hear-no-de","16":"product_tag-monkeys-de","17":"product_tag-see-no-de","18":"product_tag-speak-no-de","19":"product_tag-street-art-de","20":"product_tag-wise-monkeys-de","21":"pa_canvas-type-canvas-wrap-de","22":"pa_canvas-type-floating-frame-de","23":"pa_color-black-wall-art-de","24":"pa_color-rainbow-wall-art-de","25":"pa_number-of-panels-1-panel-de","26":"pa_number-of-panels-3-teilige-wandbilder","27":"pa_room-game-room-wall-decor-de","28":"pa_room-hallway-wall-decor-de","29":"pa_room-man-cave-wall-decor-de","30":"tm-has-options","32":"first","33":"instock","34":"shipping-taxable","35":"purchasable","36":"product-type-variable","37":"has-default-attributes"},"acf":[],"yoast_head":"<!-- This site is optimized with the Yoast SEO plugin v25.9 - https:\/\/yoast.com\/wordpress\/plugins\/seo\/ -->\n<title>Gangster Drei Weise Affen Leinwandbild | Canvas Art Bay<\/title>\n<meta name=\"description\" content=\"Kaufen Sie Gangster Drei Weise Affen Wandkunst. W\u00e4hlen Sie zwischen 1-, 3- oder 5-teiligen Bildern oder Wandbildern im schwebenden Rahmen. Freuen Sie sich \u00fcber lebendige Drucke, kostenlosen Versand weltweit und eine 90-t\u00e4gige Geld-zur\u00fcck-Garantie.\" \/>\n<meta name=\"robots\" content=\"index, follow, max-snippet:-1, max-image-preview:large, max-video-preview:-1\" \/>\n<link rel=\"canonical\" href=\"https:\/\/www.canvasartbay.com\/de\/produkt\/gangster-drei-weise-affen-leinwandbild\/\" \/>\n<meta property=\"og:locale\" content=\"de_DE\" \/>\n<meta property=\"og:type\" content=\"article\" \/>\n<meta property=\"og:title\" content=\"Gangster Drei Weise Affen Leinwandbild | Canvas Art Bay\" \/>\n<meta property=\"og:description\" content=\"Kaufen Sie Gangster Drei Weise Affen Wandkunst. W\u00e4hlen Sie zwischen 1-, 3- oder 5-teiligen Bildern oder Wandbildern im schwebenden Rahmen. Freuen Sie sich \u00fcber lebendige Drucke, kostenlosen Versand weltweit und eine 90-t\u00e4gige Geld-zur\u00fcck-Garantie.\" \/>\n<meta property=\"og:url\" content=\"https:\/\/www.canvasartbay.com\/de\/produkt\/gangster-drei-weise-affen-leinwandbild\/\" \/>\n<meta property=\"og:site_name\" content=\"Canvas Art Bay\" \/>\n<meta property=\"article:modified_time\" content=\"2026-01-23T08:43:38+00:00\" \/>\n<meta property=\"og:image\" content=\"https:\/\/www.canvasartbay.com\/wp-content\/uploads\/2024\/10\/3-panels-gangster-three-wise-monkeys-canvas-art.jpg\" \/>\n\t<meta property=\"og:image:width\" content=\"1200\" \/>\n\t<meta property=\"og:image:height\" content=\"1200\" \/>\n\t<meta property=\"og:image:type\" content=\"image\/jpeg\" \/>\n<meta name=\"twitter:card\" content=\"summary_large_image\" \/>\n<script type=\"application\/ld+json\" class=\"yoast-schema-graph\">{\"@context\":\"https:\/\/schema.org\",\"@graph\":[{\"@type\":[\"WebPage\",\"ItemPage\"],\"@id\":\"https:\/\/www.canvasartbay.com\/de\/produkt\/gangster-drei-weise-affen-leinwandbild\/\",\"url\":\"https:\/\/www.canvasartbay.com\/de\/produkt\/gangster-drei-weise-affen-leinwandbild\/\",\"name\":\"Gangster Drei Weise Affen Leinwandbild | Canvas Art Bay\",\"isPartOf\":{\"@id\":\"https:\/\/www.canvasartbay.com\/#website\"},\"primaryImageOfPage\":{\"@id\":\"https:\/\/www.canvasartbay.com\/de\/produkt\/gangster-drei-weise-affen-leinwandbild\/#primaryimage\"},\"image\":{\"@id\":\"https:\/\/www.canvasartbay.com\/de\/produkt\/gangster-drei-weise-affen-leinwandbild\/#primaryimage\"},\"thumbnailUrl\":\"https:\/\/www.canvasartbay.com\/wp-content\/uploads\/2024\/10\/3-panels-gangster-three-wise-monkeys-canvas-art.jpg\",\"datePublished\":\"2024-10-19T09:29:01+00:00\",\"dateModified\":\"2026-01-23T08:43:38+00:00\",\"description\":\"Kaufen Sie Gangster Drei Weise Affen Wandkunst. W\u00e4hlen Sie zwischen 1-, 3- oder 5-teiligen Bildern oder Wandbildern im schwebenden Rahmen. Freuen Sie sich \u00fcber lebendige Drucke, kostenlosen Versand weltweit und eine 90-t\u00e4gige Geld-zur\u00fcck-Garantie.\",\"breadcrumb\":{\"@id\":\"https:\/\/www.canvasartbay.com\/de\/produkt\/gangster-drei-weise-affen-leinwandbild\/#breadcrumb\"},\"inLanguage\":\"de\",\"potentialAction\":[{\"@type\":\"ReadAction\",\"target\":[\"https:\/\/www.canvasartbay.com\/de\/produkt\/gangster-drei-weise-affen-leinwandbild\/\"]}]},{\"@type\":\"ImageObject\",\"inLanguage\":\"de\",\"@id\":\"https:\/\/www.canvasartbay.com\/de\/produkt\/gangster-drei-weise-affen-leinwandbild\/#primaryimage\",\"url\":\"https:\/\/www.canvasartbay.com\/wp-content\/uploads\/2024\/10\/3-panels-gangster-three-wise-monkeys-canvas-art.jpg\",\"contentUrl\":\"https:\/\/www.canvasartbay.com\/wp-content\/uploads\/2024\/10\/3-panels-gangster-three-wise-monkeys-canvas-art.jpg\",\"width\":1200,\"height\":1200,\"caption\":\"3 panels gangster three wise monkeys canvas art\"},{\"@type\":\"BreadcrumbList\",\"@id\":\"https:\/\/www.canvasartbay.com\/de\/produkt\/gangster-drei-weise-affen-leinwandbild\/#breadcrumb\",\"itemListElement\":[{\"@type\":\"ListItem\",\"position\":1,\"name\":\"Home\",\"item\":\"https:\/\/www.canvasartbay.com\/de\/\"},{\"@type\":\"ListItem\",\"position\":2,\"name\":\"Neu eingetroffen\",\"item\":\"https:\/\/www.canvasartbay.com\/de\/neu-eingetroffen\/\"},{\"@type\":\"ListItem\",\"position\":3,\"name\":\"Banksy Reproduction\",\"item\":\"https:\/\/www.canvasartbay.com\/de\/collection\/banksy-de\/\"},{\"@type\":\"ListItem\",\"position\":4,\"name\":\"\u00bb\"}]},{\"@type\":\"WebSite\",\"@id\":\"https:\/\/www.canvasartbay.com\/#website\",\"url\":\"https:\/\/www.canvasartbay.com\/\",\"name\":\"Canvas Art Bay\",\"description\":\"\",\"publisher\":{\"@id\":\"https:\/\/www.canvasartbay.com\/#organization\"},\"potentialAction\":[{\"@type\":\"SearchAction\",\"target\":{\"@type\":\"EntryPoint\",\"urlTemplate\":\"https:\/\/www.canvasartbay.com\/?s={search_term_string}\"},\"query-input\":{\"@type\":\"PropertyValueSpecification\",\"valueRequired\":true,\"valueName\":\"search_term_string\"}}],\"inLanguage\":\"de\"},{\"@type\":\"Organization\",\"@id\":\"https:\/\/www.canvasartbay.com\/#organization\",\"name\":\"Canvas Art Bay\",\"url\":\"https:\/\/www.canvasartbay.com\/\",\"logo\":{\"@type\":\"ImageObject\",\"inLanguage\":\"de\",\"@id\":\"https:\/\/www.canvasartbay.com\/#\/schema\/logo\/image\/\",\"url\":\"https:\/\/www.canvasartbay.com\/wp-content\/uploads\/2021\/09\/cropped-cropped-cropped-cropped-canvasartbay-logo-1-1-300x142-1.png\",\"contentUrl\":\"https:\/\/www.canvasartbay.com\/wp-content\/uploads\/2021\/09\/cropped-cropped-cropped-cropped-canvasartbay-logo-1-1-300x142-1.png\",\"width\":300,\"height\":142,\"caption\":\"Canvas Art Bay\"},\"image\":{\"@id\":\"https:\/\/www.canvasartbay.com\/#\/schema\/logo\/image\/\"}}]}<\/script>\n<!-- \/ Yoast SEO plugin. -->","yoast_head_json":{"title":"Gangster Drei Weise Affen Leinwandbild | Canvas Art Bay","description":"Kaufen Sie Gangster Drei Weise Affen Wandkunst. W\u00e4hlen Sie zwischen 1-, 3- oder 5-teiligen Bildern oder Wandbildern im schwebenden Rahmen. Freuen Sie sich \u00fcber lebendige Drucke, kostenlosen Versand weltweit und eine 90-t\u00e4gige Geld-zur\u00fcck-Garantie.","robots":{"index":"index","follow":"follow","max-snippet":"max-snippet:-1","max-image-preview":"max-image-preview:large","max-video-preview":"max-video-preview:-1"},"canonical":"https:\/\/www.canvasartbay.com\/de\/produkt\/gangster-drei-weise-affen-leinwandbild\/","og_locale":"de_DE","og_type":"article","og_title":"Gangster Drei Weise Affen Leinwandbild | Canvas Art Bay","og_description":"Kaufen Sie Gangster Drei Weise Affen Wandkunst. W\u00e4hlen Sie zwischen 1-, 3- oder 5-teiligen Bildern oder Wandbildern im schwebenden Rahmen. Freuen Sie sich \u00fcber lebendige Drucke, kostenlosen Versand weltweit und eine 90-t\u00e4gige Geld-zur\u00fcck-Garantie.","og_url":"https:\/\/www.canvasartbay.com\/de\/produkt\/gangster-drei-weise-affen-leinwandbild\/","og_site_name":"Canvas Art Bay","article_modified_time":"2026-01-23T08:43:38+00:00","og_image":[{"width":1200,"height":1200,"url":"https:\/\/www.canvasartbay.com\/wp-content\/uploads\/2024\/10\/3-panels-gangster-three-wise-monkeys-canvas-art.jpg","type":"image\/jpeg"}],"twitter_card":"summary_large_image","schema":{"@context":"https:\/\/schema.org","@graph":[{"@type":["WebPage","ItemPage"],"@id":"https:\/\/www.canvasartbay.com\/de\/produkt\/gangster-drei-weise-affen-leinwandbild\/","url":"https:\/\/www.canvasartbay.com\/de\/produkt\/gangster-drei-weise-affen-leinwandbild\/","name":"Gangster Drei Weise Affen Leinwandbild | Canvas Art Bay","isPartOf":{"@id":"https:\/\/www.canvasartbay.com\/#website"},"primaryImageOfPage":{"@id":"https:\/\/www.canvasartbay.com\/de\/produkt\/gangster-drei-weise-affen-leinwandbild\/#primaryimage"},"image":{"@id":"https:\/\/www.canvasartbay.com\/de\/produkt\/gangster-drei-weise-affen-leinwandbild\/#primaryimage"},"thumbnailUrl":"https:\/\/www.canvasartbay.com\/wp-content\/uploads\/2024\/10\/3-panels-gangster-three-wise-monkeys-canvas-art.jpg","datePublished":"2024-10-19T09:29:01+00:00","dateModified":"2026-01-23T08:43:38+00:00","description":"Kaufen Sie Gangster Drei Weise Affen Wandkunst. W\u00e4hlen Sie zwischen 1-, 3- oder 5-teiligen Bildern oder Wandbildern im schwebenden Rahmen. Freuen Sie sich \u00fcber lebendige Drucke, kostenlosen Versand weltweit und eine 90-t\u00e4gige Geld-zur\u00fcck-Garantie.","breadcrumb":{"@id":"https:\/\/www.canvasartbay.com\/de\/produkt\/gangster-drei-weise-affen-leinwandbild\/#breadcrumb"},"inLanguage":"de","potentialAction":[{"@type":"ReadAction","target":["https:\/\/www.canvasartbay.com\/de\/produkt\/gangster-drei-weise-affen-leinwandbild\/"]}]},{"@type":"ImageObject","inLanguage":"de","@id":"https:\/\/www.canvasartbay.com\/de\/produkt\/gangster-drei-weise-affen-leinwandbild\/#primaryimage","url":"https:\/\/www.canvasartbay.com\/wp-content\/uploads\/2024\/10\/3-panels-gangster-three-wise-monkeys-canvas-art.jpg","contentUrl":"https:\/\/www.canvasartbay.com\/wp-content\/uploads\/2024\/10\/3-panels-gangster-three-wise-monkeys-canvas-art.jpg","width":1200,"height":1200,"caption":"3 panels gangster three wise monkeys canvas art"},{"@type":"BreadcrumbList","@id":"https:\/\/www.canvasartbay.com\/de\/produkt\/gangster-drei-weise-affen-leinwandbild\/#breadcrumb","itemListElement":[{"@type":"ListItem","position":1,"name":"Home","item":"https:\/\/www.canvasartbay.com\/de\/"},{"@type":"ListItem","position":2,"name":"Neu eingetroffen","item":"https:\/\/www.canvasartbay.com\/de\/neu-eingetroffen\/"},{"@type":"ListItem","position":3,"name":"Banksy Reproduction","item":"https:\/\/www.canvasartbay.com\/de\/collection\/banksy-de\/"},{"@type":"ListItem","position":4,"name":"\u00bb"}]},{"@type":"WebSite","@id":"https:\/\/www.canvasartbay.com\/#website","url":"https:\/\/www.canvasartbay.com\/","name":"Canvas Art Bay","description":"","publisher":{"@id":"https:\/\/www.canvasartbay.com\/#organization"},"potentialAction":[{"@type":"SearchAction","target":{"@type":"EntryPoint","urlTemplate":"https:\/\/www.canvasartbay.com\/?s={search_term_string}"},"query-input":{"@type":"PropertyValueSpecification","valueRequired":true,"valueName":"search_term_string"}}],"inLanguage":"de"},{"@type":"Organization","@id":"https:\/\/www.canvasartbay.com\/#organization","name":"Canvas Art Bay","url":"https:\/\/www.canvasartbay.com\/","logo":{"@type":"ImageObject","inLanguage":"de","@id":"https:\/\/www.canvasartbay.com\/#\/schema\/logo\/image\/","url":"https:\/\/www.canvasartbay.com\/wp-content\/uploads\/2021\/09\/cropped-cropped-cropped-cropped-canvasartbay-logo-1-1-300x142-1.png","contentUrl":"https:\/\/www.canvasartbay.com\/wp-content\/uploads\/2021\/09\/cropped-cropped-cropped-cropped-canvasartbay-logo-1-1-300x142-1.png","width":300,"height":142,"caption":"Canvas Art Bay"},"image":{"@id":"https:\/\/www.canvasartbay.com\/#\/schema\/logo\/image\/"}}]}},"_links":{"self":[{"href":"https:\/\/www.canvasartbay.com\/de\/wp-json\/wp\/v2\/product\/149849","targetHints":{"allow":["GET"]}}],"collection":[{"href":"https:\/\/www.canvasartbay.com\/de\/wp-json\/wp\/v2\/product"}],"about":[{"href":"https:\/\/www.canvasartbay.com\/de\/wp-json\/wp\/v2\/types\/product"}],"replies":[{"embeddable":true,"href":"https:\/\/www.canvasartbay.com\/de\/wp-json\/wp\/v2\/comments?post=149849"}],"wp:featuredmedia":[{"embeddable":true,"href":"https:\/\/www.canvasartbay.com\/de\/wp-json\/wp\/v2\/media\/130255"}],"wp:attachment":[{"href":"https:\/\/www.canvasartbay.com\/de\/wp-json\/wp\/v2\/media?parent=149849"}],"wp:term":[{"taxonomy":"product_brand","embeddable":true,"href":"https:\/\/www.canvasartbay.com\/de\/wp-json\/wp\/v2\/product_brand?post=149849"},{"taxonomy":"product_cat","embeddable":true,"href":"https:\/\/www.canvasartbay.com\/de\/wp-json\/wp\/v2\/product_cat?post=149849"},{"taxonomy":"product_tag","embeddable":true,"href":"https:\/\/www.canvasartbay.com\/de\/wp-json\/wp\/v2\/product_tag?post=149849"}],"curies":[{"name":"wp","href":"https:\/\/api.w.org\/{rel}","templated":true}]}}