{"id":150118,"date":"2024-04-04T10:15:23","date_gmt":"2024-04-04T10:15:23","guid":{"rendered":"https:\/\/www.canvasartbay.com\/product\/corrupted-oil-jerry-canvas-art\/"},"modified":"2025-10-16T13:53:12","modified_gmt":"2025-10-16T13:53:12","slug":"verdorbener-ol-jerry-leinwandbild","status":"publish","type":"product","link":"https:\/\/www.canvasartbay.com\/de\/produkt\/verdorbener-ol-jerry-leinwandbild\/","title":{"rendered":"Verdorbener \u00d6l-Jerry"},"excerpt":{"rendered":"<p>Das Banksy-Leinwandbild \u201eCorrupted Oil Jerry\u201c wird montagefertig mit Metall-S\u00e4gezahnaufh\u00e4ngern auf der R\u00fcckseite geliefert und ben\u00f6tigt keinen zus\u00e4tzlichen Rahmen. Die Leinwand wird von unseren erfahrenen Handwerkern sorgf\u00e4ltig von Hand auf Keilrahmen aus 100 % Naturholz gespannt. Wir kombinieren hochwertige Poly-Baumwoll-Leinwand mit pigmentierten Archivtinten, um Ihnen hochaufl\u00f6sende Drucke mit lebendigen Farben zu bieten, die \u00fcber 100 Jahre haltbar sind.<\/p>\n<h3>Graffiti-Wanddekor \u201eCorrupted Oil Jerry\u201c<\/h3>\n<p>Dieses Wandbild mit dem verdorbenen \u00d6lgem\u00e4lde \u201eJerry\u201c ist als 1-, 3- oder Schweberahmen-Leinwand erh\u00e4ltlich. Au\u00dferdem ist es in vielen verschiedenen Gr\u00f6\u00dfen erh\u00e4ltlich: von klein bis \u00fcbergro\u00df. So passt es garantiert in Ihr Wohnzimmer, Ihren Flur, Ihr Kinderzimmer oder sogar Ihr Esszimmer.<\/p>\n<h3>Banksy-Kunstgeschenke<\/h3>\n<p>Dieses coole Banksy-Kunstwerk eignet sich perfekt als Geburtstags- oder Jubil\u00e4umsgeschenk. Auch Street-Art- und Graffiti-Liebhaber kommen auf ihre Kosten. Verbreiten Sie Ihre Liebe mit diesem atemberaubenden Leinwandbild mit dem verdorbenen \u00d6lgem\u00e4lde \u201eJerry\u201c!<\/p>\n","protected":false},"featured_media":120580,"comment_status":"open","ping_status":"closed","template":"","meta":{"_acf_changed":false},"product_brand":[],"product_cat":[3388,3389],"product_tag":[3391,3427,3428,3395,3429,3430,3431,3400],"class_list":{"0":"post-150118","1":"product","2":"type-product","3":"status-publish","4":"has-post-thumbnail","6":"product_cat-banksy-de","7":"product_cat-graffiti-und-strassenkunst","8":"product_tag-banksy-de","9":"product_tag-cat-de","10":"product_tag-fire-de","11":"product_tag-graffiti-de","12":"product_tag-jerry-de","13":"product_tag-nature-de","14":"product_tag-oil-de","15":"product_tag-street-art-de","16":"pa_canvas-type-canvas-wrap-de","17":"pa_canvas-type-floating-frame-de","18":"pa_color-rainbow-wall-art-de","19":"pa_number-of-panels-1-panel-de","20":"pa_number-of-panels-3-teilige-wandbilder","21":"pa_room-hallway-wall-decor-de","22":"pa_room-kids-room-wall-decor-de","23":"pa_room-living-room-wall-decor-de","24":"tm-has-options","26":"first","27":"instock","28":"shipping-taxable","29":"purchasable","30":"product-type-variable","31":"has-default-attributes"},"acf":[],"yoast_head":"<!-- This site is optimized with the Yoast SEO plugin v25.9 - https:\/\/yoast.com\/wordpress\/plugins\/seo\/ -->\n<title>Verdorbener \u00d6l-Jerry Leinwandbild | Canvas Art Bay<\/title>\n<meta name=\"description\" content=\"Kaufen Sie Verdorbener \u00d6l-Jerry Wandkunst. W\u00e4hlen Sie zwischen 1-, 3- oder 5-teiligen Bildern oder Wandbildern im schwebenden Rahmen. Freuen Sie sich \u00fcber lebendige Drucke, kostenlosen Versand weltweit und eine 90-t\u00e4gige Geld-zur\u00fcck-Garantie.\" \/>\n<meta name=\"robots\" content=\"index, follow, max-snippet:-1, max-image-preview:large, max-video-preview:-1\" \/>\n<link rel=\"canonical\" href=\"https:\/\/www.canvasartbay.com\/de\/produkt\/verdorbener-ol-jerry-leinwandbild\/\" \/>\n<meta property=\"og:locale\" content=\"de_DE\" \/>\n<meta property=\"og:type\" content=\"article\" \/>\n<meta property=\"og:title\" content=\"Verdorbener \u00d6l-Jerry Leinwandbild | Canvas Art Bay\" \/>\n<meta property=\"og:description\" content=\"Kaufen Sie Verdorbener \u00d6l-Jerry Wandkunst. W\u00e4hlen Sie zwischen 1-, 3- oder 5-teiligen Bildern oder Wandbildern im schwebenden Rahmen. Freuen Sie sich \u00fcber lebendige Drucke, kostenlosen Versand weltweit und eine 90-t\u00e4gige Geld-zur\u00fcck-Garantie.\" \/>\n<meta property=\"og:url\" content=\"https:\/\/www.canvasartbay.com\/de\/produkt\/verdorbener-ol-jerry-leinwandbild\/\" \/>\n<meta property=\"og:site_name\" content=\"Canvas Art Bay\" \/>\n<meta property=\"article:modified_time\" content=\"2025-10-16T13:53:12+00:00\" \/>\n<meta property=\"og:image\" content=\"https:\/\/www.canvasartbay.com\/wp-content\/uploads\/2024\/04\/corrupted-oil-jerry-floating-frame-canvas.jpg\" \/>\n\t<meta property=\"og:image:width\" content=\"1200\" \/>\n\t<meta property=\"og:image:height\" content=\"1200\" \/>\n\t<meta property=\"og:image:type\" content=\"image\/jpeg\" \/>\n<meta name=\"twitter:card\" content=\"summary_large_image\" \/>\n<script type=\"application\/ld+json\" class=\"yoast-schema-graph\">{\"@context\":\"https:\/\/schema.org\",\"@graph\":[{\"@type\":[\"WebPage\",\"ItemPage\"],\"@id\":\"https:\/\/www.canvasartbay.com\/de\/produkt\/verdorbener-ol-jerry-leinwandbild\/\",\"url\":\"https:\/\/www.canvasartbay.com\/de\/produkt\/verdorbener-ol-jerry-leinwandbild\/\",\"name\":\"Verdorbener \u00d6l-Jerry Leinwandbild | Canvas Art Bay\",\"isPartOf\":{\"@id\":\"https:\/\/www.canvasartbay.com\/#website\"},\"primaryImageOfPage\":{\"@id\":\"https:\/\/www.canvasartbay.com\/de\/produkt\/verdorbener-ol-jerry-leinwandbild\/#primaryimage\"},\"image\":{\"@id\":\"https:\/\/www.canvasartbay.com\/de\/produkt\/verdorbener-ol-jerry-leinwandbild\/#primaryimage\"},\"thumbnailUrl\":\"https:\/\/www.canvasartbay.com\/wp-content\/uploads\/2024\/04\/corrupted-oil-jerry-floating-frame-canvas.jpg\",\"datePublished\":\"2024-04-04T10:15:23+00:00\",\"dateModified\":\"2025-10-16T13:53:12+00:00\",\"description\":\"Kaufen Sie Verdorbener \u00d6l-Jerry Wandkunst. W\u00e4hlen Sie zwischen 1-, 3- oder 5-teiligen Bildern oder Wandbildern im schwebenden Rahmen. Freuen Sie sich \u00fcber lebendige Drucke, kostenlosen Versand weltweit und eine 90-t\u00e4gige Geld-zur\u00fcck-Garantie.\",\"breadcrumb\":{\"@id\":\"https:\/\/www.canvasartbay.com\/de\/produkt\/verdorbener-ol-jerry-leinwandbild\/#breadcrumb\"},\"inLanguage\":\"de\",\"potentialAction\":[{\"@type\":\"ReadAction\",\"target\":[\"https:\/\/www.canvasartbay.com\/de\/produkt\/verdorbener-ol-jerry-leinwandbild\/\"]}]},{\"@type\":\"ImageObject\",\"inLanguage\":\"de\",\"@id\":\"https:\/\/www.canvasartbay.com\/de\/produkt\/verdorbener-ol-jerry-leinwandbild\/#primaryimage\",\"url\":\"https:\/\/www.canvasartbay.com\/wp-content\/uploads\/2024\/04\/corrupted-oil-jerry-floating-frame-canvas.jpg\",\"contentUrl\":\"https:\/\/www.canvasartbay.com\/wp-content\/uploads\/2024\/04\/corrupted-oil-jerry-floating-frame-canvas.jpg\",\"width\":1200,\"height\":1200,\"caption\":\"corrupted oil jerry floating frame canvas\"},{\"@type\":\"BreadcrumbList\",\"@id\":\"https:\/\/www.canvasartbay.com\/de\/produkt\/verdorbener-ol-jerry-leinwandbild\/#breadcrumb\",\"itemListElement\":[{\"@type\":\"ListItem\",\"position\":1,\"name\":\"Home\",\"item\":\"https:\/\/www.canvasartbay.com\/de\/\"},{\"@type\":\"ListItem\",\"position\":2,\"name\":\"Neu eingetroffen\",\"item\":\"https:\/\/www.canvasartbay.com\/de\/neu-eingetroffen\/\"},{\"@type\":\"ListItem\",\"position\":3,\"name\":\"Street Art\",\"item\":\"https:\/\/www.canvasartbay.com\/collection\/street-art-graffiti-wall-art\/\"},{\"@type\":\"ListItem\",\"position\":4,\"name\":\"Banksy Reproduction\",\"item\":\"https:\/\/www.canvasartbay.com\/collection\/street-art-graffiti-wall-art\/banksy\/\"},{\"@type\":\"ListItem\",\"position\":5,\"name\":\"\u00bb\"}]},{\"@type\":\"WebSite\",\"@id\":\"https:\/\/www.canvasartbay.com\/#website\",\"url\":\"https:\/\/www.canvasartbay.com\/\",\"name\":\"Canvas Art Bay\",\"description\":\"\",\"publisher\":{\"@id\":\"https:\/\/www.canvasartbay.com\/#organization\"},\"potentialAction\":[{\"@type\":\"SearchAction\",\"target\":{\"@type\":\"EntryPoint\",\"urlTemplate\":\"https:\/\/www.canvasartbay.com\/?s={search_term_string}\"},\"query-input\":{\"@type\":\"PropertyValueSpecification\",\"valueRequired\":true,\"valueName\":\"search_term_string\"}}],\"inLanguage\":\"de\"},{\"@type\":\"Organization\",\"@id\":\"https:\/\/www.canvasartbay.com\/#organization\",\"name\":\"Canvas Art Bay\",\"url\":\"https:\/\/www.canvasartbay.com\/\",\"logo\":{\"@type\":\"ImageObject\",\"inLanguage\":\"de\",\"@id\":\"https:\/\/www.canvasartbay.com\/#\/schema\/logo\/image\/\",\"url\":\"https:\/\/www.canvasartbay.com\/wp-content\/uploads\/2021\/09\/cropped-cropped-cropped-cropped-canvasartbay-logo-1-1-300x142-1.png\",\"contentUrl\":\"https:\/\/www.canvasartbay.com\/wp-content\/uploads\/2021\/09\/cropped-cropped-cropped-cropped-canvasartbay-logo-1-1-300x142-1.png\",\"width\":300,\"height\":142,\"caption\":\"Canvas Art Bay\"},\"image\":{\"@id\":\"https:\/\/www.canvasartbay.com\/#\/schema\/logo\/image\/\"}}]}<\/script>\n<!-- \/ Yoast SEO plugin. -->","yoast_head_json":{"title":"Verdorbener \u00d6l-Jerry Leinwandbild | Canvas Art Bay","description":"Kaufen Sie Verdorbener \u00d6l-Jerry Wandkunst. W\u00e4hlen Sie zwischen 1-, 3- oder 5-teiligen Bildern oder Wandbildern im schwebenden Rahmen. Freuen Sie sich \u00fcber lebendige Drucke, kostenlosen Versand weltweit und eine 90-t\u00e4gige Geld-zur\u00fcck-Garantie.","robots":{"index":"index","follow":"follow","max-snippet":"max-snippet:-1","max-image-preview":"max-image-preview:large","max-video-preview":"max-video-preview:-1"},"canonical":"https:\/\/www.canvasartbay.com\/de\/produkt\/verdorbener-ol-jerry-leinwandbild\/","og_locale":"de_DE","og_type":"article","og_title":"Verdorbener \u00d6l-Jerry Leinwandbild | Canvas Art Bay","og_description":"Kaufen Sie Verdorbener \u00d6l-Jerry Wandkunst. W\u00e4hlen Sie zwischen 1-, 3- oder 5-teiligen Bildern oder Wandbildern im schwebenden Rahmen. Freuen Sie sich \u00fcber lebendige Drucke, kostenlosen Versand weltweit und eine 90-t\u00e4gige Geld-zur\u00fcck-Garantie.","og_url":"https:\/\/www.canvasartbay.com\/de\/produkt\/verdorbener-ol-jerry-leinwandbild\/","og_site_name":"Canvas Art Bay","article_modified_time":"2025-10-16T13:53:12+00:00","og_image":[{"width":1200,"height":1200,"url":"https:\/\/www.canvasartbay.com\/wp-content\/uploads\/2024\/04\/corrupted-oil-jerry-floating-frame-canvas.jpg","type":"image\/jpeg"}],"twitter_card":"summary_large_image","schema":{"@context":"https:\/\/schema.org","@graph":[{"@type":["WebPage","ItemPage"],"@id":"https:\/\/www.canvasartbay.com\/de\/produkt\/verdorbener-ol-jerry-leinwandbild\/","url":"https:\/\/www.canvasartbay.com\/de\/produkt\/verdorbener-ol-jerry-leinwandbild\/","name":"Verdorbener \u00d6l-Jerry Leinwandbild | Canvas Art Bay","isPartOf":{"@id":"https:\/\/www.canvasartbay.com\/#website"},"primaryImageOfPage":{"@id":"https:\/\/www.canvasartbay.com\/de\/produkt\/verdorbener-ol-jerry-leinwandbild\/#primaryimage"},"image":{"@id":"https:\/\/www.canvasartbay.com\/de\/produkt\/verdorbener-ol-jerry-leinwandbild\/#primaryimage"},"thumbnailUrl":"https:\/\/www.canvasartbay.com\/wp-content\/uploads\/2024\/04\/corrupted-oil-jerry-floating-frame-canvas.jpg","datePublished":"2024-04-04T10:15:23+00:00","dateModified":"2025-10-16T13:53:12+00:00","description":"Kaufen Sie Verdorbener \u00d6l-Jerry Wandkunst. W\u00e4hlen Sie zwischen 1-, 3- oder 5-teiligen Bildern oder Wandbildern im schwebenden Rahmen. Freuen Sie sich \u00fcber lebendige Drucke, kostenlosen Versand weltweit und eine 90-t\u00e4gige Geld-zur\u00fcck-Garantie.","breadcrumb":{"@id":"https:\/\/www.canvasartbay.com\/de\/produkt\/verdorbener-ol-jerry-leinwandbild\/#breadcrumb"},"inLanguage":"de","potentialAction":[{"@type":"ReadAction","target":["https:\/\/www.canvasartbay.com\/de\/produkt\/verdorbener-ol-jerry-leinwandbild\/"]}]},{"@type":"ImageObject","inLanguage":"de","@id":"https:\/\/www.canvasartbay.com\/de\/produkt\/verdorbener-ol-jerry-leinwandbild\/#primaryimage","url":"https:\/\/www.canvasartbay.com\/wp-content\/uploads\/2024\/04\/corrupted-oil-jerry-floating-frame-canvas.jpg","contentUrl":"https:\/\/www.canvasartbay.com\/wp-content\/uploads\/2024\/04\/corrupted-oil-jerry-floating-frame-canvas.jpg","width":1200,"height":1200,"caption":"corrupted oil jerry floating frame canvas"},{"@type":"BreadcrumbList","@id":"https:\/\/www.canvasartbay.com\/de\/produkt\/verdorbener-ol-jerry-leinwandbild\/#breadcrumb","itemListElement":[{"@type":"ListItem","position":1,"name":"Home","item":"https:\/\/www.canvasartbay.com\/de\/"},{"@type":"ListItem","position":2,"name":"Neu eingetroffen","item":"https:\/\/www.canvasartbay.com\/de\/neu-eingetroffen\/"},{"@type":"ListItem","position":3,"name":"Street Art","item":"https:\/\/www.canvasartbay.com\/collection\/street-art-graffiti-wall-art\/"},{"@type":"ListItem","position":4,"name":"Banksy Reproduction","item":"https:\/\/www.canvasartbay.com\/collection\/street-art-graffiti-wall-art\/banksy\/"},{"@type":"ListItem","position":5,"name":"\u00bb"}]},{"@type":"WebSite","@id":"https:\/\/www.canvasartbay.com\/#website","url":"https:\/\/www.canvasartbay.com\/","name":"Canvas Art Bay","description":"","publisher":{"@id":"https:\/\/www.canvasartbay.com\/#organization"},"potentialAction":[{"@type":"SearchAction","target":{"@type":"EntryPoint","urlTemplate":"https:\/\/www.canvasartbay.com\/?s={search_term_string}"},"query-input":{"@type":"PropertyValueSpecification","valueRequired":true,"valueName":"search_term_string"}}],"inLanguage":"de"},{"@type":"Organization","@id":"https:\/\/www.canvasartbay.com\/#organization","name":"Canvas Art Bay","url":"https:\/\/www.canvasartbay.com\/","logo":{"@type":"ImageObject","inLanguage":"de","@id":"https:\/\/www.canvasartbay.com\/#\/schema\/logo\/image\/","url":"https:\/\/www.canvasartbay.com\/wp-content\/uploads\/2021\/09\/cropped-cropped-cropped-cropped-canvasartbay-logo-1-1-300x142-1.png","contentUrl":"https:\/\/www.canvasartbay.com\/wp-content\/uploads\/2021\/09\/cropped-cropped-cropped-cropped-canvasartbay-logo-1-1-300x142-1.png","width":300,"height":142,"caption":"Canvas Art Bay"},"image":{"@id":"https:\/\/www.canvasartbay.com\/#\/schema\/logo\/image\/"}}]}},"_links":{"self":[{"href":"https:\/\/www.canvasartbay.com\/de\/wp-json\/wp\/v2\/product\/150118","targetHints":{"allow":["GET"]}}],"collection":[{"href":"https:\/\/www.canvasartbay.com\/de\/wp-json\/wp\/v2\/product"}],"about":[{"href":"https:\/\/www.canvasartbay.com\/de\/wp-json\/wp\/v2\/types\/product"}],"replies":[{"embeddable":true,"href":"https:\/\/www.canvasartbay.com\/de\/wp-json\/wp\/v2\/comments?post=150118"}],"wp:featuredmedia":[{"embeddable":true,"href":"https:\/\/www.canvasartbay.com\/de\/wp-json\/wp\/v2\/media\/120580"}],"wp:attachment":[{"href":"https:\/\/www.canvasartbay.com\/de\/wp-json\/wp\/v2\/media?parent=150118"}],"wp:term":[{"taxonomy":"product_brand","embeddable":true,"href":"https:\/\/www.canvasartbay.com\/de\/wp-json\/wp\/v2\/product_brand?post=150118"},{"taxonomy":"product_cat","embeddable":true,"href":"https:\/\/www.canvasartbay.com\/de\/wp-json\/wp\/v2\/product_cat?post=150118"},{"taxonomy":"product_tag","embeddable":true,"href":"https:\/\/www.canvasartbay.com\/de\/wp-json\/wp\/v2\/product_tag?post=150118"}],"curies":[{"name":"wp","href":"https:\/\/api.w.org\/{rel}","templated":true}]}}