{"id":150193,"date":"2022-08-09T13:49:02","date_gmt":"2022-08-09T13:49:02","guid":{"rendered":"https:\/\/www.canvasartbay.com\/product\/waiting-in-vain-canvas-art\/"},"modified":"2025-10-16T14:19:18","modified_gmt":"2025-10-16T14:19:18","slug":"vergebliches-warten-leinwandbild","status":"publish","type":"product","link":"https:\/\/www.canvasartbay.com\/de\/produkt\/vergebliches-warten-leinwandbild\/","title":{"rendered":"Vergebliches Warten"},"excerpt":{"rendered":"<p>Das Banksy-Leinwandbild \u201eWaiting in Vain\u201c wird montagefertig mit Metall-Zahnaufh\u00e4ngern auf der R\u00fcckseite geliefert und ben\u00f6tigt keinen zus\u00e4tzlichen Rahmen. Die Leinwand wird von unseren erfahrenen Handwerkern sorgf\u00e4ltig von Hand auf Keilrahmen aus 100 % Naturholz gespannt. Wir kombinieren hochwertige Poly-Baumwoll-Leinwand mit pigmentierten Archivtinten, um Ihnen hochaufl\u00f6sende Drucke mit lebendigen Farben zu bieten, die \u00fcber 100 Jahre halten.<\/p>\n<h3>Banksy Graffiti-Wanddekoration<\/h3>\n<p>Dieses Banksy-Graffiti-Kunstwerk ist als 1-, 3- oder 4-teiliges Bild erh\u00e4ltlich. Au\u00dferdem ist es in vielen verschiedenen Gr\u00f6\u00dfen erh\u00e4ltlich: von klein bis \u00fcbergro\u00df. So passt es garantiert in Ihr Wohnzimmer, Ihren Flur, Ihr Kinderzimmer oder sogar Ihr Esszimmer.<\/p>\n<h3>Banksy-Kunstgeschenke<\/h3>\n<p>Dieses Banksy-Kunstwerk eignet sich perfekt als Geburtstags- oder Jubil\u00e4umsgeschenk. Sie k\u00f6nnen es auch Street-Art- und Graffiti-Liebhabern schenken. Verbreiten Sie Liebe in Ihrer Umgebung, indem Sie dieses atemberaubende Banksy-Leinwandbild verschenken!<\/p>\n","protected":false},"featured_media":66860,"comment_status":"open","ping_status":"closed","template":"","meta":{"_acf_changed":false},"product_brand":[],"product_cat":[3388,3389],"product_tag":[3391,3444,3395,3400,3445],"class_list":{"0":"post-150193","1":"product","2":"type-product","3":"status-publish","4":"has-post-thumbnail","6":"product_cat-banksy-de","7":"product_cat-graffiti-und-strassenkunst","8":"product_tag-banksy-de","9":"product_tag-flower-de","10":"product_tag-graffiti-de","11":"product_tag-street-art-de","12":"product_tag-waiting-in-vain-de","13":"pa_canvas-type-canvas-wrap-de","14":"pa_canvas-type-floating-frame-de","15":"pa_color-black-white-wall-art-de","16":"pa_color-red-wall-art-de","17":"pa_number-of-panels-1-panel-de","18":"pa_number-of-panels-3-teilige-wandbilder","19":"pa_room-bedroom-wall-decor-de","20":"pa_room-hallway-wall-decor-de","21":"pa_room-living-room-wall-decor-de","22":"tm-has-options","24":"first","25":"instock","26":"shipping-taxable","27":"purchasable","28":"product-type-variable","29":"has-default-attributes"},"acf":[],"yoast_head":"<!-- This site is optimized with the Yoast SEO plugin v25.9 - https:\/\/yoast.com\/wordpress\/plugins\/seo\/ -->\n<title>Vergebliches Warten Leinwandbild | Canvas Art Bay<\/title>\n<meta name=\"description\" content=\"Kaufen Sie Vergebliches Warten Wandkunst. W\u00e4hlen Sie zwischen 1-, 3- oder 5-teiligen Bildern oder Wandbildern im schwebenden Rahmen. Freuen Sie sich \u00fcber lebendige Drucke, kostenlosen Versand weltweit und eine 90-t\u00e4gige Geld-zur\u00fcck-Garantie.\" \/>\n<meta name=\"robots\" content=\"index, follow, max-snippet:-1, max-image-preview:large, max-video-preview:-1\" \/>\n<link rel=\"canonical\" href=\"https:\/\/www.canvasartbay.com\/de\/produkt\/vergebliches-warten-leinwandbild\/\" \/>\n<meta property=\"og:locale\" content=\"de_DE\" \/>\n<meta property=\"og:type\" content=\"article\" \/>\n<meta property=\"og:title\" content=\"Vergebliches Warten Leinwandbild | Canvas Art Bay\" \/>\n<meta property=\"og:description\" content=\"Kaufen Sie Vergebliches Warten Wandkunst. W\u00e4hlen Sie zwischen 1-, 3- oder 5-teiligen Bildern oder Wandbildern im schwebenden Rahmen. Freuen Sie sich \u00fcber lebendige Drucke, kostenlosen Versand weltweit und eine 90-t\u00e4gige Geld-zur\u00fcck-Garantie.\" \/>\n<meta property=\"og:url\" content=\"https:\/\/www.canvasartbay.com\/de\/produkt\/vergebliches-warten-leinwandbild\/\" \/>\n<meta property=\"og:site_name\" content=\"Canvas Art Bay\" \/>\n<meta property=\"article:modified_time\" content=\"2025-10-16T14:19:18+00:00\" \/>\n<meta property=\"og:image\" content=\"https:\/\/www.canvasartbay.com\/wp-content\/uploads\/2022\/08\/3-panels-waiting-in-vain-canvas-art.jpg\" \/>\n\t<meta property=\"og:image:width\" content=\"1200\" \/>\n\t<meta property=\"og:image:height\" content=\"1200\" \/>\n\t<meta property=\"og:image:type\" content=\"image\/jpeg\" \/>\n<meta name=\"twitter:card\" content=\"summary_large_image\" \/>\n<script type=\"application\/ld+json\" class=\"yoast-schema-graph\">{\"@context\":\"https:\/\/schema.org\",\"@graph\":[{\"@type\":[\"WebPage\",\"ItemPage\"],\"@id\":\"https:\/\/www.canvasartbay.com\/de\/produkt\/vergebliches-warten-leinwandbild\/\",\"url\":\"https:\/\/www.canvasartbay.com\/de\/produkt\/vergebliches-warten-leinwandbild\/\",\"name\":\"Vergebliches Warten Leinwandbild | Canvas Art Bay\",\"isPartOf\":{\"@id\":\"https:\/\/www.canvasartbay.com\/#website\"},\"primaryImageOfPage\":{\"@id\":\"https:\/\/www.canvasartbay.com\/de\/produkt\/vergebliches-warten-leinwandbild\/#primaryimage\"},\"image\":{\"@id\":\"https:\/\/www.canvasartbay.com\/de\/produkt\/vergebliches-warten-leinwandbild\/#primaryimage\"},\"thumbnailUrl\":\"https:\/\/www.canvasartbay.com\/wp-content\/uploads\/2022\/08\/3-panels-waiting-in-vain-canvas-art.jpg\",\"datePublished\":\"2022-08-09T13:49:02+00:00\",\"dateModified\":\"2025-10-16T14:19:18+00:00\",\"description\":\"Kaufen Sie Vergebliches Warten Wandkunst. W\u00e4hlen Sie zwischen 1-, 3- oder 5-teiligen Bildern oder Wandbildern im schwebenden Rahmen. Freuen Sie sich \u00fcber lebendige Drucke, kostenlosen Versand weltweit und eine 90-t\u00e4gige Geld-zur\u00fcck-Garantie.\",\"breadcrumb\":{\"@id\":\"https:\/\/www.canvasartbay.com\/de\/produkt\/vergebliches-warten-leinwandbild\/#breadcrumb\"},\"inLanguage\":\"de\",\"potentialAction\":[{\"@type\":\"ReadAction\",\"target\":[\"https:\/\/www.canvasartbay.com\/de\/produkt\/vergebliches-warten-leinwandbild\/\"]}]},{\"@type\":\"ImageObject\",\"inLanguage\":\"de\",\"@id\":\"https:\/\/www.canvasartbay.com\/de\/produkt\/vergebliches-warten-leinwandbild\/#primaryimage\",\"url\":\"https:\/\/www.canvasartbay.com\/wp-content\/uploads\/2022\/08\/3-panels-waiting-in-vain-canvas-art.jpg\",\"contentUrl\":\"https:\/\/www.canvasartbay.com\/wp-content\/uploads\/2022\/08\/3-panels-waiting-in-vain-canvas-art.jpg\",\"width\":1200,\"height\":1200},{\"@type\":\"BreadcrumbList\",\"@id\":\"https:\/\/www.canvasartbay.com\/de\/produkt\/vergebliches-warten-leinwandbild\/#breadcrumb\",\"itemListElement\":[{\"@type\":\"ListItem\",\"position\":1,\"name\":\"Home\",\"item\":\"https:\/\/www.canvasartbay.com\/de\/\"},{\"@type\":\"ListItem\",\"position\":2,\"name\":\"Neu eingetroffen\",\"item\":\"https:\/\/www.canvasartbay.com\/de\/neu-eingetroffen\/\"},{\"@type\":\"ListItem\",\"position\":3,\"name\":\"Street Art\",\"item\":\"https:\/\/www.canvasartbay.com\/collection\/street-art-graffiti-wall-art\/\"},{\"@type\":\"ListItem\",\"position\":4,\"name\":\"Banksy Reproduction\",\"item\":\"https:\/\/www.canvasartbay.com\/collection\/street-art-graffiti-wall-art\/banksy\/\"},{\"@type\":\"ListItem\",\"position\":5,\"name\":\"\u00bb\"}]},{\"@type\":\"WebSite\",\"@id\":\"https:\/\/www.canvasartbay.com\/#website\",\"url\":\"https:\/\/www.canvasartbay.com\/\",\"name\":\"Canvas Art Bay\",\"description\":\"\",\"publisher\":{\"@id\":\"https:\/\/www.canvasartbay.com\/#organization\"},\"potentialAction\":[{\"@type\":\"SearchAction\",\"target\":{\"@type\":\"EntryPoint\",\"urlTemplate\":\"https:\/\/www.canvasartbay.com\/?s={search_term_string}\"},\"query-input\":{\"@type\":\"PropertyValueSpecification\",\"valueRequired\":true,\"valueName\":\"search_term_string\"}}],\"inLanguage\":\"de\"},{\"@type\":\"Organization\",\"@id\":\"https:\/\/www.canvasartbay.com\/#organization\",\"name\":\"Canvas Art Bay\",\"url\":\"https:\/\/www.canvasartbay.com\/\",\"logo\":{\"@type\":\"ImageObject\",\"inLanguage\":\"de\",\"@id\":\"https:\/\/www.canvasartbay.com\/#\/schema\/logo\/image\/\",\"url\":\"https:\/\/www.canvasartbay.com\/wp-content\/uploads\/2021\/09\/cropped-cropped-cropped-cropped-canvasartbay-logo-1-1-300x142-1.png\",\"contentUrl\":\"https:\/\/www.canvasartbay.com\/wp-content\/uploads\/2021\/09\/cropped-cropped-cropped-cropped-canvasartbay-logo-1-1-300x142-1.png\",\"width\":300,\"height\":142,\"caption\":\"Canvas Art Bay\"},\"image\":{\"@id\":\"https:\/\/www.canvasartbay.com\/#\/schema\/logo\/image\/\"}}]}<\/script>\n<!-- \/ Yoast SEO plugin. -->","yoast_head_json":{"title":"Vergebliches Warten Leinwandbild | Canvas Art Bay","description":"Kaufen Sie Vergebliches Warten Wandkunst. W\u00e4hlen Sie zwischen 1-, 3- oder 5-teiligen Bildern oder Wandbildern im schwebenden Rahmen. Freuen Sie sich \u00fcber lebendige Drucke, kostenlosen Versand weltweit und eine 90-t\u00e4gige Geld-zur\u00fcck-Garantie.","robots":{"index":"index","follow":"follow","max-snippet":"max-snippet:-1","max-image-preview":"max-image-preview:large","max-video-preview":"max-video-preview:-1"},"canonical":"https:\/\/www.canvasartbay.com\/de\/produkt\/vergebliches-warten-leinwandbild\/","og_locale":"de_DE","og_type":"article","og_title":"Vergebliches Warten Leinwandbild | Canvas Art Bay","og_description":"Kaufen Sie Vergebliches Warten Wandkunst. W\u00e4hlen Sie zwischen 1-, 3- oder 5-teiligen Bildern oder Wandbildern im schwebenden Rahmen. Freuen Sie sich \u00fcber lebendige Drucke, kostenlosen Versand weltweit und eine 90-t\u00e4gige Geld-zur\u00fcck-Garantie.","og_url":"https:\/\/www.canvasartbay.com\/de\/produkt\/vergebliches-warten-leinwandbild\/","og_site_name":"Canvas Art Bay","article_modified_time":"2025-10-16T14:19:18+00:00","og_image":[{"width":1200,"height":1200,"url":"https:\/\/www.canvasartbay.com\/wp-content\/uploads\/2022\/08\/3-panels-waiting-in-vain-canvas-art.jpg","type":"image\/jpeg"}],"twitter_card":"summary_large_image","schema":{"@context":"https:\/\/schema.org","@graph":[{"@type":["WebPage","ItemPage"],"@id":"https:\/\/www.canvasartbay.com\/de\/produkt\/vergebliches-warten-leinwandbild\/","url":"https:\/\/www.canvasartbay.com\/de\/produkt\/vergebliches-warten-leinwandbild\/","name":"Vergebliches Warten Leinwandbild | Canvas Art Bay","isPartOf":{"@id":"https:\/\/www.canvasartbay.com\/#website"},"primaryImageOfPage":{"@id":"https:\/\/www.canvasartbay.com\/de\/produkt\/vergebliches-warten-leinwandbild\/#primaryimage"},"image":{"@id":"https:\/\/www.canvasartbay.com\/de\/produkt\/vergebliches-warten-leinwandbild\/#primaryimage"},"thumbnailUrl":"https:\/\/www.canvasartbay.com\/wp-content\/uploads\/2022\/08\/3-panels-waiting-in-vain-canvas-art.jpg","datePublished":"2022-08-09T13:49:02+00:00","dateModified":"2025-10-16T14:19:18+00:00","description":"Kaufen Sie Vergebliches Warten Wandkunst. W\u00e4hlen Sie zwischen 1-, 3- oder 5-teiligen Bildern oder Wandbildern im schwebenden Rahmen. Freuen Sie sich \u00fcber lebendige Drucke, kostenlosen Versand weltweit und eine 90-t\u00e4gige Geld-zur\u00fcck-Garantie.","breadcrumb":{"@id":"https:\/\/www.canvasartbay.com\/de\/produkt\/vergebliches-warten-leinwandbild\/#breadcrumb"},"inLanguage":"de","potentialAction":[{"@type":"ReadAction","target":["https:\/\/www.canvasartbay.com\/de\/produkt\/vergebliches-warten-leinwandbild\/"]}]},{"@type":"ImageObject","inLanguage":"de","@id":"https:\/\/www.canvasartbay.com\/de\/produkt\/vergebliches-warten-leinwandbild\/#primaryimage","url":"https:\/\/www.canvasartbay.com\/wp-content\/uploads\/2022\/08\/3-panels-waiting-in-vain-canvas-art.jpg","contentUrl":"https:\/\/www.canvasartbay.com\/wp-content\/uploads\/2022\/08\/3-panels-waiting-in-vain-canvas-art.jpg","width":1200,"height":1200},{"@type":"BreadcrumbList","@id":"https:\/\/www.canvasartbay.com\/de\/produkt\/vergebliches-warten-leinwandbild\/#breadcrumb","itemListElement":[{"@type":"ListItem","position":1,"name":"Home","item":"https:\/\/www.canvasartbay.com\/de\/"},{"@type":"ListItem","position":2,"name":"Neu eingetroffen","item":"https:\/\/www.canvasartbay.com\/de\/neu-eingetroffen\/"},{"@type":"ListItem","position":3,"name":"Street Art","item":"https:\/\/www.canvasartbay.com\/collection\/street-art-graffiti-wall-art\/"},{"@type":"ListItem","position":4,"name":"Banksy Reproduction","item":"https:\/\/www.canvasartbay.com\/collection\/street-art-graffiti-wall-art\/banksy\/"},{"@type":"ListItem","position":5,"name":"\u00bb"}]},{"@type":"WebSite","@id":"https:\/\/www.canvasartbay.com\/#website","url":"https:\/\/www.canvasartbay.com\/","name":"Canvas Art Bay","description":"","publisher":{"@id":"https:\/\/www.canvasartbay.com\/#organization"},"potentialAction":[{"@type":"SearchAction","target":{"@type":"EntryPoint","urlTemplate":"https:\/\/www.canvasartbay.com\/?s={search_term_string}"},"query-input":{"@type":"PropertyValueSpecification","valueRequired":true,"valueName":"search_term_string"}}],"inLanguage":"de"},{"@type":"Organization","@id":"https:\/\/www.canvasartbay.com\/#organization","name":"Canvas Art Bay","url":"https:\/\/www.canvasartbay.com\/","logo":{"@type":"ImageObject","inLanguage":"de","@id":"https:\/\/www.canvasartbay.com\/#\/schema\/logo\/image\/","url":"https:\/\/www.canvasartbay.com\/wp-content\/uploads\/2021\/09\/cropped-cropped-cropped-cropped-canvasartbay-logo-1-1-300x142-1.png","contentUrl":"https:\/\/www.canvasartbay.com\/wp-content\/uploads\/2021\/09\/cropped-cropped-cropped-cropped-canvasartbay-logo-1-1-300x142-1.png","width":300,"height":142,"caption":"Canvas Art Bay"},"image":{"@id":"https:\/\/www.canvasartbay.com\/#\/schema\/logo\/image\/"}}]}},"_links":{"self":[{"href":"https:\/\/www.canvasartbay.com\/de\/wp-json\/wp\/v2\/product\/150193","targetHints":{"allow":["GET"]}}],"collection":[{"href":"https:\/\/www.canvasartbay.com\/de\/wp-json\/wp\/v2\/product"}],"about":[{"href":"https:\/\/www.canvasartbay.com\/de\/wp-json\/wp\/v2\/types\/product"}],"replies":[{"embeddable":true,"href":"https:\/\/www.canvasartbay.com\/de\/wp-json\/wp\/v2\/comments?post=150193"}],"wp:featuredmedia":[{"embeddable":true,"href":"https:\/\/www.canvasartbay.com\/de\/wp-json\/wp\/v2\/media\/66860"}],"wp:attachment":[{"href":"https:\/\/www.canvasartbay.com\/de\/wp-json\/wp\/v2\/media?parent=150193"}],"wp:term":[{"taxonomy":"product_brand","embeddable":true,"href":"https:\/\/www.canvasartbay.com\/de\/wp-json\/wp\/v2\/product_brand?post=150193"},{"taxonomy":"product_cat","embeddable":true,"href":"https:\/\/www.canvasartbay.com\/de\/wp-json\/wp\/v2\/product_cat?post=150193"},{"taxonomy":"product_tag","embeddable":true,"href":"https:\/\/www.canvasartbay.com\/de\/wp-json\/wp\/v2\/product_tag?post=150193"}],"curies":[{"name":"wp","href":"https:\/\/api.w.org\/{rel}","templated":true}]}}