{"id":150313,"date":"2024-07-14T10:50:04","date_gmt":"2024-07-14T10:50:04","guid":{"rendered":"https:\/\/www.canvasartbay.com\/product\/follow-your-dreams-monkey\/"},"modified":"2025-10-20T09:34:28","modified_gmt":"2025-10-20T09:34:28","slug":"folge-deinen-traumen-affe-leinwandbild","status":"publish","type":"product","link":"https:\/\/www.canvasartbay.com\/de\/produkt\/folge-deinen-traumen-affe-leinwandbild\/","title":{"rendered":"Folge deinen Tr\u00e4umen Affe"},"excerpt":{"rendered":"<p>Das Leinwandbild \u201eFolge deinen Tr\u00e4umen Affe\u201c mit Affenmotiv wird montagefertig mit Metallaufh\u00e4ngern auf der R\u00fcckseite geliefert und ben\u00f6tigt keinen zus\u00e4tzlichen Rahmen. Die Leinwand wird von unseren erfahrenen Handwerkern sorgf\u00e4ltig von Hand auf Keilrahmen aus 100 % Naturholz gespannt. Wir kombinieren hochwertige Poly-Baumwoll-Leinwand mit pigmentierten Archivtinten, um Ihnen hochaufl\u00f6sende Drucke mit lebendigen Farben zu bieten, die \u00fcber 100 Jahre halten.<\/p>\n<h3>Wandkunst \u201eFolge deinen Tr\u00e4umen\u201c \u2013 Deko-Ideen<\/h3>\n<p>Dieses Wandbild mit dem Motiv \u201eMr. Brainwash Monkey\u201c ist als 1-teiliges, 3-teiliges oder als Leinwandbild mit schwebendem Rahmen erh\u00e4ltlich. Au\u00dferdem ist es in vielen verschiedenen Gr\u00f6\u00dfen erh\u00e4ltlich: von klein bis \u00fcbergro\u00df. So passt es garantiert in Ihr Wohnzimmer, Ihren Flur, Ihr Kinderzimmer oder sogar Ihr Esszimmer.<\/p>\n<h3>Graffiti-Affen-Geschenke<\/h3>\n<p>Dieses Graffiti-Affen-Kunstwerk ist ein perfektes Geburtstags- oder Jubil\u00e4umsgeschenk. Sie k\u00f6nnen es auch Street-Art- und Graffiti-Liebhabern schenken. Verbreiten Sie Liebe in Ihrer Umgebung, indem Sie dieses atemberaubende, farbenfrohe Leinwandbild mit dem Motiv \u201eFollow Your Dreams\u201c anbieten!<\/p>\n","protected":false},"featured_media":55437,"comment_status":"open","ping_status":"closed","template":"","meta":{"_acf_changed":false},"product_brand":[],"product_cat":[3388,1894,3389],"product_tag":[3462,3463,3464,3438,3395,3413,3465,3400],"class_list":{"0":"post-150313","1":"product","2":"type-product","3":"status-publish","4":"has-post-thumbnail","6":"product_cat-banksy-de","7":"product_cat-featured-art-de","8":"product_cat-graffiti-und-strassenkunst","9":"product_tag-brainwash-de","10":"product_tag-chimp-de","11":"product_tag-dreams-de","12":"product_tag-follow-your-dreams-de","13":"product_tag-graffiti-de","14":"product_tag-monkey-de","15":"product_tag-mr-de","16":"product_tag-street-art-de","17":"pa_canvas-type-canvas-wrap-de","18":"pa_canvas-type-floating-frame-de","19":"pa_color-black-wall-art-de","20":"pa_color-rainbow-wall-art-de","21":"pa_number-of-panels-1-panel-de","22":"pa_number-of-panels-3-teilige-wandbilder","23":"pa_room-game-room-wall-decor-de","24":"pa_room-kids-room-wall-decor-de","25":"pa_room-living-room-wall-decor-de","26":"tm-has-options","28":"first","29":"instock","30":"shipping-taxable","31":"purchasable","32":"product-type-variable","33":"has-default-attributes"},"acf":[],"yoast_head":"<!-- This site is optimized with the Yoast SEO plugin v25.9 - https:\/\/yoast.com\/wordpress\/plugins\/seo\/ -->\n<title>Follow Your Dreams Monkey Leinwandbild | Canvas Art Bay<\/title>\n<meta name=\"description\" content=\"Kaufen Sie Follow Your Dreams Monkey Wandkunst. W\u00e4hlen Sie zwischen 1-, 3- oder 5-teiligen Bildern oder Wandbildern im schwebenden Rahmen. Freuen Sie sich \u00fcber lebendige Drucke, kostenlosen Versand weltweit und eine 90-t\u00e4gige Geld-zur\u00fcck-Garantie.\" \/>\n<meta name=\"robots\" content=\"index, follow, max-snippet:-1, max-image-preview:large, max-video-preview:-1\" \/>\n<link rel=\"canonical\" href=\"https:\/\/www.canvasartbay.com\/de\/produkt\/folge-deinen-traumen-affe-leinwandbild\/\" \/>\n<meta property=\"og:locale\" content=\"de_DE\" \/>\n<meta property=\"og:type\" content=\"article\" \/>\n<meta property=\"og:title\" content=\"Follow Your Dreams Monkey Leinwandbild | Canvas Art Bay\" \/>\n<meta property=\"og:description\" content=\"Kaufen Sie Follow Your Dreams Monkey Wandkunst. W\u00e4hlen Sie zwischen 1-, 3- oder 5-teiligen Bildern oder Wandbildern im schwebenden Rahmen. Freuen Sie sich \u00fcber lebendige Drucke, kostenlosen Versand weltweit und eine 90-t\u00e4gige Geld-zur\u00fcck-Garantie.\" \/>\n<meta property=\"og:url\" content=\"https:\/\/www.canvasartbay.com\/de\/produkt\/folge-deinen-traumen-affe-leinwandbild\/\" \/>\n<meta property=\"og:site_name\" content=\"Canvas Art Bay\" \/>\n<meta property=\"article:modified_time\" content=\"2025-10-20T09:34:28+00:00\" \/>\n<meta property=\"og:image\" content=\"https:\/\/www.canvasartbay.com\/wp-content\/uploads\/2021\/09\/banksy-graffiti-monkey-floating-frame-canvas.jpg\" \/>\n\t<meta property=\"og:image:width\" content=\"1200\" \/>\n\t<meta property=\"og:image:height\" content=\"1200\" \/>\n\t<meta property=\"og:image:type\" content=\"image\/jpeg\" \/>\n<meta name=\"twitter:card\" content=\"summary_large_image\" \/>\n<script type=\"application\/ld+json\" class=\"yoast-schema-graph\">{\"@context\":\"https:\/\/schema.org\",\"@graph\":[{\"@type\":[\"WebPage\",\"ItemPage\"],\"@id\":\"https:\/\/www.canvasartbay.com\/de\/produkt\/folge-deinen-traumen-affe-leinwandbild\/\",\"url\":\"https:\/\/www.canvasartbay.com\/de\/produkt\/folge-deinen-traumen-affe-leinwandbild\/\",\"name\":\"Follow Your Dreams Monkey Leinwandbild | Canvas Art Bay\",\"isPartOf\":{\"@id\":\"https:\/\/www.canvasartbay.com\/#website\"},\"primaryImageOfPage\":{\"@id\":\"https:\/\/www.canvasartbay.com\/de\/produkt\/folge-deinen-traumen-affe-leinwandbild\/#primaryimage\"},\"image\":{\"@id\":\"https:\/\/www.canvasartbay.com\/de\/produkt\/folge-deinen-traumen-affe-leinwandbild\/#primaryimage\"},\"thumbnailUrl\":\"https:\/\/www.canvasartbay.com\/wp-content\/uploads\/2021\/09\/banksy-graffiti-monkey-floating-frame-canvas.jpg\",\"datePublished\":\"2024-07-14T10:50:04+00:00\",\"dateModified\":\"2025-10-20T09:34:28+00:00\",\"description\":\"Kaufen Sie Follow Your Dreams Monkey Wandkunst. W\u00e4hlen Sie zwischen 1-, 3- oder 5-teiligen Bildern oder Wandbildern im schwebenden Rahmen. Freuen Sie sich \u00fcber lebendige Drucke, kostenlosen Versand weltweit und eine 90-t\u00e4gige Geld-zur\u00fcck-Garantie.\",\"breadcrumb\":{\"@id\":\"https:\/\/www.canvasartbay.com\/de\/produkt\/folge-deinen-traumen-affe-leinwandbild\/#breadcrumb\"},\"inLanguage\":\"de\",\"potentialAction\":[{\"@type\":\"ReadAction\",\"target\":[\"https:\/\/www.canvasartbay.com\/de\/produkt\/folge-deinen-traumen-affe-leinwandbild\/\"]}]},{\"@type\":\"ImageObject\",\"inLanguage\":\"de\",\"@id\":\"https:\/\/www.canvasartbay.com\/de\/produkt\/folge-deinen-traumen-affe-leinwandbild\/#primaryimage\",\"url\":\"https:\/\/www.canvasartbay.com\/wp-content\/uploads\/2021\/09\/banksy-graffiti-monkey-floating-frame-canvas.jpg\",\"contentUrl\":\"https:\/\/www.canvasartbay.com\/wp-content\/uploads\/2021\/09\/banksy-graffiti-monkey-floating-frame-canvas.jpg\",\"width\":1200,\"height\":1200},{\"@type\":\"BreadcrumbList\",\"@id\":\"https:\/\/www.canvasartbay.com\/de\/produkt\/folge-deinen-traumen-affe-leinwandbild\/#breadcrumb\",\"itemListElement\":[{\"@type\":\"ListItem\",\"position\":1,\"name\":\"Home\",\"item\":\"https:\/\/www.canvasartbay.com\/de\/\"},{\"@type\":\"ListItem\",\"position\":2,\"name\":\"Neu eingetroffen\",\"item\":\"https:\/\/www.canvasartbay.com\/de\/neu-eingetroffen\/\"},{\"@type\":\"ListItem\",\"position\":3,\"name\":\"Street Art\",\"item\":\"https:\/\/www.canvasartbay.com\/collection\/street-art-graffiti-wall-art\/\"},{\"@type\":\"ListItem\",\"position\":4,\"name\":\"Banksy Reproduction\",\"item\":\"https:\/\/www.canvasartbay.com\/collection\/street-art-graffiti-wall-art\/banksy\/\"},{\"@type\":\"ListItem\",\"position\":5,\"name\":\"\u00bb\"}]},{\"@type\":\"WebSite\",\"@id\":\"https:\/\/www.canvasartbay.com\/#website\",\"url\":\"https:\/\/www.canvasartbay.com\/\",\"name\":\"Canvas Art Bay\",\"description\":\"\",\"publisher\":{\"@id\":\"https:\/\/www.canvasartbay.com\/#organization\"},\"potentialAction\":[{\"@type\":\"SearchAction\",\"target\":{\"@type\":\"EntryPoint\",\"urlTemplate\":\"https:\/\/www.canvasartbay.com\/?s={search_term_string}\"},\"query-input\":{\"@type\":\"PropertyValueSpecification\",\"valueRequired\":true,\"valueName\":\"search_term_string\"}}],\"inLanguage\":\"de\"},{\"@type\":\"Organization\",\"@id\":\"https:\/\/www.canvasartbay.com\/#organization\",\"name\":\"Canvas Art Bay\",\"url\":\"https:\/\/www.canvasartbay.com\/\",\"logo\":{\"@type\":\"ImageObject\",\"inLanguage\":\"de\",\"@id\":\"https:\/\/www.canvasartbay.com\/#\/schema\/logo\/image\/\",\"url\":\"https:\/\/www.canvasartbay.com\/wp-content\/uploads\/2021\/09\/cropped-cropped-cropped-cropped-canvasartbay-logo-1-1-300x142-1.png\",\"contentUrl\":\"https:\/\/www.canvasartbay.com\/wp-content\/uploads\/2021\/09\/cropped-cropped-cropped-cropped-canvasartbay-logo-1-1-300x142-1.png\",\"width\":300,\"height\":142,\"caption\":\"Canvas Art Bay\"},\"image\":{\"@id\":\"https:\/\/www.canvasartbay.com\/#\/schema\/logo\/image\/\"}}]}<\/script>\n<!-- \/ Yoast SEO plugin. -->","yoast_head_json":{"title":"Follow Your Dreams Monkey Leinwandbild | Canvas Art Bay","description":"Kaufen Sie Follow Your Dreams Monkey Wandkunst. W\u00e4hlen Sie zwischen 1-, 3- oder 5-teiligen Bildern oder Wandbildern im schwebenden Rahmen. Freuen Sie sich \u00fcber lebendige Drucke, kostenlosen Versand weltweit und eine 90-t\u00e4gige Geld-zur\u00fcck-Garantie.","robots":{"index":"index","follow":"follow","max-snippet":"max-snippet:-1","max-image-preview":"max-image-preview:large","max-video-preview":"max-video-preview:-1"},"canonical":"https:\/\/www.canvasartbay.com\/de\/produkt\/folge-deinen-traumen-affe-leinwandbild\/","og_locale":"de_DE","og_type":"article","og_title":"Follow Your Dreams Monkey Leinwandbild | Canvas Art Bay","og_description":"Kaufen Sie Follow Your Dreams Monkey Wandkunst. W\u00e4hlen Sie zwischen 1-, 3- oder 5-teiligen Bildern oder Wandbildern im schwebenden Rahmen. Freuen Sie sich \u00fcber lebendige Drucke, kostenlosen Versand weltweit und eine 90-t\u00e4gige Geld-zur\u00fcck-Garantie.","og_url":"https:\/\/www.canvasartbay.com\/de\/produkt\/folge-deinen-traumen-affe-leinwandbild\/","og_site_name":"Canvas Art Bay","article_modified_time":"2025-10-20T09:34:28+00:00","og_image":[{"width":1200,"height":1200,"url":"https:\/\/www.canvasartbay.com\/wp-content\/uploads\/2021\/09\/banksy-graffiti-monkey-floating-frame-canvas.jpg","type":"image\/jpeg"}],"twitter_card":"summary_large_image","schema":{"@context":"https:\/\/schema.org","@graph":[{"@type":["WebPage","ItemPage"],"@id":"https:\/\/www.canvasartbay.com\/de\/produkt\/folge-deinen-traumen-affe-leinwandbild\/","url":"https:\/\/www.canvasartbay.com\/de\/produkt\/folge-deinen-traumen-affe-leinwandbild\/","name":"Follow Your Dreams Monkey Leinwandbild | Canvas Art Bay","isPartOf":{"@id":"https:\/\/www.canvasartbay.com\/#website"},"primaryImageOfPage":{"@id":"https:\/\/www.canvasartbay.com\/de\/produkt\/folge-deinen-traumen-affe-leinwandbild\/#primaryimage"},"image":{"@id":"https:\/\/www.canvasartbay.com\/de\/produkt\/folge-deinen-traumen-affe-leinwandbild\/#primaryimage"},"thumbnailUrl":"https:\/\/www.canvasartbay.com\/wp-content\/uploads\/2021\/09\/banksy-graffiti-monkey-floating-frame-canvas.jpg","datePublished":"2024-07-14T10:50:04+00:00","dateModified":"2025-10-20T09:34:28+00:00","description":"Kaufen Sie Follow Your Dreams Monkey Wandkunst. W\u00e4hlen Sie zwischen 1-, 3- oder 5-teiligen Bildern oder Wandbildern im schwebenden Rahmen. Freuen Sie sich \u00fcber lebendige Drucke, kostenlosen Versand weltweit und eine 90-t\u00e4gige Geld-zur\u00fcck-Garantie.","breadcrumb":{"@id":"https:\/\/www.canvasartbay.com\/de\/produkt\/folge-deinen-traumen-affe-leinwandbild\/#breadcrumb"},"inLanguage":"de","potentialAction":[{"@type":"ReadAction","target":["https:\/\/www.canvasartbay.com\/de\/produkt\/folge-deinen-traumen-affe-leinwandbild\/"]}]},{"@type":"ImageObject","inLanguage":"de","@id":"https:\/\/www.canvasartbay.com\/de\/produkt\/folge-deinen-traumen-affe-leinwandbild\/#primaryimage","url":"https:\/\/www.canvasartbay.com\/wp-content\/uploads\/2021\/09\/banksy-graffiti-monkey-floating-frame-canvas.jpg","contentUrl":"https:\/\/www.canvasartbay.com\/wp-content\/uploads\/2021\/09\/banksy-graffiti-monkey-floating-frame-canvas.jpg","width":1200,"height":1200},{"@type":"BreadcrumbList","@id":"https:\/\/www.canvasartbay.com\/de\/produkt\/folge-deinen-traumen-affe-leinwandbild\/#breadcrumb","itemListElement":[{"@type":"ListItem","position":1,"name":"Home","item":"https:\/\/www.canvasartbay.com\/de\/"},{"@type":"ListItem","position":2,"name":"Neu eingetroffen","item":"https:\/\/www.canvasartbay.com\/de\/neu-eingetroffen\/"},{"@type":"ListItem","position":3,"name":"Street Art","item":"https:\/\/www.canvasartbay.com\/collection\/street-art-graffiti-wall-art\/"},{"@type":"ListItem","position":4,"name":"Banksy Reproduction","item":"https:\/\/www.canvasartbay.com\/collection\/street-art-graffiti-wall-art\/banksy\/"},{"@type":"ListItem","position":5,"name":"\u00bb"}]},{"@type":"WebSite","@id":"https:\/\/www.canvasartbay.com\/#website","url":"https:\/\/www.canvasartbay.com\/","name":"Canvas Art Bay","description":"","publisher":{"@id":"https:\/\/www.canvasartbay.com\/#organization"},"potentialAction":[{"@type":"SearchAction","target":{"@type":"EntryPoint","urlTemplate":"https:\/\/www.canvasartbay.com\/?s={search_term_string}"},"query-input":{"@type":"PropertyValueSpecification","valueRequired":true,"valueName":"search_term_string"}}],"inLanguage":"de"},{"@type":"Organization","@id":"https:\/\/www.canvasartbay.com\/#organization","name":"Canvas Art Bay","url":"https:\/\/www.canvasartbay.com\/","logo":{"@type":"ImageObject","inLanguage":"de","@id":"https:\/\/www.canvasartbay.com\/#\/schema\/logo\/image\/","url":"https:\/\/www.canvasartbay.com\/wp-content\/uploads\/2021\/09\/cropped-cropped-cropped-cropped-canvasartbay-logo-1-1-300x142-1.png","contentUrl":"https:\/\/www.canvasartbay.com\/wp-content\/uploads\/2021\/09\/cropped-cropped-cropped-cropped-canvasartbay-logo-1-1-300x142-1.png","width":300,"height":142,"caption":"Canvas Art Bay"},"image":{"@id":"https:\/\/www.canvasartbay.com\/#\/schema\/logo\/image\/"}}]}},"_links":{"self":[{"href":"https:\/\/www.canvasartbay.com\/de\/wp-json\/wp\/v2\/product\/150313","targetHints":{"allow":["GET"]}}],"collection":[{"href":"https:\/\/www.canvasartbay.com\/de\/wp-json\/wp\/v2\/product"}],"about":[{"href":"https:\/\/www.canvasartbay.com\/de\/wp-json\/wp\/v2\/types\/product"}],"replies":[{"embeddable":true,"href":"https:\/\/www.canvasartbay.com\/de\/wp-json\/wp\/v2\/comments?post=150313"}],"wp:featuredmedia":[{"embeddable":true,"href":"https:\/\/www.canvasartbay.com\/de\/wp-json\/wp\/v2\/media\/55437"}],"wp:attachment":[{"href":"https:\/\/www.canvasartbay.com\/de\/wp-json\/wp\/v2\/media?parent=150313"}],"wp:term":[{"taxonomy":"product_brand","embeddable":true,"href":"https:\/\/www.canvasartbay.com\/de\/wp-json\/wp\/v2\/product_brand?post=150313"},{"taxonomy":"product_cat","embeddable":true,"href":"https:\/\/www.canvasartbay.com\/de\/wp-json\/wp\/v2\/product_cat?post=150313"},{"taxonomy":"product_tag","embeddable":true,"href":"https:\/\/www.canvasartbay.com\/de\/wp-json\/wp\/v2\/product_tag?post=150313"}],"curies":[{"name":"wp","href":"https:\/\/api.w.org\/{rel}","templated":true}]}}