{"id":157690,"date":"2026-03-30T09:34:01","date_gmt":"2026-03-30T09:34:01","guid":{"rendered":"https:\/\/www.canvasartbay.com\/?post_type=product&#038;p=157690"},"modified":"2026-02-25T08:52:30","modified_gmt":"2026-02-25T08:52:30","slug":"naturparadies-leinwandbild","status":"publish","type":"product","link":"https:\/\/www.canvasartbay.com\/de\/produkt\/naturparadies-leinwandbild\/","title":{"rendered":"Naturparadies"},"excerpt":{"rendered":"<p>Dieses Naturparadies-Leinwandbild wird montagefertig mit Metall-Zahnaufh\u00e4ngern auf der R\u00fcckseite geliefert und ben\u00f6tigt keinen zus\u00e4tzlichen Rahmen. Die Leinwand wird von unseren erfahrenen Handwerkern sorgf\u00e4ltig von Hand auf Keilrahmen aus 100 % Naturholz gespannt. Wir kombinieren hochwertige Poly-Baumwoll-Leinwand mit pigmentierten Archivtinten, um Ihnen hochaufl\u00f6sende Drucke mit lebendigen Farben zu bieten, die \u00fcber 100 Jahre halten.<\/p>\n<h3>Thomas Kinkade Wanddekoration<\/h3>\n<p>Das Thomas Kinkade-Wandbild ist als 1-, 3- oder 5-teiliges Bild oder als Leinwandbild mit schwebendem Rahmen erh\u00e4ltlich. Au\u00dferdem ist es in vielen verschiedenen Gr\u00f6\u00dfen erh\u00e4ltlich: von klein bis \u00fcbergro\u00df. So passt es garantiert in Ihre Garage, Ihren Flur, Ihr Kinderzimmer oder sogar Ihr B\u00fcro.<\/p>\n<h3>Naturparadies Geschenk<\/h3>\n<p>Dieses naturparadies-Leinwandbild ist ein perfektes Geburtstags- oder Jubil\u00e4umsgeschenk. Sie k\u00f6nnen es auch Thomas Kinkade-Fans schenken. Verbreiten Sie Liebe in Ihrer Umgebung, indem Sie dieses atemberaubende Feine Kunst verschenken!<\/p>\n","protected":false},"featured_media":150885,"comment_status":"open","ping_status":"closed","template":"","meta":{"_acf_changed":false},"product_brand":[],"product_cat":[1940],"product_tag":[3415,3430,3470,3604],"class_list":{"0":"post-157690","1":"product","2":"type-product","3":"status-publish","4":"has-post-thumbnail","6":"product_cat-feine-kunst-wandkunst","7":"product_tag-art-de","8":"product_tag-nature-de","9":"product_tag-painting-de","10":"product_tag-thomas-kinkade-de","11":"pa_canvas-type-canvas-wrap-de","12":"pa_canvas-type-floating-frame-de","13":"pa_color-green-wall-art-de","14":"pa_color-rainbow-wall-art-de","15":"pa_number-of-panels-1-panel-de","16":"pa_number-of-panels-3-teilige-wandbilder","17":"pa_number-of-panels-5-teilige-leinwand-wandbilder","18":"pa_room-dining-room-wall-decor-de","19":"pa_room-hallway-wall-decor-de","20":"pa_room-living-room-wall-decor-de","21":"tm-has-options","23":"first","24":"instock","25":"shipping-taxable","26":"purchasable","27":"product-type-variable","28":"has-default-attributes"},"acf":[],"yoast_head":"<!-- This site is optimized with the Yoast SEO plugin v25.9 - https:\/\/yoast.com\/wordpress\/plugins\/seo\/ -->\n<title>Naturparadies Leinwandbild | Canvas Art Bay<\/title>\n<meta name=\"description\" content=\"Kaufen Sie Naturparadies Wandkunst. W\u00e4hlen Sie zwischen 1-, 3- oder 5-teiligen Bildern oder Wandbildern im schwebenden Rahmen. Freuen Sie sich \u00fcber lebendige Drucke, kostenlosen Versand weltweit und eine 90-t\u00e4gige Geld-zur\u00fcck-Garantie.\" \/>\n<meta name=\"robots\" content=\"index, follow, max-snippet:-1, max-image-preview:large, max-video-preview:-1\" \/>\n<link rel=\"canonical\" href=\"https:\/\/www.canvasartbay.com\/de\/produkt\/naturparadies-leinwandbild\/\" \/>\n<meta property=\"og:locale\" content=\"de_DE\" \/>\n<meta property=\"og:type\" content=\"article\" \/>\n<meta property=\"og:title\" content=\"Naturparadies Leinwandbild | Canvas Art Bay\" \/>\n<meta property=\"og:description\" content=\"Kaufen Sie Naturparadies Wandkunst. W\u00e4hlen Sie zwischen 1-, 3- oder 5-teiligen Bildern oder Wandbildern im schwebenden Rahmen. Freuen Sie sich \u00fcber lebendige Drucke, kostenlosen Versand weltweit und eine 90-t\u00e4gige Geld-zur\u00fcck-Garantie.\" \/>\n<meta property=\"og:url\" content=\"https:\/\/www.canvasartbay.com\/de\/produkt\/naturparadies-leinwandbild\/\" \/>\n<meta property=\"og:site_name\" content=\"Canvas Art Bay\" \/>\n<meta property=\"og:image\" content=\"https:\/\/www.canvasartbay.com\/wp-content\/uploads\/2025\/06\/nature-s-paradise-floating-frame-canvas-min.jpg\" \/>\n\t<meta property=\"og:image:width\" content=\"2000\" \/>\n\t<meta property=\"og:image:height\" content=\"2000\" \/>\n\t<meta property=\"og:image:type\" content=\"image\/jpeg\" \/>\n<meta name=\"twitter:card\" content=\"summary_large_image\" \/>\n<script type=\"application\/ld+json\" class=\"yoast-schema-graph\">{\"@context\":\"https:\/\/schema.org\",\"@graph\":[{\"@type\":[\"WebPage\",\"ItemPage\"],\"@id\":\"https:\/\/www.canvasartbay.com\/de\/produkt\/naturparadies-leinwandbild\/\",\"url\":\"https:\/\/www.canvasartbay.com\/de\/produkt\/naturparadies-leinwandbild\/\",\"name\":\"Naturparadies Leinwandbild | Canvas Art Bay\",\"isPartOf\":{\"@id\":\"https:\/\/www.canvasartbay.com\/#website\"},\"primaryImageOfPage\":{\"@id\":\"https:\/\/www.canvasartbay.com\/de\/produkt\/naturparadies-leinwandbild\/#primaryimage\"},\"image\":{\"@id\":\"https:\/\/www.canvasartbay.com\/de\/produkt\/naturparadies-leinwandbild\/#primaryimage\"},\"thumbnailUrl\":\"https:\/\/www.canvasartbay.com\/wp-content\/uploads\/2025\/06\/nature-s-paradise-floating-frame-canvas-min.jpg\",\"datePublished\":\"2026-03-30T09:34:01+00:00\",\"description\":\"Kaufen Sie Naturparadies Wandkunst. W\u00e4hlen Sie zwischen 1-, 3- oder 5-teiligen Bildern oder Wandbildern im schwebenden Rahmen. Freuen Sie sich \u00fcber lebendige Drucke, kostenlosen Versand weltweit und eine 90-t\u00e4gige Geld-zur\u00fcck-Garantie.\",\"breadcrumb\":{\"@id\":\"https:\/\/www.canvasartbay.com\/de\/produkt\/naturparadies-leinwandbild\/#breadcrumb\"},\"inLanguage\":\"de\",\"potentialAction\":[{\"@type\":\"ReadAction\",\"target\":[\"https:\/\/www.canvasartbay.com\/de\/produkt\/naturparadies-leinwandbild\/\"]}]},{\"@type\":\"ImageObject\",\"inLanguage\":\"de\",\"@id\":\"https:\/\/www.canvasartbay.com\/de\/produkt\/naturparadies-leinwandbild\/#primaryimage\",\"url\":\"https:\/\/www.canvasartbay.com\/wp-content\/uploads\/2025\/06\/nature-s-paradise-floating-frame-canvas-min.jpg\",\"contentUrl\":\"https:\/\/www.canvasartbay.com\/wp-content\/uploads\/2025\/06\/nature-s-paradise-floating-frame-canvas-min.jpg\",\"width\":2000,\"height\":2000,\"caption\":\"nature s paradise floating frame canvas-min\"},{\"@type\":\"BreadcrumbList\",\"@id\":\"https:\/\/www.canvasartbay.com\/de\/produkt\/naturparadies-leinwandbild\/#breadcrumb\",\"itemListElement\":[{\"@type\":\"ListItem\",\"position\":1,\"name\":\"Home\",\"item\":\"https:\/\/www.canvasartbay.com\/de\/\"},{\"@type\":\"ListItem\",\"position\":2,\"name\":\"Neu eingetroffen\",\"item\":\"https:\/\/www.canvasartbay.com\/de\/neu-eingetroffen\/\"},{\"@type\":\"ListItem\",\"position\":3,\"name\":\"Fine Art\",\"item\":\"https:\/\/www.canvasartbay.com\/collection\/fine-art-wall-art\/\"},{\"@type\":\"ListItem\",\"position\":4,\"name\":\"Naturparadies\"}]},{\"@type\":\"WebSite\",\"@id\":\"https:\/\/www.canvasartbay.com\/#website\",\"url\":\"https:\/\/www.canvasartbay.com\/\",\"name\":\"Canvas Art Bay\",\"description\":\"\",\"publisher\":{\"@id\":\"https:\/\/www.canvasartbay.com\/#organization\"},\"potentialAction\":[{\"@type\":\"SearchAction\",\"target\":{\"@type\":\"EntryPoint\",\"urlTemplate\":\"https:\/\/www.canvasartbay.com\/?s={search_term_string}\"},\"query-input\":{\"@type\":\"PropertyValueSpecification\",\"valueRequired\":true,\"valueName\":\"search_term_string\"}}],\"inLanguage\":\"de\"},{\"@type\":\"Organization\",\"@id\":\"https:\/\/www.canvasartbay.com\/#organization\",\"name\":\"Canvas Art Bay\",\"url\":\"https:\/\/www.canvasartbay.com\/\",\"logo\":{\"@type\":\"ImageObject\",\"inLanguage\":\"de\",\"@id\":\"https:\/\/www.canvasartbay.com\/#\/schema\/logo\/image\/\",\"url\":\"https:\/\/www.canvasartbay.com\/wp-content\/uploads\/2021\/09\/cropped-cropped-cropped-cropped-canvasartbay-logo-1-1-300x142-1.png\",\"contentUrl\":\"https:\/\/www.canvasartbay.com\/wp-content\/uploads\/2021\/09\/cropped-cropped-cropped-cropped-canvasartbay-logo-1-1-300x142-1.png\",\"width\":300,\"height\":142,\"caption\":\"Canvas Art Bay\"},\"image\":{\"@id\":\"https:\/\/www.canvasartbay.com\/#\/schema\/logo\/image\/\"}}]}<\/script>\n<!-- \/ Yoast SEO plugin. -->","yoast_head_json":{"title":"Naturparadies Leinwandbild | Canvas Art Bay","description":"Kaufen Sie Naturparadies Wandkunst. W\u00e4hlen Sie zwischen 1-, 3- oder 5-teiligen Bildern oder Wandbildern im schwebenden Rahmen. Freuen Sie sich \u00fcber lebendige Drucke, kostenlosen Versand weltweit und eine 90-t\u00e4gige Geld-zur\u00fcck-Garantie.","robots":{"index":"index","follow":"follow","max-snippet":"max-snippet:-1","max-image-preview":"max-image-preview:large","max-video-preview":"max-video-preview:-1"},"canonical":"https:\/\/www.canvasartbay.com\/de\/produkt\/naturparadies-leinwandbild\/","og_locale":"de_DE","og_type":"article","og_title":"Naturparadies Leinwandbild | Canvas Art Bay","og_description":"Kaufen Sie Naturparadies Wandkunst. W\u00e4hlen Sie zwischen 1-, 3- oder 5-teiligen Bildern oder Wandbildern im schwebenden Rahmen. Freuen Sie sich \u00fcber lebendige Drucke, kostenlosen Versand weltweit und eine 90-t\u00e4gige Geld-zur\u00fcck-Garantie.","og_url":"https:\/\/www.canvasartbay.com\/de\/produkt\/naturparadies-leinwandbild\/","og_site_name":"Canvas Art Bay","og_image":[{"width":2000,"height":2000,"url":"https:\/\/www.canvasartbay.com\/wp-content\/uploads\/2025\/06\/nature-s-paradise-floating-frame-canvas-min.jpg","type":"image\/jpeg"}],"twitter_card":"summary_large_image","schema":{"@context":"https:\/\/schema.org","@graph":[{"@type":["WebPage","ItemPage"],"@id":"https:\/\/www.canvasartbay.com\/de\/produkt\/naturparadies-leinwandbild\/","url":"https:\/\/www.canvasartbay.com\/de\/produkt\/naturparadies-leinwandbild\/","name":"Naturparadies Leinwandbild | Canvas Art Bay","isPartOf":{"@id":"https:\/\/www.canvasartbay.com\/#website"},"primaryImageOfPage":{"@id":"https:\/\/www.canvasartbay.com\/de\/produkt\/naturparadies-leinwandbild\/#primaryimage"},"image":{"@id":"https:\/\/www.canvasartbay.com\/de\/produkt\/naturparadies-leinwandbild\/#primaryimage"},"thumbnailUrl":"https:\/\/www.canvasartbay.com\/wp-content\/uploads\/2025\/06\/nature-s-paradise-floating-frame-canvas-min.jpg","datePublished":"2026-03-30T09:34:01+00:00","description":"Kaufen Sie Naturparadies Wandkunst. W\u00e4hlen Sie zwischen 1-, 3- oder 5-teiligen Bildern oder Wandbildern im schwebenden Rahmen. Freuen Sie sich \u00fcber lebendige Drucke, kostenlosen Versand weltweit und eine 90-t\u00e4gige Geld-zur\u00fcck-Garantie.","breadcrumb":{"@id":"https:\/\/www.canvasartbay.com\/de\/produkt\/naturparadies-leinwandbild\/#breadcrumb"},"inLanguage":"de","potentialAction":[{"@type":"ReadAction","target":["https:\/\/www.canvasartbay.com\/de\/produkt\/naturparadies-leinwandbild\/"]}]},{"@type":"ImageObject","inLanguage":"de","@id":"https:\/\/www.canvasartbay.com\/de\/produkt\/naturparadies-leinwandbild\/#primaryimage","url":"https:\/\/www.canvasartbay.com\/wp-content\/uploads\/2025\/06\/nature-s-paradise-floating-frame-canvas-min.jpg","contentUrl":"https:\/\/www.canvasartbay.com\/wp-content\/uploads\/2025\/06\/nature-s-paradise-floating-frame-canvas-min.jpg","width":2000,"height":2000,"caption":"nature s paradise floating frame canvas-min"},{"@type":"BreadcrumbList","@id":"https:\/\/www.canvasartbay.com\/de\/produkt\/naturparadies-leinwandbild\/#breadcrumb","itemListElement":[{"@type":"ListItem","position":1,"name":"Home","item":"https:\/\/www.canvasartbay.com\/de\/"},{"@type":"ListItem","position":2,"name":"Neu eingetroffen","item":"https:\/\/www.canvasartbay.com\/de\/neu-eingetroffen\/"},{"@type":"ListItem","position":3,"name":"Fine Art","item":"https:\/\/www.canvasartbay.com\/collection\/fine-art-wall-art\/"},{"@type":"ListItem","position":4,"name":"Naturparadies"}]},{"@type":"WebSite","@id":"https:\/\/www.canvasartbay.com\/#website","url":"https:\/\/www.canvasartbay.com\/","name":"Canvas Art Bay","description":"","publisher":{"@id":"https:\/\/www.canvasartbay.com\/#organization"},"potentialAction":[{"@type":"SearchAction","target":{"@type":"EntryPoint","urlTemplate":"https:\/\/www.canvasartbay.com\/?s={search_term_string}"},"query-input":{"@type":"PropertyValueSpecification","valueRequired":true,"valueName":"search_term_string"}}],"inLanguage":"de"},{"@type":"Organization","@id":"https:\/\/www.canvasartbay.com\/#organization","name":"Canvas Art Bay","url":"https:\/\/www.canvasartbay.com\/","logo":{"@type":"ImageObject","inLanguage":"de","@id":"https:\/\/www.canvasartbay.com\/#\/schema\/logo\/image\/","url":"https:\/\/www.canvasartbay.com\/wp-content\/uploads\/2021\/09\/cropped-cropped-cropped-cropped-canvasartbay-logo-1-1-300x142-1.png","contentUrl":"https:\/\/www.canvasartbay.com\/wp-content\/uploads\/2021\/09\/cropped-cropped-cropped-cropped-canvasartbay-logo-1-1-300x142-1.png","width":300,"height":142,"caption":"Canvas Art Bay"},"image":{"@id":"https:\/\/www.canvasartbay.com\/#\/schema\/logo\/image\/"}}]}},"_links":{"self":[{"href":"https:\/\/www.canvasartbay.com\/de\/wp-json\/wp\/v2\/product\/157690","targetHints":{"allow":["GET"]}}],"collection":[{"href":"https:\/\/www.canvasartbay.com\/de\/wp-json\/wp\/v2\/product"}],"about":[{"href":"https:\/\/www.canvasartbay.com\/de\/wp-json\/wp\/v2\/types\/product"}],"replies":[{"embeddable":true,"href":"https:\/\/www.canvasartbay.com\/de\/wp-json\/wp\/v2\/comments?post=157690"}],"wp:featuredmedia":[{"embeddable":true,"href":"https:\/\/www.canvasartbay.com\/de\/wp-json\/wp\/v2\/media\/150885"}],"wp:attachment":[{"href":"https:\/\/www.canvasartbay.com\/de\/wp-json\/wp\/v2\/media?parent=157690"}],"wp:term":[{"taxonomy":"product_brand","embeddable":true,"href":"https:\/\/www.canvasartbay.com\/de\/wp-json\/wp\/v2\/product_brand?post=157690"},{"taxonomy":"product_cat","embeddable":true,"href":"https:\/\/www.canvasartbay.com\/de\/wp-json\/wp\/v2\/product_cat?post=157690"},{"taxonomy":"product_tag","embeddable":true,"href":"https:\/\/www.canvasartbay.com\/de\/wp-json\/wp\/v2\/product_tag?post=157690"}],"curies":[{"name":"wp","href":"https:\/\/api.w.org\/{rel}","templated":true}]}}