{"id":118757,"date":"2021-09-28T21:53:04","date_gmt":"2021-09-28T21:53:04","guid":{"rendered":"https:\/\/www.canvasartbay.com\/contact-us\/"},"modified":"2025-04-10T17:29:24","modified_gmt":"2025-04-10T17:29:24","slug":"contactez-nous","status":"publish","type":"page","link":"https:\/\/www.canvasartbay.com\/fr\/contactez-nous\/","title":{"rendered":"Contactez-nous"},"content":{"rendered":"\t\t<div data-elementor-type=\"wp-page\" data-elementor-id=\"118757\" class=\"elementor elementor-118757 elementor-3084\" data-elementor-post-type=\"page\">\n\t\t\t\t<div class=\"elementor-element elementor-element-013df17 e-flex e-con-boxed e-con e-parent\" data-id=\"013df17\" data-element_type=\"container\">\n\t\t\t\t\t<div class=\"e-con-inner\">\n\t\t<div class=\"elementor-element elementor-element-0752b4e e-con-full e-flex e-con e-child\" data-id=\"0752b4e\" data-element_type=\"container\">\n\t\t\t\t<div class=\"elementor-element elementor-element-d02d3ba elementor-widget elementor-widget-heading\" data-id=\"d02d3ba\" data-element_type=\"widget\" data-widget_type=\"heading.default\">\n\t\t\t\t<div class=\"elementor-widget-container\">\n\t\t\t\t\t<h1 class=\"elementor-heading-title elementor-size-default\">Laissez-nous vous aider<\/h1>\t\t\t\t<\/div>\n\t\t\t\t<\/div>\n\t\t\t\t<div class=\"elementor-element elementor-element-fee5785 elementor-widget elementor-widget-text-editor\" data-id=\"fee5785\" data-element_type=\"widget\" data-widget_type=\"text-editor.default\">\n\t\t\t\t<div class=\"elementor-widget-container\">\n\t\t\t\t\t\t\t\t\t<p>Vous avez des questions ou besoin d&#8217;aide ? Vous souhaitez commander une taille personnalis\u00e9e rien que pour vous ? Contactez-nous en utilisant le formulaire ci-dessous et nous ferons tout notre possible pour vous aider. Votre satisfaction est notre priorit\u00e9 num\u00e9ro un!<\/p>\t\t\t\t\t\t\t\t<\/div>\n\t\t\t\t<\/div>\n\t\t\t\t<div class=\"elementor-element elementor-element-b50d733 elementor-button-align-stretch elementor-widget elementor-widget-form\" data-id=\"b50d733\" data-element_type=\"widget\" data-settings=\"{&quot;step_next_label&quot;:&quot;Next&quot;,&quot;step_previous_label&quot;:&quot;Previous&quot;,&quot;button_width&quot;:&quot;100&quot;,&quot;step_type&quot;:&quot;number_text&quot;,&quot;step_icon_shape&quot;:&quot;circle&quot;}\" data-widget_type=\"form.default\">\n\t\t\t\t<div class=\"elementor-widget-container\">\n\t\t\t\t\t\t\t<form class=\"elementor-form\" method=\"post\" name=\"New Form\">\n\t\t\t<input type=\"hidden\" name=\"post_id\" value=\"118757\"\/>\n\t\t\t<input type=\"hidden\" name=\"form_id\" value=\"b50d733\"\/>\n\t\t\t<input type=\"hidden\" name=\"referer_title\" value=\"Canvas Art Bay\" \/>\n\n\t\t\t\n\t\t\t<div class=\"elementor-form-fields-wrapper elementor-labels-above\">\n\t\t\t\t\t\t\t\t<div class=\"elementor-field-type-text elementor-field-group elementor-column elementor-field-group-name elementor-col-100\">\n\t\t\t\t\t\t\t\t\t\t\t\t<label for=\"form-field-name\" class=\"elementor-field-label\">\n\t\t\t\t\t\t\t\tNom complet\t\t\t\t\t\t\t<\/label>\n\t\t\t\t\t\t\t\t\t\t\t\t\t\t<input size=\"1\" type=\"text\" name=\"form_fields[name]\" id=\"form-field-name\" class=\"elementor-field elementor-size-md  elementor-field-textual\" placeholder=\"Votre Nom et Pr\u00e9nom\">\n\t\t\t\t\t\t\t\t\t\t\t<\/div>\n\t\t\t\t\t\t\t\t<div class=\"elementor-field-type-email elementor-field-group elementor-column elementor-field-group-email elementor-col-100 elementor-field-required elementor-mark-required\">\n\t\t\t\t\t\t\t\t\t\t\t\t<label for=\"form-field-email\" class=\"elementor-field-label\">\n\t\t\t\t\t\t\t\tEmail\t\t\t\t\t\t\t<\/label>\n\t\t\t\t\t\t\t\t\t\t\t\t\t\t<input size=\"1\" type=\"email\" name=\"form_fields[email]\" id=\"form-field-email\" class=\"elementor-field elementor-size-md  elementor-field-textual\" placeholder=\"Votre Email\" required=\"required\">\n\t\t\t\t\t\t\t\t\t\t\t<\/div>\n\t\t\t\t\t\t\t\t<div class=\"elementor-field-type-textarea elementor-field-group elementor-column elementor-field-group-message elementor-col-100\">\n\t\t\t\t\t\t\t\t\t\t\t\t<label for=\"form-field-message\" class=\"elementor-field-label\">\n\t\t\t\t\t\t\t\tMessage\t\t\t\t\t\t\t<\/label>\n\t\t\t\t\t\t<textarea class=\"elementor-field-textual elementor-field  elementor-size-md\" name=\"form_fields[message]\" id=\"form-field-message\" rows=\"4\" placeholder=\"Message\"><\/textarea>\t\t\t\t<\/div>\n\t\t\t\t\t\t\t\t<div class=\"elementor-field-group elementor-column elementor-field-type-submit elementor-col-100 e-form__buttons\">\n\t\t\t\t\t<button class=\"elementor-button elementor-size-md\" type=\"submit\">\n\t\t\t\t\t\t<span class=\"elementor-button-content-wrapper\">\n\t\t\t\t\t\t\t\t\t\t\t\t\t\t\t\t\t\t\t\t\t\t<span class=\"elementor-button-text\">Envoyer<\/span>\n\t\t\t\t\t\t\t\t\t\t\t\t\t<\/span>\n\t\t\t\t\t<\/button>\n\t\t\t\t<\/div>\n\t\t\t<\/div>\n\t\t<\/form>\n\t\t\t\t\t\t<\/div>\n\t\t\t\t<\/div>\n\t\t\t\t<\/div>\n\t\t\t\t\t<\/div>\n\t\t\t\t<\/div>\n\t\t<div class=\"elementor-element elementor-element-b23c678 e-flex e-con-boxed e-con e-parent\" data-id=\"b23c678\" data-element_type=\"container\">\n\t\t\t\t\t<div class=\"e-con-inner\">\n\t\t<div class=\"elementor-element elementor-element-f3db137 e-con-full e-flex e-con e-child\" data-id=\"f3db137\" data-element_type=\"container\">\n\t\t\t\t<div class=\"elementor-element elementor-element-82f8db1 elementor-widget__width-initial elementor-widget elementor-widget-text-editor\" data-id=\"82f8db1\" data-element_type=\"widget\" data-widget_type=\"text-editor.default\">\n\t\t\t\t<div class=\"elementor-widget-container\">\n\t\t\t\t\t\t\t\t\t<h4 style=\"text-align: center;\">Administrative Office<\/h4><p><img decoding=\"async\" class=\"aligncenter wp-image-6125 size-full\" src=\"https:\/\/www.canvasartbay.com\/wp-content\/uploads\/2021\/10\/flag-united-states.png\" alt=\"\" width=\"64\" height=\"64\" \/><\/p><p style=\"text-align: center;\"><strong><span style=\"color: #333333;\">Canvas Art Bay LLC<br \/><\/span><\/strong><\/p><p style=\"text-align: center;\"><span style=\"color: #333333;\"><span class=\"elementor-icon-list-text\">1309 Coffeen Ave, <\/span><span class=\"elementor-icon-list-text\">Ste #1200 <\/span><\/span><\/p><p style=\"text-align: center;\"><span class=\"elementor-icon-list-text\" style=\"color: #333333;\">Sheridan, Wyoming 82801<\/span><\/p><p style=\"text-align: center;\"><span style=\"color: #333333;\">\u00a0<\/span><\/p>\t\t\t\t\t\t\t\t<\/div>\n\t\t\t\t<\/div>\n\t\t\t\t<div class=\"elementor-element elementor-element-85a343e elementor-widget__width-initial elementor-widget elementor-widget-text-editor\" data-id=\"85a343e\" data-element_type=\"widget\" data-widget_type=\"text-editor.default\">\n\t\t\t\t<div class=\"elementor-widget-container\">\n\t\t\t\t\t\t\t\t\t<h4 style=\"text-align: center;\">Main Warehouse <span style=\"font-size: 10pt;\">(Returns)<\/span><\/h4><p><img decoding=\"async\" class=\"aligncenter wp-image-6125 size-full\" src=\"https:\/\/www.canvasartbay.com\/wp-content\/uploads\/2021\/10\/flag-united-states.png\" alt=\"\" width=\"64\" height=\"64\" \/><\/p><p style=\"text-align: center;\"><strong><span style=\"color: #333333;\">Canvas Art Bay<br \/><\/span><\/strong><\/p><p style=\"text-align: center;\"><span style=\"color: #333333;\">3250 Retail Drive, Ste #120<\/span><br \/><span style=\"color: #333333;\">Carson City, Nevada 89706<\/span><\/p><p style=\"text-align: center;\"><span style=\"color: #333333;\">\u00a0<\/span><\/p>\t\t\t\t\t\t\t\t<\/div>\n\t\t\t\t<\/div>\n\t\t\t\t<\/div>\n\t\t\t\t\t<\/div>\n\t\t\t\t<\/div>\n\t\t<div class=\"elementor-element elementor-element-0eb8e09 e-flex e-con-boxed e-con e-parent\" data-id=\"0eb8e09\" data-element_type=\"container\">\n\t\t\t\t\t<div class=\"e-con-inner\">\n\t\t<div class=\"elementor-element elementor-element-892bc8b e-con-full e-flex e-con e-child\" data-id=\"892bc8b\" data-element_type=\"container\">\n\t\t\t\t<div class=\"elementor-element elementor-element-4adf3d9 elementor-widget elementor-widget-text-editor\" data-id=\"4adf3d9\" data-element_type=\"widget\" data-widget_type=\"text-editor.default\">\n\t\t\t\t<div class=\"elementor-widget-container\">\n\t\t\t\t\t\t\t\t\t<h4 style=\"text-align: center;\">Entrep\u00f4ts internationaux (retours et \u00e9changes)<\/h4>\t\t\t\t\t\t\t\t<\/div>\n\t\t\t\t<\/div>\n\t\t<div class=\"elementor-element elementor-element-5117892 e-con-full e-flex e-con e-child\" data-id=\"5117892\" data-element_type=\"container\">\n\t\t<div class=\"elementor-element elementor-element-181f100 e-con-full e-flex e-con e-child\" data-id=\"181f100\" data-element_type=\"container\">\n\t\t\t\t<div class=\"elementor-element elementor-element-cdc6830 elementor-widget__width-initial elementor-widget elementor-widget-text-editor\" data-id=\"cdc6830\" data-element_type=\"widget\" data-widget_type=\"text-editor.default\">\n\t\t\t\t<div class=\"elementor-widget-container\">\n\t\t\t\t\t\t\t\t\t<p><img decoding=\"async\" class=\"aligncenter wp-image-6129 size-full\" src=\"https:\/\/www.canvasartbay.com\/wp-content\/uploads\/2021\/10\/flag-european-union.png\" alt=\"\" width=\"64\" height=\"64\" \/><\/p><p style=\"text-align: center;\"><span style=\"color: #333333;\"><strong>Canvas Art Bay<\/strong><br \/><\/span><\/p><p style=\"text-align: center;\"><span class=\"tojvnm2t a6sixzi8 abs2jz4q a8s20v7p t1p8iaqh k5wvi7nf q3lfd5jv pk4s997a bipmatt0 cebpdrjk qowsmv63 owwhemhu dp1hu0rb dhp61c6y iyyx5f41\" style=\"color: #333333;\">12 rue de la rivi\u00e8re lefoullon<\/span><br \/><span class=\"tojvnm2t a6sixzi8 abs2jz4q a8s20v7p t1p8iaqh k5wvi7nf q3lfd5jv pk4s997a bipmatt0 cebpdrjk qowsmv63 owwhemhu dp1hu0rb dhp61c6y iyyx5f41\" style=\"color: #333333;\">92800 Puteaux, France<\/span><\/p>\t\t\t\t\t\t\t\t<\/div>\n\t\t\t\t<\/div>\n\t\t\t\t<div class=\"elementor-element elementor-element-caf18a3 elementor-widget__width-initial elementor-widget elementor-widget-text-editor\" data-id=\"caf18a3\" data-element_type=\"widget\" data-widget_type=\"text-editor.default\">\n\t\t\t\t<div class=\"elementor-widget-container\">\n\t\t\t\t\t\t\t\t\t<p><img decoding=\"async\" class=\"aligncenter wp-image-6133 size-full\" src=\"https:\/\/www.canvasartbay.com\/wp-content\/uploads\/2021\/10\/flag-canada.png\" alt=\"\" width=\"64\" height=\"64\" \/><\/p><p style=\"text-align: center;\"><span style=\"color: #333333;\"><strong>Canvas Art Bay<br \/><\/strong><\/span><\/p><p style=\"text-align: center;\"><span style=\"color: #333333;\">7070e Farrell Rd SE, Ste #166<br \/>Calgary, AB T2H 0T2<\/span><span style=\"color: #333333;\"><br \/><\/span><\/p>\t\t\t\t\t\t\t\t<\/div>\n\t\t\t\t<\/div>\n\t\t\t\t<div class=\"elementor-element elementor-element-963f512 elementor-widget__width-initial elementor-widget elementor-widget-text-editor\" data-id=\"963f512\" data-element_type=\"widget\" data-widget_type=\"text-editor.default\">\n\t\t\t\t<div class=\"elementor-widget-container\">\n\t\t\t\t\t\t\t\t\t<p><img loading=\"lazy\" decoding=\"async\" class=\"aligncenter wp-image-6130 size-full\" src=\"https:\/\/www.canvasartbay.com\/wp-content\/uploads\/2021\/10\/flag-australia.png\" alt=\"\" width=\"64\" height=\"64\" \/><\/p><p style=\"text-align: center;\"><span style=\"color: #333333;\"><strong>Canvas Art Bay<br \/><\/strong><\/span><\/p><p style=\"text-align: center;\"><span style=\"color: #333333;\">M Centre, 11 Palmerston Lane, <\/span><span style=\"color: #333333;\">Ste #1008<br \/>Manuka, ACT 2603<\/span><span style=\"color: #333333;\">, Australia<br \/><\/span><\/p>\t\t\t\t\t\t\t\t<\/div>\n\t\t\t\t<\/div>\n\t\t\t\t<div class=\"elementor-element elementor-element-1e95e08 elementor-widget__width-initial elementor-widget elementor-widget-text-editor\" data-id=\"1e95e08\" data-element_type=\"widget\" data-widget_type=\"text-editor.default\">\n\t\t\t\t<div class=\"elementor-widget-container\">\n\t\t\t\t\t\t\t\t\t<p><img loading=\"lazy\" decoding=\"async\" class=\"aligncenter wp-image-6128 size-full\" src=\"https:\/\/www.canvasartbay.com\/wp-content\/uploads\/2021\/10\/flag-united-kingdom.png\" alt=\"\" width=\"64\" height=\"64\" \/><\/p><p style=\"text-align: center;\"><span style=\"color: #333333;\"><strong>Canvas Art Bay<br \/><\/strong><\/span><\/p><p style=\"text-align: center;\"><span style=\"color: #333333;\">51 Russell St, Reading<br \/>RG1 7XG, UK <\/span><span style=\"color: #333333;\"><br \/><\/span><\/p>\t\t\t\t\t\t\t\t<\/div>\n\t\t\t\t<\/div>\n\t\t\t\t<\/div>\n\t\t\t\t<\/div>\n\t\t\t\t<div class=\"elementor-element elementor-element-c68dfa9 elementor-widget-divider--view-line elementor-widget elementor-widget-divider\" data-id=\"c68dfa9\" data-element_type=\"widget\" data-widget_type=\"divider.default\">\n\t\t\t\t<div class=\"elementor-widget-container\">\n\t\t\t\t\t\t\t<div class=\"elementor-divider\">\n\t\t\t<span class=\"elementor-divider-separator\">\n\t\t\t\t\t\t<\/span>\n\t\t<\/div>\n\t\t\t\t\t\t<\/div>\n\t\t\t\t<\/div>\n\t\t\t\t<\/div>\n\t\t\t\t\t<\/div>\n\t\t\t\t<\/div>\n\t\t<div class=\"elementor-element elementor-element-758538e e-flex e-con-boxed e-con e-parent\" data-id=\"758538e\" data-element_type=\"container\">\n\t\t\t\t\t<div class=\"e-con-inner\">\n\t\t<div class=\"elementor-element elementor-element-f006740 e-con-full e-flex e-con e-child\" data-id=\"f006740\" data-element_type=\"container\">\n\t\t\t\t<div class=\"elementor-element elementor-element-d59a9bf elementor-widget elementor-widget-text-editor\" data-id=\"d59a9bf\" data-element_type=\"widget\" data-widget_type=\"text-editor.default\">\n\t\t\t\t<div class=\"elementor-widget-container\">\n\t\t\t\t\t\t\t\t\t<h3 style=\"text-align: center;\">Phone: (+1) 443 903 3046<\/h3><h3 style=\"text-align: center;\">\u00a0\u00a0\u00a0\u00a0\u00a0\u00a0\u00a0\u00a0\u00a0\u00a0\u00a0\u00a0\u00a0<\/h3>\t\t\t\t\t\t\t\t<\/div>\n\t\t\t\t<\/div>\n\t\t\t\t<\/div>\n\t\t<div class=\"elementor-element elementor-element-8ffc921 e-con-full e-flex e-con e-child\" data-id=\"8ffc921\" data-element_type=\"container\">\n\t\t\t\t<div class=\"elementor-element elementor-element-6428877 elementor-widget elementor-widget-text-editor\" data-id=\"6428877\" data-element_type=\"widget\" data-widget_type=\"text-editor.default\">\n\t\t\t\t<div class=\"elementor-widget-container\">\n\t\t\t\t\t\t\t\t\t<h3 style=\"text-align: center;\">Email: contact@canvasartbay.com<\/h3>\t\t\t\t\t\t\t\t<\/div>\n\t\t\t\t<\/div>\n\t\t\t\t<\/div>\n\t\t\t\t\t<\/div>\n\t\t\t\t<\/div>\n\t\t<div class=\"elementor-element elementor-element-5566ec7 e-flex e-con-boxed e-con e-parent\" data-id=\"5566ec7\" data-element_type=\"container\">\n\t\t\t\t\t<div class=\"e-con-inner\">\n\t\t<div class=\"elementor-element elementor-element-ffbf2d9 e-con-full e-flex e-con e-child\" data-id=\"ffbf2d9\" data-element_type=\"container\">\n\t\t\t\t<div class=\"elementor-element elementor-element-f8eb9ca elementor-shape-rounded elementor-grid-0 e-grid-align-center elementor-widget elementor-widget-social-icons\" data-id=\"f8eb9ca\" data-element_type=\"widget\" data-widget_type=\"social-icons.default\">\n\t\t\t\t<div class=\"elementor-widget-container\">\n\t\t\t\t\t\t\t<div class=\"elementor-social-icons-wrapper elementor-grid\" role=\"list\">\n\t\t\t\t\t\t\t<span class=\"elementor-grid-item\" role=\"listitem\">\n\t\t\t\t\t<a class=\"elementor-icon elementor-social-icon elementor-social-icon-facebook elementor-repeater-item-d6380db\" href=\"https:\/\/www.facebook.com\/thecanvasartbay\" target=\"_blank\">\n\t\t\t\t\t\t<span class=\"elementor-screen-only\">Facebook<\/span>\n\t\t\t\t\t\t<svg class=\"e-font-icon-svg e-fab-facebook\" viewBox=\"0 0 512 512\" xmlns=\"http:\/\/www.w3.org\/2000\/svg\"><path d=\"M504 256C504 119 393 8 256 8S8 119 8 256c0 123.78 90.69 226.38 209.25 245V327.69h-63V256h63v-54.64c0-62.15 37-96.48 93.67-96.48 27.14 0 55.52 4.84 55.52 4.84v61h-31.28c-30.8 0-40.41 19.12-40.41 38.73V256h68.78l-11 71.69h-57.78V501C413.31 482.38 504 379.78 504 256z\"><\/path><\/svg>\t\t\t\t\t<\/a>\n\t\t\t\t<\/span>\n\t\t\t\t\t\t\t<span class=\"elementor-grid-item\" role=\"listitem\">\n\t\t\t\t\t<a class=\"elementor-icon elementor-social-icon elementor-social-icon-pinterest elementor-repeater-item-7836cf3\" href=\"https:\/\/www.pinterest.com\/canvasartbay\/\" target=\"_blank\">\n\t\t\t\t\t\t<span class=\"elementor-screen-only\">Pinterest<\/span>\n\t\t\t\t\t\t<svg class=\"e-font-icon-svg e-fab-pinterest\" viewBox=\"0 0 496 512\" xmlns=\"http:\/\/www.w3.org\/2000\/svg\"><path d=\"M496 256c0 137-111 248-248 248-25.6 0-50.2-3.9-73.4-11.1 10.1-16.5 25.2-43.5 30.8-65 3-11.6 15.4-59 15.4-59 8.1 15.4 31.7 28.5 56.8 28.5 74.8 0 128.7-68.8 128.7-154.3 0-81.9-66.9-143.2-152.9-143.2-107 0-163.9 71.8-163.9 150.1 0 36.4 19.4 81.7 50.3 96.1 4.7 2.2 7.2 1.2 8.3-3.3.8-3.4 5-20.3 6.9-28.1.6-2.5.3-4.7-1.7-7.1-10.1-12.5-18.3-35.3-18.3-56.6 0-54.7 41.4-107.6 112-107.6 60.9 0 103.6 41.5 103.6 100.9 0 67.1-33.9 113.6-78 113.6-24.3 0-42.6-20.1-36.7-44.8 7-29.5 20.5-61.3 20.5-82.6 0-19-10.2-34.9-31.4-34.9-24.9 0-44.9 25.7-44.9 60.2 0 22 7.4 36.8 7.4 36.8s-24.5 103.8-29 123.2c-5 21.4-3 51.6-.9 71.2C65.4 450.9 0 361.1 0 256 0 119 111 8 248 8s248 111 248 248z\"><\/path><\/svg>\t\t\t\t\t<\/a>\n\t\t\t\t<\/span>\n\t\t\t\t\t<\/div>\n\t\t\t\t\t\t<\/div>\n\t\t\t\t<\/div>\n\t\t\t\t<div class=\"elementor-element elementor-element-73b2d9e elementor-widget elementor-widget-text-editor\" data-id=\"73b2d9e\" data-element_type=\"widget\" data-widget_type=\"text-editor.default\">\n\t\t\t\t<div class=\"elementor-widget-container\">\n\t\t\t\t\t\t\t\t\t<p style=\"text-align: center;\"><em><span style=\"color: #333333;\">Ce site Web est enti\u00e8rement d\u00e9tenu et exploit\u00e9 par la soci\u00e9t\u00e9\u00a0: Canvas Art Bay LLC, num\u00e9ro EIN\u00a0: 32-0661828.<\/span><\/em><\/p>\t\t\t\t\t\t\t\t<\/div>\n\t\t\t\t<\/div>\n\t\t\t\t<div class=\"elementor-element elementor-element-056ccd9 elementor-widget elementor-widget-text-editor\" data-id=\"056ccd9\" data-element_type=\"widget\" data-widget_type=\"text-editor.default\">\n\t\t\t\t<div class=\"elementor-widget-container\">\n\t\t\t\t\t\t\t\t\t<p style=\"text-align: center;\"><em><span style=\"color: #333333;\">Vous avez des questions sur la conformit\u00e9 DMCA\u00a0? <span style=\"text-decoration: underline;\"><a href=\"https:\/\/www.canvasartbay.com\/fr\/conformite-dmca\/\">D\u00e9couvrez notre engagement ici !<\/a><\/span>\n<\/span><\/em><\/p>\t\t\t\t\t\t\t\t<\/div>\n\t\t\t\t<\/div>\n\t\t\t\t<\/div>\n\t\t\t\t\t<\/div>\n\t\t\t\t<\/div>\n\t\t\t\t<\/div>\n\t\t","protected":false},"excerpt":{"rendered":"<p>Laissez-nous vous aider Vous avez des questions ou besoin d&#8217;aide ? Vous souhaitez commander une taille personnalis\u00e9e rien que pour&#8230;<\/p>\n","protected":false},"author":3,"featured_media":0,"parent":0,"menu_order":0,"comment_status":"closed","ping_status":"closed","template":"","meta":{"_acf_changed":false,"footnotes":""},"class_list":["post-118757","page","type-page","status-publish","hentry"],"acf":[],"yoast_head":"<!-- This site is optimized with the Yoast SEO plugin v25.9 - https:\/\/yoast.com\/wordpress\/plugins\/seo\/ -->\n<title>Contactez-nous - Canvas Art Bay<\/title>\n<meta name=\"robots\" content=\"index, follow, max-snippet:-1, max-image-preview:large, max-video-preview:-1\" \/>\n<link rel=\"canonical\" href=\"https:\/\/www.canvasartbay.com\/contact-us\/\" \/>\n<meta property=\"og:locale\" content=\"fr_FR\" \/>\n<meta property=\"og:type\" content=\"article\" \/>\n<meta property=\"og:title\" content=\"Contactez-nous - Canvas Art Bay\" \/>\n<meta property=\"og:description\" content=\"Laissez-nous vous aider Vous avez des questions ou besoin d&#8217;aide ? Vous souhaitez commander une taille personnalis\u00e9e rien que pour...\" \/>\n<meta property=\"og:url\" content=\"https:\/\/www.canvasartbay.com\/contact-us\/\" \/>\n<meta property=\"og:site_name\" content=\"Canvas Art Bay\" \/>\n<meta property=\"article:modified_time\" content=\"2025-04-10T17:29:24+00:00\" \/>\n<meta property=\"og:image\" content=\"https:\/\/www.canvasartbay.com\/wp-content\/uploads\/2021\/10\/flag-united-states.png\" \/>\n\t<meta property=\"og:image:width\" content=\"64\" \/>\n\t<meta property=\"og:image:height\" content=\"64\" \/>\n\t<meta property=\"og:image:type\" content=\"image\/png\" \/>\n<meta name=\"twitter:card\" content=\"summary_large_image\" \/>\n<meta name=\"twitter:label1\" content=\"Dur\u00e9e de lecture estim\u00e9e\" \/>\n\t<meta name=\"twitter:data1\" content=\"2 minutes\" \/>\n<script type=\"application\/ld+json\" class=\"yoast-schema-graph\">{\"@context\":\"https:\/\/schema.org\",\"@graph\":[{\"@type\":\"WebPage\",\"@id\":\"https:\/\/www.canvasartbay.com\/contact-us\/\",\"url\":\"https:\/\/www.canvasartbay.com\/contact-us\/\",\"name\":\"Contactez-nous - Canvas Art Bay\",\"isPartOf\":{\"@id\":\"https:\/\/www.canvasartbay.com\/#website\"},\"primaryImageOfPage\":{\"@id\":\"https:\/\/www.canvasartbay.com\/contact-us\/#primaryimage\"},\"image\":{\"@id\":\"https:\/\/www.canvasartbay.com\/contact-us\/#primaryimage\"},\"thumbnailUrl\":\"https:\/\/www.canvasartbay.com\/wp-content\/uploads\/2021\/10\/flag-united-states.png\",\"datePublished\":\"2021-09-28T21:53:04+00:00\",\"dateModified\":\"2025-04-10T17:29:24+00:00\",\"breadcrumb\":{\"@id\":\"https:\/\/www.canvasartbay.com\/contact-us\/#breadcrumb\"},\"inLanguage\":\"fr-FR\",\"potentialAction\":[{\"@type\":\"ReadAction\",\"target\":[\"https:\/\/www.canvasartbay.com\/contact-us\/\"]}]},{\"@type\":\"ImageObject\",\"inLanguage\":\"fr-FR\",\"@id\":\"https:\/\/www.canvasartbay.com\/contact-us\/#primaryimage\",\"url\":\"https:\/\/www.canvasartbay.com\/wp-content\/uploads\/2021\/10\/flag-united-states.png\",\"contentUrl\":\"https:\/\/www.canvasartbay.com\/wp-content\/uploads\/2021\/10\/flag-united-states.png\"},{\"@type\":\"BreadcrumbList\",\"@id\":\"https:\/\/www.canvasartbay.com\/contact-us\/#breadcrumb\",\"itemListElement\":[{\"@type\":\"ListItem\",\"position\":1,\"name\":\"Home\",\"item\":\"https:\/\/www.canvasartbay.com\/\"},{\"@type\":\"ListItem\",\"position\":2,\"name\":\"Contactez-nous\"}]},{\"@type\":\"WebSite\",\"@id\":\"https:\/\/www.canvasartbay.com\/#website\",\"url\":\"https:\/\/www.canvasartbay.com\/\",\"name\":\"Canvas Art Bay\",\"description\":\"\",\"publisher\":{\"@id\":\"https:\/\/www.canvasartbay.com\/#organization\"},\"potentialAction\":[{\"@type\":\"SearchAction\",\"target\":{\"@type\":\"EntryPoint\",\"urlTemplate\":\"https:\/\/www.canvasartbay.com\/?s={search_term_string}\"},\"query-input\":{\"@type\":\"PropertyValueSpecification\",\"valueRequired\":true,\"valueName\":\"search_term_string\"}}],\"inLanguage\":\"fr-FR\"},{\"@type\":\"Organization\",\"@id\":\"https:\/\/www.canvasartbay.com\/#organization\",\"name\":\"Canvas Art Bay\",\"url\":\"https:\/\/www.canvasartbay.com\/\",\"logo\":{\"@type\":\"ImageObject\",\"inLanguage\":\"fr-FR\",\"@id\":\"https:\/\/www.canvasartbay.com\/#\/schema\/logo\/image\/\",\"url\":\"https:\/\/www.canvasartbay.com\/wp-content\/uploads\/2021\/09\/cropped-cropped-cropped-cropped-canvasartbay-logo-1-1-300x142-1.png\",\"contentUrl\":\"https:\/\/www.canvasartbay.com\/wp-content\/uploads\/2021\/09\/cropped-cropped-cropped-cropped-canvasartbay-logo-1-1-300x142-1.png\",\"width\":300,\"height\":142,\"caption\":\"Canvas Art Bay\"},\"image\":{\"@id\":\"https:\/\/www.canvasartbay.com\/#\/schema\/logo\/image\/\"}}]}<\/script>\n<!-- \/ Yoast SEO plugin. -->","yoast_head_json":{"title":"Contactez-nous - Canvas Art Bay","robots":{"index":"index","follow":"follow","max-snippet":"max-snippet:-1","max-image-preview":"max-image-preview:large","max-video-preview":"max-video-preview:-1"},"canonical":"https:\/\/www.canvasartbay.com\/contact-us\/","og_locale":"fr_FR","og_type":"article","og_title":"Contactez-nous - Canvas Art Bay","og_description":"Laissez-nous vous aider Vous avez des questions ou besoin d&#8217;aide ? Vous souhaitez commander une taille personnalis\u00e9e rien que pour...","og_url":"https:\/\/www.canvasartbay.com\/contact-us\/","og_site_name":"Canvas Art Bay","article_modified_time":"2025-04-10T17:29:24+00:00","og_image":[{"width":64,"height":64,"url":"https:\/\/www.canvasartbay.com\/wp-content\/uploads\/2021\/10\/flag-united-states.png","type":"image\/png"}],"twitter_card":"summary_large_image","twitter_misc":{"Dur\u00e9e de lecture estim\u00e9e":"2 minutes"},"schema":{"@context":"https:\/\/schema.org","@graph":[{"@type":"WebPage","@id":"https:\/\/www.canvasartbay.com\/contact-us\/","url":"https:\/\/www.canvasartbay.com\/contact-us\/","name":"Contactez-nous - Canvas Art Bay","isPartOf":{"@id":"https:\/\/www.canvasartbay.com\/#website"},"primaryImageOfPage":{"@id":"https:\/\/www.canvasartbay.com\/contact-us\/#primaryimage"},"image":{"@id":"https:\/\/www.canvasartbay.com\/contact-us\/#primaryimage"},"thumbnailUrl":"https:\/\/www.canvasartbay.com\/wp-content\/uploads\/2021\/10\/flag-united-states.png","datePublished":"2021-09-28T21:53:04+00:00","dateModified":"2025-04-10T17:29:24+00:00","breadcrumb":{"@id":"https:\/\/www.canvasartbay.com\/contact-us\/#breadcrumb"},"inLanguage":"fr-FR","potentialAction":[{"@type":"ReadAction","target":["https:\/\/www.canvasartbay.com\/contact-us\/"]}]},{"@type":"ImageObject","inLanguage":"fr-FR","@id":"https:\/\/www.canvasartbay.com\/contact-us\/#primaryimage","url":"https:\/\/www.canvasartbay.com\/wp-content\/uploads\/2021\/10\/flag-united-states.png","contentUrl":"https:\/\/www.canvasartbay.com\/wp-content\/uploads\/2021\/10\/flag-united-states.png"},{"@type":"BreadcrumbList","@id":"https:\/\/www.canvasartbay.com\/contact-us\/#breadcrumb","itemListElement":[{"@type":"ListItem","position":1,"name":"Home","item":"https:\/\/www.canvasartbay.com\/"},{"@type":"ListItem","position":2,"name":"Contactez-nous"}]},{"@type":"WebSite","@id":"https:\/\/www.canvasartbay.com\/#website","url":"https:\/\/www.canvasartbay.com\/","name":"Canvas Art Bay","description":"","publisher":{"@id":"https:\/\/www.canvasartbay.com\/#organization"},"potentialAction":[{"@type":"SearchAction","target":{"@type":"EntryPoint","urlTemplate":"https:\/\/www.canvasartbay.com\/?s={search_term_string}"},"query-input":{"@type":"PropertyValueSpecification","valueRequired":true,"valueName":"search_term_string"}}],"inLanguage":"fr-FR"},{"@type":"Organization","@id":"https:\/\/www.canvasartbay.com\/#organization","name":"Canvas Art Bay","url":"https:\/\/www.canvasartbay.com\/","logo":{"@type":"ImageObject","inLanguage":"fr-FR","@id":"https:\/\/www.canvasartbay.com\/#\/schema\/logo\/image\/","url":"https:\/\/www.canvasartbay.com\/wp-content\/uploads\/2021\/09\/cropped-cropped-cropped-cropped-canvasartbay-logo-1-1-300x142-1.png","contentUrl":"https:\/\/www.canvasartbay.com\/wp-content\/uploads\/2021\/09\/cropped-cropped-cropped-cropped-canvasartbay-logo-1-1-300x142-1.png","width":300,"height":142,"caption":"Canvas Art Bay"},"image":{"@id":"https:\/\/www.canvasartbay.com\/#\/schema\/logo\/image\/"}}]}},"_links":{"self":[{"href":"https:\/\/www.canvasartbay.com\/fr\/wp-json\/wp\/v2\/pages\/118757","targetHints":{"allow":["GET"]}}],"collection":[{"href":"https:\/\/www.canvasartbay.com\/fr\/wp-json\/wp\/v2\/pages"}],"about":[{"href":"https:\/\/www.canvasartbay.com\/fr\/wp-json\/wp\/v2\/types\/page"}],"author":[{"embeddable":true,"href":"https:\/\/www.canvasartbay.com\/fr\/wp-json\/wp\/v2\/users\/3"}],"replies":[{"embeddable":true,"href":"https:\/\/www.canvasartbay.com\/fr\/wp-json\/wp\/v2\/comments?post=118757"}],"version-history":[{"count":0,"href":"https:\/\/www.canvasartbay.com\/fr\/wp-json\/wp\/v2\/pages\/118757\/revisions"}],"wp:attachment":[{"href":"https:\/\/www.canvasartbay.com\/fr\/wp-json\/wp\/v2\/media?parent=118757"}],"curies":[{"name":"wp","href":"https:\/\/api.w.org\/{rel}","templated":true}]}}