{"id":118763,"date":"2021-09-22T11:25:08","date_gmt":"2021-09-22T11:25:08","guid":{"rendered":"https:\/\/www.canvasartbay.com\/privacy-policy\/"},"modified":"2024-04-25T18:45:06","modified_gmt":"2024-04-25T18:45:06","slug":"politique-de-confidentialite","status":"publish","type":"page","link":"https:\/\/www.canvasartbay.com\/fr\/politique-de-confidentialite\/","title":{"rendered":"Politique de confidentialit\u00e9"},"content":{"rendered":"\t\t<div data-elementor-type=\"wp-page\" data-elementor-id=\"118763\" class=\"elementor elementor-118763 elementor-913\" data-elementor-post-type=\"page\">\n\t\t\t\t<div class=\"elementor-element elementor-element-2cfc618 e-flex e-con-boxed e-con e-parent\" data-id=\"2cfc618\" data-element_type=\"container\">\n\t\t\t\t\t<div class=\"e-con-inner\">\n\t\t<div class=\"elementor-element elementor-element-aafbcd8 e-con-full e-flex e-con e-child\" data-id=\"aafbcd8\" data-element_type=\"container\">\n\t\t\t\t<div class=\"elementor-element elementor-element-35392f6 elementor-widget elementor-widget-heading\" data-id=\"35392f6\" data-element_type=\"widget\" data-widget_type=\"heading.default\">\n\t\t\t\t<div class=\"elementor-widget-container\">\n\t\t\t\t\t<h1 class=\"elementor-heading-title elementor-size-default\">Politique de confidentialit\u00e9<\/h1>\t\t\t\t<\/div>\n\t\t\t\t<\/div>\n\t\t\t\t<div class=\"elementor-element elementor-element-9ae9441 elementor-widget elementor-widget-text-editor\" data-id=\"9ae9441\" data-element_type=\"widget\" data-widget_type=\"text-editor.default\">\n\t\t\t\t<div class=\"elementor-widget-container\">\n\t\t\t\t\t\t\t\t\t<h3><strong><em>D\u00e9claration de confidentialit\u00e9<\/em><\/strong><\/h3><p>La politique de confidentialit\u00e9 de CanvasArtBay explique comment vos informations personnelles sont collect\u00e9es, utilis\u00e9es et partag\u00e9es lors de votre visite ou de vos achats sur CanvasArtBay.com (le &#8220;Site&#8221;).<\/p><h3><strong>Informations personnelles que nous collectons <\/strong><\/h3><p>Lorsque vous parcourez notre site, nous enregistrons automatiquement certaines donn\u00e9es sur votre appareil, notamment des informations sur votre navigateur, votre adresse IP, votre fuseau horaire et certains cookies install\u00e9s sur votre appareil. De plus, \u00e0 mesure que vous explorez le site, nous recueillons des donn\u00e9es sur les pages web ou les produits que vous consultez, les sites web ou les mots-cl\u00e9s qui vous ont redirig\u00e9 vers le site, ainsi que des donn\u00e9es sur la mani\u00e8re dont vous interagissez avec le site. Ces informations collect\u00e9es automatiquement sont d\u00e9sign\u00e9es sous le nom de &#8220;Informations sur l&#8217;appareil&#8221;.<\/p><p>Nous obtenons des informations sur l&#8217;appareil gr\u00e2ce \u00e0 ces outils :<\/p><ul><li>Les &#8220;cookies&#8221; sont des fichiers de donn\u00e9es install\u00e9s sur votre appareil et se composent souvent d&#8217;un identifiant unique anonyme. Pour en savoir plus sur les cookies et sur la mani\u00e8re de les d\u00e9sactiver, consultez <a href=\"http:\/\/www.allaboutcookies.org\/\">http:\/\/www.allaboutcookies.org<\/a>.<\/li><li>Les &#8220;fichiers journaux&#8221; retracent les actions se d\u00e9roulant sur le site et recueillent des informations comprenant votre adresse IP, votre navigateur, votre fournisseur de services Internet, les pages de r\u00e9f\u00e9rence\/sortie, et les horodatages.<\/li><li>Les &#8220;balises web&#8221;, &#8220;tags&#8221; et &#8220;pixels&#8221; sont des fichiers \u00e9lectroniques utilis\u00e9s pour enregistrer des donn\u00e9es sur la fa\u00e7on dont vous parcourez le site.<\/li><\/ul><p>&#8220;En parcourant notre site web, vous acceptez que des tiers utilisent votre adresse IP pour d\u00e9terminer votre emplacement dans le but de la conversion de devises. De plus, vous acceptez que cette devise soit collect\u00e9e dans un cookie de session dans votre navigateur web. En faisant cela, votre devise restera coh\u00e9rente lors de la navigation sur le site, et les prix seront convertis dans votre devise locale.&#8221;<\/p><p>De plus, lors d&#8217;un achat sur notre site, nous recueillons certaines informations vous concernant, telles que votre nom, votre adresse de facturation, votre num\u00e9ro de t\u00e9l\u00e9phone, votre adresse e-mail, vos informations de paiement et votre adresse de livraison. C&#8217;est ce que nous appelons &#8220;Informations de commande&#8221;.<\/p><h3>.<strong>Comment utilisons-nous vos informations personnelles ?<\/strong><\/h3><p>Les informations de commande sont g\u00e9n\u00e9ralement utilis\u00e9es pour ex\u00e9cuter toutes les commandes pass\u00e9es sur notre site (y compris le traitement de vos informations de paiement, l&#8217;organisation de l&#8217;exp\u00e9dition, et la fourniture de factures et\/ou de confirmations de commande). De plus, nous avons besoin de ces informations de commande pour :<\/p><ul><li>Communiquer avec vous ;<\/li><li>Cacher nos commandes pour identifier d&#8217;\u00e9ventuels risques ou fraudes ; et<\/li><li>Conform\u00e9ment aux pr\u00e9f\u00e9rences que vous avez partag\u00e9es avec nous, vous fournir des donn\u00e9es ou des publicit\u00e9s relatives \u00e0 nos produits ou services.<\/li><\/ul><p>Nous utilisons les informations sur l&#8217;appareil que nous recueillons pour nous permettre de surveiller d&#8217;\u00e9ventuels risques et fraudes (en particulier votre adresse IP) et, plus g\u00e9n\u00e9ralement, pour am\u00e9liorer et optimiser notre site (par exemple, en g\u00e9n\u00e9rant des analyses sur la mani\u00e8re dont nos clients parcourent et interagissent avec le site, et pour \u00e9valuer le succ\u00e8s de nos campagnes marketing et publicitaires).<\/p><p>Nous utilisons Google Analytics pour une analyse agr\u00e9g\u00e9e et anonymis\u00e9e du trafic sur le site web. Pour faciliter le suivi de votre utilisation de la session, Google g\u00e9n\u00e8re un cookie (_ga) avec un identifiant de client g\u00e9n\u00e9r\u00e9 de mani\u00e8re al\u00e9atoire dans votre navigateur. Cet identifiant est anonymis\u00e9 et ne contient aucune donn\u00e9e identifiable telle qu&#8217;une adresse e-mail, un num\u00e9ro de t\u00e9l\u00e9phone, un nom, etc. Nous utilisons GA pour suivre les actions agr\u00e9g\u00e9es sur le site web, telles que les pages que vous avez visit\u00e9es, pendant combien de temps, etc. Ces donn\u00e9es sont essentielles pour nous afin d&#8217;am\u00e9liorer l&#8217;exp\u00e9rience utilisateur et de d\u00e9terminer l&#8217;utilit\u00e9 du site.<\/p><h3><strong>Partage de vos informations personnelles<\/strong><\/h3><p>Nous partageons vos informations personnelles avec des tiers pour nous permettre d&#8217;utiliser vos donn\u00e9es personnelles, comme mentionn\u00e9 ci-dessus. Par exemple, nous utilisons Google Analytics pour nous permettre de comprendre comment nos clients utilisent le site. Vous pouvez en savoir plus sur la mani\u00e8re dont Google utilise vos donn\u00e9es personnelles ici : <a href=\"https:\/\/www.google.com\/intl\/fr\/policies\/privacy\/\">https:\/\/www.google.com\/intl\/fr\/policies\/privacy\/<\/a>. Vous pouvez \u00e9galement vous d\u00e9sinscrire de Google Analytics ici : <a href=\"https:\/\/tools.google.com\/dlpage\/gaoptout\">https:\/\/tools.google.com\/dlpage\/gaoptout<\/a>.<\/p><p>En dernier lieu, nous pouvons \u00e9galement partager vos donn\u00e9es personnelles pour nous conformer aux lois et r\u00e9glementations applicables, r\u00e9pondre \u00e0 une assignation \u00e0 compara\u00eetre, un mandat de perquisition ou d&#8217;autres demandes l\u00e9gales d&#8217;informations que nous collectons, ou pour prot\u00e9ger autrement nos droits.<\/p><h3><strong>Publicit\u00e9 comportementale<\/strong><\/h3><p>Comme mentionn\u00e9 ci-dessus, nous utilisons vos donn\u00e9es personnelles pour vous fournir des publicit\u00e9s cibl\u00e9es ou des communications marketing que nous pensons \u00eatre utiles pour vous. Pour plus d&#8217;informations sur le fonctionnement de la publicit\u00e9 cibl\u00e9e, vous pouvez consulter la page \u00e9ducative de la Network Advertising Initiative (&#8220;NAI&#8221;) \u00e0 l&#8217;adresse <a href=\"https:\/\/www.networkadvertising.org\/understanding-online-advertising\/how-does-it-work\">https:\/\/www.networkadvertising.org\/understanding-online-advertising\/how-does-it-work<\/a>.<\/p><p>Vous pouvez choisir de ne pas participer \u00e0 la publicit\u00e9 cibl\u00e9e en utilisant les liens ci-dessous :<\/p><ul><li>Facebook : <a href=\"https:\/\/www.facebook.com\/settings\/?tab=ads\">https:\/\/www.facebook.com\/settings\/?tab=ads<\/a><\/li><li>Google : <a href=\"https:\/\/www.google.com\/settings\/ads\/anonymous\">https:\/\/www.google.com\/settings\/ads\/anonymous<\/a><\/li><li>Bing : <a href=\"https:\/\/advertise.bingads.microsoft.com\/en-us\/resources\/policies\/personalized-ads\">https:\/\/advertise.bingads.microsoft.com\/en-us\/resources\/policies\/personalized-ads<\/a><\/li><\/ul><p>De plus, vous pouvez choisir de ne pas participer \u00e0 certains de ces services en visitant le portail de d\u00e9sinscription de la Digital Advertising Alliance \u00e0 l&#8217;adresse : <a href=\"http:\/\/optout.aboutads.info\/\">http:\/\/optout.aboutads.info\/<\/a>.<\/p><p>Marketing textuel<\/p><p>Marketing textuel et notifications : En vous abonnant aux notifications par SMS, vous acceptez de recevoir fr\u00e9quemment des messages marketing automatis\u00e9s au num\u00e9ro de t\u00e9l\u00e9phone fourni. Le consentement n&#8217;est pas une condition d&#8217;achat. R\u00e9pondez STOP pour vous d\u00e9sabonner. AIDE pour obtenir de l&#8217;aide. Des frais de messagerie et de donn\u00e9es peuvent s&#8217;appliquer.<\/p><h3><strong>Programme de marketing par messagerie mobile SMS\/MMS<\/strong><\/h3><p>Nous respectons votre vie priv\u00e9e. Nous n&#8217;utiliserons votre information personnelle que dans le cadre du Programme pour transmettre vos messages mobiles et vous r\u00e9pondre, si n\u00e9cessaire. Cela inclut, mais sans s&#8217;y limiter, le partage d&#8217;informations avec les fournisseurs de plateforme, les compagnies de t\u00e9l\u00e9phone et d&#8217;autres fournisseurs qui nous aident dans la livraison des messages mobiles. NOUS NE VENDONS, NE LOUONS, NE PR\u00caTONS, N&#8217;\u00c9CHANGEONS, NE LOUONS, OU TRANSF\u00c9RONS AUTREMENT \u00c0 DES FINS LUCRATIVES AUCUN NUM\u00c9RO DE T\u00c9L\u00c9PHONE OU INFORMATION CLIENT RECUEILLIS PAR LE PROGRAMME \u00c0 UN TIERS. Cependant, nous nous r\u00e9servons le droit en tout temps de divulguer toute information n\u00e9cessaire pour se conformer \u00e0 toute loi, r\u00e9glementation ou demande gouvernementale, pour \u00e9viter toute responsabilit\u00e9, ou pour prot\u00e9ger nos droits ou biens. Lorsque vous remplissez des formulaires en ligne ou fournissez d&#8217;autres donn\u00e9es en relation avec le Programme, vous acceptez de fournir des informations pr\u00e9cises, compl\u00e8tes et v\u00e9ridiques. Vous acceptez de ne pas utiliser un nom faux ou trompeur, ou un nom que vous n&#8217;\u00eates pas autoris\u00e9 \u00e0 utiliser. Si, \u00e0 notre seule discr\u00e9tion, nous estimons que de telles donn\u00e9es sont fausses, inexactes, ou partielles, ou que vous avez adh\u00e9r\u00e9 au Programme dans un but d\u00e9tourn\u00e9, nous pouvons refuser votre acc\u00e8s au Programme et poursuivre toute action en justice appropri\u00e9e.<\/p><p>La section 1798.83 du Code civil de Californie permet aux utilisateurs du Programme r\u00e9sidant en Californie de demander des informations concernant notre divulgation des donn\u00e9es que vous fournissez via le Programme \u00e0 des tiers \u00e0 des fins de marketing direct. Pour faire une telle demande, <u>veuillez nous contacter<\/u>.<\/p><h3><strong>Vos droits :<\/strong><\/h3><h3><strong>R\u00e9sidents europ\u00e9ens<\/strong><\/h3><p>Si vous \u00eates un r\u00e9sident europ\u00e9en, vous avez le droit d&#8217;acc\u00e9der aux donn\u00e9es personnelles que nous avons sur vous et de demander que vos donn\u00e9es personnelles soient corrig\u00e9es, mises \u00e0 jour ou supprim\u00e9es. Si vous souhaitez exercer ce droit, veuillez nous contacter via les informations de contact ci-dessous.<\/p><p>De plus, si vous \u00eates un r\u00e9sident europ\u00e9en, nous vous informons que nous traitons vos donn\u00e9es personnelles afin de remplir les contrats que nous pourrions avoir avec vous (par exemple, si vous passez une commande sur le site), ou pour poursuivre nos int\u00e9r\u00eats l\u00e9gitimes commerciaux mentionn\u00e9s ci-dessus. De plus, veuillez noter que vos informations personnelles seront transf\u00e9r\u00e9es en dehors de l&#8217;Europe, notamment au Canada et aux \u00c9tats-Unis.<\/p><h3><strong>R\u00e9sidents de Californie<\/strong><\/h3><p>Si vous \u00eates un r\u00e9sident de la Californie, la California Consumer Privacy Act vous accorde les droits suivants :<\/p><ul><li>Le <u>droit de savoir<\/u> quelles donn\u00e9es personnelles nous recueillons \u00e0 votre sujet et comment elles sont utilis\u00e9es et partag\u00e9es ;<\/li><li>Le <u>droit de supprimer<\/u> les informations personnelles que nous avons collect\u00e9es aupr\u00e8s de vous ;<\/li><li>Le <u>droit de refuser<\/u> la vente de vos informations personnelles ; et<\/li><li>Le <u>droit de non-discrimination<\/u> pour l&#8217;utilisation de vos droits en vertu de la CCPA.<\/li><\/ul><p>Si vous souhaitez exercer vos droits, veuillez nous contacter via les informations de contact ci-dessous. Nous r\u00e9pondrons \u00e0 une demande de consommateur v\u00e9rifiable dans un d\u00e9lai de quarante-cinq (45) jours \u00e0 compter de sa r\u00e9ception. Si nous avons besoin de plus de temps (jusqu&#8217;\u00e0 90 jours), nous vous informerons de la raison et de la p\u00e9riode d&#8217;extension par \u00e9crit.<\/p><p>Soyez assur\u00e9 que nous ne vendons, ne louons, ne pr\u00eatons, n&#8217;\u00e9changeons, ne louons, ni ne transf\u00e9rons autrement \u00e0 des fins lucratives toutes les donn\u00e9es personnelles des clients re\u00e7ues via le site \u00e0 un tiers. Nous activons \u00e9galement par d\u00e9faut les options d&#8217;utilisation limit\u00e9e des donn\u00e9es chaque fois que les logiciels tiers nous le permettent.<\/p><h3><strong>Conservation des donn\u00e9es<\/strong><\/h3><p>Lorsque vous passez une commande via le site, nous conserverons vos informations de commande \u00e0 des fins d&#8217;archivage jusqu&#8217;\u00e0 ce que vous nous demandiez de supprimer ces donn\u00e9es.<\/p><h3><strong>Modifications<\/strong><\/h3><p>Nous pouvons mettre \u00e0 jour occasionnellement cette politique de confidentialit\u00e9 afin de refl\u00e9ter, par exemple, des changements dans nos pratiques ou pour d&#8217;autres raisons op\u00e9rationnelles, l\u00e9gales ou r\u00e9glementaires.<\/p><h3><strong>Contactez-nous<\/strong><\/h3><p>Pour en savoir plus sur nos pratiques en mati\u00e8re de confidentialit\u00e9, si vous souhaitez exercer vos droits, si vous avez des questions ou si vous souhaitez d\u00e9poser une plainte, veuillez nous contacter :<\/p><ul><li>Envoyez-nous un e-mail <a href=\"\u00e0%20contact@canvasartbay.com\">\u00e0 contact@canvasartbay.com<\/a><\/li><li>Appelez-nous au (+1) 775 461 5220<\/li><li>\u00c9crivez-nous \u00e0 :<\/li><\/ul><p>Canvas Art Bay LLC<\/p><p>1309 Coffeen Ave STE 1200<\/p><p>Sheridan, Wyoming 82801<\/p>\t\t\t\t\t\t\t\t<\/div>\n\t\t\t\t<\/div>\n\t\t\t\t<\/div>\n\t\t\t\t\t<\/div>\n\t\t\t\t<\/div>\n\t\t\t\t<\/div>\n\t\t","protected":false},"excerpt":{"rendered":"<p>Politique de confidentialit\u00e9 D\u00e9claration de confidentialit\u00e9 La politique de confidentialit\u00e9 de CanvasArtBay explique comment vos informations personnelles sont collect\u00e9es, utilis\u00e9es&#8230;<\/p>\n","protected":false},"author":3,"featured_media":0,"parent":0,"menu_order":0,"comment_status":"closed","ping_status":"closed","template":"","meta":{"_acf_changed":false,"footnotes":""},"class_list":["post-118763","page","type-page","status-publish","hentry"],"acf":[],"yoast_head":"<!-- This site is optimized with the Yoast SEO plugin v25.9 - https:\/\/yoast.com\/wordpress\/plugins\/seo\/ -->\n<title>Politique de confidentialit\u00e9 - Canvas Art Bay<\/title>\n<meta name=\"robots\" content=\"index, follow, max-snippet:-1, max-image-preview:large, max-video-preview:-1\" \/>\n<link rel=\"canonical\" href=\"https:\/\/www.canvasartbay.com\/privacy-policy\/\" \/>\n<meta property=\"og:locale\" content=\"fr_FR\" \/>\n<meta property=\"og:type\" content=\"article\" \/>\n<meta property=\"og:title\" content=\"Politique de confidentialit\u00e9 - Canvas Art Bay\" \/>\n<meta property=\"og:description\" content=\"Politique de confidentialit\u00e9 D\u00e9claration de confidentialit\u00e9 La politique de confidentialit\u00e9 de CanvasArtBay explique comment vos informations personnelles sont collect\u00e9es, utilis\u00e9es...\" \/>\n<meta property=\"og:url\" content=\"https:\/\/www.canvasartbay.com\/privacy-policy\/\" \/>\n<meta property=\"og:site_name\" content=\"Canvas Art Bay\" \/>\n<meta property=\"article:modified_time\" content=\"2024-04-25T18:45:06+00:00\" \/>\n<meta name=\"twitter:card\" content=\"summary_large_image\" \/>\n<meta name=\"twitter:label1\" content=\"Dur\u00e9e de lecture estim\u00e9e\" \/>\n\t<meta name=\"twitter:data1\" content=\"6 minutes\" \/>\n<script type=\"application\/ld+json\" class=\"yoast-schema-graph\">{\"@context\":\"https:\/\/schema.org\",\"@graph\":[{\"@type\":\"WebPage\",\"@id\":\"https:\/\/www.canvasartbay.com\/privacy-policy\/\",\"url\":\"https:\/\/www.canvasartbay.com\/privacy-policy\/\",\"name\":\"Politique de confidentialit\u00e9 - Canvas Art Bay\",\"isPartOf\":{\"@id\":\"https:\/\/www.canvasartbay.com\/#website\"},\"datePublished\":\"2021-09-22T11:25:08+00:00\",\"dateModified\":\"2024-04-25T18:45:06+00:00\",\"breadcrumb\":{\"@id\":\"https:\/\/www.canvasartbay.com\/privacy-policy\/#breadcrumb\"},\"inLanguage\":\"fr-FR\",\"potentialAction\":[{\"@type\":\"ReadAction\",\"target\":[\"https:\/\/www.canvasartbay.com\/privacy-policy\/\"]}]},{\"@type\":\"BreadcrumbList\",\"@id\":\"https:\/\/www.canvasartbay.com\/privacy-policy\/#breadcrumb\",\"itemListElement\":[{\"@type\":\"ListItem\",\"position\":1,\"name\":\"Home\",\"item\":\"https:\/\/www.canvasartbay.com\/\"},{\"@type\":\"ListItem\",\"position\":2,\"name\":\"Politique de confidentialit\u00e9\"}]},{\"@type\":\"WebSite\",\"@id\":\"https:\/\/www.canvasartbay.com\/#website\",\"url\":\"https:\/\/www.canvasartbay.com\/\",\"name\":\"Canvas Art Bay\",\"description\":\"\",\"publisher\":{\"@id\":\"https:\/\/www.canvasartbay.com\/#organization\"},\"potentialAction\":[{\"@type\":\"SearchAction\",\"target\":{\"@type\":\"EntryPoint\",\"urlTemplate\":\"https:\/\/www.canvasartbay.com\/?s={search_term_string}\"},\"query-input\":{\"@type\":\"PropertyValueSpecification\",\"valueRequired\":true,\"valueName\":\"search_term_string\"}}],\"inLanguage\":\"fr-FR\"},{\"@type\":\"Organization\",\"@id\":\"https:\/\/www.canvasartbay.com\/#organization\",\"name\":\"Canvas Art Bay\",\"url\":\"https:\/\/www.canvasartbay.com\/\",\"logo\":{\"@type\":\"ImageObject\",\"inLanguage\":\"fr-FR\",\"@id\":\"https:\/\/www.canvasartbay.com\/#\/schema\/logo\/image\/\",\"url\":\"https:\/\/www.canvasartbay.com\/wp-content\/uploads\/2021\/09\/cropped-cropped-cropped-cropped-canvasartbay-logo-1-1-300x142-1.png\",\"contentUrl\":\"https:\/\/www.canvasartbay.com\/wp-content\/uploads\/2021\/09\/cropped-cropped-cropped-cropped-canvasartbay-logo-1-1-300x142-1.png\",\"width\":300,\"height\":142,\"caption\":\"Canvas Art Bay\"},\"image\":{\"@id\":\"https:\/\/www.canvasartbay.com\/#\/schema\/logo\/image\/\"}}]}<\/script>\n<!-- \/ Yoast SEO plugin. -->","yoast_head_json":{"title":"Politique de confidentialit\u00e9 - Canvas Art Bay","robots":{"index":"index","follow":"follow","max-snippet":"max-snippet:-1","max-image-preview":"max-image-preview:large","max-video-preview":"max-video-preview:-1"},"canonical":"https:\/\/www.canvasartbay.com\/privacy-policy\/","og_locale":"fr_FR","og_type":"article","og_title":"Politique de confidentialit\u00e9 - Canvas Art Bay","og_description":"Politique de confidentialit\u00e9 D\u00e9claration de confidentialit\u00e9 La politique de confidentialit\u00e9 de CanvasArtBay explique comment vos informations personnelles sont collect\u00e9es, utilis\u00e9es...","og_url":"https:\/\/www.canvasartbay.com\/privacy-policy\/","og_site_name":"Canvas Art Bay","article_modified_time":"2024-04-25T18:45:06+00:00","twitter_card":"summary_large_image","twitter_misc":{"Dur\u00e9e de lecture estim\u00e9e":"6 minutes"},"schema":{"@context":"https:\/\/schema.org","@graph":[{"@type":"WebPage","@id":"https:\/\/www.canvasartbay.com\/privacy-policy\/","url":"https:\/\/www.canvasartbay.com\/privacy-policy\/","name":"Politique de confidentialit\u00e9 - Canvas Art Bay","isPartOf":{"@id":"https:\/\/www.canvasartbay.com\/#website"},"datePublished":"2021-09-22T11:25:08+00:00","dateModified":"2024-04-25T18:45:06+00:00","breadcrumb":{"@id":"https:\/\/www.canvasartbay.com\/privacy-policy\/#breadcrumb"},"inLanguage":"fr-FR","potentialAction":[{"@type":"ReadAction","target":["https:\/\/www.canvasartbay.com\/privacy-policy\/"]}]},{"@type":"BreadcrumbList","@id":"https:\/\/www.canvasartbay.com\/privacy-policy\/#breadcrumb","itemListElement":[{"@type":"ListItem","position":1,"name":"Home","item":"https:\/\/www.canvasartbay.com\/"},{"@type":"ListItem","position":2,"name":"Politique de confidentialit\u00e9"}]},{"@type":"WebSite","@id":"https:\/\/www.canvasartbay.com\/#website","url":"https:\/\/www.canvasartbay.com\/","name":"Canvas Art Bay","description":"","publisher":{"@id":"https:\/\/www.canvasartbay.com\/#organization"},"potentialAction":[{"@type":"SearchAction","target":{"@type":"EntryPoint","urlTemplate":"https:\/\/www.canvasartbay.com\/?s={search_term_string}"},"query-input":{"@type":"PropertyValueSpecification","valueRequired":true,"valueName":"search_term_string"}}],"inLanguage":"fr-FR"},{"@type":"Organization","@id":"https:\/\/www.canvasartbay.com\/#organization","name":"Canvas Art Bay","url":"https:\/\/www.canvasartbay.com\/","logo":{"@type":"ImageObject","inLanguage":"fr-FR","@id":"https:\/\/www.canvasartbay.com\/#\/schema\/logo\/image\/","url":"https:\/\/www.canvasartbay.com\/wp-content\/uploads\/2021\/09\/cropped-cropped-cropped-cropped-canvasartbay-logo-1-1-300x142-1.png","contentUrl":"https:\/\/www.canvasartbay.com\/wp-content\/uploads\/2021\/09\/cropped-cropped-cropped-cropped-canvasartbay-logo-1-1-300x142-1.png","width":300,"height":142,"caption":"Canvas Art Bay"},"image":{"@id":"https:\/\/www.canvasartbay.com\/#\/schema\/logo\/image\/"}}]}},"_links":{"self":[{"href":"https:\/\/www.canvasartbay.com\/fr\/wp-json\/wp\/v2\/pages\/118763","targetHints":{"allow":["GET"]}}],"collection":[{"href":"https:\/\/www.canvasartbay.com\/fr\/wp-json\/wp\/v2\/pages"}],"about":[{"href":"https:\/\/www.canvasartbay.com\/fr\/wp-json\/wp\/v2\/types\/page"}],"author":[{"embeddable":true,"href":"https:\/\/www.canvasartbay.com\/fr\/wp-json\/wp\/v2\/users\/3"}],"replies":[{"embeddable":true,"href":"https:\/\/www.canvasartbay.com\/fr\/wp-json\/wp\/v2\/comments?post=118763"}],"version-history":[{"count":0,"href":"https:\/\/www.canvasartbay.com\/fr\/wp-json\/wp\/v2\/pages\/118763\/revisions"}],"wp:attachment":[{"href":"https:\/\/www.canvasartbay.com\/fr\/wp-json\/wp\/v2\/media?parent=118763"}],"curies":[{"name":"wp","href":"https:\/\/api.w.org\/{rel}","templated":true}]}}