{"id":118807,"date":"2021-09-22T11:23:21","date_gmt":"2021-09-22T11:23:21","guid":{"rendered":"https:\/\/www.canvasartbay.com\/dmca-compliance\/"},"modified":"2024-03-07T09:43:50","modified_gmt":"2024-03-07T09:43:50","slug":"conformite-dmca","status":"publish","type":"page","link":"https:\/\/www.canvasartbay.com\/fr\/conformite-dmca\/","title":{"rendered":"Conformit\u00e9 DMCA"},"content":{"rendered":"\t\t<div data-elementor-type=\"wp-page\" data-elementor-id=\"118807\" class=\"elementor elementor-118807 elementor-911\" data-elementor-post-type=\"page\">\n\t\t\t\t\t\t<section class=\"elementor-section elementor-top-section elementor-element elementor-element-62c2a007 elementor-section-boxed elementor-section-height-default elementor-section-height-default\" data-id=\"62c2a007\" data-element_type=\"section\">\n\t\t\t\t\t\t<div class=\"elementor-container elementor-column-gap-default\">\n\t\t\t\t\t<div class=\"elementor-column elementor-col-100 elementor-top-column elementor-element elementor-element-55d569e7\" data-id=\"55d569e7\" data-element_type=\"column\">\n\t\t\t<div class=\"elementor-widget-wrap elementor-element-populated\">\n\t\t\t\t\t\t<div class=\"elementor-element elementor-element-f6e7087 elementor-widget elementor-widget-heading\" data-id=\"f6e7087\" data-element_type=\"widget\" data-widget_type=\"heading.default\">\n\t\t\t\t<div class=\"elementor-widget-container\">\n\t\t\t\t\t<h1 class=\"elementor-heading-title elementor-size-default\">Loi sur le droit d'auteur dans le mill\u00e9naire num\u00e9rique<\/h1>\t\t\t\t<\/div>\n\t\t\t\t<\/div>\n\t\t\t\t<div class=\"elementor-element elementor-element-b017769 elementor-widget elementor-widget-spacer\" data-id=\"b017769\" data-element_type=\"widget\" data-widget_type=\"spacer.default\">\n\t\t\t\t<div class=\"elementor-widget-container\">\n\t\t\t\t\t\t\t<div class=\"elementor-spacer\">\n\t\t\t<div class=\"elementor-spacer-inner\"><\/div>\n\t\t<\/div>\n\t\t\t\t\t\t<\/div>\n\t\t\t\t<\/div>\n\t\t\t\t<div class=\"elementor-element elementor-element-2ac4110f elementor-widget elementor-widget-text-editor\" data-id=\"2ac4110f\" data-element_type=\"widget\" data-widget_type=\"text-editor.default\">\n\t\t\t\t<div class=\"elementor-widget-container\">\n\t\t\t\t\t\t\t\t\t<p><strong>Canvas Art Bay<\/strong> soutient l&#8217;ensemble de la communaut\u00e9 artistique de toutes les mani\u00e8res possibles ! Nous avons construit notre communaut\u00e9 enti\u00e8rement sur les principes fondamentaux li\u00e9s au respect et \u00e0 la reconnaissance des artistes. Nous demandons humblement \u00e0 toute personne de ne pas publier d&#8217;\u0153uvres sur Canvas Art Bay qui pourraient violer la propri\u00e9t\u00e9 intellectuelle d&#8217;autres artistes, entreprises et de leurs marques d\u00e9pos\u00e9es ! En agissant ainsi, vous contribuerez \u00e0 ancrer Canvas Art Bay en tant qu&#8217;entreprise digne de confiance et \u00e9thiquement responsable qui op\u00e8re avec une int\u00e9grit\u00e9 totale.<\/p><p>Il existe plusieurs trait\u00e9s internationaux li\u00e9s \u00e0 la propri\u00e9t\u00e9 intellectuelle, mais les lois ne sont pas uniformes dans le monde entier. Cependant, de mani\u00e8re g\u00e9n\u00e9rale\u2026<\/p><p><strong>Le droit d&#8217;AUTEUR<\/strong> prot\u00e8ge l&#8217;expression d&#8217;une id\u00e9e originale enregistr\u00e9e sous une forme tangible, telle que des \u0153uvres d&#8217;art sous la forme de photographies ou de peintures, et des \u0153uvres litt\u00e9raires sous la forme de po\u00e8mes ou d&#8217;histoires.<\/p><p><strong>Le droit des MARQUES<\/strong> prot\u00e8ge l&#8217;utilisation de mots, symboles, designs ou logos identifiant et distinguant une source de biens.<\/p><p><strong>Les DROITS \u00c0 L&#8217;IMAGE<\/strong> prot\u00e8gent le nom, l&#8217;image et la ressemblance d&#8217;une personne. En gros, cela signifie que vous ne pouvez pas utiliser l&#8217;identit\u00e9 de quelqu&#8217;un d&#8217;autre \u00e0 des fins commerciales sans son consentement.<\/p><p><strong>UNE NOTE SUR L&#8217;USAGE \u00c9QUITABLE<\/strong><\/p><p>Il se pourrait que vous puissiez incorporer le droit d&#8217;auteur ou la marque d\u00e9pos\u00e9e de quelqu&#8217;un d&#8217;autre dans votre propre travail, si vous le faites de mani\u00e8re consid\u00e9r\u00e9e comme &#8220;usage \u00e9quitable&#8221; ou de mani\u00e8re \u00e0 \u00eatre qualifi\u00e9e comme une autre utilisation permise. Cependant, veuillez noter que &#8220;l&#8217;usage \u00e9quitable&#8221; s&#8217;applique g\u00e9n\u00e9ralement dans des circonstances limit\u00e9es et n&#8217;est pas la m\u00eame chose que &#8220;la libert\u00e9 d&#8217;expression&#8221;. En toute franchise, &#8220;l&#8217;usage \u00e9quitable&#8221; est un concept difficile, m\u00eame pour les experts, et la port\u00e9e de &#8220;l&#8217;usage \u00e9quitable&#8221; est diff\u00e9rente dans diff\u00e9rents pays. Donc, m\u00eame si vous pensez avoir cr\u00e9\u00e9 une \u0153uvre couverte par &#8220;l&#8217;usage \u00e9quitable&#8221; ou une autre utilisation permise, vous devriez consulter un avocat avant de l&#8217;utiliser en relation avec le service Canvas Art Bay. Bien que certaines utilisations puissent vous sembler &#8220;\u00e9quitables&#8221; ou permises, nous vous demandons de comprendre que Canvas Art Bay doit agir conform\u00e9ment \u00e0 sa proc\u00e9dure de notification et de retrait lorsqu&#8217;un signalement a \u00e9t\u00e9 re\u00e7u. De plus, certaines \u0153uvres peuvent \u00eatre retir\u00e9es sans qu&#8217;un signalement sp\u00e9cifique ne soit re\u00e7u si nous sommes par ailleurs alert\u00e9s ou conscients de probl\u00e8mes potentiels de violation.<\/p><p>En fin de compte, vous assumez l&#8217;enti\u00e8re responsabilit\u00e9 des \u0153uvres que vous t\u00e9l\u00e9chargez et affichez sur Canvas Art Bay. Cela se refl\u00e8te dans nos CONDITIONS D&#8217;UTILISATION. L&#8217;utilisation du site web de Canvas Art Bay indique une acceptation continue de cet accord.<\/p><p>Alors, s&#8217;il vous pla\u00eet, faites-nous une faveur \u00e0 tous et si quelqu&#8217;un a cr\u00e9\u00e9 ou d\u00e9tient les droits sur une image, une peinture, une photographie, un logo, une histoire, un po\u00e8me ou toute autre \u0153uvre, droit d&#8217;auteur, marque d\u00e9pos\u00e9e ou droit \u00e0 l&#8217;image (peu importe s&#8217;il s&#8217;agit d&#8217;un individu ou d&#8217;une grande entreprise mondiale), obtenez son consentement avant d&#8217;utiliser cette \u0153uvre en relation avec le service Canvas Art Bay. Cela contribuera \u00e0 garantir que vous ne violez pas les droits de tiers et nous aidera \u00e0 promouvoir un environnement encourageant et inspirant \u00e0 Canvas Art Bay, rempli d&#8217;esprit, d&#8217;\u00e2me, de sens et de g\u00e9nie esth\u00e9tique.<\/p><p><strong>POLITIQUE DE R\u00c9CIDIVE DE VIOLATION<\/strong><\/p><p>Il est politique de Canvas Art Bay, dans des circonstances appropri\u00e9es, de d\u00e9sactiver et\/ou de r\u00e9silier les comptes des utilisateurs qui violent de mani\u00e8re r\u00e9p\u00e9t\u00e9e ou sont fr\u00e9quemment accus\u00e9s de violer les droits d&#8217;auteur, les droits des marques, d&#8217;autres droits de propri\u00e9t\u00e9 intellectuelle ou les droits \u00e0 l&#8217;image d&#8217;autrui.<\/p><p><strong>AVIS DE VIOLATION ET PROC\u00c9DURE DE RETRAIT :<\/strong><\/p><p>Canvas Art Bay respecte les droits de propri\u00e9t\u00e9 intellectuelle d&#8217;autrui et nous demandons \u00e0 nos utilisateurs d&#8217;en faire de m\u00eame.<\/p><p>** Si vous pensez que votre contenu a \u00e9t\u00e9 utilis\u00e9 d&#8217;une mani\u00e8re constituant une violation de vos droits, veuillez informer l&#8217;agent d\u00e9sign\u00e9 de Canvas Art Bay pour les plaintes (adresse e-mail de contact ci-dessous) en envoyant un Avis de Violation et de Retrait, qui doit inclure les informations importantes suivantes :<\/p><ol><li>une signature \u00e9lectronique ou physique de la personne autoris\u00e9e \u00e0 agir au nom du propri\u00e9taire du contenu pertinent ;<\/li><li>une description du contenu pr\u00e9tendument viol\u00e9 ;<\/li><li>une description de l&#8217;emplacement du contenu pr\u00e9tendument violant sur le site de Canvas Art Bay ;<\/li><li>votre adresse, num\u00e9ro de t\u00e9l\u00e9phone et adresse e-mail ;<\/li><li>une d\u00e9claration de votre part indiquant que vous croyez de bonne foi que l&#8217;utilisation contest\u00e9e n&#8217;est pas autoris\u00e9e par le propri\u00e9taire, son agent ou la loi ;<\/li><li>une d\u00e9claration de votre part, sous peine de parjure, indiquant que :<ol><li>les informations ci-dessus sont exactes ; et<\/li><li>vous \u00eates autoris\u00e9 \u00e0 agir au nom du propri\u00e9taire des droits concern\u00e9s.<\/li><\/ol><\/li><\/ol><p>\u00a0<\/p><p>L&#8217;agent d\u00e9sign\u00e9 de Canvas Art Bay pour les plaintes peut \u00eatre contact\u00e9 \u00e0 l&#8217;adresse : <a href=\"legal@canvasartbay.com\">legal@canvasartbay.com<\/a><\/p><p>De plus, dans certaines circonstances, Canvas Art Bay peut suspendre ou r\u00e9silier les comptes des utilisateurs qui, \u00e0 notre avis, enfreignent d\u00e9lib\u00e9r\u00e9ment les droits d&#8217;auteur, les marques d\u00e9pos\u00e9es, les droits \u00e0 l&#8217;image ou d&#8217;autres droits d&#8217;autrui.<\/p><p>Si Votre \u0152uvre A \u00c9t\u00e9 Incluse dans un Avis\/Retrait<\/p><p>Si l&#8217;\u00e9quipe de contenu de Canvas Art Bay a re\u00e7u un Avis de Violation et de Retrait qui note sp\u00e9cifiquement une ou plusieurs de vos \u0153uvres, les \u0153uvres not\u00e9es auront \u00e9t\u00e9 retir\u00e9es. Vous ne pourrez pas voir ou mettre \u00e0 jour ces \u0153uvres.<\/p><p>L&#8217;Avis de Violation et de Retrait re\u00e7u peut ou non inclure d&#8217;autres \u0153uvres d&#8217;autres artistes, et en retirant l&#8217;\u0153uvre, nous ne d\u00e9clarons pas que votre \u0153uvre enfreint ou non la loi sur les droits d&#8217;auteur, les marques d\u00e9pos\u00e9es ou les droits \u00e0 l&#8217;image.<\/p><p>Nous avons l&#8217;obligation l\u00e9gale d&#8217;agir sur les signalements d\u00e9pos\u00e9s conform\u00e9ment \u00e0 notre Politique sur les droits de propri\u00e9t\u00e9 intellectuelle\/droits \u00e0 l&#8217;image.<\/p><p>Bien que l&#8217;\u0153uvre n&#8217;ait peut-\u00eatre pas \u00e9t\u00e9 une copie directe du travail de quelqu&#8217;un d&#8217;autre, elle peut contenir des \u00e9l\u00e9ments, des logos ou des ressemblances personnelles qui peuvent enfreindre les droits d&#8217;autrui.<\/p><p>Si vous pensez qu&#8217;un signalement \u00e9tait erron\u00e9 ou ne devrait pas s&#8217;appliquer \u00e0 votre \u0153uvre, vous avez le droit de d\u00e9poser une contre-notification.<\/p><p><strong>Nous nous excusons de ne pas \u00eatre l\u00e9galement en mesure de fournir des conseils individuels sur le droit d&#8217;auteur, les marques d\u00e9pos\u00e9es ou les droits \u00e0 l&#8217;image, ni de donner des opinions personnelles sur ces questions.<\/strong><\/p><p>Nous vous recommandons de vous informer sur les lois pertinentes en mati\u00e8re de droit d&#8217;auteur, de marques d\u00e9pos\u00e9es et de droits \u00e0 l&#8217;image, ainsi que sur leur application \u00e0 votre travail sur Internet (quelques liens ci-dessous), ou de consulter un sp\u00e9cialiste en propri\u00e9t\u00e9 intellectuelle si vous n&#8217;\u00eates pas s\u00fbr de la raison pour laquelle votre \u0153uvre sp\u00e9cifique a pu \u00eatre incluse dans un Avis de Violation et de Retrait.<\/p><ul><li><u>Droit d&#8217;auteur g\u00e9n\u00e9ral<\/u><\/li><li><u>Marque d\u00e9pos\u00e9e g\u00e9n\u00e9rale<\/u><\/li><li><u>Droits \u00e0 l&#8217;image g\u00e9n\u00e9raux<\/u><\/li><li><u>Australie<\/u><\/li><li><u>Royaume-Uni<\/u><\/li><li><u>Droit d&#8217;auteur aux \u00c9tats-Unis<\/u><\/li><li><u>Marque d\u00e9pos\u00e9e aux \u00c9tats-Unis<\/u><\/li><\/ul><p><strong>D\u00c9P\u00d4T D&#8217;UNE CONTRE-NOTIFICATION :<\/strong><\/p><p>Si vous pensez que le retrait du contenu est le r\u00e9sultat d&#8217;une erreur (par exemple, que vous avez l&#8217;autorisation) ou d&#8217;une mauvaise identification, vous pouvez nous envoyer une contre-notification. Une telle contre-notification doit fournir les informations suivantes :<\/p><ol><li>Une signature \u00e9lectronique ou physique de la personne autoris\u00e9e \u00e0 agir au nom du propri\u00e9taire du contenu pertinent ;<\/li><li>une description du contenu que nous avons retir\u00e9, y compris l&#8217;URL sur laquelle le contenu \u00e9tait situ\u00e9 sur le site Canvas Art Bay ;<\/li><li>votre adresse, num\u00e9ro de t\u00e9l\u00e9phone et adresse e-mail ;<\/li><li>une d\u00e9claration de votre part indiquant que vous consentez \u00e0 la juridiction du tribunal f\u00e9d\u00e9ral du district de Fulton County, en G\u00e9orgie, aux \u00c9tats-Unis, et que vous accepterez la signification de la proc\u00e9dure de la part de la personne ayant fourni la notification d\u00e9crite ci-dessus ou d&#8217;un agent de cette personne ;<\/li><li>une d\u00e9claration de votre part, sous peine de parjure, indiquant que vous croyez de bonne foi que le mat\u00e9riel a \u00e9t\u00e9 retir\u00e9 ou d\u00e9sactiv\u00e9 en raison d&#8217;une erreur ou d&#8217;une mauvaise identification du mat\u00e9riel devant \u00eatre retir\u00e9 ou d\u00e9sactiv\u00e9.<\/li><li>Vous pouvez envoyer une contre-notification \u00e0 <a href=\"legal@canvasartbay.com\">legal@canvasartbay.com<\/a><\/li><\/ol><p>Si nous recevons votre contre-notification mais que votre \u0153uvre ne respecte pas l&#8217;Accord Utilisateur de Canvas Art Bay et\/ou la Politique sur les droits de propri\u00e9t\u00e9 intellectuelle\/droits \u00e0 l&#8217;image, nous pouvons vous informer que nous ne sommes pas en mesure de r\u00e9tablir votre \u0153uvre. Nous pouvons \u00e9galement vous demander des informations suppl\u00e9mentaires afin de d\u00e9terminer si l&#8217;\u0153uvre peut \u00eatre r\u00e9tablie.<\/p><p>Dans de nombreuses circonstances, cependant, nous transmettrons votre contre-notification directement au plaignant, ce qui inclura vos coordonn\u00e9es personnelles. \u00c0 ce moment-l\u00e0, le plaignant peut intenter une action en justice contre vous aux \u00c9tats-Unis. Si, apr\u00e8s 14 jours, le plaignant n&#8217;a pas engag\u00e9 d&#8217;action en justice contre vous, vous pouvez nous contacter pour demander le r\u00e9tablissement de votre \u0153uvre. Si votre \u0153uvre respecte par ailleurs notre Accord Utilisateur et notre Politique sur les droits de propri\u00e9t\u00e9 intellectuelle\/droits \u00e0 l&#8217;image, nous pouvons r\u00e9tablir votre \u0153uvre \u00e0 ce moment-l\u00e0.<\/p>\t\t\t\t\t\t\t\t<\/div>\n\t\t\t\t<\/div>\n\t\t\t\t\t<\/div>\n\t\t<\/div>\n\t\t\t\t\t<\/div>\n\t\t<\/section>\n\t\t\t\t<\/div>\n\t\t","protected":false},"excerpt":{"rendered":"<p>Loi sur le droit d&#8217;auteur dans le mill\u00e9naire num\u00e9rique Canvas Art Bay soutient l&#8217;ensemble de la communaut\u00e9 artistique de toutes&#8230;<\/p>\n","protected":false},"author":3,"featured_media":0,"parent":0,"menu_order":0,"comment_status":"closed","ping_status":"closed","template":"","meta":{"_acf_changed":false,"footnotes":""},"class_list":["post-118807","page","type-page","status-publish","hentry"],"acf":[],"yoast_head":"<!-- This site is optimized with the Yoast SEO plugin v25.9 - https:\/\/yoast.com\/wordpress\/plugins\/seo\/ -->\n<title>Conformit\u00e9 DMCA - Canvas Art Bay<\/title>\n<meta name=\"robots\" content=\"index, follow, max-snippet:-1, max-image-preview:large, max-video-preview:-1\" \/>\n<link rel=\"canonical\" href=\"https:\/\/www.canvasartbay.com\/fr\/conformite-dmca\/\" \/>\n<meta property=\"og:locale\" content=\"fr_FR\" \/>\n<meta property=\"og:type\" content=\"article\" \/>\n<meta property=\"og:title\" content=\"Conformit\u00e9 DMCA - Canvas Art Bay\" \/>\n<meta property=\"og:description\" content=\"Loi sur le droit d&#8217;auteur dans le mill\u00e9naire num\u00e9rique Canvas Art Bay soutient l&#8217;ensemble de la communaut\u00e9 artistique de toutes...\" \/>\n<meta property=\"og:url\" content=\"https:\/\/www.canvasartbay.com\/fr\/conformite-dmca\/\" \/>\n<meta property=\"og:site_name\" content=\"Canvas Art Bay\" \/>\n<meta property=\"article:modified_time\" content=\"2024-03-07T09:43:50+00:00\" \/>\n<meta name=\"twitter:card\" content=\"summary_large_image\" \/>\n<meta name=\"twitter:label1\" content=\"Dur\u00e9e de lecture estim\u00e9e\" \/>\n\t<meta name=\"twitter:data1\" content=\"6 minutes\" \/>\n<script type=\"application\/ld+json\" class=\"yoast-schema-graph\">{\"@context\":\"https:\/\/schema.org\",\"@graph\":[{\"@type\":\"WebPage\",\"@id\":\"https:\/\/www.canvasartbay.com\/fr\/conformite-dmca\/\",\"url\":\"https:\/\/www.canvasartbay.com\/fr\/conformite-dmca\/\",\"name\":\"Conformit\u00e9 DMCA - Canvas Art Bay\",\"isPartOf\":{\"@id\":\"https:\/\/www.canvasartbay.com\/#website\"},\"datePublished\":\"2021-09-22T11:23:21+00:00\",\"dateModified\":\"2024-03-07T09:43:50+00:00\",\"breadcrumb\":{\"@id\":\"https:\/\/www.canvasartbay.com\/fr\/conformite-dmca\/#breadcrumb\"},\"inLanguage\":\"fr-FR\",\"potentialAction\":[{\"@type\":\"ReadAction\",\"target\":[\"https:\/\/www.canvasartbay.com\/fr\/conformite-dmca\/\"]}]},{\"@type\":\"BreadcrumbList\",\"@id\":\"https:\/\/www.canvasartbay.com\/fr\/conformite-dmca\/#breadcrumb\",\"itemListElement\":[{\"@type\":\"ListItem\",\"position\":1,\"name\":\"Home\",\"item\":\"https:\/\/www.canvasartbay.com\/\"},{\"@type\":\"ListItem\",\"position\":2,\"name\":\"Conformit\u00e9 DMCA\"}]},{\"@type\":\"WebSite\",\"@id\":\"https:\/\/www.canvasartbay.com\/#website\",\"url\":\"https:\/\/www.canvasartbay.com\/\",\"name\":\"Canvas Art Bay\",\"description\":\"\",\"publisher\":{\"@id\":\"https:\/\/www.canvasartbay.com\/#organization\"},\"potentialAction\":[{\"@type\":\"SearchAction\",\"target\":{\"@type\":\"EntryPoint\",\"urlTemplate\":\"https:\/\/www.canvasartbay.com\/?s={search_term_string}\"},\"query-input\":{\"@type\":\"PropertyValueSpecification\",\"valueRequired\":true,\"valueName\":\"search_term_string\"}}],\"inLanguage\":\"fr-FR\"},{\"@type\":\"Organization\",\"@id\":\"https:\/\/www.canvasartbay.com\/#organization\",\"name\":\"Canvas Art Bay\",\"url\":\"https:\/\/www.canvasartbay.com\/\",\"logo\":{\"@type\":\"ImageObject\",\"inLanguage\":\"fr-FR\",\"@id\":\"https:\/\/www.canvasartbay.com\/#\/schema\/logo\/image\/\",\"url\":\"https:\/\/www.canvasartbay.com\/wp-content\/uploads\/2021\/09\/cropped-cropped-cropped-cropped-canvasartbay-logo-1-1-300x142-1.png\",\"contentUrl\":\"https:\/\/www.canvasartbay.com\/wp-content\/uploads\/2021\/09\/cropped-cropped-cropped-cropped-canvasartbay-logo-1-1-300x142-1.png\",\"width\":300,\"height\":142,\"caption\":\"Canvas Art Bay\"},\"image\":{\"@id\":\"https:\/\/www.canvasartbay.com\/#\/schema\/logo\/image\/\"}}]}<\/script>\n<!-- \/ Yoast SEO plugin. -->","yoast_head_json":{"title":"Conformit\u00e9 DMCA - Canvas Art Bay","robots":{"index":"index","follow":"follow","max-snippet":"max-snippet:-1","max-image-preview":"max-image-preview:large","max-video-preview":"max-video-preview:-1"},"canonical":"https:\/\/www.canvasartbay.com\/fr\/conformite-dmca\/","og_locale":"fr_FR","og_type":"article","og_title":"Conformit\u00e9 DMCA - Canvas Art Bay","og_description":"Loi sur le droit d&#8217;auteur dans le mill\u00e9naire num\u00e9rique Canvas Art Bay soutient l&#8217;ensemble de la communaut\u00e9 artistique de toutes...","og_url":"https:\/\/www.canvasartbay.com\/fr\/conformite-dmca\/","og_site_name":"Canvas Art Bay","article_modified_time":"2024-03-07T09:43:50+00:00","twitter_card":"summary_large_image","twitter_misc":{"Dur\u00e9e de lecture estim\u00e9e":"6 minutes"},"schema":{"@context":"https:\/\/schema.org","@graph":[{"@type":"WebPage","@id":"https:\/\/www.canvasartbay.com\/fr\/conformite-dmca\/","url":"https:\/\/www.canvasartbay.com\/fr\/conformite-dmca\/","name":"Conformit\u00e9 DMCA - Canvas Art Bay","isPartOf":{"@id":"https:\/\/www.canvasartbay.com\/#website"},"datePublished":"2021-09-22T11:23:21+00:00","dateModified":"2024-03-07T09:43:50+00:00","breadcrumb":{"@id":"https:\/\/www.canvasartbay.com\/fr\/conformite-dmca\/#breadcrumb"},"inLanguage":"fr-FR","potentialAction":[{"@type":"ReadAction","target":["https:\/\/www.canvasartbay.com\/fr\/conformite-dmca\/"]}]},{"@type":"BreadcrumbList","@id":"https:\/\/www.canvasartbay.com\/fr\/conformite-dmca\/#breadcrumb","itemListElement":[{"@type":"ListItem","position":1,"name":"Home","item":"https:\/\/www.canvasartbay.com\/"},{"@type":"ListItem","position":2,"name":"Conformit\u00e9 DMCA"}]},{"@type":"WebSite","@id":"https:\/\/www.canvasartbay.com\/#website","url":"https:\/\/www.canvasartbay.com\/","name":"Canvas Art Bay","description":"","publisher":{"@id":"https:\/\/www.canvasartbay.com\/#organization"},"potentialAction":[{"@type":"SearchAction","target":{"@type":"EntryPoint","urlTemplate":"https:\/\/www.canvasartbay.com\/?s={search_term_string}"},"query-input":{"@type":"PropertyValueSpecification","valueRequired":true,"valueName":"search_term_string"}}],"inLanguage":"fr-FR"},{"@type":"Organization","@id":"https:\/\/www.canvasartbay.com\/#organization","name":"Canvas Art Bay","url":"https:\/\/www.canvasartbay.com\/","logo":{"@type":"ImageObject","inLanguage":"fr-FR","@id":"https:\/\/www.canvasartbay.com\/#\/schema\/logo\/image\/","url":"https:\/\/www.canvasartbay.com\/wp-content\/uploads\/2021\/09\/cropped-cropped-cropped-cropped-canvasartbay-logo-1-1-300x142-1.png","contentUrl":"https:\/\/www.canvasartbay.com\/wp-content\/uploads\/2021\/09\/cropped-cropped-cropped-cropped-canvasartbay-logo-1-1-300x142-1.png","width":300,"height":142,"caption":"Canvas Art Bay"},"image":{"@id":"https:\/\/www.canvasartbay.com\/#\/schema\/logo\/image\/"}}]}},"_links":{"self":[{"href":"https:\/\/www.canvasartbay.com\/fr\/wp-json\/wp\/v2\/pages\/118807","targetHints":{"allow":["GET"]}}],"collection":[{"href":"https:\/\/www.canvasartbay.com\/fr\/wp-json\/wp\/v2\/pages"}],"about":[{"href":"https:\/\/www.canvasartbay.com\/fr\/wp-json\/wp\/v2\/types\/page"}],"author":[{"embeddable":true,"href":"https:\/\/www.canvasartbay.com\/fr\/wp-json\/wp\/v2\/users\/3"}],"replies":[{"embeddable":true,"href":"https:\/\/www.canvasartbay.com\/fr\/wp-json\/wp\/v2\/comments?post=118807"}],"version-history":[{"count":0,"href":"https:\/\/www.canvasartbay.com\/fr\/wp-json\/wp\/v2\/pages\/118807\/revisions"}],"wp:attachment":[{"href":"https:\/\/www.canvasartbay.com\/fr\/wp-json\/wp\/v2\/media?parent=118807"}],"curies":[{"name":"wp","href":"https:\/\/api.w.org\/{rel}","templated":true}]}}