{"id":10505,"date":"2026-01-18T10:21:09","date_gmt":"2026-01-18T10:21:09","guid":{"rendered":"https:\/\/www.canvasartbay.com\/?post_type=product&#038;p=10505"},"modified":"2026-01-29T10:50:40","modified_gmt":"2026-01-29T10:50:40","slug":"blue-gold-push-pin-world-map","status":"publish","type":"product","link":"https:\/\/www.canvasartbay.com\/fr\/product\/blue-gold-push-pin-world-map\/","title":{"rendered":"Carte du monde \u00e0 \u00e9pingle bleue et dor\u00e9e"},"excerpt":{"rendered":"<h3>Why You Will Love Your Blue &amp; Gold World Map<\/h3>\n<p>We combine our love for geography with our design experience to bring to you this stunning yet detailed travel map. We include as much cities as possible (1500+ cities), without altering the clarity, readability and beauty of this blue and gold world map.<\/p>\n<p>A real piece of art that will make a statement in every room! It makes a great wedding gift or anniversary gift for couples. Plus, it\u2019s fully customizable for a more personal travel gift. Just hang it in your office space or living room, and you will see how easily conversations will start around it!<\/p>\n<p><a href=\"https:\/\/www.youtube.com\/watch?v=95ZRk0iEa9Y\" data-lity=\"\">&gt;&gt; <u><b>Voir cette carte en vid\u00e9o<\/b><\/u><\/a><\/p>\n<h3>Colors and Design Details<\/h3>\n<ul>\n<li>Oceans and seas on this map are made in navy blue with a dark wood effect to give it a rustic look.<\/li>\n<li>Lands are made in light grey.<\/li>\n<li>State borders are made in interrupted lines with gold color effect.<\/li>\n<li>Country borders are made in continuous lines with gold color effect.<\/li>\n<li>Oceans names, compass, quote &amp; title are made in gold color to give the map a luxury look.<\/li>\n<li style=\"list-style-type: none;\"><\/li>\n<\/ul>\n<p>(Please check the product photos attentively to have a better idea about the colors\/design of this piece of art!).<\/p>\n<h3>Contenu d\u00e9taill\u00e9 de la carte du monde<\/h3>\n<ul>\n<li>Tous les pays du monde sont r\u00e9pertori\u00e9s et \u00e9tiquet\u00e9s.<\/li>\n<li>Les \u00e9tiquettes des oc\u00e9ans et de toutes les mers sont incluses.<\/li>\n<li>Plus de 1500 villes \u00e9tiquet\u00e9es et marqu\u00e9es.<\/li>\n<li>Carte actuelle du monde - Mise \u00e0 jour 2026 avec le label Golfe d'Am\u00e9rique (Golfe du Mexique).<\/li>\n<li>Carte du monde pr\u00e9cise utilisant la projection de Mercator.<\/li>\n<li>90 villes canadiennes \u00e9tiquet\u00e9es et marqu\u00e9es.<\/li>\n<li>Fronti\u00e8res des \u00c9tats d\u00e9finies aux \u00c9tats-Unis, au Canada, en Australie, en Chine, en Russie et au Br\u00e9sil.<\/li>\n<li>\u00c9tiquettes\/noms des \u00c9tats aux \u00c9tats-Unis, au Canada, en Australie et au Br\u00e9sil.<\/li>\n<\/ul>\n<h3>Caract\u00e9ristiques de la carte du monde<\/h3>\n<ul>\n<li>Toile canvas poly-coton de haute qualit\u00e9 avec finition semi-brillante.<\/li>\n<li>V\u00e9ritable encre PIGMENT d'archivage (produite pour durer plus de 100 ans)<\/li>\n<li>Impressions imperm\u00e9ables, r\u00e9sistantes aux UV et \u00e0 la d\u00e9coloration.<\/li>\n<li>Coins tendus et pli\u00e9s \u00e0 la main.<\/li>\n<li>Bords \u00e0 effet miroir (la carte se poursuit sur les c\u00f4t\u00e9s).<\/li>\n<li>Galerie wrap-stretched sur un ch\u00e2ssis en bois poli.<\/li>\n<li>Votre carte est livr\u00e9e avec 200 punaises de 4 couleurs diff\u00e9rentes : 50 punaises de chaque couleur.<\/li>\n<li>Toutes les options encadr\u00e9es sont accompagn\u00e9es d'un support en carton mousse (<em>\u00e0 l'exception de l'option d'impression roul\u00e9e<\/em>).<\/li>\n<li>Cette carte de voyage est pr\u00eate \u00e0 \u00eatre accroch\u00e9e \u00e0 l'aide de deux crochets r\u00e9glables au dos (<em>\u00e0 l'exception de l'option d'impression roul\u00e9e<\/em>).<\/li>\n<li style=\"list-style-type: none;\">\n<ul>\n<li style=\"list-style-type: none;\"><\/li>\n<\/ul>\n<\/li>\n<\/ul>\n<h3>Options d'encadrement des cartes disponibles :<\/h3>\n<ul>\n<li>Toile de galerie (1\u2033 ou 1,5\u201d d'\u00e9paisseur).<\/li>\n<li>Toile encadr\u00e9e (cadre en bois dur + toile)<\/li>\n<li>Impression sur toile roul\u00e9e (non tendue).<\/li>\n<li style=\"list-style-type: none;\">\n<ul>\n<li style=\"list-style-type: none;\"><\/li>\n<\/ul>\n<\/li>\n<\/ul>\n<h3>Comment personnaliser votre carte<\/h3>\n<h4>1\/\/ Personnalisation de la citation<\/h4>\n<p>We love personalizing your map! Choose from 7 Quote &amp; Title styles (Anchor, ship, balloon, aircraft, etc\u2026). If you choose option 6 or 7, we will provide you with 20 hand-picked travel quotes to help you find a the quote that speaks to you!<\/p>\n<p>You can also remove the title &amp; quote if you want a simple map design. Just choose option #7: <strong>PAS DE CITATION<\/strong> in the \u201cQuote Design\u201d select box.<\/p>\n<p>Already have a travel quote in mind? Just, write it down in the \u201dEnter Your Custom Text\u201d field, and we will incorporate it into your map.<\/p>\n<h4>2\/\/ Personnalisation de la boussole et de la l\u00e9gende<\/h4>\n<p>The travel legend is incorporated inside the compass (see product images). You can choose from 4 compass types, depending on how many elements you want to include in the legend.<\/p>\n<p>The default legend text is: Travel Planned \/ Travel Taken; but you can change it to your preference.<\/p>\n<p>Here are a few Examples:<\/p>\n<p>\u201dbeen there \/let\u2019s go\u201d<\/p>\n<p>\u201cPast Adventures \/ Next Adventures\u201d<\/p>\n<p>\u201cBryan Trips \/ Katy Trips \/ Together\u201d , etc\u2026.<\/p>\n<p>Simply add your customized legend text request in the \u201cEnter Your Custom Legend\u201d field.<\/p>\n<h4>3\/\/ Plus de personnalisation...<\/h4>\n<p>Vous voulez savoir si une ville sp\u00e9cifique figure d\u00e9j\u00e0 sur cette carte ? Ou peut-\u00eatre voulez-vous ajouter votre ville\/destination pr\u00e9f\u00e9r\u00e9e ? Envoyez-moi un message et je me ferai un plaisir de l'ajouter gratuitement !<\/p>\n<h4>4\/\/ Carte non personnalis\u00e9e<\/h4>\n<p>If you choose the &#8220;No Quote&#8221; option with No personalization requested, you will get the default Blue &amp; Gold world map with compass placed at the left-side of the canvas. The compass will NOT contain any legend or text (We will use Compass #4 displayed in the listing images).<\/p>\n<p>Please check the non-personalized blue and gold world map preview here below:<a href=\"https:\/\/www.canvasartbay.com\/wp-content\/uploads\/2022\/01\/BleuGold-push-pin-world-map-no-quote.jpg\"><img loading=\"lazy\" decoding=\"async\" class=\"size-medium wp-image-7787 aligncenter\" src=\"https:\/\/www.canvasartbay.com\/wp-content\/uploads\/2022\/01\/BleuGold-push-pin-world-map-no-quote.jpg\" alt=\"blue and gold world map\" width=\"300\" height=\"300\" \/><\/a>&gt;&gt; Note : Si vous souhaitez ajouter l'Antarctique \u00e0 la version \u201cNo Quote\u201d de la carte, il vous suffit de cocher la case \u201cAjouter l'Antarctique\u201d en bas de page.<\/p>\n<h3>Tailles disponibles :<strong><br \/>\n<\/strong><\/h3>\n<h4>Impression sur toile roul\u00e9e<\/h4>\n<ul>\n<li style=\"list-style-type: none;\">\n<ul>\n<li style=\"list-style-type: none;\">\n<ul>\n<li>Moyen : 39 \u201dx23\u201d (100\u00d760) cm<\/li>\n<li>Grand : 47 \u201dx28\u201d (120\u00d772) cm<\/li>\n<li>Tr\u00e8s grand : 59 \u201dx35\u201d (150\u00d790) cm<\/li>\n<\/ul>\n<\/li>\n<\/ul>\n<\/li>\n<\/ul>\n<p>* Remarque : la toile non tendue comporte 1,5\u2033 de mat\u00e9riau imprim\u00e9 suppl\u00e9mentaire sur les bords, ce qui vous permet de l'encadrer ou de l'envelopper facilement sans que la taille de la carte n'en p\u00e2tisse).<\/p>\n<h4>Toile tendue<\/h4>\n<ul>\n<li style=\"list-style-type: none;\">\n<ul>\n<li style=\"list-style-type: none;\">\n<ul>\n<li>Moyen : 39 \u201dx23\u201d (100\u00d760) cm<\/li>\n<li>Grand : 47 \u201dx28\u201d (120\u00d772) cm<\/li>\n<li>Tr\u00e8s grand : 59 \u201dx35\u201d (150\u00d790) cm<\/li>\n<\/ul>\n<\/li>\n<\/ul>\n<\/li>\n<\/ul>\n<p>* Note : La toile est compos\u00e9e d'une toile de 1 pouce ou 1,5 pouce d'\u00e9paisseur et d'un support en mousse. Vous pouvez choisir l'\u00e9paisseur de la toile lors de la commande.<\/p>\n<h4>\u00a0Toile encadr\u00e9e<\/h4>\n<ul>\n<li style=\"list-style-type: none;\">\n<ul>\n<li style=\"list-style-type: none;\">\n<ul>\n<li>Moyen : Taille du cadre externe : 41\u2033 x 25\u2033 x 1,3\u2033 d'\u00e9paisseur (104 x 64 x 3,5) cm.<\/li>\n<li>Grandes dimensions : Taille du cadre externe = 47\u2033 x 28\u2033 x 1,3\u2033 d'\u00e9paisseur (120 x 72 x 3,5) cm.<\/li>\n<li>Tr\u00e8s grand : Taille du cadre ext\u00e9rieur = 60\u2033 x 36\u2033 x 2\u2033 d'\u00e9paisseur (153 x 92 x 5) cm.<\/li>\n<\/ul>\n<\/li>\n<\/ul>\n<\/li>\n<\/ul>\n<p>* Note : La toile encadr\u00e9e est compos\u00e9e d'une toile de 1 pouce d'\u00e9paisseur, d'un support en carton mousse et d'un cadre en bois dur. Nos cadres sont fabriqu\u00e9s en bois dur v\u00e9ritable et sont disponibles en 5 couleurs diff\u00e9rentes : Noir mat, Blanc mat, Or classique, Brun noyer, Beige naturel. (Les dimensions en cm sont approximatives)<\/p>\n<h3>200 goupilles incluses<strong><br \/>\n<\/strong><\/h3>\n<p>Votre carte est livr\u00e9e avec 200 punaises de 4 couleurs diff\u00e9rentes : 50 punaises de chaque couleur. Les punaises sont \u00e9galement incluses dans les versions ROLL\u00c9ES.<\/p>\n<h3>R\u00e9visez votre carte avant de l'imprimer<strong><br \/>\n<\/strong><\/h3>\n<p>All custom map orders will be proofed out before printing. There is no Character Limit on the text quote or the legend, but the font size will be adjusted accordingly. That\u2019s why we recommend using the displayed examples as your guide to keep the text readable.<\/p>\n<p>We will send you a proof of your custom map via email before printing it (usually 1-3 days after placing the order). Once you approve the proof, we will print it. Please make sure to check your email on-time to avoid delays.<\/p>\n<p><strong><em>! ! Nous n'imprimerons PAS votre carte tant que vous ne l'aurez pas approuv\u00e9e !<\/em><\/strong><\/p>\n<p>Si vous avez des questions, n'h\u00e9sitez pas \u00e0 contacter <span style=\"color: #ff6600;\"><a style=\"color: #ff6600;\" href=\"https:\/\/www.canvasartbay.com\/fr\/contact-us\/\"><u>contactez-nous \u00e0 tout moment<\/u><\/a> <\/span>!<\/p>","protected":false},"featured_media":10509,"comment_status":"open","ping_status":"closed","template":"","meta":{"_acf_changed":false},"product_brand":[],"product_cat":[45,714,577],"product_tag":[125,688,471,487,252,472,131,473,470,133,130],"class_list":{"0":"post-10505","1":"product","2":"type-product","3":"status-publish","4":"has-post-thumbnail","6":"product_cat-push-pin-travel-maps","7":"product_cat-world-map","8":"product_cat-world-maps","9":"product_tag-blue","10":"product_tag-blue-and-gold","11":"product_tag-detailed-map","12":"product_tag-framed-map","13":"product_tag-gold","14":"product_tag-large-map","15":"product_tag-map","16":"product_tag-map-of-the-world","17":"product_tag-push-pin-map","18":"product_tag-world","19":"product_tag-world-map","20":"pa_canvas-type-canvas-wrap","21":"pa_canvas-type-framed-canvas","22":"pa_canvas-type-rolled-print","23":"pa_color-beige-wall-art","24":"pa_room-hallway-wall-decor","25":"pa_room-living-room-wall-decor","26":"pa_room-man-cave-wall-decor","27":"pa_room-office-wall-decor","28":"tm-has-options","30":"first","31":"instock","32":"featured","33":"shipping-taxable","34":"purchasable","35":"product-type-variable","36":"has-default-attributes"},"acf":[],"yoast_head":"<!-- This site is optimized with the Yoast SEO plugin v27.5 - https:\/\/yoast.com\/product\/yoast-seo-wordpress\/ -->\n<title>Blue &amp; Gold Push Pin World Map | Accurate World Map with Countries<\/title>\n<meta name=\"description\" content=\"Personalize your blue and gold map of the world and get your custom travel gift! Choose from poster, canvas wrap or framed canvas with pin board. Huge sizes up to 60x37 inch.\" \/>\n<meta name=\"robots\" content=\"index, follow, max-snippet:-1, max-image-preview:large, max-video-preview:-1\" \/>\n<link rel=\"canonical\" href=\"https:\/\/www.canvasartbay.com\/fr\/produit\/blue-gold-push-pin-world-map\/\" \/>\n<meta property=\"og:locale\" content=\"fr_FR\" \/>\n<meta property=\"og:type\" content=\"article\" \/>\n<meta property=\"og:title\" content=\"Blue &amp; Gold Push Pin World Map | Accurate World Map with Countries\" \/>\n<meta property=\"og:description\" content=\"Personalize your blue and gold map of the world and get your custom travel gift! Choose from poster, canvas wrap or framed canvas with pin board. Huge sizes up to 60x37 inch.\" \/>\n<meta property=\"og:url\" content=\"https:\/\/www.canvasartbay.com\/fr\/produit\/blue-gold-push-pin-world-map\/\" \/>\n<meta property=\"og:site_name\" content=\"Canvas Art Bay\" \/>\n<meta property=\"article:modified_time\" content=\"2026-01-29T10:50:40+00:00\" \/>\n<meta property=\"og:image\" content=\"https:\/\/www.canvasartbay.com\/wp-content\/uploads\/2022\/01\/BleuGold-push-pin-world-map-featured.jpg\" \/>\n\t<meta property=\"og:image:width\" content=\"1024\" \/>\n\t<meta property=\"og:image:height\" content=\"1024\" \/>\n\t<meta property=\"og:image:type\" content=\"image\/jpeg\" \/>\n<meta name=\"twitter:card\" content=\"summary_large_image\" \/>\n<script type=\"application\/ld+json\" class=\"yoast-schema-graph\">{\"@context\":\"https:\\\/\\\/schema.org\",\"@graph\":[{\"@type\":[\"WebPage\",\"ItemPage\"],\"@id\":\"https:\\\/\\\/www.canvasartbay.com\\\/product\\\/blue-gold-push-pin-world-map\\\/\",\"url\":\"https:\\\/\\\/www.canvasartbay.com\\\/product\\\/blue-gold-push-pin-world-map\\\/\",\"name\":\"Blue & Gold Push Pin World Map | Accurate World Map with Countries\",\"isPartOf\":{\"@id\":\"https:\\\/\\\/www.canvasartbay.com\\\/#website\"},\"primaryImageOfPage\":{\"@id\":\"https:\\\/\\\/www.canvasartbay.com\\\/product\\\/blue-gold-push-pin-world-map\\\/#primaryimage\"},\"image\":{\"@id\":\"https:\\\/\\\/www.canvasartbay.com\\\/product\\\/blue-gold-push-pin-world-map\\\/#primaryimage\"},\"thumbnailUrl\":\"https:\\\/\\\/www.canvasartbay.com\\\/wp-content\\\/uploads\\\/2022\\\/01\\\/BleuGold-push-pin-world-map-featured.jpg\",\"datePublished\":\"2026-01-18T10:21:09+00:00\",\"dateModified\":\"2026-01-29T10:50:40+00:00\",\"description\":\"Personalize your blue and gold map of the world and get your custom travel gift! Choose from poster, canvas wrap or framed canvas with pin board. Huge sizes up to 60x37 inch.\",\"breadcrumb\":{\"@id\":\"https:\\\/\\\/www.canvasartbay.com\\\/product\\\/blue-gold-push-pin-world-map\\\/#breadcrumb\"},\"inLanguage\":\"fr-FR\",\"potentialAction\":[{\"@type\":\"ReadAction\",\"target\":[\"https:\\\/\\\/www.canvasartbay.com\\\/product\\\/blue-gold-push-pin-world-map\\\/\"]}]},{\"@type\":\"ImageObject\",\"inLanguage\":\"fr-FR\",\"@id\":\"https:\\\/\\\/www.canvasartbay.com\\\/product\\\/blue-gold-push-pin-world-map\\\/#primaryimage\",\"url\":\"https:\\\/\\\/www.canvasartbay.com\\\/wp-content\\\/uploads\\\/2022\\\/01\\\/BleuGold-push-pin-world-map-featured.jpg\",\"contentUrl\":\"https:\\\/\\\/www.canvasartbay.com\\\/wp-content\\\/uploads\\\/2022\\\/01\\\/BleuGold-push-pin-world-map-featured.jpg\",\"width\":1024,\"height\":1024,\"caption\":\"Bleu and Gold push pin world map featured\"},{\"@type\":\"BreadcrumbList\",\"@id\":\"https:\\\/\\\/www.canvasartbay.com\\\/product\\\/blue-gold-push-pin-world-map\\\/#breadcrumb\",\"itemListElement\":[{\"@type\":\"ListItem\",\"position\":1,\"name\":\"Home\",\"item\":\"https:\\\/\\\/www.canvasartbay.com\\\/\"},{\"@type\":\"ListItem\",\"position\":2,\"name\":\"Shop\",\"item\":\"https:\\\/\\\/www.canvasartbay.com\\\/new-arrivals\\\/\"},{\"@type\":\"ListItem\",\"position\":3,\"name\":\"Push Pin Maps\",\"item\":\"https:\\\/\\\/www.canvasartbay.com\\\/collection\\\/push-pin-travel-maps\\\/\"},{\"@type\":\"ListItem\",\"position\":4,\"name\":\"World Maps\",\"item\":\"https:\\\/\\\/www.canvasartbay.com\\\/collection\\\/push-pin-travel-maps\\\/world-map\\\/\"},{\"@type\":\"ListItem\",\"position\":5,\"name\":\"\u00bb\"}]},{\"@type\":\"WebSite\",\"@id\":\"https:\\\/\\\/www.canvasartbay.com\\\/#website\",\"url\":\"https:\\\/\\\/www.canvasartbay.com\\\/\",\"name\":\"Canvas Art Bay\",\"description\":\"\",\"publisher\":{\"@id\":\"https:\\\/\\\/www.canvasartbay.com\\\/#organization\"},\"potentialAction\":[{\"@type\":\"SearchAction\",\"target\":{\"@type\":\"EntryPoint\",\"urlTemplate\":\"https:\\\/\\\/www.canvasartbay.com\\\/?s={search_term_string}\"},\"query-input\":{\"@type\":\"PropertyValueSpecification\",\"valueRequired\":true,\"valueName\":\"search_term_string\"}}],\"inLanguage\":\"fr-FR\"},{\"@type\":\"Organization\",\"@id\":\"https:\\\/\\\/www.canvasartbay.com\\\/#organization\",\"name\":\"Canvas Art Bay\",\"url\":\"https:\\\/\\\/www.canvasartbay.com\\\/\",\"logo\":{\"@type\":\"ImageObject\",\"inLanguage\":\"fr-FR\",\"@id\":\"https:\\\/\\\/www.canvasartbay.com\\\/#\\\/schema\\\/logo\\\/image\\\/\",\"url\":\"https:\\\/\\\/www.canvasartbay.com\\\/wp-content\\\/uploads\\\/2021\\\/09\\\/cropped-cropped-cropped-cropped-canvasartbay-logo-1-1-300x142-1.png\",\"contentUrl\":\"https:\\\/\\\/www.canvasartbay.com\\\/wp-content\\\/uploads\\\/2021\\\/09\\\/cropped-cropped-cropped-cropped-canvasartbay-logo-1-1-300x142-1.png\",\"width\":300,\"height\":142,\"caption\":\"Canvas Art Bay\"},\"image\":{\"@id\":\"https:\\\/\\\/www.canvasartbay.com\\\/#\\\/schema\\\/logo\\\/image\\\/\"}}]}<\/script>\n<!-- \/ Yoast SEO plugin. -->","yoast_head_json":{"title":"Blue & Gold Push Pin World Map | Accurate World Map with Countries","description":"Personalize your blue and gold map of the world and get your custom travel gift! Choose from poster, canvas wrap or framed canvas with pin board. Huge sizes up to 60x37 inch.","robots":{"index":"index","follow":"follow","max-snippet":"max-snippet:-1","max-image-preview":"max-image-preview:large","max-video-preview":"max-video-preview:-1"},"canonical":"https:\/\/www.canvasartbay.com\/fr\/produit\/blue-gold-push-pin-world-map\/","og_locale":"fr_FR","og_type":"article","og_title":"Blue & Gold Push Pin World Map | Accurate World Map with Countries","og_description":"Personalize your blue and gold map of the world and get your custom travel gift! Choose from poster, canvas wrap or framed canvas with pin board. Huge sizes up to 60x37 inch.","og_url":"https:\/\/www.canvasartbay.com\/fr\/produit\/blue-gold-push-pin-world-map\/","og_site_name":"Canvas Art Bay","article_modified_time":"2026-01-29T10:50:40+00:00","og_image":[{"width":1024,"height":1024,"url":"https:\/\/www.canvasartbay.com\/wp-content\/uploads\/2022\/01\/BleuGold-push-pin-world-map-featured.jpg","type":"image\/jpeg"}],"twitter_card":"summary_large_image","schema":{"@context":"https:\/\/schema.org","@graph":[{"@type":["WebPage","ItemPage"],"@id":"https:\/\/www.canvasartbay.com\/product\/blue-gold-push-pin-world-map\/","url":"https:\/\/www.canvasartbay.com\/product\/blue-gold-push-pin-world-map\/","name":"Blue & Gold Push Pin World Map | Accurate World Map with Countries","isPartOf":{"@id":"https:\/\/www.canvasartbay.com\/#website"},"primaryImageOfPage":{"@id":"https:\/\/www.canvasartbay.com\/product\/blue-gold-push-pin-world-map\/#primaryimage"},"image":{"@id":"https:\/\/www.canvasartbay.com\/product\/blue-gold-push-pin-world-map\/#primaryimage"},"thumbnailUrl":"https:\/\/www.canvasartbay.com\/wp-content\/uploads\/2022\/01\/BleuGold-push-pin-world-map-featured.jpg","datePublished":"2026-01-18T10:21:09+00:00","dateModified":"2026-01-29T10:50:40+00:00","description":"Personalize your blue and gold map of the world and get your custom travel gift! Choose from poster, canvas wrap or framed canvas with pin board. Huge sizes up to 60x37 inch.","breadcrumb":{"@id":"https:\/\/www.canvasartbay.com\/product\/blue-gold-push-pin-world-map\/#breadcrumb"},"inLanguage":"fr-FR","potentialAction":[{"@type":"ReadAction","target":["https:\/\/www.canvasartbay.com\/product\/blue-gold-push-pin-world-map\/"]}]},{"@type":"ImageObject","inLanguage":"fr-FR","@id":"https:\/\/www.canvasartbay.com\/product\/blue-gold-push-pin-world-map\/#primaryimage","url":"https:\/\/www.canvasartbay.com\/wp-content\/uploads\/2022\/01\/BleuGold-push-pin-world-map-featured.jpg","contentUrl":"https:\/\/www.canvasartbay.com\/wp-content\/uploads\/2022\/01\/BleuGold-push-pin-world-map-featured.jpg","width":1024,"height":1024,"caption":"Bleu and Gold push pin world map featured"},{"@type":"BreadcrumbList","@id":"https:\/\/www.canvasartbay.com\/product\/blue-gold-push-pin-world-map\/#breadcrumb","itemListElement":[{"@type":"ListItem","position":1,"name":"Home","item":"https:\/\/www.canvasartbay.com\/"},{"@type":"ListItem","position":2,"name":"Shop","item":"https:\/\/www.canvasartbay.com\/new-arrivals\/"},{"@type":"ListItem","position":3,"name":"Push Pin Maps","item":"https:\/\/www.canvasartbay.com\/collection\/push-pin-travel-maps\/"},{"@type":"ListItem","position":4,"name":"World Maps","item":"https:\/\/www.canvasartbay.com\/collection\/push-pin-travel-maps\/world-map\/"},{"@type":"ListItem","position":5,"name":"\u00bb"}]},{"@type":"WebSite","@id":"https:\/\/www.canvasartbay.com\/#website","url":"https:\/\/www.canvasartbay.com\/","name":"Baie d'art en toile","description":"","publisher":{"@id":"https:\/\/www.canvasartbay.com\/#organization"},"potentialAction":[{"@type":"SearchAction","target":{"@type":"EntryPoint","urlTemplate":"https:\/\/www.canvasartbay.com\/?s={search_term_string}"},"query-input":{"@type":"PropertyValueSpecification","valueRequired":true,"valueName":"search_term_string"}}],"inLanguage":"fr-FR"},{"@type":"Organization","@id":"https:\/\/www.canvasartbay.com\/#organization","name":"Baie d'art en toile","url":"https:\/\/www.canvasartbay.com\/","logo":{"@type":"ImageObject","inLanguage":"fr-FR","@id":"https:\/\/www.canvasartbay.com\/#\/schema\/logo\/image\/","url":"https:\/\/www.canvasartbay.com\/wp-content\/uploads\/2021\/09\/cropped-cropped-cropped-cropped-canvasartbay-logo-1-1-300x142-1.png","contentUrl":"https:\/\/www.canvasartbay.com\/wp-content\/uploads\/2021\/09\/cropped-cropped-cropped-cropped-canvasartbay-logo-1-1-300x142-1.png","width":300,"height":142,"caption":"Canvas Art Bay"},"image":{"@id":"https:\/\/www.canvasartbay.com\/#\/schema\/logo\/image\/"}}]}},"_links":{"self":[{"href":"https:\/\/www.canvasartbay.com\/fr\/wp-json\/wp\/v2\/product\/10505","targetHints":{"allow":["GET"]}}],"collection":[{"href":"https:\/\/www.canvasartbay.com\/fr\/wp-json\/wp\/v2\/product"}],"about":[{"href":"https:\/\/www.canvasartbay.com\/fr\/wp-json\/wp\/v2\/types\/product"}],"replies":[{"embeddable":true,"href":"https:\/\/www.canvasartbay.com\/fr\/wp-json\/wp\/v2\/comments?post=10505"}],"wp:featuredmedia":[{"embeddable":true,"href":"https:\/\/www.canvasartbay.com\/fr\/wp-json\/wp\/v2\/media\/10509"}],"wp:attachment":[{"href":"https:\/\/www.canvasartbay.com\/fr\/wp-json\/wp\/v2\/media?parent=10505"}],"wp:term":[{"taxonomy":"product_brand","embeddable":true,"href":"https:\/\/www.canvasartbay.com\/fr\/wp-json\/wp\/v2\/product_brand?post=10505"},{"taxonomy":"product_cat","embeddable":true,"href":"https:\/\/www.canvasartbay.com\/fr\/wp-json\/wp\/v2\/product_cat?post=10505"},{"taxonomy":"product_tag","embeddable":true,"href":"https:\/\/www.canvasartbay.com\/fr\/wp-json\/wp\/v2\/product_tag?post=10505"}],"curies":[{"name":"wp","href":"https:\/\/api.w.org\/{rel}","templated":true}]}}