{"id":116759,"date":"2024-02-04T13:58:44","date_gmt":"2024-02-04T13:58:44","guid":{"rendered":"https:\/\/www.canvasartbay.com\/product\/black-dodge-charger-canvas-art\/"},"modified":"2024-07-11T16:42:37","modified_gmt":"2024-07-11T16:42:37","slug":"tableau-dodge-charger-noire","status":"publish","type":"product","link":"https:\/\/www.canvasartbay.com\/fr\/produit\/tableau-dodge-charger-noire\/","title":{"rendered":"Dodge Charger noire"},"excerpt":{"rendered":"<pre id=\"tw-target-text\" class=\"tw-data-text tw-text-large tw-ta\" dir=\"ltr\" data-placeholder=\"Traduction\" data-ved=\"2ahUKEwjBkL-B9qeEAxVdgP0HHYRUDzEQ3ewLegQIBRAT\"><span class=\"Y2IQFc\" lang=\"fr\" style=\"font-family: georgia, palatino, serif;\">Ce tableau Dodge Charger noire est pr\u00eat \u00e0 accrocher avec des cintres m\u00e9talliques d\u00e9j\u00e0 mont\u00e9s, et aucun encadrement suppl\u00e9mentaire n'est requis. La toile est soigneusement tendue \u00e0 la main sur des ch\u00e2ssis en bois 100% naturel par nos artisans experts. Nous utilisons une toile poly-coton de qualit\u00e9 sup\u00e9rieure avec des encres pigment\u00e9es pour vous offrir des impressions haute d\u00e9finition avec des couleurs qui durent plus de 100 ans.<\/span><\/pre>\n<h3 id=\"tw-target-text\" class=\"tw-data-text tw-text-large tw-ta\" dir=\"ltr\" data-placeholder=\"Traduction\" data-ved=\"2ahUKEwjBkL-B9qeEAxVdgP0HHYRUDzEQ3ewLegQIBRAT\"><span class=\"Y2IQFc\" lang=\"fr\" style=\"font-family: georgia, palatino, serif;\">D\u00e9coration murale Dodge Charger<\/span><\/h3>\n<pre id=\"tw-target-text\" class=\"tw-data-text tw-text-large tw-ta\" dir=\"ltr\" data-placeholder=\"Traduction\" data-ved=\"2ahUKEwjBkL-B9qeEAxVdgP0HHYRUDzEQ3ewLegQIBRAT\"><span class=\"Y2IQFc\" lang=\"fr\" style=\"font-family: georgia, palatino, serif;\">Cet art mural Dodge Charger sous le coucher du soleil est disponible en 1 panneau, 3 panneaux (triptyque), 5 panneaux ou en toile avec cadre flottant. En plus, il est disponible dans de nombreuses dimensions: de l'impression sur toile en petite dimension jusqu'\u00e0 la dimension extra large (180 cm de largeur). Ce tableaux aura certainement sa place dans votre garage, votre couloir, votre chambre d'enfant ou m\u00eame votre bureau.<\/span><\/pre>\n<h3>Tableau triptyque voiture de sport &#8211; Id\u00e9es cadeaux<\/h3>\n<pre id=\"tw-target-text\" class=\"tw-data-text tw-text-large tw-ta\" dir=\"ltr\" data-placeholder=\"Traduction\" data-ved=\"2ahUKEwjBkL-B9qeEAxVdgP0HHYRUDzEQ3ewLegQIBRAT\"><span class=\"Y2IQFc\" lang=\"fr\" style=\"font-family: georgia, palatino, serif;\">Ce tableau triptyque voiture de sport convient pour un cadeau d'anniversaire ou un cadeau d'anniversaire parfait. Vous pouvez \u00e9galement l\u2019offrir aux fans de \"muscle cars\" am\u00e9ricains. R\u00e9pandez l'amour dans votre environnement en offrant ce superbe art mural Dodge Charger noire !<\/span><\/pre>\n","protected":false},"featured_media":116072,"comment_status":"open","ping_status":"closed","template":"","meta":{"_acf_changed":false},"product_brand":[],"product_cat":[1913],"product_tag":[1915,1916,1917,1914,1919,1918],"class_list":{"0":"post-116759","1":"product","2":"type-product","3":"status-publish","4":"has-post-thumbnail","6":"product_cat-art-mural-mecanique","7":"product_tag-charger-fr","8":"product_tag-dodge-fr","9":"product_tag-muscle-fr","10":"product_tag-noir","11":"product_tag-supercar-fr","12":"product_tag-vieux-fr","13":"pa_canvas-type-floating-frame-fr","14":"pa_canvas-type-canvas-wrap-fr","15":"pa_color-tableau-dore","16":"pa_color-tableau-noir","17":"pa_number-of-panels-1-panel-fr","18":"pa_number-of-panels-tableau-3-pieces","19":"pa_number-of-panels-tableau-5-pieces","20":"pa_room-tableau-decoration-cave","21":"pa_room-tableau-decoration-garage","22":"pa_room-tableau-decoration-salle-de-jeux","23":"tm-has-options","25":"first","26":"instock","27":"shipping-taxable","28":"purchasable","29":"product-type-variable","30":"has-default-attributes"},"acf":[],"yoast_head":"<!-- This site is optimized with the Yoast SEO plugin v25.9 - https:\/\/yoast.com\/wordpress\/plugins\/seo\/ -->\n<title>Tableau Dodge Charger noire | Canvas Art Bay<\/title>\n<meta name=\"description\" content=\"Commandez votre tableau sur toile Dodge Charger noire: disponible en tableau simple, tryptiques, 5 pi\u00e8ces ou encadr\u00e9. Profitez d&#039;impression haute d\u00e9finition, livraison offerte et retour facile sous 60 jours.\" \/>\n<meta name=\"robots\" content=\"index, follow, max-snippet:-1, max-image-preview:large, max-video-preview:-1\" \/>\n<link rel=\"canonical\" href=\"https:\/\/www.canvasartbay.com\/fr\/produit\/tableau-dodge-charger-noire\/\" \/>\n<meta property=\"og:locale\" content=\"fr_FR\" \/>\n<meta property=\"og:type\" content=\"article\" \/>\n<meta property=\"og:title\" content=\"Tableau Dodge Charger noire | Canvas Art Bay\" \/>\n<meta property=\"og:description\" content=\"Commandez votre tableau sur toile Dodge Charger noire: disponible en tableau simple, tryptiques, 5 pi\u00e8ces ou encadr\u00e9. Profitez d&#039;impression haute d\u00e9finition, livraison offerte et retour facile sous 60 jours.\" \/>\n<meta property=\"og:url\" content=\"https:\/\/www.canvasartbay.com\/fr\/produit\/tableau-dodge-charger-noire\/\" \/>\n<meta property=\"og:site_name\" content=\"Canvas Art Bay\" \/>\n<meta property=\"article:modified_time\" content=\"2024-07-11T16:42:37+00:00\" \/>\n<meta property=\"og:image\" content=\"https:\/\/www.canvasartbay.com\/wp-content\/uploads\/2024\/01\/5-panels-black-dodge-charger-canvas-art.jpg\" \/>\n\t<meta property=\"og:image:width\" content=\"1200\" \/>\n\t<meta property=\"og:image:height\" content=\"1200\" \/>\n\t<meta property=\"og:image:type\" content=\"image\/jpeg\" \/>\n<meta name=\"twitter:card\" content=\"summary_large_image\" \/>\n<script type=\"application\/ld+json\" class=\"yoast-schema-graph\">{\"@context\":\"https:\/\/schema.org\",\"@graph\":[{\"@type\":[\"WebPage\",\"ItemPage\"],\"@id\":\"https:\/\/www.canvasartbay.com\/fr\/produit\/tableau-dodge-charger-noire\/\",\"url\":\"https:\/\/www.canvasartbay.com\/fr\/produit\/tableau-dodge-charger-noire\/\",\"name\":\"Tableau Dodge Charger noire | Canvas Art Bay\",\"isPartOf\":{\"@id\":\"https:\/\/www.canvasartbay.com\/#website\"},\"primaryImageOfPage\":{\"@id\":\"https:\/\/www.canvasartbay.com\/fr\/produit\/tableau-dodge-charger-noire\/#primaryimage\"},\"image\":{\"@id\":\"https:\/\/www.canvasartbay.com\/fr\/produit\/tableau-dodge-charger-noire\/#primaryimage\"},\"thumbnailUrl\":\"https:\/\/www.canvasartbay.com\/wp-content\/uploads\/2024\/01\/5-panels-black-dodge-charger-canvas-art.jpg\",\"datePublished\":\"2024-02-04T13:58:44+00:00\",\"dateModified\":\"2024-07-11T16:42:37+00:00\",\"description\":\"Commandez votre tableau sur toile Dodge Charger noire: disponible en tableau simple, tryptiques, 5 pi\u00e8ces ou encadr\u00e9. Profitez d'impression haute d\u00e9finition, livraison offerte et retour facile sous 60 jours.\",\"breadcrumb\":{\"@id\":\"https:\/\/www.canvasartbay.com\/fr\/produit\/tableau-dodge-charger-noire\/#breadcrumb\"},\"inLanguage\":\"fr-FR\",\"potentialAction\":[{\"@type\":\"ReadAction\",\"target\":[\"https:\/\/www.canvasartbay.com\/fr\/produit\/tableau-dodge-charger-noire\/\"]}]},{\"@type\":\"ImageObject\",\"inLanguage\":\"fr-FR\",\"@id\":\"https:\/\/www.canvasartbay.com\/fr\/produit\/tableau-dodge-charger-noire\/#primaryimage\",\"url\":\"https:\/\/www.canvasartbay.com\/wp-content\/uploads\/2024\/01\/5-panels-black-dodge-charger-canvas-art.jpg\",\"contentUrl\":\"https:\/\/www.canvasartbay.com\/wp-content\/uploads\/2024\/01\/5-panels-black-dodge-charger-canvas-art.jpg\",\"width\":1200,\"height\":1200,\"caption\":\"tableau dodge charger noire 5 pi\u00e8ces\"},{\"@type\":\"BreadcrumbList\",\"@id\":\"https:\/\/www.canvasartbay.com\/fr\/produit\/tableau-dodge-charger-noire\/#breadcrumb\",\"itemListElement\":[{\"@type\":\"ListItem\",\"position\":1,\"name\":\"Home\",\"item\":\"https:\/\/www.canvasartbay.com\/\"},{\"@type\":\"ListItem\",\"position\":2,\"name\":\"Nouvelle Arriv\u00e9e\",\"item\":\"https:\/\/www.canvasartbay.com\/fr\/nouveautes\/\"},{\"@type\":\"ListItem\",\"position\":3,\"name\":\"M\u00e9canique\",\"item\":\"https:\/\/www.canvasartbay.com\/fr\/collection\/art-mural-mecanique\/\"},{\"@type\":\"ListItem\",\"position\":4,\"name\":\"Dodge Charger noire\"}]},{\"@type\":\"WebSite\",\"@id\":\"https:\/\/www.canvasartbay.com\/#website\",\"url\":\"https:\/\/www.canvasartbay.com\/\",\"name\":\"Canvas Art Bay\",\"description\":\"\",\"publisher\":{\"@id\":\"https:\/\/www.canvasartbay.com\/#organization\"},\"potentialAction\":[{\"@type\":\"SearchAction\",\"target\":{\"@type\":\"EntryPoint\",\"urlTemplate\":\"https:\/\/www.canvasartbay.com\/?s={search_term_string}\"},\"query-input\":{\"@type\":\"PropertyValueSpecification\",\"valueRequired\":true,\"valueName\":\"search_term_string\"}}],\"inLanguage\":\"fr-FR\"},{\"@type\":\"Organization\",\"@id\":\"https:\/\/www.canvasartbay.com\/#organization\",\"name\":\"Canvas Art Bay\",\"url\":\"https:\/\/www.canvasartbay.com\/\",\"logo\":{\"@type\":\"ImageObject\",\"inLanguage\":\"fr-FR\",\"@id\":\"https:\/\/www.canvasartbay.com\/#\/schema\/logo\/image\/\",\"url\":\"https:\/\/www.canvasartbay.com\/wp-content\/uploads\/2021\/09\/cropped-cropped-cropped-cropped-canvasartbay-logo-1-1-300x142-1.png\",\"contentUrl\":\"https:\/\/www.canvasartbay.com\/wp-content\/uploads\/2021\/09\/cropped-cropped-cropped-cropped-canvasartbay-logo-1-1-300x142-1.png\",\"width\":300,\"height\":142,\"caption\":\"Canvas Art Bay\"},\"image\":{\"@id\":\"https:\/\/www.canvasartbay.com\/#\/schema\/logo\/image\/\"}}]}<\/script>\n<!-- \/ Yoast SEO plugin. -->","yoast_head_json":{"title":"Tableau Dodge Charger noire | Canvas Art Bay","description":"Commandez votre tableau sur toile Dodge Charger noire: disponible en tableau simple, tryptiques, 5 pi\u00e8ces ou encadr\u00e9. Profitez d'impression haute d\u00e9finition, livraison offerte et retour facile sous 60 jours.","robots":{"index":"index","follow":"follow","max-snippet":"max-snippet:-1","max-image-preview":"max-image-preview:large","max-video-preview":"max-video-preview:-1"},"canonical":"https:\/\/www.canvasartbay.com\/fr\/produit\/tableau-dodge-charger-noire\/","og_locale":"fr_FR","og_type":"article","og_title":"Tableau Dodge Charger noire | Canvas Art Bay","og_description":"Commandez votre tableau sur toile Dodge Charger noire: disponible en tableau simple, tryptiques, 5 pi\u00e8ces ou encadr\u00e9. Profitez d'impression haute d\u00e9finition, livraison offerte et retour facile sous 60 jours.","og_url":"https:\/\/www.canvasartbay.com\/fr\/produit\/tableau-dodge-charger-noire\/","og_site_name":"Canvas Art Bay","article_modified_time":"2024-07-11T16:42:37+00:00","og_image":[{"width":1200,"height":1200,"url":"https:\/\/www.canvasartbay.com\/wp-content\/uploads\/2024\/01\/5-panels-black-dodge-charger-canvas-art.jpg","type":"image\/jpeg"}],"twitter_card":"summary_large_image","schema":{"@context":"https:\/\/schema.org","@graph":[{"@type":["WebPage","ItemPage"],"@id":"https:\/\/www.canvasartbay.com\/fr\/produit\/tableau-dodge-charger-noire\/","url":"https:\/\/www.canvasartbay.com\/fr\/produit\/tableau-dodge-charger-noire\/","name":"Tableau Dodge Charger noire | Canvas Art Bay","isPartOf":{"@id":"https:\/\/www.canvasartbay.com\/#website"},"primaryImageOfPage":{"@id":"https:\/\/www.canvasartbay.com\/fr\/produit\/tableau-dodge-charger-noire\/#primaryimage"},"image":{"@id":"https:\/\/www.canvasartbay.com\/fr\/produit\/tableau-dodge-charger-noire\/#primaryimage"},"thumbnailUrl":"https:\/\/www.canvasartbay.com\/wp-content\/uploads\/2024\/01\/5-panels-black-dodge-charger-canvas-art.jpg","datePublished":"2024-02-04T13:58:44+00:00","dateModified":"2024-07-11T16:42:37+00:00","description":"Commandez votre tableau sur toile Dodge Charger noire: disponible en tableau simple, tryptiques, 5 pi\u00e8ces ou encadr\u00e9. Profitez d'impression haute d\u00e9finition, livraison offerte et retour facile sous 60 jours.","breadcrumb":{"@id":"https:\/\/www.canvasartbay.com\/fr\/produit\/tableau-dodge-charger-noire\/#breadcrumb"},"inLanguage":"fr-FR","potentialAction":[{"@type":"ReadAction","target":["https:\/\/www.canvasartbay.com\/fr\/produit\/tableau-dodge-charger-noire\/"]}]},{"@type":"ImageObject","inLanguage":"fr-FR","@id":"https:\/\/www.canvasartbay.com\/fr\/produit\/tableau-dodge-charger-noire\/#primaryimage","url":"https:\/\/www.canvasartbay.com\/wp-content\/uploads\/2024\/01\/5-panels-black-dodge-charger-canvas-art.jpg","contentUrl":"https:\/\/www.canvasartbay.com\/wp-content\/uploads\/2024\/01\/5-panels-black-dodge-charger-canvas-art.jpg","width":1200,"height":1200,"caption":"tableau dodge charger noire 5 pi\u00e8ces"},{"@type":"BreadcrumbList","@id":"https:\/\/www.canvasartbay.com\/fr\/produit\/tableau-dodge-charger-noire\/#breadcrumb","itemListElement":[{"@type":"ListItem","position":1,"name":"Home","item":"https:\/\/www.canvasartbay.com\/"},{"@type":"ListItem","position":2,"name":"Nouvelle Arriv\u00e9e","item":"https:\/\/www.canvasartbay.com\/fr\/nouveautes\/"},{"@type":"ListItem","position":3,"name":"M\u00e9canique","item":"https:\/\/www.canvasartbay.com\/fr\/collection\/art-mural-mecanique\/"},{"@type":"ListItem","position":4,"name":"Dodge Charger noire"}]},{"@type":"WebSite","@id":"https:\/\/www.canvasartbay.com\/#website","url":"https:\/\/www.canvasartbay.com\/","name":"Canvas Art Bay","description":"","publisher":{"@id":"https:\/\/www.canvasartbay.com\/#organization"},"potentialAction":[{"@type":"SearchAction","target":{"@type":"EntryPoint","urlTemplate":"https:\/\/www.canvasartbay.com\/?s={search_term_string}"},"query-input":{"@type":"PropertyValueSpecification","valueRequired":true,"valueName":"search_term_string"}}],"inLanguage":"fr-FR"},{"@type":"Organization","@id":"https:\/\/www.canvasartbay.com\/#organization","name":"Canvas Art Bay","url":"https:\/\/www.canvasartbay.com\/","logo":{"@type":"ImageObject","inLanguage":"fr-FR","@id":"https:\/\/www.canvasartbay.com\/#\/schema\/logo\/image\/","url":"https:\/\/www.canvasartbay.com\/wp-content\/uploads\/2021\/09\/cropped-cropped-cropped-cropped-canvasartbay-logo-1-1-300x142-1.png","contentUrl":"https:\/\/www.canvasartbay.com\/wp-content\/uploads\/2021\/09\/cropped-cropped-cropped-cropped-canvasartbay-logo-1-1-300x142-1.png","width":300,"height":142,"caption":"Canvas Art Bay"},"image":{"@id":"https:\/\/www.canvasartbay.com\/#\/schema\/logo\/image\/"}}]}},"_links":{"self":[{"href":"https:\/\/www.canvasartbay.com\/fr\/wp-json\/wp\/v2\/product\/116759","targetHints":{"allow":["GET"]}}],"collection":[{"href":"https:\/\/www.canvasartbay.com\/fr\/wp-json\/wp\/v2\/product"}],"about":[{"href":"https:\/\/www.canvasartbay.com\/fr\/wp-json\/wp\/v2\/types\/product"}],"replies":[{"embeddable":true,"href":"https:\/\/www.canvasartbay.com\/fr\/wp-json\/wp\/v2\/comments?post=116759"}],"wp:featuredmedia":[{"embeddable":true,"href":"https:\/\/www.canvasartbay.com\/fr\/wp-json\/wp\/v2\/media\/116072"}],"wp:attachment":[{"href":"https:\/\/www.canvasartbay.com\/fr\/wp-json\/wp\/v2\/media?parent=116759"}],"wp:term":[{"taxonomy":"product_brand","embeddable":true,"href":"https:\/\/www.canvasartbay.com\/fr\/wp-json\/wp\/v2\/product_brand?post=116759"},{"taxonomy":"product_cat","embeddable":true,"href":"https:\/\/www.canvasartbay.com\/fr\/wp-json\/wp\/v2\/product_cat?post=116759"},{"taxonomy":"product_tag","embeddable":true,"href":"https:\/\/www.canvasartbay.com\/fr\/wp-json\/wp\/v2\/product_tag?post=116759"}],"curies":[{"name":"wp","href":"https:\/\/api.w.org\/{rel}","templated":true}]}}