{"id":117363,"date":"2021-10-09T13:47:08","date_gmt":"2021-10-09T13:47:08","guid":{"rendered":"https:\/\/www.canvasartbay.com\/product\/drapeau-canadien\/"},"modified":"2024-07-16T13:19:41","modified_gmt":"2024-07-16T13:19:41","slug":"tableau-drapeau-canadien","status":"publish","type":"product","link":"https:\/\/www.canvasartbay.com\/fr\/produit\/tableau-drapeau-canadien\/","title":{"rendered":"Drapeau Canadien"},"excerpt":{"rendered":"<p>Ce tableau drapeau canadien est pr\u00eate \u00e0 \u00eatre accroch\u00e9e avec des cintres m\u00e9talliques d\u00e9j\u00e0 mont\u00e9s, et aucun encadrement suppl\u00e9mentaire n&#8217;est requis. La toile est soigneusement tendue \u00e0 la main sur des ch\u00e2ssis en bois 100% naturel par nos artisans experts. Nous utilisons une toile poly-coton de qualit\u00e9 sup\u00e9rieure avec des encres pigment\u00e9es pour vous offrir des impressions haute d\u00e9finition avec des couleurs qui durent plus de 100 ans.<\/p>\n<h3>D\u00e9coration murale Drapeau Canadien<\/h3>\n<p>Cet art mural drapeau canadien est disponible en 1 panneau, 3 panneaux (triptyque), 5 panneaux ou en toile avec cadre flottant. En plus, il est disponible dans de nombreuses dimensions: de l&#8217;impression sur toile en petite dimension jusqu&#8217;\u00e0 la dimension extra large (180 cm de largeur). Ce tableaux aura certainement sa place dans votre salon, votre couloir, votre chambre d&#8217;enfant ou m\u00eame votre bureau.<\/p>\n<h3>Tableau triptyque v\u00e9t\u00e9rans et patriotes &#8211; Id\u00e9es cadeaux<\/h3>\n<p>Ce tableau triptyque v\u00e9t\u00e9rans et patriotes convient pour un cadeau d&#8217;anniversaire ou un cadeau d&#8217;anniversaire parfait. Vous pouvez \u00e9galement l\u2019offrir aux patriotes et aux amateurs d&#8217;art canadien. R\u00e9pandez l&#8217;amour dans votre environnement en offrant ce superbe art mural drapeau canadien !<\/p>\n","protected":false},"featured_media":77878,"comment_status":"open","ping_status":"closed","template":"","meta":{"_acf_changed":false},"product_brand":[],"product_cat":[2027],"product_tag":[2967,2481,2758],"class_list":{"0":"post-117363","1":"product","2":"type-product","3":"status-publish","4":"has-post-thumbnail","6":"product_cat-art-mural-abstrait","7":"product_tag-anciens-combattants","8":"product_tag-drapeau","9":"product_tag-patriotes","10":"pa_canvas-type-floating-frame-fr","11":"pa_canvas-type-canvas-wrap-fr","12":"pa_number-of-panels-1-panel-fr","13":"pa_number-of-panels-tableau-3-pieces","14":"pa_number-of-panels-tableau-5-pieces","15":"pa_room-tableau-decoration-couloir","16":"pa_room-tableau-decoration-salle-de-jeux","17":"tm-has-options","19":"first","20":"instock","21":"shipping-taxable","22":"purchasable","23":"product-type-variable","24":"has-default-attributes"},"acf":[],"yoast_head":"<!-- This site is optimized with the Yoast SEO plugin v25.9 - https:\/\/yoast.com\/wordpress\/plugins\/seo\/ -->\n<title>Art mural drapeau canadien | Tableau v\u00e9t\u00e9rans et patriotes | Canvas Art Bay<\/title>\n<meta name=\"description\" content=\"Commandez votre tableau sur toile Drapeau Canadien: disponible en tableau simple, tryptiques, 5 pi\u00e8ces ou encadr\u00e9. Profitez d&#039;impression haute d\u00e9finition, livraison offerte et retour facile sous 60 jours.\" \/>\n<meta name=\"robots\" content=\"index, follow, max-snippet:-1, max-image-preview:large, max-video-preview:-1\" \/>\n<link rel=\"canonical\" href=\"https:\/\/www.canvasartbay.com\/fr\/produit\/tableau-drapeau-canadien\/\" \/>\n<meta property=\"og:locale\" content=\"fr_FR\" \/>\n<meta property=\"og:type\" content=\"article\" \/>\n<meta property=\"og:title\" content=\"Art mural drapeau canadien | Tableau v\u00e9t\u00e9rans et patriotes | Canvas Art Bay\" \/>\n<meta property=\"og:description\" content=\"Commandez votre tableau sur toile Drapeau Canadien: disponible en tableau simple, tryptiques, 5 pi\u00e8ces ou encadr\u00e9. Profitez d&#039;impression haute d\u00e9finition, livraison offerte et retour facile sous 60 jours.\" \/>\n<meta property=\"og:url\" content=\"https:\/\/www.canvasartbay.com\/fr\/produit\/tableau-drapeau-canadien\/\" \/>\n<meta property=\"og:site_name\" content=\"Canvas Art Bay\" \/>\n<meta property=\"article:modified_time\" content=\"2024-07-16T13:19:41+00:00\" \/>\n<meta property=\"og:image\" content=\"https:\/\/www.canvasartbay.com\/wp-content\/uploads\/2023\/10\/5-panels-canadian-flag-canvas-art.jpg\" \/>\n\t<meta property=\"og:image:width\" content=\"1200\" \/>\n\t<meta property=\"og:image:height\" content=\"1200\" \/>\n\t<meta property=\"og:image:type\" content=\"image\/jpeg\" \/>\n<meta name=\"twitter:card\" content=\"summary_large_image\" \/>\n<script type=\"application\/ld+json\" class=\"yoast-schema-graph\">{\"@context\":\"https:\/\/schema.org\",\"@graph\":[{\"@type\":[\"WebPage\",\"ItemPage\"],\"@id\":\"https:\/\/www.canvasartbay.com\/fr\/produit\/tableau-drapeau-canadien\/\",\"url\":\"https:\/\/www.canvasartbay.com\/fr\/produit\/tableau-drapeau-canadien\/\",\"name\":\"Art mural drapeau canadien | Tableau v\u00e9t\u00e9rans et patriotes | Canvas Art Bay\",\"isPartOf\":{\"@id\":\"https:\/\/www.canvasartbay.com\/#website\"},\"primaryImageOfPage\":{\"@id\":\"https:\/\/www.canvasartbay.com\/fr\/produit\/tableau-drapeau-canadien\/#primaryimage\"},\"image\":{\"@id\":\"https:\/\/www.canvasartbay.com\/fr\/produit\/tableau-drapeau-canadien\/#primaryimage\"},\"thumbnailUrl\":\"https:\/\/www.canvasartbay.com\/wp-content\/uploads\/2023\/10\/5-panels-canadian-flag-canvas-art.jpg\",\"datePublished\":\"2021-10-09T13:47:08+00:00\",\"dateModified\":\"2024-07-16T13:19:41+00:00\",\"description\":\"Commandez votre tableau sur toile Drapeau Canadien: disponible en tableau simple, tryptiques, 5 pi\u00e8ces ou encadr\u00e9. Profitez d'impression haute d\u00e9finition, livraison offerte et retour facile sous 60 jours.\",\"breadcrumb\":{\"@id\":\"https:\/\/www.canvasartbay.com\/fr\/produit\/tableau-drapeau-canadien\/#breadcrumb\"},\"inLanguage\":\"fr-FR\",\"potentialAction\":[{\"@type\":\"ReadAction\",\"target\":[\"https:\/\/www.canvasartbay.com\/fr\/produit\/tableau-drapeau-canadien\/\"]}]},{\"@type\":\"ImageObject\",\"inLanguage\":\"fr-FR\",\"@id\":\"https:\/\/www.canvasartbay.com\/fr\/produit\/tableau-drapeau-canadien\/#primaryimage\",\"url\":\"https:\/\/www.canvasartbay.com\/wp-content\/uploads\/2023\/10\/5-panels-canadian-flag-canvas-art.jpg\",\"contentUrl\":\"https:\/\/www.canvasartbay.com\/wp-content\/uploads\/2023\/10\/5-panels-canadian-flag-canvas-art.jpg\",\"width\":1200,\"height\":1200,\"caption\":\"tableau drapeau canadien 5 pi\u00e8ces\"},{\"@type\":\"BreadcrumbList\",\"@id\":\"https:\/\/www.canvasartbay.com\/fr\/produit\/tableau-drapeau-canadien\/#breadcrumb\",\"itemListElement\":[{\"@type\":\"ListItem\",\"position\":1,\"name\":\"Home\",\"item\":\"https:\/\/www.canvasartbay.com\/\"},{\"@type\":\"ListItem\",\"position\":2,\"name\":\"Nouvelle Arriv\u00e9e\",\"item\":\"https:\/\/www.canvasartbay.com\/fr\/nouveautes\/\"},{\"@type\":\"ListItem\",\"position\":3,\"name\":\"Art Patriotique\",\"item\":\"https:\/\/www.canvasartbay.com\/fr\/collection\/art-mural-patriotique\/\"},{\"@type\":\"ListItem\",\"position\":4,\"name\":\"Drapeau Canadien\"}]},{\"@type\":\"WebSite\",\"@id\":\"https:\/\/www.canvasartbay.com\/#website\",\"url\":\"https:\/\/www.canvasartbay.com\/\",\"name\":\"Canvas Art Bay\",\"description\":\"\",\"publisher\":{\"@id\":\"https:\/\/www.canvasartbay.com\/#organization\"},\"potentialAction\":[{\"@type\":\"SearchAction\",\"target\":{\"@type\":\"EntryPoint\",\"urlTemplate\":\"https:\/\/www.canvasartbay.com\/?s={search_term_string}\"},\"query-input\":{\"@type\":\"PropertyValueSpecification\",\"valueRequired\":true,\"valueName\":\"search_term_string\"}}],\"inLanguage\":\"fr-FR\"},{\"@type\":\"Organization\",\"@id\":\"https:\/\/www.canvasartbay.com\/#organization\",\"name\":\"Canvas Art Bay\",\"url\":\"https:\/\/www.canvasartbay.com\/\",\"logo\":{\"@type\":\"ImageObject\",\"inLanguage\":\"fr-FR\",\"@id\":\"https:\/\/www.canvasartbay.com\/#\/schema\/logo\/image\/\",\"url\":\"https:\/\/www.canvasartbay.com\/wp-content\/uploads\/2021\/09\/cropped-cropped-cropped-cropped-canvasartbay-logo-1-1-300x142-1.png\",\"contentUrl\":\"https:\/\/www.canvasartbay.com\/wp-content\/uploads\/2021\/09\/cropped-cropped-cropped-cropped-canvasartbay-logo-1-1-300x142-1.png\",\"width\":300,\"height\":142,\"caption\":\"Canvas Art Bay\"},\"image\":{\"@id\":\"https:\/\/www.canvasartbay.com\/#\/schema\/logo\/image\/\"}}]}<\/script>\n<!-- \/ Yoast SEO plugin. -->","yoast_head_json":{"title":"Art mural drapeau canadien | Tableau v\u00e9t\u00e9rans et patriotes | Canvas Art Bay","description":"Commandez votre tableau sur toile Drapeau Canadien: disponible en tableau simple, tryptiques, 5 pi\u00e8ces ou encadr\u00e9. Profitez d'impression haute d\u00e9finition, livraison offerte et retour facile sous 60 jours.","robots":{"index":"index","follow":"follow","max-snippet":"max-snippet:-1","max-image-preview":"max-image-preview:large","max-video-preview":"max-video-preview:-1"},"canonical":"https:\/\/www.canvasartbay.com\/fr\/produit\/tableau-drapeau-canadien\/","og_locale":"fr_FR","og_type":"article","og_title":"Art mural drapeau canadien | Tableau v\u00e9t\u00e9rans et patriotes | Canvas Art Bay","og_description":"Commandez votre tableau sur toile Drapeau Canadien: disponible en tableau simple, tryptiques, 5 pi\u00e8ces ou encadr\u00e9. Profitez d'impression haute d\u00e9finition, livraison offerte et retour facile sous 60 jours.","og_url":"https:\/\/www.canvasartbay.com\/fr\/produit\/tableau-drapeau-canadien\/","og_site_name":"Canvas Art Bay","article_modified_time":"2024-07-16T13:19:41+00:00","og_image":[{"width":1200,"height":1200,"url":"https:\/\/www.canvasartbay.com\/wp-content\/uploads\/2023\/10\/5-panels-canadian-flag-canvas-art.jpg","type":"image\/jpeg"}],"twitter_card":"summary_large_image","schema":{"@context":"https:\/\/schema.org","@graph":[{"@type":["WebPage","ItemPage"],"@id":"https:\/\/www.canvasartbay.com\/fr\/produit\/tableau-drapeau-canadien\/","url":"https:\/\/www.canvasartbay.com\/fr\/produit\/tableau-drapeau-canadien\/","name":"Art mural drapeau canadien | Tableau v\u00e9t\u00e9rans et patriotes | Canvas Art Bay","isPartOf":{"@id":"https:\/\/www.canvasartbay.com\/#website"},"primaryImageOfPage":{"@id":"https:\/\/www.canvasartbay.com\/fr\/produit\/tableau-drapeau-canadien\/#primaryimage"},"image":{"@id":"https:\/\/www.canvasartbay.com\/fr\/produit\/tableau-drapeau-canadien\/#primaryimage"},"thumbnailUrl":"https:\/\/www.canvasartbay.com\/wp-content\/uploads\/2023\/10\/5-panels-canadian-flag-canvas-art.jpg","datePublished":"2021-10-09T13:47:08+00:00","dateModified":"2024-07-16T13:19:41+00:00","description":"Commandez votre tableau sur toile Drapeau Canadien: disponible en tableau simple, tryptiques, 5 pi\u00e8ces ou encadr\u00e9. Profitez d'impression haute d\u00e9finition, livraison offerte et retour facile sous 60 jours.","breadcrumb":{"@id":"https:\/\/www.canvasartbay.com\/fr\/produit\/tableau-drapeau-canadien\/#breadcrumb"},"inLanguage":"fr-FR","potentialAction":[{"@type":"ReadAction","target":["https:\/\/www.canvasartbay.com\/fr\/produit\/tableau-drapeau-canadien\/"]}]},{"@type":"ImageObject","inLanguage":"fr-FR","@id":"https:\/\/www.canvasartbay.com\/fr\/produit\/tableau-drapeau-canadien\/#primaryimage","url":"https:\/\/www.canvasartbay.com\/wp-content\/uploads\/2023\/10\/5-panels-canadian-flag-canvas-art.jpg","contentUrl":"https:\/\/www.canvasartbay.com\/wp-content\/uploads\/2023\/10\/5-panels-canadian-flag-canvas-art.jpg","width":1200,"height":1200,"caption":"tableau drapeau canadien 5 pi\u00e8ces"},{"@type":"BreadcrumbList","@id":"https:\/\/www.canvasartbay.com\/fr\/produit\/tableau-drapeau-canadien\/#breadcrumb","itemListElement":[{"@type":"ListItem","position":1,"name":"Home","item":"https:\/\/www.canvasartbay.com\/"},{"@type":"ListItem","position":2,"name":"Nouvelle Arriv\u00e9e","item":"https:\/\/www.canvasartbay.com\/fr\/nouveautes\/"},{"@type":"ListItem","position":3,"name":"Art Patriotique","item":"https:\/\/www.canvasartbay.com\/fr\/collection\/art-mural-patriotique\/"},{"@type":"ListItem","position":4,"name":"Drapeau Canadien"}]},{"@type":"WebSite","@id":"https:\/\/www.canvasartbay.com\/#website","url":"https:\/\/www.canvasartbay.com\/","name":"Canvas Art Bay","description":"","publisher":{"@id":"https:\/\/www.canvasartbay.com\/#organization"},"potentialAction":[{"@type":"SearchAction","target":{"@type":"EntryPoint","urlTemplate":"https:\/\/www.canvasartbay.com\/?s={search_term_string}"},"query-input":{"@type":"PropertyValueSpecification","valueRequired":true,"valueName":"search_term_string"}}],"inLanguage":"fr-FR"},{"@type":"Organization","@id":"https:\/\/www.canvasartbay.com\/#organization","name":"Canvas Art Bay","url":"https:\/\/www.canvasartbay.com\/","logo":{"@type":"ImageObject","inLanguage":"fr-FR","@id":"https:\/\/www.canvasartbay.com\/#\/schema\/logo\/image\/","url":"https:\/\/www.canvasartbay.com\/wp-content\/uploads\/2021\/09\/cropped-cropped-cropped-cropped-canvasartbay-logo-1-1-300x142-1.png","contentUrl":"https:\/\/www.canvasartbay.com\/wp-content\/uploads\/2021\/09\/cropped-cropped-cropped-cropped-canvasartbay-logo-1-1-300x142-1.png","width":300,"height":142,"caption":"Canvas Art Bay"},"image":{"@id":"https:\/\/www.canvasartbay.com\/#\/schema\/logo\/image\/"}}]}},"_links":{"self":[{"href":"https:\/\/www.canvasartbay.com\/fr\/wp-json\/wp\/v2\/product\/117363","targetHints":{"allow":["GET"]}}],"collection":[{"href":"https:\/\/www.canvasartbay.com\/fr\/wp-json\/wp\/v2\/product"}],"about":[{"href":"https:\/\/www.canvasartbay.com\/fr\/wp-json\/wp\/v2\/types\/product"}],"replies":[{"embeddable":true,"href":"https:\/\/www.canvasartbay.com\/fr\/wp-json\/wp\/v2\/comments?post=117363"}],"wp:featuredmedia":[{"embeddable":true,"href":"https:\/\/www.canvasartbay.com\/fr\/wp-json\/wp\/v2\/media\/77878"}],"wp:attachment":[{"href":"https:\/\/www.canvasartbay.com\/fr\/wp-json\/wp\/v2\/media?parent=117363"}],"wp:term":[{"taxonomy":"product_brand","embeddable":true,"href":"https:\/\/www.canvasartbay.com\/fr\/wp-json\/wp\/v2\/product_brand?post=117363"},{"taxonomy":"product_cat","embeddable":true,"href":"https:\/\/www.canvasartbay.com\/fr\/wp-json\/wp\/v2\/product_cat?post=117363"},{"taxonomy":"product_tag","embeddable":true,"href":"https:\/\/www.canvasartbay.com\/fr\/wp-json\/wp\/v2\/product_tag?post=117363"}],"curies":[{"name":"wp","href":"https:\/\/api.w.org\/{rel}","templated":true}]}}