{"id":123372,"date":"2025-10-02T14:24:22","date_gmt":"2025-10-02T14:24:22","guid":{"rendered":"https:\/\/www.canvasartbay.com\/?post_type=product&#038;p=123372"},"modified":"2025-09-06T11:21:35","modified_gmt":"2025-09-06T11:21:35","slug":"carte-du-monde-vintage-a-epingler","status":"publish","type":"product","link":"https:\/\/www.canvasartbay.com\/fr\/produit\/carte-du-monde-vintage-a-epingler\/","title":{"rendered":"Carte du monde vintage \u00e0 \u00e9pingles"},"excerpt":{"rendered":"<h3>Pourquoi vous allez adorer cette carte du Monde vintage:<\/h3>\n<p>Nous combinons notre amour de la g\u00e9ographie avec notre exp\u00e9rience en conception pour vous proposer cette carte de voyage \u00e0 la fois esth\u00e9tique et d\u00e9taill\u00e9e. Nous avons list\u00e9 autant de villes que possible (plus de 1 500 villes), sans alt\u00e9rer la clart\u00e9, la lisibilit\u00e9 et la beaut\u00e9 de cette carte du monde vintage.<\/p>\n<p>C&#8217;est une v\u00e9ritable \u0153uvre d&#8217;art qui sera le centre d&#8217;attention dans votre espace. Cette mappe monde est un excellent cadeau de mariage ou d&#8217;anniversaire pour les couples. De plus, cette carte sera personnalis\u00e9e \u00e0 votre gout pour faire un cadeau de voyageur plus &#8220;personnel&#8221;. Accrochez-la simplement dans votre bureau ou votre salon et vous verrez avec comment c&#8217;est facile d&#8217;entamer une conversation autour de cette carte de voyage !<u><b><\/b><\/u><\/p>\n<h3>Contenu d\u00e9taill\u00e9 de cette carte du Monde en Fran\u00e7ais:<strong><br \/>\n<\/strong><\/h3>\n<ul>\n<li>Tous les pays du monde sont list\u00e9s.<\/li>\n<li>Tous les oc\u00e9ans et mers inclus.<\/li>\n<li>1500+ villes du monde list\u00e9es et \u00e9tiquet\u00e9es.<\/li>\n<li>82 villes canadiennes list\u00e9es et \u00e9tiquet\u00e9es.<\/li>\n<li>Fronti\u00e8res des \u00e9tats\/provinces trac\u00e9s avec pr\u00e9cision pour les USA, Canada, Australie, Chine, Russie et Brazil.<\/li>\n<li>Les nom des \u00e9tats\/provinces inclus pour les USA, Canada, Australie and Brazil.<\/li>\n<\/ul>\n<p>* Cette mappe monde est disponible en Fran\u00e7ais et en Anglais. Vous pouvez choisir la langue sous le s\u00e9lecteur &#8220;langue de la carte&#8221; avant de l&#8217;ajouter au panier.<\/p>\n<h3>Caract\u00e9ristiques techniques de cette carte du Monde:<\/h3>\n<ul>\n<li>Toile canvas poly-coton de qualit\u00e9 sup\u00e9rieure avec aspect semi-brillant.<\/li>\n<li>Encre pigment\u00e9e durable (produite pour durer +100 ans)<\/li>\n<li>Impression r\u00e9sistante \u00e0 l&#8217;eau, l&#8217;humidit\u00e9, les rayons UV et les rayures.<\/li>\n<li>Toile parfaitement tendue et mont\u00e9e \u00e0 la main sur un chassis en bois 100% naturel.<\/li>\n<li>Bords de tableau \u00e0 effet miroir (L&#8217;impression continue sur les bords du tableau).<\/li>\n<li>Votre carte est livr\u00e9e avec 200 \u00e9pingles de 4 couleurs diff\u00e9rentes : 50 \u00e9pingles de chaque couleur.<\/li>\n<li>Les version &#8220;tableau sur toile&#8221; et &#8220;tableau encadr\u00e9&#8221; sont livr\u00e9es avec un support en panneau-mousse au dos du tableau.<\/li>\n<li>Cette carte de voyage est pr\u00eate \u00e0 accrocher avec deux cintres en dents de scie d\u00e9j\u00e0 mont\u00e9s (\u00e0 l&#8217;exception de l&#8217;impression roul\u00e9e).<\/li>\n<\/ul>\n<h3>Options de cadrage\/montage disponibles :<\/h3>\n<ul>\n<li>Tableau sur toile canvas tendue (\u00e9paisseur 2.5cm ou 3.8 cm).<\/li>\n<li>Tableau encadr\u00e9 (cadre en bois noble* + tableau sur toile canvas)<\/li>\n<li>Impression seule (toile canvas non-mont\u00e9e).<\/li>\n<\/ul>\n<p>*Bois noble: Nous utilisons le bois h\u00eatre rouge massif ou bien le bois fr\u00eane massif.<\/p>\n<h3>Comment personaliser votre carte du monde<\/h3>\n<h4>1\/\/ Personnalisation de la citation<\/h4>\n<p>Nous adorons le fait de personnaliser votre carte! Choisissez parmi 7 mod\u00e8les de citations disponible (Ancre, navire, globe, avion, etc\u2026). Si vous choisissez l&#8217;option 6 ou 7, nous vous proposerons 20 citations de voyage sur le volet pour vous aider \u00e0 trouver la citation qui vous parle !<\/p>\n<p>Si vous souhaitez utiliser votre propre logo, choisissez simplement l&#8217;option <strong>#7 : Votre logo<\/strong> et envoyez-nous votre logo par e-mail \u00e0 l&#8217;address: contact@canvasartbay.com apr\u00e8s avoir pass\u00e9 votre commande. Veuillez noter que nous acceptons uniquement les fichiers de logo en .pdf et .svg.<\/p>\n<p>Vous avez d\u00e9j\u00e0 un devis de voyage en t\u00eate ? Notez-le simplement dans le champ \u00ab Entrez votre texte personnalis\u00e9 \u00bb et nous l&#8217;int\u00e9grerons dans votre mappe monde.<\/p>\n<h4>2\/\/ Personnalisation de boussole et l\u00e9gende<\/h4>\n<p>La l\u00e9gende de la carte est int\u00e9gr\u00e9e \u00e0 l&#8217;int\u00e9rieur de la boussole (voir images du produit). Vous pouvez choisir parmi 4 types de boussoles, en fonction du nombre d&#8217;\u00e9l\u00e9ments que vous souhaitez inclure dans la l\u00e9gende.<\/p>\n<p>Le texte de la l\u00e9gende par d\u00e9faut est : Voyages planifi\u00e9s \/ Voyages effectu\u00e9s ; mais vous pouvez le modifier selon vos pr\u00e9f\u00e9rences.<\/p>\n<p>Voici quelques exemples:<\/p>\n<p>\u201dD\u00e9ja visit\u00e9 \/ \u00e0 visiter\u201d<\/p>\n<p>\u201cAvenures pass\u00e9es \/ Prochaines aventures\u201d<\/p>\n<p>\u201cVoyages de Lisa\/ Voyages de Paul\/ Ensemble\u201d , etc\u2026.<\/p>\n<p>Ajoutez simplement votre demande de texte de l\u00e9gende personnalis\u00e9e dans le champ \u00ab Entrez votre l\u00e9gende \u00bb.<\/p>\n<h4>3\/\/ Plus de Personnalisation &#8230;<\/h4>\n<p>Vous souhaitez savoir si une ville sp\u00e9cifique est d\u00e9j\u00e0 r\u00e9pertori\u00e9e sur cette carte ? Ou peut-\u00eatre souhaitez-vous ajouter votre ville\/destination pr\u00e9f\u00e9r\u00e9e ? Envoyez-nous simplement un message et nous serons plus qu&#8217;heureux de l&#8217;ajouter gratuitement !<\/p>\n<h4>4\/\/ Carte de monde sans personnalisation<\/h4>\n<p>Si vous choisissez l&#8217;option &#8220;Sans citation&#8221; et sans aucune autre personnalisation demand\u00e9e, vous recevrez la carte du monde vintage par d\u00e9faut avec la boussole plac\u00e9e dans le coin \u00e0 gaunche en bas du tableau. La boussole ne contiendra aucune l\u00e9gende ou texte (nous utiliserons la boussole n\u00b04 affich\u00e9e dans les images du produit).<\/p>\n<p>Veuillez consulter l&#8217;aper\u00e7u de la carte du monde vintage non personnalis\u00e9e et sans l&#8217;Antarctique ci-dessous :<br \/>\n<a href=\"https:\/\/www.canvasartbay.com\/wp-content\/uploads\/2024\/05\/Vintage-world-push-pin-map-no-quote-2048x2048.jpg\"><img fetchpriority=\"high\" decoding=\"async\" class=\"size-medium wp-image-7787 aligncenter\" src=\"https:\/\/www.canvasartbay.com\/wp-content\/uploads\/2024\/05\/Vintage-world-push-pin-map-no-quote-2048x2048.jpg\" alt=\"vintage world map non personlized-min\" width=\"300\" height=\"300\" \/><\/a>&gt;&gt; Remarque : Si vous souhaitez ajouter l&#8217;Antarctique sur la version &#8220;Sans citation&#8221; de la carte, cochez simplement la case &#8220;Ajouter l&#8217;Antarctique&#8221; en bas.<\/p>\n<h3>Dimensions disponibles :<strong><br \/>\n<\/strong><\/h3>\n<h4>Impression seule:<\/h4>\n<ul>\n<li>Moyen: 100 x 60 cm (39&#215;23 inches)<\/li>\n<li>Large: 120 x 72 cm (47&#215;28 inches)<\/li>\n<li>Extra Large: 150 x 90 cm (59&#215;35 inches)<\/li>\n<\/ul>\n<p>* Note: L&#8217;impression seule (non mont\u00e9e) comporte 4 cm de toile imprim\u00e9e suppl\u00e9mentaire sur les bords. Vous pouvez donc l&#8217;encadrer\/monter facilement sans r\u00e9duite la taille de la carte du monde.<\/p>\n<h4>Tableau en toile tendue<\/h4>\n<ul>\n<li>Moyen: 100 x 60 cm (39&#215;23 inches)<\/li>\n<li>Large: 120 x 72 cm (47&#215;28 inches)<\/li>\n<li>Extra Large: 150 x 90 cm (59&#215;35 inches)<\/li>\n<\/ul>\n<p>* Note: Le tableau en toile tendue est compos\u00e9 d&#8217;une toile canvas tendue sur un ch\u00e2ssis (d&#8217;\u00e9paisseur 2.5cm ou 3.8cm) + support en panneau-mousse. Vous pouvez choisir l&#8217;\u00e9paisseur du tableau lors de la commande.<\/p>\n<h4>\u00a0Tableau encadr\u00e9<\/h4>\n<ul>\n<li>Medium: External Frame size= (104 x 64 x 3.5) cm \/ 41&#8243; x 25&#8243; x 1.3&#8243;<\/li>\n<li>Large: External Frame size= (125 x 76 x 3.5) cm \/ 49&#8243; x 30&#8243; x 1.3&#8243;<\/li>\n<li>Extra Large: External Frame size= (155 x 94 x 5) cm \/ 61&#8243; x 37&#8243; x 2&#8243;<\/li>\n<\/ul>\n<p>* Note: Le tableau encadr\u00e9 est compos\u00e9 d&#8217;une toile canvas tendue sur un ch\u00e2ssis (d&#8217;\u00e9paisseur 2.5cm ou 3.8cm) + support en panneau-mousse + cadre en bois noble. Nos cadres sont fabriqu\u00e9s en bois h\u00eatre rouge ou fr\u00eane massif, et ils sont disponibles en 5 couleurs: noir mat, blanc mat, Or classique, marron noyer, beige naturel. (Les tailles en inches sont approximatives)<\/p>\n<h3>200 \u00e9pingles incluses<strong><br \/>\n<\/strong><\/h3>\n<p>Votre carte est livr\u00e9e avec 200 \u00e9pingles de 4 couleurs diff\u00e9rentes : 50 \u00e9pingles de chaque couleur. Les \u00e9pingles sont \u00e9galement incluses avec les commandes d&#8217;impression seule.<\/p>\n<h3>R\u00e9visez votre carte avant l&#8217;impression:<strong><br \/>\n<\/strong><\/h3>\n<p>Toutes les commandes de cartes personnalis\u00e9es seront r\u00e9vis\u00e9es avant impression. Il n&#8217;y a pas de limite de caract\u00e8res sur la citation ou la l\u00e9gende, mais la taille de la police sera ajust\u00e9e en cons\u00e9quence. C&#8217;est pourquoi nous vous recommandons d&#8217;utiliser les exemples affich\u00e9s comme guide pour garder le texte lisible.<\/p>\n<p>Nous vous enverrons un aper\u00e7u de votre carte personnalis\u00e9e par e-mail avant de l&#8217;imprimer (g\u00e9n\u00e9ralement 1 \u00e0 2 jours apr\u00e8s avoir pass\u00e9 la commande). Une fois que vous aurez approuv\u00e9 l&#8217;aoer\u00e7u, nous l\u2019imprimerons. Veuillez vous assurer de v\u00e9rifier votre courrier \u00e9lectronique \u00e0 temps pour \u00e9viter les retards.<\/p>\n<p><strong><em>!! Nous n&#8217;imprimerons PAS votre carte tant que vous n&#8217;aurez pas approuv\u00e9 votre aper\u00e7u personnalis\u00e9e !!<br \/>\n<\/em><\/strong><\/p>\n<p>Si vous avez des questions, n&#8217;h\u00e9sitez pas \u00e0 <a href=\"https:\/\/www.canvasartbay.com\/fr\/contactez-nous\/\">nous contacter \u00e0 tout moment<\/a> !<\/p>\n","protected":false},"featured_media":125081,"comment_status":"open","ping_status":"closed","template":"","meta":{"_acf_changed":false},"product_brand":[],"product_cat":[1876,1877,1878],"product_tag":[1886,1883,1885,1880,1888,1884,1881,1879,1882,1887],"class_list":{"0":"post-123372","1":"product","2":"type-product","3":"status-publish","4":"has-post-thumbnail","6":"product_cat-cartes-de-voyage-epingles","7":"product_cat-cartes-du-monde-epingles","8":"product_cat-world-maps-fr","9":"product_tag-antique-fr-2","10":"product_tag-carte","11":"product_tag-carte-a-epingle","12":"product_tag-carte-detaillee","13":"product_tag-carte-du-monde-fr","14":"product_tag-carte-du-monde","15":"product_tag-carte-encadree","16":"product_tag-classic-fr","17":"product_tag-large-map-fr","18":"product_tag-monde","19":"pa_canvas-type-rolled-print-fr","20":"pa_canvas-type-framed-canvas-fr","21":"pa_canvas-type-canvas-wrap-fr","22":"pa_color-tableau-beige","23":"pa_room-tableau-decoration-bureau","24":"pa_room-tableau-decoration-cave","25":"pa_room-tableau-decoration-couloir","26":"pa_room-tableau-decoration-salon","27":"tm-has-options","29":"first","30":"instock","31":"featured","32":"shipping-taxable","33":"purchasable","34":"product-type-variable","35":"has-default-attributes"},"acf":[],"yoast_head":"<!-- This site is optimized with the Yoast SEO plugin v25.9 - https:\/\/yoast.com\/wordpress\/plugins\/seo\/ -->\n<title>Carte du monde vintage \u00e0 \u00e9pingles | Mappe voyage personnalis\u00e9e<\/title>\n<meta name=\"description\" content=\"Personnalisez votre du monde vintage \u00e0 \u00e9pingler et offrez-vous un cadeau de voyage unique! Choisissez entre impression poster, tableau sur toile ou tableau encadr\u00e9 avec panneau mousse. Tailles jusqu&#039;\u00e0 150 x 90 cm.\" \/>\n<meta name=\"robots\" content=\"index, follow, max-snippet:-1, max-image-preview:large, max-video-preview:-1\" \/>\n<link rel=\"canonical\" href=\"https:\/\/www.canvasartbay.com\/fr\/produit\/carte-du-monde-vintage-a-epingler\/\" \/>\n<meta property=\"og:locale\" content=\"fr_FR\" \/>\n<meta property=\"og:type\" content=\"article\" \/>\n<meta property=\"og:title\" content=\"Carte du monde vintage \u00e0 \u00e9pingles | Mappe voyage personnalis\u00e9e\" \/>\n<meta property=\"og:description\" content=\"Personnalisez votre du monde vintage \u00e0 \u00e9pingler et offrez-vous un cadeau de voyage unique! Choisissez entre impression poster, tableau sur toile ou tableau encadr\u00e9 avec panneau mousse. Tailles jusqu&#039;\u00e0 150 x 90 cm.\" \/>\n<meta property=\"og:url\" content=\"https:\/\/www.canvasartbay.com\/fr\/produit\/carte-du-monde-vintage-a-epingler\/\" \/>\n<meta property=\"og:site_name\" content=\"Canvas Art Bay\" \/>\n<meta property=\"og:image\" content=\"https:\/\/www.canvasartbay.com\/wp-content\/uploads\/2024\/05\/Vintage-world-push-pin-map-featured-1.jpg\" \/>\n\t<meta property=\"og:image:width\" content=\"1024\" \/>\n\t<meta property=\"og:image:height\" content=\"1024\" \/>\n\t<meta property=\"og:image:type\" content=\"image\/jpeg\" \/>\n<meta name=\"twitter:card\" content=\"summary_large_image\" \/>\n<script type=\"application\/ld+json\" class=\"yoast-schema-graph\">{\"@context\":\"https:\/\/schema.org\",\"@graph\":[{\"@type\":[\"WebPage\",\"ItemPage\"],\"@id\":\"https:\/\/www.canvasartbay.com\/fr\/produit\/carte-du-monde-vintage-a-epingler\/\",\"url\":\"https:\/\/www.canvasartbay.com\/fr\/produit\/carte-du-monde-vintage-a-epingler\/\",\"name\":\"Carte du monde vintage \u00e0 \u00e9pingles | Mappe voyage personnalis\u00e9e\",\"isPartOf\":{\"@id\":\"https:\/\/www.canvasartbay.com\/#website\"},\"primaryImageOfPage\":{\"@id\":\"https:\/\/www.canvasartbay.com\/fr\/produit\/carte-du-monde-vintage-a-epingler\/#primaryimage\"},\"image\":{\"@id\":\"https:\/\/www.canvasartbay.com\/fr\/produit\/carte-du-monde-vintage-a-epingler\/#primaryimage\"},\"thumbnailUrl\":\"https:\/\/www.canvasartbay.com\/wp-content\/uploads\/2024\/05\/Vintage-world-push-pin-map-featured-1.jpg\",\"datePublished\":\"2025-10-02T14:24:22+00:00\",\"description\":\"Personnalisez votre du monde vintage \u00e0 \u00e9pingler et offrez-vous un cadeau de voyage unique! Choisissez entre impression poster, tableau sur toile ou tableau encadr\u00e9 avec panneau mousse. Tailles jusqu'\u00e0 150 x 90 cm.\",\"breadcrumb\":{\"@id\":\"https:\/\/www.canvasartbay.com\/fr\/produit\/carte-du-monde-vintage-a-epingler\/#breadcrumb\"},\"inLanguage\":\"fr-FR\",\"potentialAction\":[{\"@type\":\"ReadAction\",\"target\":[\"https:\/\/www.canvasartbay.com\/fr\/produit\/carte-du-monde-vintage-a-epingler\/\"]}]},{\"@type\":\"ImageObject\",\"inLanguage\":\"fr-FR\",\"@id\":\"https:\/\/www.canvasartbay.com\/fr\/produit\/carte-du-monde-vintage-a-epingler\/#primaryimage\",\"url\":\"https:\/\/www.canvasartbay.com\/wp-content\/uploads\/2024\/05\/Vintage-world-push-pin-map-featured-1.jpg\",\"contentUrl\":\"https:\/\/www.canvasartbay.com\/wp-content\/uploads\/2024\/05\/Vintage-world-push-pin-map-featured-1.jpg\",\"width\":1024,\"height\":1024,\"caption\":\"Vintage world push pin map featured\"},{\"@type\":\"BreadcrumbList\",\"@id\":\"https:\/\/www.canvasartbay.com\/fr\/produit\/carte-du-monde-vintage-a-epingler\/#breadcrumb\",\"itemListElement\":[{\"@type\":\"ListItem\",\"position\":1,\"name\":\"Home\",\"item\":\"https:\/\/www.canvasartbay.com\/\"},{\"@type\":\"ListItem\",\"position\":2,\"name\":\"Nouvelle Arriv\u00e9e\",\"item\":\"https:\/\/www.canvasartbay.com\/fr\/nouveautes\/\"},{\"@type\":\"ListItem\",\"position\":3,\"name\":\"Push Pin Maps\",\"item\":\"https:\/\/www.canvasartbay.com\/collection\/push-pin-travel-maps\/\"},{\"@type\":\"ListItem\",\"position\":4,\"name\":\"World Maps\",\"item\":\"https:\/\/www.canvasartbay.com\/collection\/push-pin-travel-maps\/world-map\/\"},{\"@type\":\"ListItem\",\"position\":5,\"name\":\"\u00bb\"}]},{\"@type\":\"WebSite\",\"@id\":\"https:\/\/www.canvasartbay.com\/#website\",\"url\":\"https:\/\/www.canvasartbay.com\/\",\"name\":\"Canvas Art Bay\",\"description\":\"\",\"publisher\":{\"@id\":\"https:\/\/www.canvasartbay.com\/#organization\"},\"potentialAction\":[{\"@type\":\"SearchAction\",\"target\":{\"@type\":\"EntryPoint\",\"urlTemplate\":\"https:\/\/www.canvasartbay.com\/?s={search_term_string}\"},\"query-input\":{\"@type\":\"PropertyValueSpecification\",\"valueRequired\":true,\"valueName\":\"search_term_string\"}}],\"inLanguage\":\"fr-FR\"},{\"@type\":\"Organization\",\"@id\":\"https:\/\/www.canvasartbay.com\/#organization\",\"name\":\"Canvas Art Bay\",\"url\":\"https:\/\/www.canvasartbay.com\/\",\"logo\":{\"@type\":\"ImageObject\",\"inLanguage\":\"fr-FR\",\"@id\":\"https:\/\/www.canvasartbay.com\/#\/schema\/logo\/image\/\",\"url\":\"https:\/\/www.canvasartbay.com\/wp-content\/uploads\/2021\/09\/cropped-cropped-cropped-cropped-canvasartbay-logo-1-1-300x142-1.png\",\"contentUrl\":\"https:\/\/www.canvasartbay.com\/wp-content\/uploads\/2021\/09\/cropped-cropped-cropped-cropped-canvasartbay-logo-1-1-300x142-1.png\",\"width\":300,\"height\":142,\"caption\":\"Canvas Art Bay\"},\"image\":{\"@id\":\"https:\/\/www.canvasartbay.com\/#\/schema\/logo\/image\/\"}}]}<\/script>\n<!-- \/ Yoast SEO plugin. -->","yoast_head_json":{"title":"Carte du monde vintage \u00e0 \u00e9pingles | Mappe voyage personnalis\u00e9e","description":"Personnalisez votre du monde vintage \u00e0 \u00e9pingler et offrez-vous un cadeau de voyage unique! Choisissez entre impression poster, tableau sur toile ou tableau encadr\u00e9 avec panneau mousse. Tailles jusqu'\u00e0 150 x 90 cm.","robots":{"index":"index","follow":"follow","max-snippet":"max-snippet:-1","max-image-preview":"max-image-preview:large","max-video-preview":"max-video-preview:-1"},"canonical":"https:\/\/www.canvasartbay.com\/fr\/produit\/carte-du-monde-vintage-a-epingler\/","og_locale":"fr_FR","og_type":"article","og_title":"Carte du monde vintage \u00e0 \u00e9pingles | Mappe voyage personnalis\u00e9e","og_description":"Personnalisez votre du monde vintage \u00e0 \u00e9pingler et offrez-vous un cadeau de voyage unique! Choisissez entre impression poster, tableau sur toile ou tableau encadr\u00e9 avec panneau mousse. Tailles jusqu'\u00e0 150 x 90 cm.","og_url":"https:\/\/www.canvasartbay.com\/fr\/produit\/carte-du-monde-vintage-a-epingler\/","og_site_name":"Canvas Art Bay","og_image":[{"width":1024,"height":1024,"url":"https:\/\/www.canvasartbay.com\/wp-content\/uploads\/2024\/05\/Vintage-world-push-pin-map-featured-1.jpg","type":"image\/jpeg"}],"twitter_card":"summary_large_image","schema":{"@context":"https:\/\/schema.org","@graph":[{"@type":["WebPage","ItemPage"],"@id":"https:\/\/www.canvasartbay.com\/fr\/produit\/carte-du-monde-vintage-a-epingler\/","url":"https:\/\/www.canvasartbay.com\/fr\/produit\/carte-du-monde-vintage-a-epingler\/","name":"Carte du monde vintage \u00e0 \u00e9pingles | Mappe voyage personnalis\u00e9e","isPartOf":{"@id":"https:\/\/www.canvasartbay.com\/#website"},"primaryImageOfPage":{"@id":"https:\/\/www.canvasartbay.com\/fr\/produit\/carte-du-monde-vintage-a-epingler\/#primaryimage"},"image":{"@id":"https:\/\/www.canvasartbay.com\/fr\/produit\/carte-du-monde-vintage-a-epingler\/#primaryimage"},"thumbnailUrl":"https:\/\/www.canvasartbay.com\/wp-content\/uploads\/2024\/05\/Vintage-world-push-pin-map-featured-1.jpg","datePublished":"2025-10-02T14:24:22+00:00","description":"Personnalisez votre du monde vintage \u00e0 \u00e9pingler et offrez-vous un cadeau de voyage unique! Choisissez entre impression poster, tableau sur toile ou tableau encadr\u00e9 avec panneau mousse. Tailles jusqu'\u00e0 150 x 90 cm.","breadcrumb":{"@id":"https:\/\/www.canvasartbay.com\/fr\/produit\/carte-du-monde-vintage-a-epingler\/#breadcrumb"},"inLanguage":"fr-FR","potentialAction":[{"@type":"ReadAction","target":["https:\/\/www.canvasartbay.com\/fr\/produit\/carte-du-monde-vintage-a-epingler\/"]}]},{"@type":"ImageObject","inLanguage":"fr-FR","@id":"https:\/\/www.canvasartbay.com\/fr\/produit\/carte-du-monde-vintage-a-epingler\/#primaryimage","url":"https:\/\/www.canvasartbay.com\/wp-content\/uploads\/2024\/05\/Vintage-world-push-pin-map-featured-1.jpg","contentUrl":"https:\/\/www.canvasartbay.com\/wp-content\/uploads\/2024\/05\/Vintage-world-push-pin-map-featured-1.jpg","width":1024,"height":1024,"caption":"Vintage world push pin map featured"},{"@type":"BreadcrumbList","@id":"https:\/\/www.canvasartbay.com\/fr\/produit\/carte-du-monde-vintage-a-epingler\/#breadcrumb","itemListElement":[{"@type":"ListItem","position":1,"name":"Home","item":"https:\/\/www.canvasartbay.com\/"},{"@type":"ListItem","position":2,"name":"Nouvelle Arriv\u00e9e","item":"https:\/\/www.canvasartbay.com\/fr\/nouveautes\/"},{"@type":"ListItem","position":3,"name":"Push Pin Maps","item":"https:\/\/www.canvasartbay.com\/collection\/push-pin-travel-maps\/"},{"@type":"ListItem","position":4,"name":"World Maps","item":"https:\/\/www.canvasartbay.com\/collection\/push-pin-travel-maps\/world-map\/"},{"@type":"ListItem","position":5,"name":"\u00bb"}]},{"@type":"WebSite","@id":"https:\/\/www.canvasartbay.com\/#website","url":"https:\/\/www.canvasartbay.com\/","name":"Canvas Art Bay","description":"","publisher":{"@id":"https:\/\/www.canvasartbay.com\/#organization"},"potentialAction":[{"@type":"SearchAction","target":{"@type":"EntryPoint","urlTemplate":"https:\/\/www.canvasartbay.com\/?s={search_term_string}"},"query-input":{"@type":"PropertyValueSpecification","valueRequired":true,"valueName":"search_term_string"}}],"inLanguage":"fr-FR"},{"@type":"Organization","@id":"https:\/\/www.canvasartbay.com\/#organization","name":"Canvas Art Bay","url":"https:\/\/www.canvasartbay.com\/","logo":{"@type":"ImageObject","inLanguage":"fr-FR","@id":"https:\/\/www.canvasartbay.com\/#\/schema\/logo\/image\/","url":"https:\/\/www.canvasartbay.com\/wp-content\/uploads\/2021\/09\/cropped-cropped-cropped-cropped-canvasartbay-logo-1-1-300x142-1.png","contentUrl":"https:\/\/www.canvasartbay.com\/wp-content\/uploads\/2021\/09\/cropped-cropped-cropped-cropped-canvasartbay-logo-1-1-300x142-1.png","width":300,"height":142,"caption":"Canvas Art Bay"},"image":{"@id":"https:\/\/www.canvasartbay.com\/#\/schema\/logo\/image\/"}}]}},"_links":{"self":[{"href":"https:\/\/www.canvasartbay.com\/fr\/wp-json\/wp\/v2\/product\/123372","targetHints":{"allow":["GET"]}}],"collection":[{"href":"https:\/\/www.canvasartbay.com\/fr\/wp-json\/wp\/v2\/product"}],"about":[{"href":"https:\/\/www.canvasartbay.com\/fr\/wp-json\/wp\/v2\/types\/product"}],"replies":[{"embeddable":true,"href":"https:\/\/www.canvasartbay.com\/fr\/wp-json\/wp\/v2\/comments?post=123372"}],"wp:featuredmedia":[{"embeddable":true,"href":"https:\/\/www.canvasartbay.com\/fr\/wp-json\/wp\/v2\/media\/125081"}],"wp:attachment":[{"href":"https:\/\/www.canvasartbay.com\/fr\/wp-json\/wp\/v2\/media?parent=123372"}],"wp:term":[{"taxonomy":"product_brand","embeddable":true,"href":"https:\/\/www.canvasartbay.com\/fr\/wp-json\/wp\/v2\/product_brand?post=123372"},{"taxonomy":"product_cat","embeddable":true,"href":"https:\/\/www.canvasartbay.com\/fr\/wp-json\/wp\/v2\/product_cat?post=123372"},{"taxonomy":"product_tag","embeddable":true,"href":"https:\/\/www.canvasartbay.com\/fr\/wp-json\/wp\/v2\/product_tag?post=123372"}],"curies":[{"name":"wp","href":"https:\/\/api.w.org\/{rel}","templated":true}]}}