{"id":128803,"date":"2026-03-30T09:34:01","date_gmt":"2026-03-30T09:34:01","guid":{"rendered":"https:\/\/www.canvasartbay.com\/?post_type=product&#038;p=128803"},"modified":"2026-04-08T11:01:42","modified_gmt":"2026-04-08T11:01:42","slug":"nature-s-paradise-canvas-art","status":"publish","type":"product","link":"https:\/\/www.canvasartbay.com\/fr\/product\/nature-s-paradise-canvas-art\/","title":{"rendered":"Tableau le paradis de la nature"},"excerpt":{"rendered":"<p>La toile Nature's Paradise est livr\u00e9e pr\u00eate \u00e0 \u00eatre accroch\u00e9e avec des crochets m\u00e9talliques en dents de scie au dos, et aucun encadrement suppl\u00e9mentaire n'est n\u00e9cessaire. La toile est soigneusement tendue \u00e0 la main sur des ch\u00e2ssis en bois naturel 100% par notre artisan expert. Nous combinons des toiles en poly-coton de premi\u00e8re qualit\u00e9 avec des encres pigmentaires d'archives pour vous offrir des impressions haute d\u00e9finition avec des couleurs vraiment vives qui durent plus de 100 ans.<\/p>\n<h3><strong>Thomas Kinkade <\/strong>D\u00e9coration murale de peinture<\/h3>\n<p>Cet art mural de Thomas Kinkade est disponible en 1 panneau, 3 panneaux, 5 panneaux ou en toile \u00e0 cadre flottant. De plus, il est disponible dans de nombreuses tailles diff\u00e9rentes : de la petite \u00e0 la grande toile. Il trouvera donc sa place dans votre salon, votre entr\u00e9e ou m\u00eame votre chambre \u00e0 coucher.<\/p>\n<h3><strong>Cadeaux d'art<\/strong><\/h3>\n<p>Cette peinture \u00e0 l'huile est un cadeau d'anniversaire parfait. Vous pouvez \u00e9galement l'offrir aux amateurs d'art. R\u00e9pandez l'amour dans votre entourage en offrant cette superbe toile d'art mural Thomas Kinkade !<\/p>","protected":false},"featured_media":150883,"comment_status":"open","ping_status":"closed","template":"","meta":{"_acf_changed":false},"product_brand":[],"product_cat":[54,3234],"product_tag":[290,263,296,99,268,396,391,3068,1441,320,468],"class_list":{"0":"post-128803","1":"product","2":"type-product","3":"status-publish","4":"has-post-thumbnail","6":"product_cat-fine-art-wall-art","7":"product_cat-thomas-kinkade","8":"product_tag-art","9":"product_tag-clouds","10":"product_tag-house","11":"product_tag-nature","12":"product_tag-painting","13":"product_tag-sea","14":"product_tag-seaside","15":"product_tag-seaside-hideaway","16":"product_tag-thomas-kinkade","17":"product_tag-trees","18":"product_tag-waves","19":"pa_canvas-type-canvas-wrap","20":"pa_canvas-type-floating-frame","21":"pa_color-green-wall-art","22":"pa_color-rainbow-wall-art","23":"pa_number-of-panels-1-panel","24":"pa_number-of-panels-3-panels-wall-art","25":"pa_number-of-panels-5-panels-wall-art","26":"pa_room-dining-room-wall-decor","27":"pa_room-hallway-wall-decor","28":"pa_room-living-room-wall-decor","29":"tm-has-options","31":"first","32":"instock","33":"shipping-taxable","34":"purchasable","35":"product-type-variable","36":"has-default-attributes"},"acf":[],"yoast_head":"<!-- This site is optimized with the Yoast SEO plugin v27.5 - https:\/\/yoast.com\/product\/yoast-seo-wordpress\/ -->\n<title>Nature&#039;s Paradise Wall Art | Thomas Kinkade Print | Canvas Art Bay<\/title>\n<meta name=\"description\" content=\"Shop Thomas Kinkade giclee print on canvas. Pick from 1 panel, 3 panels, 5 panels or floating frame wall art. Enjoy vibrant prints, Worldwide Free Shipping &amp; 30-day Money Back Guarantee.\" \/>\n<meta name=\"robots\" content=\"index, follow, max-snippet:-1, max-image-preview:large, max-video-preview:-1\" \/>\n<link rel=\"canonical\" href=\"https:\/\/www.canvasartbay.com\/fr\/produit\/nature-s-paradise-canvas-art\/\" \/>\n<meta property=\"og:locale\" content=\"fr_FR\" \/>\n<meta property=\"og:type\" content=\"article\" \/>\n<meta property=\"og:title\" content=\"Nature&#039;s Paradise Wall Art | Thomas Kinkade Print | Canvas Art Bay\" \/>\n<meta property=\"og:description\" content=\"Shop Thomas Kinkade giclee print on canvas. Pick from 1 panel, 3 panels, 5 panels or floating frame wall art. Enjoy vibrant prints, Worldwide Free Shipping &amp; 30-day Money Back Guarantee.\" \/>\n<meta property=\"og:url\" content=\"https:\/\/www.canvasartbay.com\/fr\/produit\/nature-s-paradise-canvas-art\/\" \/>\n<meta property=\"og:site_name\" content=\"Canvas Art Bay\" \/>\n<meta property=\"article:modified_time\" content=\"2026-04-08T11:01:42+00:00\" \/>\n<meta property=\"og:image\" content=\"https:\/\/www.canvasartbay.com\/wp-content\/uploads\/2025\/06\/nature-s-paradise-floating-frame-canvas-min.jpg\" \/>\n\t<meta property=\"og:image:width\" content=\"2000\" \/>\n\t<meta property=\"og:image:height\" content=\"2000\" \/>\n\t<meta property=\"og:image:type\" content=\"image\/jpeg\" \/>\n<meta name=\"twitter:card\" content=\"summary_large_image\" \/>\n<script type=\"application\/ld+json\" class=\"yoast-schema-graph\">{\"@context\":\"https:\\\/\\\/schema.org\",\"@graph\":[{\"@type\":[\"WebPage\",\"ItemPage\"],\"@id\":\"https:\\\/\\\/www.canvasartbay.com\\\/product\\\/nature-s-paradise-canvas-art\\\/\",\"url\":\"https:\\\/\\\/www.canvasartbay.com\\\/product\\\/nature-s-paradise-canvas-art\\\/\",\"name\":\"Nature's Paradise Wall Art | Thomas Kinkade Print | Canvas Art Bay\",\"isPartOf\":{\"@id\":\"https:\\\/\\\/www.canvasartbay.com\\\/#website\"},\"primaryImageOfPage\":{\"@id\":\"https:\\\/\\\/www.canvasartbay.com\\\/product\\\/nature-s-paradise-canvas-art\\\/#primaryimage\"},\"image\":{\"@id\":\"https:\\\/\\\/www.canvasartbay.com\\\/product\\\/nature-s-paradise-canvas-art\\\/#primaryimage\"},\"thumbnailUrl\":\"https:\\\/\\\/www.canvasartbay.com\\\/wp-content\\\/uploads\\\/2025\\\/06\\\/nature-s-paradise-floating-frame-canvas-min.jpg\",\"datePublished\":\"2026-03-30T09:34:01+00:00\",\"dateModified\":\"2026-04-08T11:01:42+00:00\",\"description\":\"Shop Thomas Kinkade giclee print on canvas. Pick from 1 panel, 3 panels, 5 panels or floating frame wall art. Enjoy vibrant prints, Worldwide Free Shipping & 30-day Money Back Guarantee.\",\"breadcrumb\":{\"@id\":\"https:\\\/\\\/www.canvasartbay.com\\\/product\\\/nature-s-paradise-canvas-art\\\/#breadcrumb\"},\"inLanguage\":\"fr-FR\",\"potentialAction\":[{\"@type\":\"ReadAction\",\"target\":[\"https:\\\/\\\/www.canvasartbay.com\\\/product\\\/nature-s-paradise-canvas-art\\\/\"]}]},{\"@type\":\"ImageObject\",\"inLanguage\":\"fr-FR\",\"@id\":\"https:\\\/\\\/www.canvasartbay.com\\\/product\\\/nature-s-paradise-canvas-art\\\/#primaryimage\",\"url\":\"https:\\\/\\\/www.canvasartbay.com\\\/wp-content\\\/uploads\\\/2025\\\/06\\\/nature-s-paradise-floating-frame-canvas-min.jpg\",\"contentUrl\":\"https:\\\/\\\/www.canvasartbay.com\\\/wp-content\\\/uploads\\\/2025\\\/06\\\/nature-s-paradise-floating-frame-canvas-min.jpg\",\"width\":2000,\"height\":2000,\"caption\":\"nature s paradise floating frame canvas-min\"},{\"@type\":\"BreadcrumbList\",\"@id\":\"https:\\\/\\\/www.canvasartbay.com\\\/product\\\/nature-s-paradise-canvas-art\\\/#breadcrumb\",\"itemListElement\":[{\"@type\":\"ListItem\",\"position\":1,\"name\":\"Home\",\"item\":\"https:\\\/\\\/www.canvasartbay.com\\\/\"},{\"@type\":\"ListItem\",\"position\":2,\"name\":\"Shop\",\"item\":\"https:\\\/\\\/www.canvasartbay.com\\\/new-arrivals\\\/\"},{\"@type\":\"ListItem\",\"position\":3,\"name\":\"Fine Art\",\"item\":\"https:\\\/\\\/www.canvasartbay.com\\\/collection\\\/fine-art-wall-art\\\/\"},{\"@type\":\"ListItem\",\"position\":4,\"name\":\"\u00bb\"}]},{\"@type\":\"WebSite\",\"@id\":\"https:\\\/\\\/www.canvasartbay.com\\\/#website\",\"url\":\"https:\\\/\\\/www.canvasartbay.com\\\/\",\"name\":\"Canvas Art Bay\",\"description\":\"\",\"publisher\":{\"@id\":\"https:\\\/\\\/www.canvasartbay.com\\\/#organization\"},\"potentialAction\":[{\"@type\":\"SearchAction\",\"target\":{\"@type\":\"EntryPoint\",\"urlTemplate\":\"https:\\\/\\\/www.canvasartbay.com\\\/?s={search_term_string}\"},\"query-input\":{\"@type\":\"PropertyValueSpecification\",\"valueRequired\":true,\"valueName\":\"search_term_string\"}}],\"inLanguage\":\"fr-FR\"},{\"@type\":\"Organization\",\"@id\":\"https:\\\/\\\/www.canvasartbay.com\\\/#organization\",\"name\":\"Canvas Art Bay\",\"url\":\"https:\\\/\\\/www.canvasartbay.com\\\/\",\"logo\":{\"@type\":\"ImageObject\",\"inLanguage\":\"fr-FR\",\"@id\":\"https:\\\/\\\/www.canvasartbay.com\\\/#\\\/schema\\\/logo\\\/image\\\/\",\"url\":\"https:\\\/\\\/www.canvasartbay.com\\\/wp-content\\\/uploads\\\/2021\\\/09\\\/cropped-cropped-cropped-cropped-canvasartbay-logo-1-1-300x142-1.png\",\"contentUrl\":\"https:\\\/\\\/www.canvasartbay.com\\\/wp-content\\\/uploads\\\/2021\\\/09\\\/cropped-cropped-cropped-cropped-canvasartbay-logo-1-1-300x142-1.png\",\"width\":300,\"height\":142,\"caption\":\"Canvas Art Bay\"},\"image\":{\"@id\":\"https:\\\/\\\/www.canvasartbay.com\\\/#\\\/schema\\\/logo\\\/image\\\/\"}}]}<\/script>\n<!-- \/ Yoast SEO plugin. -->","yoast_head_json":{"title":"Nature's Paradise Wall Art | Thomas Kinkade Print | Canvas Art Bay","description":"Magasinez l'impression gicl\u00e9e sur toile de Thomas Kinkade. Choisissez entre 1 panneau, 3 panneaux, 5 panneaux ou un cadre flottant. Profitez d'impressions vibrantes, d'une livraison gratuite dans le monde entier et d'une garantie de remboursement de 30 jours.","robots":{"index":"index","follow":"follow","max-snippet":"max-snippet:-1","max-image-preview":"max-image-preview:large","max-video-preview":"max-video-preview:-1"},"canonical":"https:\/\/www.canvasartbay.com\/fr\/produit\/nature-s-paradise-canvas-art\/","og_locale":"fr_FR","og_type":"article","og_title":"Nature's Paradise Wall Art | Thomas Kinkade Print | Canvas Art Bay","og_description":"Shop Thomas Kinkade giclee print on canvas. Pick from 1 panel, 3 panels, 5 panels or floating frame wall art. Enjoy vibrant prints, Worldwide Free Shipping & 30-day Money Back Guarantee.","og_url":"https:\/\/www.canvasartbay.com\/fr\/produit\/nature-s-paradise-canvas-art\/","og_site_name":"Canvas Art Bay","article_modified_time":"2026-04-08T11:01:42+00:00","og_image":[{"width":2000,"height":2000,"url":"https:\/\/www.canvasartbay.com\/wp-content\/uploads\/2025\/06\/nature-s-paradise-floating-frame-canvas-min.jpg","type":"image\/jpeg"}],"twitter_card":"summary_large_image","schema":{"@context":"https:\/\/schema.org","@graph":[{"@type":["WebPage","ItemPage"],"@id":"https:\/\/www.canvasartbay.com\/product\/nature-s-paradise-canvas-art\/","url":"https:\/\/www.canvasartbay.com\/product\/nature-s-paradise-canvas-art\/","name":"Nature's Paradise Wall Art | Thomas Kinkade Print | Canvas Art Bay","isPartOf":{"@id":"https:\/\/www.canvasartbay.com\/#website"},"primaryImageOfPage":{"@id":"https:\/\/www.canvasartbay.com\/product\/nature-s-paradise-canvas-art\/#primaryimage"},"image":{"@id":"https:\/\/www.canvasartbay.com\/product\/nature-s-paradise-canvas-art\/#primaryimage"},"thumbnailUrl":"https:\/\/www.canvasartbay.com\/wp-content\/uploads\/2025\/06\/nature-s-paradise-floating-frame-canvas-min.jpg","datePublished":"2026-03-30T09:34:01+00:00","dateModified":"2026-04-08T11:01:42+00:00","description":"Magasinez l'impression gicl\u00e9e sur toile de Thomas Kinkade. Choisissez entre 1 panneau, 3 panneaux, 5 panneaux ou un cadre flottant. Profitez d'impressions vibrantes, d'une livraison gratuite dans le monde entier et d'une garantie de remboursement de 30 jours.","breadcrumb":{"@id":"https:\/\/www.canvasartbay.com\/product\/nature-s-paradise-canvas-art\/#breadcrumb"},"inLanguage":"fr-FR","potentialAction":[{"@type":"ReadAction","target":["https:\/\/www.canvasartbay.com\/product\/nature-s-paradise-canvas-art\/"]}]},{"@type":"ImageObject","inLanguage":"fr-FR","@id":"https:\/\/www.canvasartbay.com\/product\/nature-s-paradise-canvas-art\/#primaryimage","url":"https:\/\/www.canvasartbay.com\/wp-content\/uploads\/2025\/06\/nature-s-paradise-floating-frame-canvas-min.jpg","contentUrl":"https:\/\/www.canvasartbay.com\/wp-content\/uploads\/2025\/06\/nature-s-paradise-floating-frame-canvas-min.jpg","width":2000,"height":2000,"caption":"nature s paradise floating frame canvas-min"},{"@type":"BreadcrumbList","@id":"https:\/\/www.canvasartbay.com\/product\/nature-s-paradise-canvas-art\/#breadcrumb","itemListElement":[{"@type":"ListItem","position":1,"name":"Home","item":"https:\/\/www.canvasartbay.com\/"},{"@type":"ListItem","position":2,"name":"Shop","item":"https:\/\/www.canvasartbay.com\/new-arrivals\/"},{"@type":"ListItem","position":3,"name":"Fine Art","item":"https:\/\/www.canvasartbay.com\/collection\/fine-art-wall-art\/"},{"@type":"ListItem","position":4,"name":"\u00bb"}]},{"@type":"WebSite","@id":"https:\/\/www.canvasartbay.com\/#website","url":"https:\/\/www.canvasartbay.com\/","name":"Baie d'art en toile","description":"","publisher":{"@id":"https:\/\/www.canvasartbay.com\/#organization"},"potentialAction":[{"@type":"SearchAction","target":{"@type":"EntryPoint","urlTemplate":"https:\/\/www.canvasartbay.com\/?s={search_term_string}"},"query-input":{"@type":"PropertyValueSpecification","valueRequired":true,"valueName":"search_term_string"}}],"inLanguage":"fr-FR"},{"@type":"Organization","@id":"https:\/\/www.canvasartbay.com\/#organization","name":"Baie d'art en toile","url":"https:\/\/www.canvasartbay.com\/","logo":{"@type":"ImageObject","inLanguage":"fr-FR","@id":"https:\/\/www.canvasartbay.com\/#\/schema\/logo\/image\/","url":"https:\/\/www.canvasartbay.com\/wp-content\/uploads\/2021\/09\/cropped-cropped-cropped-cropped-canvasartbay-logo-1-1-300x142-1.png","contentUrl":"https:\/\/www.canvasartbay.com\/wp-content\/uploads\/2021\/09\/cropped-cropped-cropped-cropped-canvasartbay-logo-1-1-300x142-1.png","width":300,"height":142,"caption":"Canvas Art Bay"},"image":{"@id":"https:\/\/www.canvasartbay.com\/#\/schema\/logo\/image\/"}}]}},"_links":{"self":[{"href":"https:\/\/www.canvasartbay.com\/fr\/wp-json\/wp\/v2\/product\/128803","targetHints":{"allow":["GET"]}}],"collection":[{"href":"https:\/\/www.canvasartbay.com\/fr\/wp-json\/wp\/v2\/product"}],"about":[{"href":"https:\/\/www.canvasartbay.com\/fr\/wp-json\/wp\/v2\/types\/product"}],"replies":[{"embeddable":true,"href":"https:\/\/www.canvasartbay.com\/fr\/wp-json\/wp\/v2\/comments?post=128803"}],"wp:featuredmedia":[{"embeddable":true,"href":"https:\/\/www.canvasartbay.com\/fr\/wp-json\/wp\/v2\/media\/150883"}],"wp:attachment":[{"href":"https:\/\/www.canvasartbay.com\/fr\/wp-json\/wp\/v2\/media?parent=128803"}],"wp:term":[{"taxonomy":"product_brand","embeddable":true,"href":"https:\/\/www.canvasartbay.com\/fr\/wp-json\/wp\/v2\/product_brand?post=128803"},{"taxonomy":"product_cat","embeddable":true,"href":"https:\/\/www.canvasartbay.com\/fr\/wp-json\/wp\/v2\/product_cat?post=128803"},{"taxonomy":"product_tag","embeddable":true,"href":"https:\/\/www.canvasartbay.com\/fr\/wp-json\/wp\/v2\/product_tag?post=128803"}],"curies":[{"name":"wp","href":"https:\/\/api.w.org\/{rel}","templated":true}]}}