{"id":128997,"date":"2024-10-09T08:48:00","date_gmt":"2024-10-09T08:48:00","guid":{"rendered":"https:\/\/www.canvasartbay.com\/?post_type=product&#038;p=128997"},"modified":"2025-09-06T07:37:14","modified_gmt":"2025-09-06T07:37:14","slug":"autumn-rhythm-canvas-art","status":"publish","type":"product","link":"https:\/\/www.canvasartbay.com\/fr\/product\/autumn-rhythm-canvas-art\/","title":{"rendered":"Autumn Rhythm"},"excerpt":{"rendered":"<p>This Jackson Pollock&#8217;s autumn rhythm canvas art is a <strong>reproduction imprim\u00e9e de la peinture originale<\/strong>. Elle est livr\u00e9e pr\u00eate \u00e0 \u00eatre accroch\u00e9e avec des crochets m\u00e9talliques en dents de scie au dos, et aucun encadrement suppl\u00e9mentaire n'est n\u00e9cessaire. La toile est soigneusement tendue \u00e0 la main sur des ch\u00e2ssis en bois naturel 100% par notre artisan expert. Nous combinons la toile en poly-coton de premi\u00e8re qualit\u00e9 avec des encres pigmentaires d'archives pour vous offrir des impressions haute d\u00e9finition avec des couleurs vraiment vives qui durent plus de 100 ans.<\/p>\n<h3>Autumn Rhythm Wall Art &#8211; Decor Ideas<\/h3>\n<p>The &#8220;Autumn Rhythm&#8221; wall art is available in 1 panel, 3 panels, 5 panels or floating frame canvas. Plus, It&#8217;s available in many different sizes: from small to over-sized canvas print. So it will certainly fit in your living room, hallway or even your office space.<\/p>\n<h3><strong>Autumn Rhythm Fine Art Gifts<\/strong><\/h3>\n<p>This autumn rhythm artwork of Jackson Pollock makes a perfect birthday gift or anniversary gift. You can also gift it to old masters art lovers. Spread love in your surroundings by offering this stunning abstract canvas wall art!<\/p>","protected":false},"featured_media":129008,"comment_status":"open","ping_status":"closed","template":"","meta":{"_acf_changed":false},"product_brand":[],"product_cat":[48,54,3235],"product_tag":[214,290,3071,220,219,3072,723],"class_list":{"0":"post-128997","1":"product","2":"type-product","3":"status-publish","4":"has-post-thumbnail","6":"product_cat-abstract-wall-art","7":"product_cat-fine-art-wall-art","8":"product_cat-jackson-pollock","9":"product_tag-abstract","10":"product_tag-art","11":"product_tag-autumn-rhythm","12":"product_tag-fine-art","13":"product_tag-jackson-pollock","14":"product_tag-number-30","15":"product_tag-pollock","16":"pa_canvas-type-canvas-wrap","17":"pa_canvas-type-floating-frame","18":"pa_color-beige-wall-art","19":"pa_color-black-white-wall-art","20":"pa_number-of-panels-1-panel","21":"pa_number-of-panels-3-panels-wall-art","22":"pa_number-of-panels-5-panels-wall-art","23":"pa_room-bedroom-wall-decor","24":"pa_room-hallway-wall-decor","25":"pa_room-living-room-wall-decor","26":"tm-has-options","28":"first","29":"instock","30":"shipping-taxable","31":"purchasable","32":"product-type-variable","33":"has-default-attributes"},"acf":[],"yoast_head":"<!-- This site is optimized with the Yoast SEO plugin v27.5 - https:\/\/yoast.com\/product\/yoast-seo-wordpress\/ -->\n<title>Jackson Pollock Autumn Rhythm Canvas Art | Canvas Art Bay<\/title>\n<meta name=\"description\" content=\"Shop Jackson Pollock Autumn Rhythm wall art. Pick from 1 panel, 3 panels, 5 panels or floating frame wall art. Enjoy vibrant prints, Worldwide Free Shipping &amp; 30-day Money Back Guarantee.\" \/>\n<meta name=\"robots\" content=\"index, follow, max-snippet:-1, max-image-preview:large, max-video-preview:-1\" \/>\n<link rel=\"canonical\" href=\"https:\/\/www.canvasartbay.com\/fr\/produit\/autumn-rhythm-canvas-art\/\" \/>\n<meta property=\"og:locale\" content=\"fr_FR\" \/>\n<meta property=\"og:type\" content=\"article\" \/>\n<meta property=\"og:title\" content=\"Jackson Pollock Autumn Rhythm Canvas Art | Canvas Art Bay\" \/>\n<meta property=\"og:description\" content=\"Shop Jackson Pollock Autumn Rhythm wall art. Pick from 1 panel, 3 panels, 5 panels or floating frame wall art. Enjoy vibrant prints, Worldwide Free Shipping &amp; 30-day Money Back Guarantee.\" \/>\n<meta property=\"og:url\" content=\"https:\/\/www.canvasartbay.com\/fr\/produit\/autumn-rhythm-canvas-art\/\" \/>\n<meta property=\"og:site_name\" content=\"Canvas Art Bay\" \/>\n<meta property=\"article:modified_time\" content=\"2025-09-06T07:37:14+00:00\" \/>\n<meta property=\"og:image\" content=\"https:\/\/www.canvasartbay.com\/wp-content\/uploads\/2024\/10\/5-panels-autumn-rhythm-canvas-art.jpg\" \/>\n\t<meta property=\"og:image:width\" content=\"1200\" \/>\n\t<meta property=\"og:image:height\" content=\"1200\" \/>\n\t<meta property=\"og:image:type\" content=\"image\/jpeg\" \/>\n<meta name=\"twitter:card\" content=\"summary_large_image\" \/>\n<script type=\"application\/ld+json\" class=\"yoast-schema-graph\">{\"@context\":\"https:\\\/\\\/schema.org\",\"@graph\":[{\"@type\":[\"WebPage\",\"ItemPage\"],\"@id\":\"https:\\\/\\\/www.canvasartbay.com\\\/product\\\/autumn-rhythm-canvas-art\\\/\",\"url\":\"https:\\\/\\\/www.canvasartbay.com\\\/product\\\/autumn-rhythm-canvas-art\\\/\",\"name\":\"Jackson Pollock Autumn Rhythm Canvas Art | Canvas Art Bay\",\"isPartOf\":{\"@id\":\"https:\\\/\\\/www.canvasartbay.com\\\/#website\"},\"primaryImageOfPage\":{\"@id\":\"https:\\\/\\\/www.canvasartbay.com\\\/product\\\/autumn-rhythm-canvas-art\\\/#primaryimage\"},\"image\":{\"@id\":\"https:\\\/\\\/www.canvasartbay.com\\\/product\\\/autumn-rhythm-canvas-art\\\/#primaryimage\"},\"thumbnailUrl\":\"https:\\\/\\\/www.canvasartbay.com\\\/wp-content\\\/uploads\\\/2024\\\/10\\\/5-panels-autumn-rhythm-canvas-art.jpg\",\"datePublished\":\"2024-10-09T08:48:00+00:00\",\"dateModified\":\"2025-09-06T07:37:14+00:00\",\"description\":\"Shop Jackson Pollock Autumn Rhythm wall art. Pick from 1 panel, 3 panels, 5 panels or floating frame wall art. Enjoy vibrant prints, Worldwide Free Shipping & 30-day Money Back Guarantee.\",\"breadcrumb\":{\"@id\":\"https:\\\/\\\/www.canvasartbay.com\\\/product\\\/autumn-rhythm-canvas-art\\\/#breadcrumb\"},\"inLanguage\":\"fr-FR\",\"potentialAction\":[{\"@type\":\"ReadAction\",\"target\":[\"https:\\\/\\\/www.canvasartbay.com\\\/product\\\/autumn-rhythm-canvas-art\\\/\"]}]},{\"@type\":\"ImageObject\",\"inLanguage\":\"fr-FR\",\"@id\":\"https:\\\/\\\/www.canvasartbay.com\\\/product\\\/autumn-rhythm-canvas-art\\\/#primaryimage\",\"url\":\"https:\\\/\\\/www.canvasartbay.com\\\/wp-content\\\/uploads\\\/2024\\\/10\\\/5-panels-autumn-rhythm-canvas-art.jpg\",\"contentUrl\":\"https:\\\/\\\/www.canvasartbay.com\\\/wp-content\\\/uploads\\\/2024\\\/10\\\/5-panels-autumn-rhythm-canvas-art.jpg\",\"width\":1200,\"height\":1200,\"caption\":\"5 panels autumn rhythm canvas art\"},{\"@type\":\"BreadcrumbList\",\"@id\":\"https:\\\/\\\/www.canvasartbay.com\\\/product\\\/autumn-rhythm-canvas-art\\\/#breadcrumb\",\"itemListElement\":[{\"@type\":\"ListItem\",\"position\":1,\"name\":\"Home\",\"item\":\"https:\\\/\\\/www.canvasartbay.com\\\/\"},{\"@type\":\"ListItem\",\"position\":2,\"name\":\"Shop\",\"item\":\"https:\\\/\\\/www.canvasartbay.com\\\/new-arrivals\\\/\"},{\"@type\":\"ListItem\",\"position\":3,\"name\":\"Fine Art\",\"item\":\"https:\\\/\\\/www.canvasartbay.com\\\/collection\\\/fine-art-wall-art\\\/\"},{\"@type\":\"ListItem\",\"position\":4,\"name\":\"\u00bb\"}]},{\"@type\":\"WebSite\",\"@id\":\"https:\\\/\\\/www.canvasartbay.com\\\/#website\",\"url\":\"https:\\\/\\\/www.canvasartbay.com\\\/\",\"name\":\"Canvas Art Bay\",\"description\":\"\",\"publisher\":{\"@id\":\"https:\\\/\\\/www.canvasartbay.com\\\/#organization\"},\"potentialAction\":[{\"@type\":\"SearchAction\",\"target\":{\"@type\":\"EntryPoint\",\"urlTemplate\":\"https:\\\/\\\/www.canvasartbay.com\\\/?s={search_term_string}\"},\"query-input\":{\"@type\":\"PropertyValueSpecification\",\"valueRequired\":true,\"valueName\":\"search_term_string\"}}],\"inLanguage\":\"fr-FR\"},{\"@type\":\"Organization\",\"@id\":\"https:\\\/\\\/www.canvasartbay.com\\\/#organization\",\"name\":\"Canvas Art Bay\",\"url\":\"https:\\\/\\\/www.canvasartbay.com\\\/\",\"logo\":{\"@type\":\"ImageObject\",\"inLanguage\":\"fr-FR\",\"@id\":\"https:\\\/\\\/www.canvasartbay.com\\\/#\\\/schema\\\/logo\\\/image\\\/\",\"url\":\"https:\\\/\\\/www.canvasartbay.com\\\/wp-content\\\/uploads\\\/2021\\\/09\\\/cropped-cropped-cropped-cropped-canvasartbay-logo-1-1-300x142-1.png\",\"contentUrl\":\"https:\\\/\\\/www.canvasartbay.com\\\/wp-content\\\/uploads\\\/2021\\\/09\\\/cropped-cropped-cropped-cropped-canvasartbay-logo-1-1-300x142-1.png\",\"width\":300,\"height\":142,\"caption\":\"Canvas Art Bay\"},\"image\":{\"@id\":\"https:\\\/\\\/www.canvasartbay.com\\\/#\\\/schema\\\/logo\\\/image\\\/\"}}]}<\/script>\n<!-- \/ Yoast SEO plugin. -->","yoast_head_json":{"title":"Jackson Pollock Autumn Rhythm Canvas Art | Canvas Art Bay","description":"Shop Jackson Pollock Autumn Rhythm wall art. Pick from 1 panel, 3 panels, 5 panels or floating frame wall art. Enjoy vibrant prints, Worldwide Free Shipping & 30-day Money Back Guarantee.","robots":{"index":"index","follow":"follow","max-snippet":"max-snippet:-1","max-image-preview":"max-image-preview:large","max-video-preview":"max-video-preview:-1"},"canonical":"https:\/\/www.canvasartbay.com\/fr\/produit\/autumn-rhythm-canvas-art\/","og_locale":"fr_FR","og_type":"article","og_title":"Jackson Pollock Autumn Rhythm Canvas Art | Canvas Art Bay","og_description":"Shop Jackson Pollock Autumn Rhythm wall art. Pick from 1 panel, 3 panels, 5 panels or floating frame wall art. Enjoy vibrant prints, Worldwide Free Shipping & 30-day Money Back Guarantee.","og_url":"https:\/\/www.canvasartbay.com\/fr\/produit\/autumn-rhythm-canvas-art\/","og_site_name":"Canvas Art Bay","article_modified_time":"2025-09-06T07:37:14+00:00","og_image":[{"width":1200,"height":1200,"url":"https:\/\/www.canvasartbay.com\/wp-content\/uploads\/2024\/10\/5-panels-autumn-rhythm-canvas-art.jpg","type":"image\/jpeg"}],"twitter_card":"summary_large_image","schema":{"@context":"https:\/\/schema.org","@graph":[{"@type":["WebPage","ItemPage"],"@id":"https:\/\/www.canvasartbay.com\/product\/autumn-rhythm-canvas-art\/","url":"https:\/\/www.canvasartbay.com\/product\/autumn-rhythm-canvas-art\/","name":"Jackson Pollock Autumn Rhythm Canvas Art | Canvas Art Bay","isPartOf":{"@id":"https:\/\/www.canvasartbay.com\/#website"},"primaryImageOfPage":{"@id":"https:\/\/www.canvasartbay.com\/product\/autumn-rhythm-canvas-art\/#primaryimage"},"image":{"@id":"https:\/\/www.canvasartbay.com\/product\/autumn-rhythm-canvas-art\/#primaryimage"},"thumbnailUrl":"https:\/\/www.canvasartbay.com\/wp-content\/uploads\/2024\/10\/5-panels-autumn-rhythm-canvas-art.jpg","datePublished":"2024-10-09T08:48:00+00:00","dateModified":"2025-09-06T07:37:14+00:00","description":"Shop Jackson Pollock Autumn Rhythm wall art. Pick from 1 panel, 3 panels, 5 panels or floating frame wall art. Enjoy vibrant prints, Worldwide Free Shipping & 30-day Money Back Guarantee.","breadcrumb":{"@id":"https:\/\/www.canvasartbay.com\/product\/autumn-rhythm-canvas-art\/#breadcrumb"},"inLanguage":"fr-FR","potentialAction":[{"@type":"ReadAction","target":["https:\/\/www.canvasartbay.com\/product\/autumn-rhythm-canvas-art\/"]}]},{"@type":"ImageObject","inLanguage":"fr-FR","@id":"https:\/\/www.canvasartbay.com\/product\/autumn-rhythm-canvas-art\/#primaryimage","url":"https:\/\/www.canvasartbay.com\/wp-content\/uploads\/2024\/10\/5-panels-autumn-rhythm-canvas-art.jpg","contentUrl":"https:\/\/www.canvasartbay.com\/wp-content\/uploads\/2024\/10\/5-panels-autumn-rhythm-canvas-art.jpg","width":1200,"height":1200,"caption":"5 panels autumn rhythm canvas art"},{"@type":"BreadcrumbList","@id":"https:\/\/www.canvasartbay.com\/product\/autumn-rhythm-canvas-art\/#breadcrumb","itemListElement":[{"@type":"ListItem","position":1,"name":"Home","item":"https:\/\/www.canvasartbay.com\/"},{"@type":"ListItem","position":2,"name":"Shop","item":"https:\/\/www.canvasartbay.com\/new-arrivals\/"},{"@type":"ListItem","position":3,"name":"Fine Art","item":"https:\/\/www.canvasartbay.com\/collection\/fine-art-wall-art\/"},{"@type":"ListItem","position":4,"name":"\u00bb"}]},{"@type":"WebSite","@id":"https:\/\/www.canvasartbay.com\/#website","url":"https:\/\/www.canvasartbay.com\/","name":"Baie d'art en toile","description":"","publisher":{"@id":"https:\/\/www.canvasartbay.com\/#organization"},"potentialAction":[{"@type":"SearchAction","target":{"@type":"EntryPoint","urlTemplate":"https:\/\/www.canvasartbay.com\/?s={search_term_string}"},"query-input":{"@type":"PropertyValueSpecification","valueRequired":true,"valueName":"search_term_string"}}],"inLanguage":"fr-FR"},{"@type":"Organization","@id":"https:\/\/www.canvasartbay.com\/#organization","name":"Baie d'art en toile","url":"https:\/\/www.canvasartbay.com\/","logo":{"@type":"ImageObject","inLanguage":"fr-FR","@id":"https:\/\/www.canvasartbay.com\/#\/schema\/logo\/image\/","url":"https:\/\/www.canvasartbay.com\/wp-content\/uploads\/2021\/09\/cropped-cropped-cropped-cropped-canvasartbay-logo-1-1-300x142-1.png","contentUrl":"https:\/\/www.canvasartbay.com\/wp-content\/uploads\/2021\/09\/cropped-cropped-cropped-cropped-canvasartbay-logo-1-1-300x142-1.png","width":300,"height":142,"caption":"Canvas Art Bay"},"image":{"@id":"https:\/\/www.canvasartbay.com\/#\/schema\/logo\/image\/"}}]}},"_links":{"self":[{"href":"https:\/\/www.canvasartbay.com\/fr\/wp-json\/wp\/v2\/product\/128997","targetHints":{"allow":["GET"]}}],"collection":[{"href":"https:\/\/www.canvasartbay.com\/fr\/wp-json\/wp\/v2\/product"}],"about":[{"href":"https:\/\/www.canvasartbay.com\/fr\/wp-json\/wp\/v2\/types\/product"}],"replies":[{"embeddable":true,"href":"https:\/\/www.canvasartbay.com\/fr\/wp-json\/wp\/v2\/comments?post=128997"}],"wp:featuredmedia":[{"embeddable":true,"href":"https:\/\/www.canvasartbay.com\/fr\/wp-json\/wp\/v2\/media\/129008"}],"wp:attachment":[{"href":"https:\/\/www.canvasartbay.com\/fr\/wp-json\/wp\/v2\/media?parent=128997"}],"wp:term":[{"taxonomy":"product_brand","embeddable":true,"href":"https:\/\/www.canvasartbay.com\/fr\/wp-json\/wp\/v2\/product_brand?post=128997"},{"taxonomy":"product_cat","embeddable":true,"href":"https:\/\/www.canvasartbay.com\/fr\/wp-json\/wp\/v2\/product_cat?post=128997"},{"taxonomy":"product_tag","embeddable":true,"href":"https:\/\/www.canvasartbay.com\/fr\/wp-json\/wp\/v2\/product_tag?post=128997"}],"curies":[{"name":"wp","href":"https:\/\/api.w.org\/{rel}","templated":true}]}}