{"id":14626,"date":"2024-07-04T16:47:04","date_gmt":"2024-07-04T16:47:04","guid":{"rendered":"https:\/\/www.canvasartbay.com\/?post_type=product&#038;p=14626"},"modified":"2025-08-25T14:36:06","modified_gmt":"2025-08-25T14:36:06","slug":"blue-baseball-stadiums-map","status":"publish","type":"product","link":"https:\/\/www.canvasartbay.com\/fr\/product\/blue-baseball-stadiums-map\/","title":{"rendered":"Blue Baseball Stadiums Map"},"excerpt":{"rendered":"<h3>Why You Will Love Your Baseball Stadiums Map<\/h3>\n<p>We combine our love for geography &amp; Baseball with our design experience to bring to you this detailed baseball stadiums map. We include as much cities as possible (1000+ cities), plus all 30 MLB Major League ballparks and 120 MLB Minor League ballparks, without altering the clarity, readability and beauty of this blue map of baseball stadiums.<\/p>\n<p>A real piece of art that will make a statement in every room! It makes a great wedding gift or anniversary gift for couples. Plus, it\u2019s fully customizable for a more personal travel gift. Just hang it in your office space or living room, and you will see how easily conversations will start around it!<\/p>\n<p><a href=\"https:\/\/www.youtube.com\/watch?v=zxLnfoEN3Rc\" data-lity=\"\">&gt;&gt; <u><b>Voir cette carte en vid\u00e9o<\/b><\/u><\/a><\/p>\n<h3>USA Ballpark Tour Map &#8211; Detailed Content<strong><br \/>\n<\/strong><\/h3>\n<ul>\n<li>All 30 Major Baseball League stadiums labeled.<\/li>\n<li>Canadian &#8220;Toronto Blue Jays&#8221; stadium included.<\/li>\n<li>Team names labeled at each ballpark.<\/li>\n<li><span class=\"tc-label-wrap\"><span class=\"tc-col tc-label tm-label\"><span class=\"tc-label-inner tcwidth tcwidth-100 no-desc\"><span id=\"tmcp_choice_11_0_336819f0bd9f7f8_label\" class=\"tc-label-text\">120 Minor League Parks included (Optional).<\/span><\/span><\/span><\/span><\/li>\n<li>Includes 1000+ US cities with excellent clarity.<\/li>\n<li>2025 current USA map with &#8220;Gulf of America&#8221; labeled.<\/li>\n<li>Les capitales des \u00c9tats sont marqu\u00e9es du symbole de l'\u00e9toile.<\/li>\n<li>200 push-pins in 4 different colors.<\/li>\n<\/ul>\n<h3>List of 30 Major Baseball League Stadiums Included:<\/h3>\n<p>Here is the full list of all included Major League Baseball Stadiums in this push pin map:<\/p>\n<p>Baltimore Oriole Park &#8211; Chicago Guaranteed Rate Field &#8211; Cleveland Progressive Field &#8211; Detroit Comerica Park &#8211; Houston Minute Maid Park &#8211; Kansas City Kauffman Stadium &#8211; New York Yankee Stadium &#8211; Oakland Coliseum &#8211; Seattle T-mobile Park &#8211; Tampa Bay Tropicana Field &#8211; Texas Globe Life Park &#8211; Toronto Rogers Centre &#8211; Arizona Chase Field &#8211; Atlanta SunTruist Park &#8211; Chicago Wrigley Field &#8211; Cincinnati Great American Ball Park &#8211; Colorado Coors Field &#8211; Los Angeles Dodger Stadium &#8211; Philadelphia Citizens Bank Park &#8211; Pittsburgh PNC Park &#8211; San Diego Petco Park &#8211; San Francisco Oracle Park &#8211; St. Louis Busch Stadium &#8211;\u00a0 Washington Nationals Park &#8211; Boston Fenway Park &#8211; Los Angeles Angel Stadium &#8211; Minnesota Target Field &#8211; Miami Marlins Park &#8211; Milwaukee American Family Field &#8211; New York Citi Field.<\/p>\n<h3>List of 120 Minor Baseball League Stadiums Included:<\/h3>\n<p>If you tick the &#8220;Include Minor Baseball League Stadiums&#8221; when placing your order, we will include all the Minor Baseball League stadiums, listed here below:<\/p>\n<p>Aberdeen IronBirds &#8211; Akron RubberDucks &#8211; Albuquerque Isotopes &#8211; Altoona Curve &#8211; Amarillo Sod Poodles &#8211; Arkansas Travelers &#8211; Asheville Tourists &#8211; Augusta GreenJackets &#8211; Beloit Sky Carp &#8211; Biloxi Shuckers &#8211; Binghamton Rumble Ponies &#8211; Birmingham Barons &#8211; Bowling Green Hot Rods &#8211; Bradenton Marauders &#8211; Brooklyn Cyclones &#8211; Buffalo Bisons &#8211; Carolina Mudcats &#8211; Cedar Rapids Kernels &#8211; Charleston RiverDogs &#8211; Charlotte Knights &#8211; Chattanooga Lookouts &#8211; Chesapeake Baysox &#8211; Clearwater Threshers &#8211; Columbia Fireflies &#8211; Columbus Clingstones &#8211; Columbus Clippers &#8211; Corpus Christi Hooks &#8211; Dayton Dragons &#8211; Daytona Tortugas &#8211; Delmarva Shorebirds &#8211; Dunedin Blue Jays &#8211; Durham Bulls &#8211; El Paso Chihuahuas &#8211; Erie SeaWolves &#8211; Eugene Emeralds &#8211; Everett AquaSox &#8211; Fayetteville Woodpeckers &#8211; Fort Myers Mighty Mussels &#8211; Fort Wayne TinCaps &#8211; Fredericksburg Nationals &#8211; Fresno Grizzlies &#8211; Frisco RoughRiders &#8211; Great Lakes Loons &#8211; Greensboro Grasshoppers &#8211; Greenville Drive &#8211; Gwinnett Stripers &#8211; Harrisburg Senators &#8211; Hartford Yard Goats &#8211; Hickory Crawdads &#8211; Hillsboro Hops &#8211; Hub City Spartanburgers &#8211; Hudson Valley Renegades &#8211; Indianapolis Indians &#8211; Inland Empire 66ers &#8211; Iowa Cubs &#8211; Jacksonville Jumbo Shrimp &#8211; Jersey Shore Blue Claws &#8211; Jupiter Hammerheads &#8211; Kannapolis Cannon Ballers &#8211; Knoxville Smokies &#8211; Lake County Captains &#8211; Lake Elsinore Storm &#8211; Lakeland Flying Tigers &#8211; Lansing Lugnuts &#8211; Las Vegas Aviators &#8211; Lehigh Valley IronPigs &#8211; Louisville Bats &#8211; Lynchburg Hillcats &#8211; Memphis Redbirds &#8211; Midland RockHounds &#8211; Modesto Nuts &#8211; Montgomery Biscuits &#8211; Myrtle Beach Pelicans &#8211; Nashville Sounds &#8211; New Hampshire Fisher Cats &#8211; Norfolk Tides &#8211; Northwest Arkansas Naturals &#8211; Oklahoma City Comets &#8211; Omaha Storm Chasers &#8211; Palm Beach Cardinals &#8211; Pensacola Blue Wahoos &#8211; Peoria Chiefs &#8211; Portland Sea Dogs &#8211; Quad Cities River Bandits &#8211; Rancho Cucamonga Quakes &#8211; Reading Fightin Phils &#8211; Reno Aces &#8211; Richmond Flying Squirrels &#8211; Rochester Red Wings &#8211; Rocket City Trash Pandas &#8211; Rome Emperors &#8211; Round Rock Express &#8211; Sacramento River Cats &#8211; Salem Red Sox &#8211; Salt Lake Bees &#8211; San Antonio Missions &#8211; San Jose Giants &#8211; Scranton\/Wilkes-Barre RailRiders &#8211; Somerset Patriots &#8211; South Bend Cubs &#8211; Spokane Indians &#8211; Springfield Cardinals &#8211; St. Lucie Mets &#8211; St. Paul Saints &#8211; Stockton Ports &#8211; Sugar Land Space Cowboys &#8211; Syracuse Mets &#8211; Tacoma Rainiers &#8211; Tampa Tarpons &#8211; Toledo Mud Hens &#8211; Tri-City Dust Devils &#8211; Tulsa Drillers &#8211; Vancouver Canadians &#8211; Visalia Rawhide &#8211; West Michigan Whitecaps &#8211; Wichita Wind Surge &#8211; Wilmington Blue Rocks &#8211; Winston-Salem Dash &#8211; Wisconsin Timber Rattlers &#8211; Worcester Red Sox<\/p>\n<h3>Baseball Pin Map Main Features<\/h3>\n<ul>\n<li>Toile canvas poly-coton de haute qualit\u00e9 avec finition semi-brillante.<\/li>\n<li>V\u00e9ritable encre PIGMENT d'archivage (produite pour durer plus de 100 ans)<\/li>\n<li>Impressions imperm\u00e9ables, r\u00e9sistantes aux UV et \u00e0 la d\u00e9coloration.<\/li>\n<li>Coins tendus et pli\u00e9s \u00e0 la main.<\/li>\n<li>Bords \u00e0 effet miroir (la carte se poursuit sur les c\u00f4t\u00e9s).<\/li>\n<li>Galerie wrap-stretched sur un ch\u00e2ssis en bois poli.<\/li>\n<li>Votre carte est livr\u00e9e avec 200 punaises de 4 couleurs diff\u00e9rentes : 50 punaises de chaque couleur.<\/li>\n<li>Toutes les options encadr\u00e9es sont accompagn\u00e9es d'un support en carton mousse (<em>\u00e0 l'exception de l'option d'impression roul\u00e9e<\/em>).<\/li>\n<li>Cette carte de voyage est pr\u00eate \u00e0 \u00eatre accroch\u00e9e \u00e0 l'aide de deux crochets r\u00e9glables au dos (<em>\u00e0 l'exception de l'option d'impression roul\u00e9e<\/em>).<\/li>\n<\/ul>\n<h3>Options d'encadrement des cartes disponibles :<\/h3>\n<ul>\n<li>Toile de galerie (1\u2033 ou 1,5\u201d d'\u00e9paisseur).<\/li>\n<li>Toile encadr\u00e9e (cadre en bois dur + toile)<\/li>\n<li>Impression sur toile roul\u00e9e (non tendue).<\/li>\n<\/ul>\n<h3>Comment personnaliser votre carte<\/h3>\n<h4>1\/\/ Personnalisation de la citation<\/h4>\n<p>We love personalizing your map! Choose from 7 Quote &amp; Title styles (Anchor, ship, balloon, aircraft, etc\u2026). If you choose option 6 or 7, we will provide you with 20 hand-picked travel quotes to help you find a the quote that speaks to you!<\/p>\n<p>You can also remove the title &amp; quote if you want a simple map design. Just choose option #8: <strong>PAS DE CITATION<\/strong> in the \u201cQuote Design\u201d select box.<\/p>\n<p>Already have a travel quote in mind? Just, write it down in the \u201dEnter Your Custom Text\u201d field, and we will incorporate it into your map.<\/p>\n<h4>2\/\/ Title Personalization<\/h4>\n<p>The title comes at the top of the map (please check product images). The default title text is &#8220;Baseball Stadiums&#8221;, but you can change it as you like. Here are some example titles to inspire you:<\/p>\n<p>&#8220;MLB Ballparks&#8221;<\/p>\n<p>&#8220;Baseball Ballparks Tour&#8221;<\/p>\n<p>&#8220;My Baseball Adventures&#8221;<\/p>\n<p>Simply add your customized title request in the \u201cEnter Your Custom Title\u201d field.<\/p>\n<h4>2\/\/ Legend Personalization<\/h4>\n<p>The legend is by default placed at the bottom right corner of the map. The default legend text is: Past Ballparks \/ Next Ballparks; but you can change it to your preference.<\/p>\n<p>Here are a few Examples:<\/p>\n<p>\u201dbeen there \/let\u2019s go\u201d<\/p>\n<p>\u201cExplored Ballparks \/ Coming Next\u201d etc\u2026.<\/p>\n<p>Simply add your customized legend text request in the \u201cEnter Your Custom Legend\u201d field.<\/p>\n<h4>4\/\/ More Personalization&#8230;<\/h4>\n<p>Vous voulez savoir si une ville sp\u00e9cifique figure d\u00e9j\u00e0 sur cette carte ? Ou peut-\u00eatre voulez-vous ajouter votre ville\/destination pr\u00e9f\u00e9r\u00e9e ? Envoyez-moi un message et je me ferai un plaisir de l'ajouter gratuitement !<\/p>\n<h4>5\/\/ Non-personalized Ballparks Map<\/h4>\n<p>If you choose the &#8220;No Quote&#8221; option with No personalization requested, you will get the default Blue Baseball Stadiums map with the default title &#8220;Baseball Stadiums&#8221; and without no quote and no legend.<\/p>\n<p>Please check the non-personalized Blue Baseball Stadiums map preview here below:<a href=\"https:\/\/www.canvasartbay.com\/wp-content\/uploads\/2022\/05\/Baseball-push-pin-usa-map-no-quote.jpg\"><img loading=\"lazy\" decoding=\"async\" class=\"size-medium wp-image-7787 aligncenter\" src=\"https:\/\/www.canvasartbay.com\/wp-content\/uploads\/2022\/05\/Baseball-push-pin-usa-map-no-quote.jpg\" alt=\"blue baseball tour map non personalized\" width=\"300\" height=\"300\" \/><\/a>&gt;&gt; Note: If you&#8217;d like to remove the title on the top of the map, just un-tick the \u201cAdd Title\u201d box at the bottom.<\/p>\n<h3>Tailles disponibles :<strong><br \/>\n<\/strong><\/h3>\n<h4>Impression sur toile roul\u00e9e<strong><br \/>\n<\/strong><\/h4>\n<ul>\n<li>\u00a0small: 30\u201dx18\u201d (76&#215;46) cm<\/li>\n<li>Moyen : 39 \u201dx23\u201d (100\u00d760) cm<\/li>\n<li>Grand : 47 \u201dx28\u201d (120\u00d772) cm<\/li>\n<li>Tr\u00e8s grand : 59 \u201dx35\u201d (150\u00d790) cm<\/li>\n<\/ul>\n<p>* Remarque : la toile non tendue comporte 1,5\u2033 de mat\u00e9riau imprim\u00e9 suppl\u00e9mentaire sur les bords, ce qui vous permet de l'encadrer ou de l'envelopper facilement sans que la taille de la carte n'en p\u00e2tisse).<\/p>\n<h4>Toile tendue <strong><br \/>\n<\/strong><\/h4>\n<ul>\n<li>Small: 30\u201dx18\u201d (76&#215;46) cm<\/li>\n<li>Moyen : 39 \u201dx23\u201d (100\u00d760) cm<\/li>\n<li>Grand : 47 \u201dx28\u201d (120\u00d772) cm<\/li>\n<li>Tr\u00e8s grand : 59 \u201dx35\u201d (150\u00d790) cm<\/li>\n<\/ul>\n<p>* Note : La toile est compos\u00e9e d'une toile de 1 pouce ou 1,5 pouce d'\u00e9paisseur et d'un support en mousse. Vous pouvez choisir l'\u00e9paisseur de la toile lors de la commande.<\/p>\n<h4>\u00a0Toile encadr\u00e9e<strong><br \/>\n<\/strong><\/h4>\n<ul>\n<li>Small : External Frame size= 31&#8243; x 19&#8243; x 1.3&#8243; Thick (79 x 48 x 3.5) cm.<\/li>\n<li>Moyen : Taille du cadre externe : 41\u2033 x 25\u2033 x 1,3\u2033 d'\u00e9paisseur (104 x 64 x 3,5) cm.<\/li>\n<li>Grandes dimensions : Taille du cadre externe = 47\u2033 x 28\u2033 x 1,3\u2033 d'\u00e9paisseur (120 x 72 x 3,5) cm.<\/li>\n<li>Tr\u00e8s grand : Taille du cadre ext\u00e9rieur = 60\u2033 x 36\u2033 x 2\u2033 d'\u00e9paisseur (153 x 92 x 5) cm.<\/li>\n<\/ul>\n<p>* Note : La toile encadr\u00e9e est compos\u00e9e d'une toile de 1 pouce d'\u00e9paisseur, d'un support en carton mousse et d'un cadre en bois dur. Nos cadres sont fabriqu\u00e9s en bois dur v\u00e9ritable et sont disponibles en 5 couleurs diff\u00e9rentes : Noir mat, Blanc mat, Or classique, Brun noyer, Beige naturel. (Les dimensions en cm sont approximatives)<\/p>\n<h3>200 goupilles incluses<strong><br \/>\n<\/strong><\/h3>\n<p>Votre carte est livr\u00e9e avec 200 punaises de 4 couleurs diff\u00e9rentes : 50 punaises de chaque couleur. Les punaises sont \u00e9galement incluses dans les versions ROLL\u00c9ES.<\/p>\n<h3>R\u00e9visez votre carte avant de l'imprimer<strong><br \/>\n<\/strong><\/h3>\n<p>All custom map orders will be proofed out before printing. There is no Character Limit on the text quote or the legend, but the font size will be adjusted accordingly. That\u2019s why we recommend using the displayed examples as your guide to keep the text readable.<\/p>\n<p>We will send you a proof of your custom map via email before printing it (usually 1-3 days after placing the order). Once you approve the proof, we will print it. Please make sure to check your email on-time to avoid delays.<\/p>\n<p><strong><em>! ! Nous n'imprimerons PAS votre carte tant que vous ne l'aurez pas approuv\u00e9e !<\/em><\/strong><\/p>\n<p>Si vous avez des questions, n'h\u00e9sitez pas \u00e0 contacter <span style=\"color: #ff6600;\"><a style=\"color: #ff6600;\" href=\"https:\/\/www.canvasartbay.com\/fr\/contact-us\/\"><u>contactez-nous \u00e0 tout moment<\/u><\/a> <\/span>!<\/p>","protected":false},"featured_media":14997,"comment_status":"open","ping_status":"closed","template":"","meta":{"_acf_changed":false},"product_brand":[],"product_cat":[45,709],"product_tag":[871,872,869,873,752,868,471,487,472,131,616,620,621,875,470,874,751,870,618,617],"class_list":{"0":"post-14626","1":"product","2":"type-product","3":"status-publish","4":"has-post-thumbnail","6":"product_cat-push-pin-travel-maps","7":"product_cat-usa-maps","8":"product_tag-ballpark","9":"product_tag-ballpark-tour","10":"product_tag-ballparks-map","11":"product_tag-base-ball","12":"product_tag-baseball","13":"product_tag-baseball-map","14":"product_tag-detailed-map","15":"product_tag-framed-map","16":"product_tag-large-map","17":"product_tag-map","18":"product_tag-map-of-usa","19":"product_tag-map-united-states","20":"product_tag-map-usa","21":"product_tag-pin-map","22":"product_tag-push-pin-map","23":"product_tag-push-pins","24":"product_tag-stadium","25":"product_tag-stadiums","26":"product_tag-united-states","27":"product_tag-usa-map","28":"pa_canvas-type-canvas-wrap","29":"pa_canvas-type-framed-canvas","30":"pa_canvas-type-rolled-print","31":"pa_color-blue-wall-art","32":"pa_color-grey-wall-art","33":"pa_room-game-room-wall-decor","34":"pa_room-kids-room-wall-decor","35":"pa_room-man-cave-wall-decor","36":"tm-has-options","38":"first","39":"instock","40":"featured","41":"shipping-taxable","42":"purchasable","43":"product-type-variable","44":"has-default-attributes"},"acf":[],"yoast_head":"<!-- This site is optimized with the Yoast SEO plugin v27.5 - https:\/\/yoast.com\/product\/yoast-seo-wordpress\/ -->\n<title>Custom Baseball Stadiums Map | MLB Ballparks Map with Push Pins<\/title>\n<meta name=\"description\" content=\"Customize your Blue USA Map of major league baseball stadiums and get your personalized baseball gift! Choose from poster prints or framed canvas with pin board. Large sizes up to 60x37 inch.\" \/>\n<meta name=\"robots\" content=\"index, follow, max-snippet:-1, max-image-preview:large, max-video-preview:-1\" \/>\n<link rel=\"canonical\" href=\"https:\/\/www.canvasartbay.com\/fr\/produit\/blue-baseball-stadiums-map\/\" \/>\n<meta property=\"og:locale\" content=\"fr_FR\" \/>\n<meta property=\"og:type\" content=\"article\" \/>\n<meta property=\"og:title\" content=\"Custom Baseball Stadiums Map | MLB Ballparks Map with Push Pins\" \/>\n<meta property=\"og:description\" content=\"Customize your Blue USA Map of major league baseball stadiums and get your personalized baseball gift! Choose from poster prints or framed canvas with pin board. Large sizes up to 60x37 inch.\" \/>\n<meta property=\"og:url\" content=\"https:\/\/www.canvasartbay.com\/fr\/produit\/blue-baseball-stadiums-map\/\" \/>\n<meta property=\"og:site_name\" content=\"Canvas Art Bay\" \/>\n<meta property=\"article:modified_time\" content=\"2025-08-25T14:36:06+00:00\" \/>\n<meta property=\"og:image\" content=\"https:\/\/www.canvasartbay.com\/wp-content\/uploads\/2022\/05\/Baseball-push-pin-usa-map-featured.jpg\" \/>\n\t<meta property=\"og:image:width\" content=\"1024\" \/>\n\t<meta property=\"og:image:height\" content=\"1024\" \/>\n\t<meta property=\"og:image:type\" content=\"image\/jpeg\" \/>\n<meta name=\"twitter:card\" content=\"summary_large_image\" \/>\n<script type=\"application\/ld+json\" class=\"yoast-schema-graph\">{\"@context\":\"https:\\\/\\\/schema.org\",\"@graph\":[{\"@type\":[\"WebPage\",\"ItemPage\"],\"@id\":\"https:\\\/\\\/www.canvasartbay.com\\\/product\\\/blue-baseball-stadiums-map\\\/\",\"url\":\"https:\\\/\\\/www.canvasartbay.com\\\/product\\\/blue-baseball-stadiums-map\\\/\",\"name\":\"Custom Baseball Stadiums Map | MLB Ballparks Map with Push Pins\",\"isPartOf\":{\"@id\":\"https:\\\/\\\/www.canvasartbay.com\\\/#website\"},\"primaryImageOfPage\":{\"@id\":\"https:\\\/\\\/www.canvasartbay.com\\\/product\\\/blue-baseball-stadiums-map\\\/#primaryimage\"},\"image\":{\"@id\":\"https:\\\/\\\/www.canvasartbay.com\\\/product\\\/blue-baseball-stadiums-map\\\/#primaryimage\"},\"thumbnailUrl\":\"https:\\\/\\\/www.canvasartbay.com\\\/wp-content\\\/uploads\\\/2022\\\/05\\\/Baseball-push-pin-usa-map-featured.jpg\",\"datePublished\":\"2024-07-04T16:47:04+00:00\",\"dateModified\":\"2025-08-25T14:36:06+00:00\",\"description\":\"Customize your Blue USA Map of major league baseball stadiums and get your personalized baseball gift! Choose from poster prints or framed canvas with pin board. Large sizes up to 60x37 inch.\",\"breadcrumb\":{\"@id\":\"https:\\\/\\\/www.canvasartbay.com\\\/product\\\/blue-baseball-stadiums-map\\\/#breadcrumb\"},\"inLanguage\":\"fr-FR\",\"potentialAction\":[{\"@type\":\"ReadAction\",\"target\":[\"https:\\\/\\\/www.canvasartbay.com\\\/product\\\/blue-baseball-stadiums-map\\\/\"]}]},{\"@type\":\"ImageObject\",\"inLanguage\":\"fr-FR\",\"@id\":\"https:\\\/\\\/www.canvasartbay.com\\\/product\\\/blue-baseball-stadiums-map\\\/#primaryimage\",\"url\":\"https:\\\/\\\/www.canvasartbay.com\\\/wp-content\\\/uploads\\\/2022\\\/05\\\/Baseball-push-pin-usa-map-featured.jpg\",\"contentUrl\":\"https:\\\/\\\/www.canvasartbay.com\\\/wp-content\\\/uploads\\\/2022\\\/05\\\/Baseball-push-pin-usa-map-featured.jpg\",\"width\":1024,\"height\":1024,\"caption\":\"Baseball push pin usa map featured\"},{\"@type\":\"BreadcrumbList\",\"@id\":\"https:\\\/\\\/www.canvasartbay.com\\\/product\\\/blue-baseball-stadiums-map\\\/#breadcrumb\",\"itemListElement\":[{\"@type\":\"ListItem\",\"position\":1,\"name\":\"Home\",\"item\":\"https:\\\/\\\/www.canvasartbay.com\\\/\"},{\"@type\":\"ListItem\",\"position\":2,\"name\":\"Shop\",\"item\":\"https:\\\/\\\/www.canvasartbay.com\\\/new-arrivals\\\/\"},{\"@type\":\"ListItem\",\"position\":3,\"name\":\"Push Pin Maps\",\"item\":\"https:\\\/\\\/www.canvasartbay.com\\\/collection\\\/push-pin-travel-maps\\\/\"},{\"@type\":\"ListItem\",\"position\":4,\"name\":\"USA Maps\",\"item\":\"https:\\\/\\\/www.canvasartbay.com\\\/collection\\\/push-pin-travel-maps\\\/usa-maps\\\/\"},{\"@type\":\"ListItem\",\"position\":5,\"name\":\"\u00bb\"}]},{\"@type\":\"WebSite\",\"@id\":\"https:\\\/\\\/www.canvasartbay.com\\\/#website\",\"url\":\"https:\\\/\\\/www.canvasartbay.com\\\/\",\"name\":\"Canvas Art Bay\",\"description\":\"\",\"publisher\":{\"@id\":\"https:\\\/\\\/www.canvasartbay.com\\\/#organization\"},\"potentialAction\":[{\"@type\":\"SearchAction\",\"target\":{\"@type\":\"EntryPoint\",\"urlTemplate\":\"https:\\\/\\\/www.canvasartbay.com\\\/?s={search_term_string}\"},\"query-input\":{\"@type\":\"PropertyValueSpecification\",\"valueRequired\":true,\"valueName\":\"search_term_string\"}}],\"inLanguage\":\"fr-FR\"},{\"@type\":\"Organization\",\"@id\":\"https:\\\/\\\/www.canvasartbay.com\\\/#organization\",\"name\":\"Canvas Art Bay\",\"url\":\"https:\\\/\\\/www.canvasartbay.com\\\/\",\"logo\":{\"@type\":\"ImageObject\",\"inLanguage\":\"fr-FR\",\"@id\":\"https:\\\/\\\/www.canvasartbay.com\\\/#\\\/schema\\\/logo\\\/image\\\/\",\"url\":\"https:\\\/\\\/www.canvasartbay.com\\\/wp-content\\\/uploads\\\/2021\\\/09\\\/cropped-cropped-cropped-cropped-canvasartbay-logo-1-1-300x142-1.png\",\"contentUrl\":\"https:\\\/\\\/www.canvasartbay.com\\\/wp-content\\\/uploads\\\/2021\\\/09\\\/cropped-cropped-cropped-cropped-canvasartbay-logo-1-1-300x142-1.png\",\"width\":300,\"height\":142,\"caption\":\"Canvas Art Bay\"},\"image\":{\"@id\":\"https:\\\/\\\/www.canvasartbay.com\\\/#\\\/schema\\\/logo\\\/image\\\/\"}}]}<\/script>\n<!-- \/ Yoast SEO plugin. -->","yoast_head_json":{"title":"Custom Baseball Stadiums Map | MLB Ballparks Map with Push Pins","description":"Customize your Blue USA Map of major league baseball stadiums and get your personalized baseball gift! Choose from poster prints or framed canvas with pin board. Large sizes up to 60x37 inch.","robots":{"index":"index","follow":"follow","max-snippet":"max-snippet:-1","max-image-preview":"max-image-preview:large","max-video-preview":"max-video-preview:-1"},"canonical":"https:\/\/www.canvasartbay.com\/fr\/produit\/blue-baseball-stadiums-map\/","og_locale":"fr_FR","og_type":"article","og_title":"Custom Baseball Stadiums Map | MLB Ballparks Map with Push Pins","og_description":"Customize your Blue USA Map of major league baseball stadiums and get your personalized baseball gift! Choose from poster prints or framed canvas with pin board. Large sizes up to 60x37 inch.","og_url":"https:\/\/www.canvasartbay.com\/fr\/produit\/blue-baseball-stadiums-map\/","og_site_name":"Canvas Art Bay","article_modified_time":"2025-08-25T14:36:06+00:00","og_image":[{"width":1024,"height":1024,"url":"https:\/\/www.canvasartbay.com\/wp-content\/uploads\/2022\/05\/Baseball-push-pin-usa-map-featured.jpg","type":"image\/jpeg"}],"twitter_card":"summary_large_image","schema":{"@context":"https:\/\/schema.org","@graph":[{"@type":["WebPage","ItemPage"],"@id":"https:\/\/www.canvasartbay.com\/product\/blue-baseball-stadiums-map\/","url":"https:\/\/www.canvasartbay.com\/product\/blue-baseball-stadiums-map\/","name":"Custom Baseball Stadiums Map | MLB Ballparks Map with Push Pins","isPartOf":{"@id":"https:\/\/www.canvasartbay.com\/#website"},"primaryImageOfPage":{"@id":"https:\/\/www.canvasartbay.com\/product\/blue-baseball-stadiums-map\/#primaryimage"},"image":{"@id":"https:\/\/www.canvasartbay.com\/product\/blue-baseball-stadiums-map\/#primaryimage"},"thumbnailUrl":"https:\/\/www.canvasartbay.com\/wp-content\/uploads\/2022\/05\/Baseball-push-pin-usa-map-featured.jpg","datePublished":"2024-07-04T16:47:04+00:00","dateModified":"2025-08-25T14:36:06+00:00","description":"Customize your Blue USA Map of major league baseball stadiums and get your personalized baseball gift! Choose from poster prints or framed canvas with pin board. Large sizes up to 60x37 inch.","breadcrumb":{"@id":"https:\/\/www.canvasartbay.com\/product\/blue-baseball-stadiums-map\/#breadcrumb"},"inLanguage":"fr-FR","potentialAction":[{"@type":"ReadAction","target":["https:\/\/www.canvasartbay.com\/product\/blue-baseball-stadiums-map\/"]}]},{"@type":"ImageObject","inLanguage":"fr-FR","@id":"https:\/\/www.canvasartbay.com\/product\/blue-baseball-stadiums-map\/#primaryimage","url":"https:\/\/www.canvasartbay.com\/wp-content\/uploads\/2022\/05\/Baseball-push-pin-usa-map-featured.jpg","contentUrl":"https:\/\/www.canvasartbay.com\/wp-content\/uploads\/2022\/05\/Baseball-push-pin-usa-map-featured.jpg","width":1024,"height":1024,"caption":"Baseball push pin usa map featured"},{"@type":"BreadcrumbList","@id":"https:\/\/www.canvasartbay.com\/product\/blue-baseball-stadiums-map\/#breadcrumb","itemListElement":[{"@type":"ListItem","position":1,"name":"Home","item":"https:\/\/www.canvasartbay.com\/"},{"@type":"ListItem","position":2,"name":"Shop","item":"https:\/\/www.canvasartbay.com\/new-arrivals\/"},{"@type":"ListItem","position":3,"name":"Push Pin Maps","item":"https:\/\/www.canvasartbay.com\/collection\/push-pin-travel-maps\/"},{"@type":"ListItem","position":4,"name":"USA Maps","item":"https:\/\/www.canvasartbay.com\/collection\/push-pin-travel-maps\/usa-maps\/"},{"@type":"ListItem","position":5,"name":"\u00bb"}]},{"@type":"WebSite","@id":"https:\/\/www.canvasartbay.com\/#website","url":"https:\/\/www.canvasartbay.com\/","name":"Baie d'art en toile","description":"","publisher":{"@id":"https:\/\/www.canvasartbay.com\/#organization"},"potentialAction":[{"@type":"SearchAction","target":{"@type":"EntryPoint","urlTemplate":"https:\/\/www.canvasartbay.com\/?s={search_term_string}"},"query-input":{"@type":"PropertyValueSpecification","valueRequired":true,"valueName":"search_term_string"}}],"inLanguage":"fr-FR"},{"@type":"Organization","@id":"https:\/\/www.canvasartbay.com\/#organization","name":"Baie d'art en toile","url":"https:\/\/www.canvasartbay.com\/","logo":{"@type":"ImageObject","inLanguage":"fr-FR","@id":"https:\/\/www.canvasartbay.com\/#\/schema\/logo\/image\/","url":"https:\/\/www.canvasartbay.com\/wp-content\/uploads\/2021\/09\/cropped-cropped-cropped-cropped-canvasartbay-logo-1-1-300x142-1.png","contentUrl":"https:\/\/www.canvasartbay.com\/wp-content\/uploads\/2021\/09\/cropped-cropped-cropped-cropped-canvasartbay-logo-1-1-300x142-1.png","width":300,"height":142,"caption":"Canvas Art Bay"},"image":{"@id":"https:\/\/www.canvasartbay.com\/#\/schema\/logo\/image\/"}}]}},"_links":{"self":[{"href":"https:\/\/www.canvasartbay.com\/fr\/wp-json\/wp\/v2\/product\/14626","targetHints":{"allow":["GET"]}}],"collection":[{"href":"https:\/\/www.canvasartbay.com\/fr\/wp-json\/wp\/v2\/product"}],"about":[{"href":"https:\/\/www.canvasartbay.com\/fr\/wp-json\/wp\/v2\/types\/product"}],"replies":[{"embeddable":true,"href":"https:\/\/www.canvasartbay.com\/fr\/wp-json\/wp\/v2\/comments?post=14626"}],"wp:featuredmedia":[{"embeddable":true,"href":"https:\/\/www.canvasartbay.com\/fr\/wp-json\/wp\/v2\/media\/14997"}],"wp:attachment":[{"href":"https:\/\/www.canvasartbay.com\/fr\/wp-json\/wp\/v2\/media?parent=14626"}],"wp:term":[{"taxonomy":"product_brand","embeddable":true,"href":"https:\/\/www.canvasartbay.com\/fr\/wp-json\/wp\/v2\/product_brand?post=14626"},{"taxonomy":"product_cat","embeddable":true,"href":"https:\/\/www.canvasartbay.com\/fr\/wp-json\/wp\/v2\/product_cat?post=14626"},{"taxonomy":"product_tag","embeddable":true,"href":"https:\/\/www.canvasartbay.com\/fr\/wp-json\/wp\/v2\/product_tag?post=14626"}],"curies":[{"name":"wp","href":"https:\/\/api.w.org\/{rel}","templated":true}]}}