{"id":151166,"date":"2025-10-29T08:21:23","date_gmt":"2025-10-29T08:21:23","guid":{"rendered":"https:\/\/www.canvasartbay.com\/?post_type=product&#038;p=151166"},"modified":"2025-11-03T10:17:48","modified_gmt":"2025-11-03T10:17:48","slug":"aesthetic-collage-canvas-art","status":"publish","type":"product","link":"https:\/\/www.canvasartbay.com\/fr\/product\/aesthetic-collage-canvas-art\/","title":{"rendered":"Collage esth\u00e9tique"},"excerpt":{"rendered":"<p>Cette toile d'art intitul\u00e9e Keith Haring's Aesthetic Collage est une \u0153uvre d'art de grande qualit\u00e9. <strong>reproduction imprim\u00e9e de la peinture originale<\/strong>. Elle est livr\u00e9e pr\u00eate \u00e0 \u00eatre accroch\u00e9e avec des crochets m\u00e9talliques en dents de scie au dos, et aucun encadrement suppl\u00e9mentaire n'est n\u00e9cessaire. La toile est soigneusement tendue \u00e0 la main sur des ch\u00e2ssis en bois naturel 100% par notre artisan expert. Nous combinons la toile en poly-coton de premi\u00e8re qualit\u00e9 avec des encres pigmentaires d'archives pour vous offrir des impressions haute d\u00e9finition avec des couleurs vraiment vives qui durent plus de 100 ans.<\/p>\n<h3>Art mural Keith Haring - Id\u00e9es de d\u00e9coration<\/h3>\n<p>L'art mural \u201cCollage esth\u00e9tique\u201d est disponible en 1 panneau, 3 panneaux, 5 panneaux ou en toile \u00e0 cadre flottant. De plus, il est disponible dans de nombreuses tailles diff\u00e9rentes : de la petite \u00e0 la grande toile. Il trouvera donc sa place dans votre salon, votre couloir ou m\u00eame votre bureau.<\/p>\n<h3><strong>Collage esth\u00e9tique Cadeaux d'art<\/strong><\/h3>\n<p>Ce collage esth\u00e9tique de Keith Haring est un cadeau d'anniversaire parfait. Vous pouvez \u00e9galement l'offrir aux amateurs d'art ancien. R\u00e9pandez l'amour dans votre entourage en offrant cette superbe toile d'art mural abstrait !<\/p>","protected":false},"featured_media":151171,"comment_status":"open","ping_status":"closed","template":"","meta":{"_acf_changed":false},"product_brand":[],"product_cat":[48,54],"product_tag":[214,3231,3516,290,153,220,3517,1514,268,119],"class_list":{"0":"post-151166","1":"product","2":"type-product","3":"status-publish","4":"has-post-thumbnail","6":"product_cat-abstract-wall-art","7":"product_cat-fine-art-wall-art","8":"product_tag-abstract","9":"product_tag-abstract-painting","10":"product_tag-aesthetic-collage","11":"product_tag-art","12":"product_tag-colorful","13":"product_tag-fine-art","14":"product_tag-keith-haring","15":"product_tag-musical","16":"product_tag-painting","17":"product_tag-red","18":"pa_canvas-type-canvas-wrap","19":"pa_canvas-type-floating-frame","20":"pa_color-rainbow-wall-art","21":"pa_color-red-wall-art","22":"pa_number-of-panels-1-panel","23":"pa_number-of-panels-3-panels-wall-art","24":"pa_number-of-panels-5-panels-wall-art","25":"pa_room-bedroom-wall-decor","26":"pa_room-hallway-wall-decor","27":"pa_room-living-room-wall-decor","28":"tm-has-options","30":"first","31":"instock","32":"shipping-taxable","33":"purchasable","34":"product-type-variable","35":"has-default-attributes"},"acf":[],"yoast_head":"<!-- This site is optimized with the Yoast SEO plugin v27.5 - https:\/\/yoast.com\/product\/yoast-seo-wordpress\/ -->\n<title>Keith Haring Aesthetic Collage Canvas Art | Canvas Art Bay<\/title>\n<meta name=\"description\" content=\"Shop Keith Haring Aesthetic Collage wall art. Pick from 1 panel, 3 panels, 5 panels or floating frame wall art. Enjoy vibrant prints, Worldwide Free Shipping &amp; 30-day Money Back Guarantee.\" \/>\n<meta name=\"robots\" content=\"index, follow, max-snippet:-1, max-image-preview:large, max-video-preview:-1\" \/>\n<link rel=\"canonical\" href=\"https:\/\/www.canvasartbay.com\/fr\/produit\/aesthetic-collage-canvas-art\/\" \/>\n<meta property=\"og:locale\" content=\"fr_FR\" \/>\n<meta property=\"og:type\" content=\"article\" \/>\n<meta property=\"og:title\" content=\"Keith Haring Aesthetic Collage Canvas Art | Canvas Art Bay\" \/>\n<meta property=\"og:description\" content=\"Shop Keith Haring Aesthetic Collage wall art. Pick from 1 panel, 3 panels, 5 panels or floating frame wall art. Enjoy vibrant prints, Worldwide Free Shipping &amp; 30-day Money Back Guarantee.\" \/>\n<meta property=\"og:url\" content=\"https:\/\/www.canvasartbay.com\/fr\/produit\/aesthetic-collage-canvas-art\/\" \/>\n<meta property=\"og:site_name\" content=\"Canvas Art Bay\" \/>\n<meta property=\"article:modified_time\" content=\"2025-11-03T10:17:48+00:00\" \/>\n<meta property=\"og:image\" content=\"https:\/\/www.canvasartbay.com\/wp-content\/uploads\/2025\/10\/aesthetic-collage-floating-frame-canvas.jpg\" \/>\n\t<meta property=\"og:image:width\" content=\"2000\" \/>\n\t<meta property=\"og:image:height\" content=\"2000\" \/>\n\t<meta property=\"og:image:type\" content=\"image\/jpeg\" \/>\n<meta name=\"twitter:card\" content=\"summary_large_image\" \/>\n<script type=\"application\/ld+json\" class=\"yoast-schema-graph\">{\"@context\":\"https:\\\/\\\/schema.org\",\"@graph\":[{\"@type\":[\"WebPage\",\"ItemPage\"],\"@id\":\"https:\\\/\\\/www.canvasartbay.com\\\/product\\\/aesthetic-collage-canvas-art\\\/\",\"url\":\"https:\\\/\\\/www.canvasartbay.com\\\/product\\\/aesthetic-collage-canvas-art\\\/\",\"name\":\"Keith Haring Aesthetic Collage Canvas Art | Canvas Art Bay\",\"isPartOf\":{\"@id\":\"https:\\\/\\\/www.canvasartbay.com\\\/#website\"},\"primaryImageOfPage\":{\"@id\":\"https:\\\/\\\/www.canvasartbay.com\\\/product\\\/aesthetic-collage-canvas-art\\\/#primaryimage\"},\"image\":{\"@id\":\"https:\\\/\\\/www.canvasartbay.com\\\/product\\\/aesthetic-collage-canvas-art\\\/#primaryimage\"},\"thumbnailUrl\":\"https:\\\/\\\/www.canvasartbay.com\\\/wp-content\\\/uploads\\\/2025\\\/10\\\/aesthetic-collage-floating-frame-canvas.jpg\",\"datePublished\":\"2025-10-29T08:21:23+00:00\",\"dateModified\":\"2025-11-03T10:17:48+00:00\",\"description\":\"Shop Keith Haring Aesthetic Collage wall art. Pick from 1 panel, 3 panels, 5 panels or floating frame wall art. Enjoy vibrant prints, Worldwide Free Shipping & 30-day Money Back Guarantee.\",\"breadcrumb\":{\"@id\":\"https:\\\/\\\/www.canvasartbay.com\\\/product\\\/aesthetic-collage-canvas-art\\\/#breadcrumb\"},\"inLanguage\":\"fr-FR\",\"potentialAction\":[{\"@type\":\"ReadAction\",\"target\":[\"https:\\\/\\\/www.canvasartbay.com\\\/product\\\/aesthetic-collage-canvas-art\\\/\"]}]},{\"@type\":\"ImageObject\",\"inLanguage\":\"fr-FR\",\"@id\":\"https:\\\/\\\/www.canvasartbay.com\\\/product\\\/aesthetic-collage-canvas-art\\\/#primaryimage\",\"url\":\"https:\\\/\\\/www.canvasartbay.com\\\/wp-content\\\/uploads\\\/2025\\\/10\\\/aesthetic-collage-floating-frame-canvas.jpg\",\"contentUrl\":\"https:\\\/\\\/www.canvasartbay.com\\\/wp-content\\\/uploads\\\/2025\\\/10\\\/aesthetic-collage-floating-frame-canvas.jpg\",\"width\":2000,\"height\":2000,\"caption\":\"aesthetic collage floating frame canvas\"},{\"@type\":\"BreadcrumbList\",\"@id\":\"https:\\\/\\\/www.canvasartbay.com\\\/product\\\/aesthetic-collage-canvas-art\\\/#breadcrumb\",\"itemListElement\":[{\"@type\":\"ListItem\",\"position\":1,\"name\":\"Home\",\"item\":\"https:\\\/\\\/www.canvasartbay.com\\\/\"},{\"@type\":\"ListItem\",\"position\":2,\"name\":\"Shop\",\"item\":\"https:\\\/\\\/www.canvasartbay.com\\\/new-arrivals\\\/\"},{\"@type\":\"ListItem\",\"position\":3,\"name\":\"Fine Art\",\"item\":\"https:\\\/\\\/www.canvasartbay.com\\\/collection\\\/fine-art-wall-art\\\/\"},{\"@type\":\"ListItem\",\"position\":4,\"name\":\"\u00bb\"}]},{\"@type\":\"WebSite\",\"@id\":\"https:\\\/\\\/www.canvasartbay.com\\\/#website\",\"url\":\"https:\\\/\\\/www.canvasartbay.com\\\/\",\"name\":\"Canvas Art Bay\",\"description\":\"\",\"publisher\":{\"@id\":\"https:\\\/\\\/www.canvasartbay.com\\\/#organization\"},\"potentialAction\":[{\"@type\":\"SearchAction\",\"target\":{\"@type\":\"EntryPoint\",\"urlTemplate\":\"https:\\\/\\\/www.canvasartbay.com\\\/?s={search_term_string}\"},\"query-input\":{\"@type\":\"PropertyValueSpecification\",\"valueRequired\":true,\"valueName\":\"search_term_string\"}}],\"inLanguage\":\"fr-FR\"},{\"@type\":\"Organization\",\"@id\":\"https:\\\/\\\/www.canvasartbay.com\\\/#organization\",\"name\":\"Canvas Art Bay\",\"url\":\"https:\\\/\\\/www.canvasartbay.com\\\/\",\"logo\":{\"@type\":\"ImageObject\",\"inLanguage\":\"fr-FR\",\"@id\":\"https:\\\/\\\/www.canvasartbay.com\\\/#\\\/schema\\\/logo\\\/image\\\/\",\"url\":\"https:\\\/\\\/www.canvasartbay.com\\\/wp-content\\\/uploads\\\/2021\\\/09\\\/cropped-cropped-cropped-cropped-canvasartbay-logo-1-1-300x142-1.png\",\"contentUrl\":\"https:\\\/\\\/www.canvasartbay.com\\\/wp-content\\\/uploads\\\/2021\\\/09\\\/cropped-cropped-cropped-cropped-canvasartbay-logo-1-1-300x142-1.png\",\"width\":300,\"height\":142,\"caption\":\"Canvas Art Bay\"},\"image\":{\"@id\":\"https:\\\/\\\/www.canvasartbay.com\\\/#\\\/schema\\\/logo\\\/image\\\/\"}}]}<\/script>\n<!-- \/ Yoast SEO plugin. -->","yoast_head_json":{"title":"Keith Haring Aesthetic Collage Canvas Art | Canvas Art Bay","description":"Magasinez l'art mural Keith Haring Aesthetic Collage. Choisissez entre 1 panneau, 3 panneaux, 5 panneaux ou un cadre flottant. Profitez d'impressions vibrantes, d'une livraison gratuite dans le monde entier et d'une garantie de remboursement de 30 jours.","robots":{"index":"index","follow":"follow","max-snippet":"max-snippet:-1","max-image-preview":"max-image-preview:large","max-video-preview":"max-video-preview:-1"},"canonical":"https:\/\/www.canvasartbay.com\/fr\/produit\/aesthetic-collage-canvas-art\/","og_locale":"fr_FR","og_type":"article","og_title":"Keith Haring Aesthetic Collage Canvas Art | Canvas Art Bay","og_description":"Shop Keith Haring Aesthetic Collage wall art. Pick from 1 panel, 3 panels, 5 panels or floating frame wall art. Enjoy vibrant prints, Worldwide Free Shipping & 30-day Money Back Guarantee.","og_url":"https:\/\/www.canvasartbay.com\/fr\/produit\/aesthetic-collage-canvas-art\/","og_site_name":"Canvas Art Bay","article_modified_time":"2025-11-03T10:17:48+00:00","og_image":[{"width":2000,"height":2000,"url":"https:\/\/www.canvasartbay.com\/wp-content\/uploads\/2025\/10\/aesthetic-collage-floating-frame-canvas.jpg","type":"image\/jpeg"}],"twitter_card":"summary_large_image","schema":{"@context":"https:\/\/schema.org","@graph":[{"@type":["WebPage","ItemPage"],"@id":"https:\/\/www.canvasartbay.com\/product\/aesthetic-collage-canvas-art\/","url":"https:\/\/www.canvasartbay.com\/product\/aesthetic-collage-canvas-art\/","name":"Keith Haring Aesthetic Collage Canvas Art | Canvas Art Bay","isPartOf":{"@id":"https:\/\/www.canvasartbay.com\/#website"},"primaryImageOfPage":{"@id":"https:\/\/www.canvasartbay.com\/product\/aesthetic-collage-canvas-art\/#primaryimage"},"image":{"@id":"https:\/\/www.canvasartbay.com\/product\/aesthetic-collage-canvas-art\/#primaryimage"},"thumbnailUrl":"https:\/\/www.canvasartbay.com\/wp-content\/uploads\/2025\/10\/aesthetic-collage-floating-frame-canvas.jpg","datePublished":"2025-10-29T08:21:23+00:00","dateModified":"2025-11-03T10:17:48+00:00","description":"Magasinez l'art mural Keith Haring Aesthetic Collage. Choisissez entre 1 panneau, 3 panneaux, 5 panneaux ou un cadre flottant. Profitez d'impressions vibrantes, d'une livraison gratuite dans le monde entier et d'une garantie de remboursement de 30 jours.","breadcrumb":{"@id":"https:\/\/www.canvasartbay.com\/product\/aesthetic-collage-canvas-art\/#breadcrumb"},"inLanguage":"fr-FR","potentialAction":[{"@type":"ReadAction","target":["https:\/\/www.canvasartbay.com\/product\/aesthetic-collage-canvas-art\/"]}]},{"@type":"ImageObject","inLanguage":"fr-FR","@id":"https:\/\/www.canvasartbay.com\/product\/aesthetic-collage-canvas-art\/#primaryimage","url":"https:\/\/www.canvasartbay.com\/wp-content\/uploads\/2025\/10\/aesthetic-collage-floating-frame-canvas.jpg","contentUrl":"https:\/\/www.canvasartbay.com\/wp-content\/uploads\/2025\/10\/aesthetic-collage-floating-frame-canvas.jpg","width":2000,"height":2000,"caption":"aesthetic collage floating frame canvas"},{"@type":"BreadcrumbList","@id":"https:\/\/www.canvasartbay.com\/product\/aesthetic-collage-canvas-art\/#breadcrumb","itemListElement":[{"@type":"ListItem","position":1,"name":"Home","item":"https:\/\/www.canvasartbay.com\/"},{"@type":"ListItem","position":2,"name":"Shop","item":"https:\/\/www.canvasartbay.com\/new-arrivals\/"},{"@type":"ListItem","position":3,"name":"Fine Art","item":"https:\/\/www.canvasartbay.com\/collection\/fine-art-wall-art\/"},{"@type":"ListItem","position":4,"name":"\u00bb"}]},{"@type":"WebSite","@id":"https:\/\/www.canvasartbay.com\/#website","url":"https:\/\/www.canvasartbay.com\/","name":"Baie d'art en toile","description":"","publisher":{"@id":"https:\/\/www.canvasartbay.com\/#organization"},"potentialAction":[{"@type":"SearchAction","target":{"@type":"EntryPoint","urlTemplate":"https:\/\/www.canvasartbay.com\/?s={search_term_string}"},"query-input":{"@type":"PropertyValueSpecification","valueRequired":true,"valueName":"search_term_string"}}],"inLanguage":"fr-FR"},{"@type":"Organization","@id":"https:\/\/www.canvasartbay.com\/#organization","name":"Baie d'art en toile","url":"https:\/\/www.canvasartbay.com\/","logo":{"@type":"ImageObject","inLanguage":"fr-FR","@id":"https:\/\/www.canvasartbay.com\/#\/schema\/logo\/image\/","url":"https:\/\/www.canvasartbay.com\/wp-content\/uploads\/2021\/09\/cropped-cropped-cropped-cropped-canvasartbay-logo-1-1-300x142-1.png","contentUrl":"https:\/\/www.canvasartbay.com\/wp-content\/uploads\/2021\/09\/cropped-cropped-cropped-cropped-canvasartbay-logo-1-1-300x142-1.png","width":300,"height":142,"caption":"Canvas Art Bay"},"image":{"@id":"https:\/\/www.canvasartbay.com\/#\/schema\/logo\/image\/"}}]}},"_links":{"self":[{"href":"https:\/\/www.canvasartbay.com\/fr\/wp-json\/wp\/v2\/product\/151166","targetHints":{"allow":["GET"]}}],"collection":[{"href":"https:\/\/www.canvasartbay.com\/fr\/wp-json\/wp\/v2\/product"}],"about":[{"href":"https:\/\/www.canvasartbay.com\/fr\/wp-json\/wp\/v2\/types\/product"}],"replies":[{"embeddable":true,"href":"https:\/\/www.canvasartbay.com\/fr\/wp-json\/wp\/v2\/comments?post=151166"}],"wp:featuredmedia":[{"embeddable":true,"href":"https:\/\/www.canvasartbay.com\/fr\/wp-json\/wp\/v2\/media\/151171"}],"wp:attachment":[{"href":"https:\/\/www.canvasartbay.com\/fr\/wp-json\/wp\/v2\/media?parent=151166"}],"wp:term":[{"taxonomy":"product_brand","embeddable":true,"href":"https:\/\/www.canvasartbay.com\/fr\/wp-json\/wp\/v2\/product_brand?post=151166"},{"taxonomy":"product_cat","embeddable":true,"href":"https:\/\/www.canvasartbay.com\/fr\/wp-json\/wp\/v2\/product_cat?post=151166"},{"taxonomy":"product_tag","embeddable":true,"href":"https:\/\/www.canvasartbay.com\/fr\/wp-json\/wp\/v2\/product_tag?post=151166"}],"curies":[{"name":"wp","href":"https:\/\/api.w.org\/{rel}","templated":true}]}}