{"id":17036,"date":"2022-07-24T09:23:57","date_gmt":"2022-07-24T09:23:57","guid":{"rendered":"https:\/\/www.canvasartbay.com\/?post_type=product&#038;p=17036"},"modified":"2024-01-30T13:08:56","modified_gmt":"2024-01-30T13:08:56","slug":"godzilla-vs-king-kong-canvas-art","status":"publish","type":"product","link":"https:\/\/www.canvasartbay.com\/fr\/product\/godzilla-vs-king-kong-canvas-art\/","title":{"rendered":"Godzilla vs King Kong"},"excerpt":{"rendered":"<p>The Godzilla vs King Kong canvas art comes ready-to-hang with metal saw-tooth hangers on the back, and no additional framing required. The canvas is carefully hand-stretched over 100% natural wood stretcher bars by our expert craftsman. We combine premium poly-cotton canvas with pigment-archival inks to offer you high-definition prints with really vivid colors that last for 100+ years.<\/p>\n<h3>King Kong Wall Decor<\/h3>\n<p>Cette \u0153uvre d'art murale de film fantastique est disponible en impression sur toile enroul\u00e9e, sur toile \u00e0 1 panneau, sur toile \u00e0 3 panneaux ou sur toile \u00e0 cadre flottant. De plus, il est disponible dans de nombreuses tailles diff\u00e9rentes : de la plus petite \u00e0 la plus grande. Il trouvera donc sa place dans votre salon, votre entr\u00e9e, votre chambre d'enfant ou m\u00eame votre salle \u00e0 manger.<\/p>\n<h3><strong><span class=\"yKMVIe\" role=\"heading\" aria-level=\"1\">Godzilla vs Kong<\/span> Movies Gifts<\/strong><\/h3>\n<p>This science fiction movie artwork makes a perfect birthday gift or anniversary gift. You can also gift it to science fiction and monsters movie lovers. Spread love in your surroundings by offering this stunning Godzilla vs Kong canvas wall art!<\/p>","protected":false},"featured_media":17045,"comment_status":"open","ping_status":"closed","template":"","meta":{"_acf_changed":false},"product_brand":[],"product_cat":[922],"product_tag":[924,1022,994,1046,1045,642,968],"class_list":{"0":"post-17036","1":"product","2":"type-product","3":"status-publish","4":"has-post-thumbnail","6":"product_cat-tv-movies-wall-art","7":"product_tag-action","8":"product_tag-beast","9":"product_tag-fantasy","10":"product_tag-godzilla","11":"product_tag-king-kong","12":"product_tag-movie","13":"product_tag-science-fiction","14":"pa_canvas-type-canvas-wrap","15":"pa_canvas-type-floating-frame","16":"pa_canvas-type-rolled-print","17":"pa_color-black-wall-art","18":"pa_color-grey-wall-art","19":"pa_number-of-panels-1-panel","20":"pa_number-of-panels-3-panels-wall-art","21":"pa_number-of-panels-5-panels-wall-art","22":"pa_room-game-room-wall-decor","23":"pa_room-hallway-wall-decor","24":"pa_room-man-cave-wall-decor","25":"tm-has-options","27":"first","28":"instock","29":"shipping-taxable","30":"purchasable","31":"product-type-variable","32":"has-default-attributes"},"acf":[],"yoast_head":"<!-- This site is optimized with the Yoast SEO plugin v27.5 - https:\/\/yoast.com\/product\/yoast-seo-wordpress\/ -->\n<title>Godzilla vs King Kong Wall Art | Canvas Art Bay<\/title>\n<meta name=\"description\" content=\"Shop Godzilla monster movie canvas art. Pick from 1 panel, 3 panels, 5 panels or floating frame wall art. Enjoy vibrant prints, Worldwide Free Shipping &amp; 30-day Money Back Guarantee.\" \/>\n<meta name=\"robots\" content=\"index, follow, max-snippet:-1, max-image-preview:large, max-video-preview:-1\" \/>\n<link rel=\"canonical\" href=\"https:\/\/www.canvasartbay.com\/fr\/produit\/godzilla-vs-king-kong-canvas-art\/\" \/>\n<meta property=\"og:locale\" content=\"fr_FR\" \/>\n<meta property=\"og:type\" content=\"article\" \/>\n<meta property=\"og:title\" content=\"Godzilla vs King Kong Wall Art | Canvas Art Bay\" \/>\n<meta property=\"og:description\" content=\"Shop Godzilla monster movie canvas art. Pick from 1 panel, 3 panels, 5 panels or floating frame wall art. Enjoy vibrant prints, Worldwide Free Shipping &amp; 30-day Money Back Guarantee.\" \/>\n<meta property=\"og:url\" content=\"https:\/\/www.canvasartbay.com\/fr\/produit\/godzilla-vs-king-kong-canvas-art\/\" \/>\n<meta property=\"og:site_name\" content=\"Canvas Art Bay\" \/>\n<meta property=\"article:modified_time\" content=\"2024-01-30T13:08:56+00:00\" \/>\n<meta property=\"og:image\" content=\"https:\/\/www.canvasartbay.com\/wp-content\/uploads\/2022\/07\/godzilla-vs-king-kong-floating-frame-canvas.jpg\" \/>\n\t<meta property=\"og:image:width\" content=\"1200\" \/>\n\t<meta property=\"og:image:height\" content=\"1200\" \/>\n\t<meta property=\"og:image:type\" content=\"image\/jpeg\" \/>\n<meta name=\"twitter:card\" content=\"summary_large_image\" \/>\n<script type=\"application\/ld+json\" class=\"yoast-schema-graph\">{\"@context\":\"https:\\\/\\\/schema.org\",\"@graph\":[{\"@type\":[\"WebPage\",\"ItemPage\"],\"@id\":\"https:\\\/\\\/www.canvasartbay.com\\\/product\\\/godzilla-vs-king-kong-canvas-art\\\/\",\"url\":\"https:\\\/\\\/www.canvasartbay.com\\\/product\\\/godzilla-vs-king-kong-canvas-art\\\/\",\"name\":\"Godzilla vs King Kong Wall Art | Canvas Art Bay\",\"isPartOf\":{\"@id\":\"https:\\\/\\\/www.canvasartbay.com\\\/#website\"},\"primaryImageOfPage\":{\"@id\":\"https:\\\/\\\/www.canvasartbay.com\\\/product\\\/godzilla-vs-king-kong-canvas-art\\\/#primaryimage\"},\"image\":{\"@id\":\"https:\\\/\\\/www.canvasartbay.com\\\/product\\\/godzilla-vs-king-kong-canvas-art\\\/#primaryimage\"},\"thumbnailUrl\":\"https:\\\/\\\/www.canvasartbay.com\\\/wp-content\\\/uploads\\\/2022\\\/07\\\/godzilla-vs-king-kong-floating-frame-canvas.jpg\",\"datePublished\":\"2022-07-24T09:23:57+00:00\",\"dateModified\":\"2024-01-30T13:08:56+00:00\",\"description\":\"Shop Godzilla monster movie canvas art. Pick from 1 panel, 3 panels, 5 panels or floating frame wall art. Enjoy vibrant prints, Worldwide Free Shipping & 30-day Money Back Guarantee.\",\"breadcrumb\":{\"@id\":\"https:\\\/\\\/www.canvasartbay.com\\\/product\\\/godzilla-vs-king-kong-canvas-art\\\/#breadcrumb\"},\"inLanguage\":\"fr-FR\",\"potentialAction\":[{\"@type\":\"ReadAction\",\"target\":[\"https:\\\/\\\/www.canvasartbay.com\\\/product\\\/godzilla-vs-king-kong-canvas-art\\\/\"]}]},{\"@type\":\"ImageObject\",\"inLanguage\":\"fr-FR\",\"@id\":\"https:\\\/\\\/www.canvasartbay.com\\\/product\\\/godzilla-vs-king-kong-canvas-art\\\/#primaryimage\",\"url\":\"https:\\\/\\\/www.canvasartbay.com\\\/wp-content\\\/uploads\\\/2022\\\/07\\\/godzilla-vs-king-kong-floating-frame-canvas.jpg\",\"contentUrl\":\"https:\\\/\\\/www.canvasartbay.com\\\/wp-content\\\/uploads\\\/2022\\\/07\\\/godzilla-vs-king-kong-floating-frame-canvas.jpg\",\"width\":1200,\"height\":1200,\"caption\":\"godzilla vs king kong floating frame canvas\"},{\"@type\":\"BreadcrumbList\",\"@id\":\"https:\\\/\\\/www.canvasartbay.com\\\/product\\\/godzilla-vs-king-kong-canvas-art\\\/#breadcrumb\",\"itemListElement\":[{\"@type\":\"ListItem\",\"position\":1,\"name\":\"Home\",\"item\":\"https:\\\/\\\/www.canvasartbay.com\\\/\"},{\"@type\":\"ListItem\",\"position\":2,\"name\":\"Shop\",\"item\":\"https:\\\/\\\/www.canvasartbay.com\\\/new-arrivals\\\/\"},{\"@type\":\"ListItem\",\"position\":3,\"name\":\"TV &amp; Movies\",\"item\":\"https:\\\/\\\/www.canvasartbay.com\\\/collection\\\/tv-movies-wall-art\\\/\"},{\"@type\":\"ListItem\",\"position\":4,\"name\":\"\u00bb\"}]},{\"@type\":\"WebSite\",\"@id\":\"https:\\\/\\\/www.canvasartbay.com\\\/#website\",\"url\":\"https:\\\/\\\/www.canvasartbay.com\\\/\",\"name\":\"Canvas Art Bay\",\"description\":\"\",\"publisher\":{\"@id\":\"https:\\\/\\\/www.canvasartbay.com\\\/#organization\"},\"potentialAction\":[{\"@type\":\"SearchAction\",\"target\":{\"@type\":\"EntryPoint\",\"urlTemplate\":\"https:\\\/\\\/www.canvasartbay.com\\\/?s={search_term_string}\"},\"query-input\":{\"@type\":\"PropertyValueSpecification\",\"valueRequired\":true,\"valueName\":\"search_term_string\"}}],\"inLanguage\":\"fr-FR\"},{\"@type\":\"Organization\",\"@id\":\"https:\\\/\\\/www.canvasartbay.com\\\/#organization\",\"name\":\"Canvas Art Bay\",\"url\":\"https:\\\/\\\/www.canvasartbay.com\\\/\",\"logo\":{\"@type\":\"ImageObject\",\"inLanguage\":\"fr-FR\",\"@id\":\"https:\\\/\\\/www.canvasartbay.com\\\/#\\\/schema\\\/logo\\\/image\\\/\",\"url\":\"https:\\\/\\\/www.canvasartbay.com\\\/wp-content\\\/uploads\\\/2021\\\/09\\\/cropped-cropped-cropped-cropped-canvasartbay-logo-1-1-300x142-1.png\",\"contentUrl\":\"https:\\\/\\\/www.canvasartbay.com\\\/wp-content\\\/uploads\\\/2021\\\/09\\\/cropped-cropped-cropped-cropped-canvasartbay-logo-1-1-300x142-1.png\",\"width\":300,\"height\":142,\"caption\":\"Canvas Art Bay\"},\"image\":{\"@id\":\"https:\\\/\\\/www.canvasartbay.com\\\/#\\\/schema\\\/logo\\\/image\\\/\"}}]}<\/script>\n<!-- \/ Yoast SEO plugin. -->","yoast_head_json":{"title":"Godzilla vs King Kong Wall Art | Canvas Art Bay","description":"Shop Godzilla monster movie canvas art. Pick from 1 panel, 3 panels, 5 panels or floating frame wall art. Enjoy vibrant prints, Worldwide Free Shipping & 30-day Money Back Guarantee.","robots":{"index":"index","follow":"follow","max-snippet":"max-snippet:-1","max-image-preview":"max-image-preview:large","max-video-preview":"max-video-preview:-1"},"canonical":"https:\/\/www.canvasartbay.com\/fr\/produit\/godzilla-vs-king-kong-canvas-art\/","og_locale":"fr_FR","og_type":"article","og_title":"Godzilla vs King Kong Wall Art | Canvas Art Bay","og_description":"Shop Godzilla monster movie canvas art. Pick from 1 panel, 3 panels, 5 panels or floating frame wall art. Enjoy vibrant prints, Worldwide Free Shipping & 30-day Money Back Guarantee.","og_url":"https:\/\/www.canvasartbay.com\/fr\/produit\/godzilla-vs-king-kong-canvas-art\/","og_site_name":"Canvas Art Bay","article_modified_time":"2024-01-30T13:08:56+00:00","og_image":[{"width":1200,"height":1200,"url":"https:\/\/www.canvasartbay.com\/wp-content\/uploads\/2022\/07\/godzilla-vs-king-kong-floating-frame-canvas.jpg","type":"image\/jpeg"}],"twitter_card":"summary_large_image","schema":{"@context":"https:\/\/schema.org","@graph":[{"@type":["WebPage","ItemPage"],"@id":"https:\/\/www.canvasartbay.com\/product\/godzilla-vs-king-kong-canvas-art\/","url":"https:\/\/www.canvasartbay.com\/product\/godzilla-vs-king-kong-canvas-art\/","name":"Godzilla vs King Kong Wall Art | Canvas Art Bay","isPartOf":{"@id":"https:\/\/www.canvasartbay.com\/#website"},"primaryImageOfPage":{"@id":"https:\/\/www.canvasartbay.com\/product\/godzilla-vs-king-kong-canvas-art\/#primaryimage"},"image":{"@id":"https:\/\/www.canvasartbay.com\/product\/godzilla-vs-king-kong-canvas-art\/#primaryimage"},"thumbnailUrl":"https:\/\/www.canvasartbay.com\/wp-content\/uploads\/2022\/07\/godzilla-vs-king-kong-floating-frame-canvas.jpg","datePublished":"2022-07-24T09:23:57+00:00","dateModified":"2024-01-30T13:08:56+00:00","description":"Shop Godzilla monster movie canvas art. Pick from 1 panel, 3 panels, 5 panels or floating frame wall art. Enjoy vibrant prints, Worldwide Free Shipping & 30-day Money Back Guarantee.","breadcrumb":{"@id":"https:\/\/www.canvasartbay.com\/product\/godzilla-vs-king-kong-canvas-art\/#breadcrumb"},"inLanguage":"fr-FR","potentialAction":[{"@type":"ReadAction","target":["https:\/\/www.canvasartbay.com\/product\/godzilla-vs-king-kong-canvas-art\/"]}]},{"@type":"ImageObject","inLanguage":"fr-FR","@id":"https:\/\/www.canvasartbay.com\/product\/godzilla-vs-king-kong-canvas-art\/#primaryimage","url":"https:\/\/www.canvasartbay.com\/wp-content\/uploads\/2022\/07\/godzilla-vs-king-kong-floating-frame-canvas.jpg","contentUrl":"https:\/\/www.canvasartbay.com\/wp-content\/uploads\/2022\/07\/godzilla-vs-king-kong-floating-frame-canvas.jpg","width":1200,"height":1200,"caption":"godzilla vs king kong floating frame canvas"},{"@type":"BreadcrumbList","@id":"https:\/\/www.canvasartbay.com\/product\/godzilla-vs-king-kong-canvas-art\/#breadcrumb","itemListElement":[{"@type":"ListItem","position":1,"name":"Home","item":"https:\/\/www.canvasartbay.com\/"},{"@type":"ListItem","position":2,"name":"Shop","item":"https:\/\/www.canvasartbay.com\/new-arrivals\/"},{"@type":"ListItem","position":3,"name":"TV &amp; Movies","item":"https:\/\/www.canvasartbay.com\/collection\/tv-movies-wall-art\/"},{"@type":"ListItem","position":4,"name":"\u00bb"}]},{"@type":"WebSite","@id":"https:\/\/www.canvasartbay.com\/#website","url":"https:\/\/www.canvasartbay.com\/","name":"Baie d'art en toile","description":"","publisher":{"@id":"https:\/\/www.canvasartbay.com\/#organization"},"potentialAction":[{"@type":"SearchAction","target":{"@type":"EntryPoint","urlTemplate":"https:\/\/www.canvasartbay.com\/?s={search_term_string}"},"query-input":{"@type":"PropertyValueSpecification","valueRequired":true,"valueName":"search_term_string"}}],"inLanguage":"fr-FR"},{"@type":"Organization","@id":"https:\/\/www.canvasartbay.com\/#organization","name":"Baie d'art en toile","url":"https:\/\/www.canvasartbay.com\/","logo":{"@type":"ImageObject","inLanguage":"fr-FR","@id":"https:\/\/www.canvasartbay.com\/#\/schema\/logo\/image\/","url":"https:\/\/www.canvasartbay.com\/wp-content\/uploads\/2021\/09\/cropped-cropped-cropped-cropped-canvasartbay-logo-1-1-300x142-1.png","contentUrl":"https:\/\/www.canvasartbay.com\/wp-content\/uploads\/2021\/09\/cropped-cropped-cropped-cropped-canvasartbay-logo-1-1-300x142-1.png","width":300,"height":142,"caption":"Canvas Art Bay"},"image":{"@id":"https:\/\/www.canvasartbay.com\/#\/schema\/logo\/image\/"}}]}},"_links":{"self":[{"href":"https:\/\/www.canvasartbay.com\/fr\/wp-json\/wp\/v2\/product\/17036","targetHints":{"allow":["GET"]}}],"collection":[{"href":"https:\/\/www.canvasartbay.com\/fr\/wp-json\/wp\/v2\/product"}],"about":[{"href":"https:\/\/www.canvasartbay.com\/fr\/wp-json\/wp\/v2\/types\/product"}],"replies":[{"embeddable":true,"href":"https:\/\/www.canvasartbay.com\/fr\/wp-json\/wp\/v2\/comments?post=17036"}],"wp:featuredmedia":[{"embeddable":true,"href":"https:\/\/www.canvasartbay.com\/fr\/wp-json\/wp\/v2\/media\/17045"}],"wp:attachment":[{"href":"https:\/\/www.canvasartbay.com\/fr\/wp-json\/wp\/v2\/media?parent=17036"}],"wp:term":[{"taxonomy":"product_brand","embeddable":true,"href":"https:\/\/www.canvasartbay.com\/fr\/wp-json\/wp\/v2\/product_brand?post=17036"},{"taxonomy":"product_cat","embeddable":true,"href":"https:\/\/www.canvasartbay.com\/fr\/wp-json\/wp\/v2\/product_cat?post=17036"},{"taxonomy":"product_tag","embeddable":true,"href":"https:\/\/www.canvasartbay.com\/fr\/wp-json\/wp\/v2\/product_tag?post=17036"}],"curies":[{"name":"wp","href":"https:\/\/api.w.org\/{rel}","templated":true}]}}