{"id":25177,"date":"2025-10-30T09:06:47","date_gmt":"2025-10-30T09:06:47","guid":{"rendered":"https:\/\/www.canvasartbay.com\/?post_type=product&#038;p=25177"},"modified":"2025-12-03T13:26:25","modified_gmt":"2025-12-03T13:26:25","slug":"max-verstappen-canvas-art","status":"publish","type":"product","link":"https:\/\/www.canvasartbay.com\/fr\/product\/max-verstappen-canvas-art\/","title":{"rendered":"Max Verstappen"},"excerpt":{"rendered":"<p>Max Verstappen canvas art comes ready-to-hang with metal saw-tooth hangers on the back, and no additional framing required. The canvas is carefully hand-stretched over 100% natural wood stretcher bars by our expert craftsman. We combine premium poly-cotton canvas with pigment-archival inks to offer you high-definition prints with really vivid colors that last for 100+ years.<\/p>\n<div class=\"SzZmKb\">\n<div class=\"K20DDe R9GLFb JXFbbc LtKgIf a1vOw BY2RHc\" lang=\"en-TN\" data-hveid=\"CGEQAA\" data-ved=\"2ahUKEwjbpta5puz7AhUei_0HHaxPBqUQxPoBegQIYRAA\">\n<div class=\"Hhmu2e wDYxhc NFQFxe viOShc LKPcQc\" lang=\"en-TN\" data-md=\"16\" data-hveid=\"CGAQAA\" data-ved=\"2ahUKEwjbpta5puz7AhUei_0HHaxPBqUQhyh6BAhgEAA\">\n<div class=\"Ftghae VgfJld iirjIb\">\n<div class=\"SPZz6b\">\n<h2 class=\"qrShPb kno-ecr-pt PZPZlf q8U8x\" data-local-attribute=\"d3bn\" data-attrid=\"title\" data-ved=\"2ahUKEwjbpta5puz7AhUei_0HHaxPBqUQ3B0oAXoECGAQDw\">F1 Driver Wall Decor<\/h2>\n<\/div>\n<\/div>\n<\/div>\n<\/div>\n<\/div>\n<p>Cet art mural de la Formule 1 est disponible sous forme d'impression sur toile enroul\u00e9e, de toile \u00e0 1 panneau, de toile \u00e0 3 panneaux ou de toile \u00e0 cadre flottant. De plus, il est disponible dans de nombreuses tailles diff\u00e9rentes : de la plus petite \u00e0 la plus grande. Il trouvera donc sa place dans votre salon, votre entr\u00e9e, votre chambre d'enfant ou m\u00eame votre salle \u00e0 manger.<\/p>\n<h3>F1 Racing Gifts<\/h3>\n<p>This Formula 1 artwork makes a perfect birthday gift or anniversary gift. You can also gift it to F1 and racing fans. Spread courage and speed in your surroundings by offering this stunning Max Verstappen canvas wall art!<\/p>","protected":false},"featured_media":25182,"comment_status":"open","ping_status":"closed","template":"","meta":{"_acf_changed":false},"product_brand":[],"product_cat":[3149,52,47],"product_tag":[417,416,1477,418,89,405],"class_list":{"0":"post-25177","1":"product","2":"type-product","3":"status-publish","4":"has-post-thumbnail","6":"product_cat-formula-one","7":"product_cat-mechanics-wall-art","8":"product_cat-motivation-inspiration-wall-art","9":"product_tag-f1","10":"product_tag-formula-1","11":"product_tag-max-verstappen","12":"product_tag-racing","13":"product_tag-sport","14":"product_tag-supercar","15":"pa_canvas-type-canvas-wrap","16":"pa_canvas-type-floating-frame","17":"pa_canvas-type-rolled-print","18":"pa_color-black-wall-art","19":"pa_color-orange-wall-art","20":"pa_number-of-panels-1-panel","21":"pa_number-of-panels-3-panels-wall-art","22":"pa_room-game-room-wall-decor","23":"pa_room-garage-wall-decor","24":"pa_room-man-cave-wall-decor","25":"tm-has-options","27":"first","28":"instock","29":"shipping-taxable","30":"purchasable","31":"product-type-variable","32":"has-default-attributes"},"acf":[],"yoast_head":"<!-- This site is optimized with the Yoast SEO plugin v27.5 - https:\/\/yoast.com\/product\/yoast-seo-wordpress\/ -->\n<title>Max Verstappen Wall Art | Canvas Art Bay<\/title>\n<meta name=\"description\" content=\"Max Verstappen wall art. Pick from 1 panel, 3 panels or floating frame canvas. Enjoy vibrant prints, Worldwide Free Shipping &amp; 30-day Money Back Guarantee.\" \/>\n<meta name=\"robots\" content=\"index, follow, max-snippet:-1, max-image-preview:large, max-video-preview:-1\" \/>\n<link rel=\"canonical\" href=\"https:\/\/www.canvasartbay.com\/fr\/produit\/max-verstappen-canvas-art\/\" \/>\n<meta property=\"og:locale\" content=\"fr_FR\" \/>\n<meta property=\"og:type\" content=\"article\" \/>\n<meta property=\"og:title\" content=\"Max Verstappen Wall Art | Canvas Art Bay\" \/>\n<meta property=\"og:description\" content=\"Max Verstappen wall art. Pick from 1 panel, 3 panels or floating frame canvas. Enjoy vibrant prints, Worldwide Free Shipping &amp; 30-day Money Back Guarantee.\" \/>\n<meta property=\"og:url\" content=\"https:\/\/www.canvasartbay.com\/fr\/produit\/max-verstappen-canvas-art\/\" \/>\n<meta property=\"og:site_name\" content=\"Canvas Art Bay\" \/>\n<meta property=\"article:modified_time\" content=\"2025-12-03T13:26:25+00:00\" \/>\n<meta property=\"og:image\" content=\"https:\/\/www.canvasartbay.com\/wp-content\/uploads\/2022\/12\/3-panels-max-verstappen-canvas-art.jpg\" \/>\n\t<meta property=\"og:image:width\" content=\"1200\" \/>\n\t<meta property=\"og:image:height\" content=\"1200\" \/>\n\t<meta property=\"og:image:type\" content=\"image\/jpeg\" \/>\n<meta name=\"twitter:card\" content=\"summary_large_image\" \/>\n<script type=\"application\/ld+json\" class=\"yoast-schema-graph\">{\"@context\":\"https:\\\/\\\/schema.org\",\"@graph\":[{\"@type\":[\"WebPage\",\"ItemPage\"],\"@id\":\"https:\\\/\\\/www.canvasartbay.com\\\/product\\\/max-verstappen-canvas-art\\\/\",\"url\":\"https:\\\/\\\/www.canvasartbay.com\\\/product\\\/max-verstappen-canvas-art\\\/\",\"name\":\"Max Verstappen Wall Art | Canvas Art Bay\",\"isPartOf\":{\"@id\":\"https:\\\/\\\/www.canvasartbay.com\\\/#website\"},\"primaryImageOfPage\":{\"@id\":\"https:\\\/\\\/www.canvasartbay.com\\\/product\\\/max-verstappen-canvas-art\\\/#primaryimage\"},\"image\":{\"@id\":\"https:\\\/\\\/www.canvasartbay.com\\\/product\\\/max-verstappen-canvas-art\\\/#primaryimage\"},\"thumbnailUrl\":\"https:\\\/\\\/www.canvasartbay.com\\\/wp-content\\\/uploads\\\/2022\\\/12\\\/3-panels-max-verstappen-canvas-art.jpg\",\"datePublished\":\"2025-10-30T09:06:47+00:00\",\"dateModified\":\"2025-12-03T13:26:25+00:00\",\"description\":\"Max Verstappen wall art. Pick from 1 panel, 3 panels or floating frame canvas. Enjoy vibrant prints, Worldwide Free Shipping & 30-day Money Back Guarantee.\",\"breadcrumb\":{\"@id\":\"https:\\\/\\\/www.canvasartbay.com\\\/product\\\/max-verstappen-canvas-art\\\/#breadcrumb\"},\"inLanguage\":\"fr-FR\",\"potentialAction\":[{\"@type\":\"ReadAction\",\"target\":[\"https:\\\/\\\/www.canvasartbay.com\\\/product\\\/max-verstappen-canvas-art\\\/\"]}]},{\"@type\":\"ImageObject\",\"inLanguage\":\"fr-FR\",\"@id\":\"https:\\\/\\\/www.canvasartbay.com\\\/product\\\/max-verstappen-canvas-art\\\/#primaryimage\",\"url\":\"https:\\\/\\\/www.canvasartbay.com\\\/wp-content\\\/uploads\\\/2022\\\/12\\\/3-panels-max-verstappen-canvas-art.jpg\",\"contentUrl\":\"https:\\\/\\\/www.canvasartbay.com\\\/wp-content\\\/uploads\\\/2022\\\/12\\\/3-panels-max-verstappen-canvas-art.jpg\",\"width\":1200,\"height\":1200,\"caption\":\"3 panels max verstappen canvas art\"},{\"@type\":\"BreadcrumbList\",\"@id\":\"https:\\\/\\\/www.canvasartbay.com\\\/product\\\/max-verstappen-canvas-art\\\/#breadcrumb\",\"itemListElement\":[{\"@type\":\"ListItem\",\"position\":1,\"name\":\"Home\",\"item\":\"https:\\\/\\\/www.canvasartbay.com\\\/\"},{\"@type\":\"ListItem\",\"position\":2,\"name\":\"Shop\",\"item\":\"https:\\\/\\\/www.canvasartbay.com\\\/new-arrivals\\\/\"},{\"@type\":\"ListItem\",\"position\":3,\"name\":\"Mechanics\",\"item\":\"https:\\\/\\\/www.canvasartbay.com\\\/collection\\\/mechanics-wall-art\\\/\"},{\"@type\":\"ListItem\",\"position\":4,\"name\":\"\u00bb\"}]},{\"@type\":\"WebSite\",\"@id\":\"https:\\\/\\\/www.canvasartbay.com\\\/#website\",\"url\":\"https:\\\/\\\/www.canvasartbay.com\\\/\",\"name\":\"Canvas Art Bay\",\"description\":\"\",\"publisher\":{\"@id\":\"https:\\\/\\\/www.canvasartbay.com\\\/#organization\"},\"potentialAction\":[{\"@type\":\"SearchAction\",\"target\":{\"@type\":\"EntryPoint\",\"urlTemplate\":\"https:\\\/\\\/www.canvasartbay.com\\\/?s={search_term_string}\"},\"query-input\":{\"@type\":\"PropertyValueSpecification\",\"valueRequired\":true,\"valueName\":\"search_term_string\"}}],\"inLanguage\":\"fr-FR\"},{\"@type\":\"Organization\",\"@id\":\"https:\\\/\\\/www.canvasartbay.com\\\/#organization\",\"name\":\"Canvas Art Bay\",\"url\":\"https:\\\/\\\/www.canvasartbay.com\\\/\",\"logo\":{\"@type\":\"ImageObject\",\"inLanguage\":\"fr-FR\",\"@id\":\"https:\\\/\\\/www.canvasartbay.com\\\/#\\\/schema\\\/logo\\\/image\\\/\",\"url\":\"https:\\\/\\\/www.canvasartbay.com\\\/wp-content\\\/uploads\\\/2021\\\/09\\\/cropped-cropped-cropped-cropped-canvasartbay-logo-1-1-300x142-1.png\",\"contentUrl\":\"https:\\\/\\\/www.canvasartbay.com\\\/wp-content\\\/uploads\\\/2021\\\/09\\\/cropped-cropped-cropped-cropped-canvasartbay-logo-1-1-300x142-1.png\",\"width\":300,\"height\":142,\"caption\":\"Canvas Art Bay\"},\"image\":{\"@id\":\"https:\\\/\\\/www.canvasartbay.com\\\/#\\\/schema\\\/logo\\\/image\\\/\"}}]}<\/script>\n<!-- \/ Yoast SEO plugin. -->","yoast_head_json":{"title":"Max Verstappen Wall Art | Canvas Art Bay","description":"Max Verstappen wall art. Pick from 1 panel, 3 panels or floating frame canvas. Enjoy vibrant prints, Worldwide Free Shipping & 30-day Money Back Guarantee.","robots":{"index":"index","follow":"follow","max-snippet":"max-snippet:-1","max-image-preview":"max-image-preview:large","max-video-preview":"max-video-preview:-1"},"canonical":"https:\/\/www.canvasartbay.com\/fr\/produit\/max-verstappen-canvas-art\/","og_locale":"fr_FR","og_type":"article","og_title":"Max Verstappen Wall Art | Canvas Art Bay","og_description":"Max Verstappen wall art. Pick from 1 panel, 3 panels or floating frame canvas. Enjoy vibrant prints, Worldwide Free Shipping & 30-day Money Back Guarantee.","og_url":"https:\/\/www.canvasartbay.com\/fr\/produit\/max-verstappen-canvas-art\/","og_site_name":"Canvas Art Bay","article_modified_time":"2025-12-03T13:26:25+00:00","og_image":[{"width":1200,"height":1200,"url":"https:\/\/www.canvasartbay.com\/wp-content\/uploads\/2022\/12\/3-panels-max-verstappen-canvas-art.jpg","type":"image\/jpeg"}],"twitter_card":"summary_large_image","schema":{"@context":"https:\/\/schema.org","@graph":[{"@type":["WebPage","ItemPage"],"@id":"https:\/\/www.canvasartbay.com\/product\/max-verstappen-canvas-art\/","url":"https:\/\/www.canvasartbay.com\/product\/max-verstappen-canvas-art\/","name":"Max Verstappen Wall Art | Canvas Art Bay","isPartOf":{"@id":"https:\/\/www.canvasartbay.com\/#website"},"primaryImageOfPage":{"@id":"https:\/\/www.canvasartbay.com\/product\/max-verstappen-canvas-art\/#primaryimage"},"image":{"@id":"https:\/\/www.canvasartbay.com\/product\/max-verstappen-canvas-art\/#primaryimage"},"thumbnailUrl":"https:\/\/www.canvasartbay.com\/wp-content\/uploads\/2022\/12\/3-panels-max-verstappen-canvas-art.jpg","datePublished":"2025-10-30T09:06:47+00:00","dateModified":"2025-12-03T13:26:25+00:00","description":"Max Verstappen wall art. Pick from 1 panel, 3 panels or floating frame canvas. Enjoy vibrant prints, Worldwide Free Shipping & 30-day Money Back Guarantee.","breadcrumb":{"@id":"https:\/\/www.canvasartbay.com\/product\/max-verstappen-canvas-art\/#breadcrumb"},"inLanguage":"fr-FR","potentialAction":[{"@type":"ReadAction","target":["https:\/\/www.canvasartbay.com\/product\/max-verstappen-canvas-art\/"]}]},{"@type":"ImageObject","inLanguage":"fr-FR","@id":"https:\/\/www.canvasartbay.com\/product\/max-verstappen-canvas-art\/#primaryimage","url":"https:\/\/www.canvasartbay.com\/wp-content\/uploads\/2022\/12\/3-panels-max-verstappen-canvas-art.jpg","contentUrl":"https:\/\/www.canvasartbay.com\/wp-content\/uploads\/2022\/12\/3-panels-max-verstappen-canvas-art.jpg","width":1200,"height":1200,"caption":"3 panels max verstappen canvas art"},{"@type":"BreadcrumbList","@id":"https:\/\/www.canvasartbay.com\/product\/max-verstappen-canvas-art\/#breadcrumb","itemListElement":[{"@type":"ListItem","position":1,"name":"Home","item":"https:\/\/www.canvasartbay.com\/"},{"@type":"ListItem","position":2,"name":"Shop","item":"https:\/\/www.canvasartbay.com\/new-arrivals\/"},{"@type":"ListItem","position":3,"name":"Mechanics","item":"https:\/\/www.canvasartbay.com\/collection\/mechanics-wall-art\/"},{"@type":"ListItem","position":4,"name":"\u00bb"}]},{"@type":"WebSite","@id":"https:\/\/www.canvasartbay.com\/#website","url":"https:\/\/www.canvasartbay.com\/","name":"Baie d'art en toile","description":"","publisher":{"@id":"https:\/\/www.canvasartbay.com\/#organization"},"potentialAction":[{"@type":"SearchAction","target":{"@type":"EntryPoint","urlTemplate":"https:\/\/www.canvasartbay.com\/?s={search_term_string}"},"query-input":{"@type":"PropertyValueSpecification","valueRequired":true,"valueName":"search_term_string"}}],"inLanguage":"fr-FR"},{"@type":"Organization","@id":"https:\/\/www.canvasartbay.com\/#organization","name":"Baie d'art en toile","url":"https:\/\/www.canvasartbay.com\/","logo":{"@type":"ImageObject","inLanguage":"fr-FR","@id":"https:\/\/www.canvasartbay.com\/#\/schema\/logo\/image\/","url":"https:\/\/www.canvasartbay.com\/wp-content\/uploads\/2021\/09\/cropped-cropped-cropped-cropped-canvasartbay-logo-1-1-300x142-1.png","contentUrl":"https:\/\/www.canvasartbay.com\/wp-content\/uploads\/2021\/09\/cropped-cropped-cropped-cropped-canvasartbay-logo-1-1-300x142-1.png","width":300,"height":142,"caption":"Canvas Art Bay"},"image":{"@id":"https:\/\/www.canvasartbay.com\/#\/schema\/logo\/image\/"}}]}},"_links":{"self":[{"href":"https:\/\/www.canvasartbay.com\/fr\/wp-json\/wp\/v2\/product\/25177","targetHints":{"allow":["GET"]}}],"collection":[{"href":"https:\/\/www.canvasartbay.com\/fr\/wp-json\/wp\/v2\/product"}],"about":[{"href":"https:\/\/www.canvasartbay.com\/fr\/wp-json\/wp\/v2\/types\/product"}],"replies":[{"embeddable":true,"href":"https:\/\/www.canvasartbay.com\/fr\/wp-json\/wp\/v2\/comments?post=25177"}],"wp:featuredmedia":[{"embeddable":true,"href":"https:\/\/www.canvasartbay.com\/fr\/wp-json\/wp\/v2\/media\/25182"}],"wp:attachment":[{"href":"https:\/\/www.canvasartbay.com\/fr\/wp-json\/wp\/v2\/media?parent=25177"}],"wp:term":[{"taxonomy":"product_brand","embeddable":true,"href":"https:\/\/www.canvasartbay.com\/fr\/wp-json\/wp\/v2\/product_brand?post=25177"},{"taxonomy":"product_cat","embeddable":true,"href":"https:\/\/www.canvasartbay.com\/fr\/wp-json\/wp\/v2\/product_cat?post=25177"},{"taxonomy":"product_tag","embeddable":true,"href":"https:\/\/www.canvasartbay.com\/fr\/wp-json\/wp\/v2\/product_tag?post=25177"}],"curies":[{"name":"wp","href":"https:\/\/api.w.org\/{rel}","templated":true}]}}