{"id":36940,"date":"2026-03-30T14:25:08","date_gmt":"2026-03-30T14:25:08","guid":{"rendered":"https:\/\/www.canvasartbay.com\/?post_type=product&#038;p=36940"},"modified":"2026-04-08T11:02:36","modified_gmt":"2026-04-08T11:02:36","slug":"top-gun-maverick-canvas-art","status":"publish","type":"product","link":"https:\/\/www.canvasartbay.com\/fr\/product\/top-gun-maverick-canvas-art\/","title":{"rendered":"Top Gun Maverick"},"excerpt":{"rendered":"<p>La toile Top Gun Maverick est livr\u00e9e pr\u00eate \u00e0 \u00eatre accroch\u00e9e avec des crochets m\u00e9talliques en dents de scie au dos, et aucun encadrement suppl\u00e9mentaire n'est n\u00e9cessaire. La toile est soigneusement tendue \u00e0 la main sur des ch\u00e2ssis en bois naturel 100% par notre artisan expert. Nous combinons des toiles en poly-coton de premi\u00e8re qualit\u00e9 avec des encres pigmentaires d'archives pour vous offrir des impressions haute d\u00e9finition avec des couleurs vraiment vives qui durent plus de 100 ans.<\/p>\n<h3>Top Gun Movie Wall Decor<\/h3>\n<p>Cet art mural Top Gun maverick est disponible en impression sur toile enroul\u00e9e, en toile \u00e0 1 panneau, en toile \u00e0 3 panneaux, en toile \u00e0 5 panneaux ou en toile \u00e0 cadre flottant. De plus, il est disponible dans de nombreuses tailles diff\u00e9rentes : de la plus petite \u00e0 la plus grande. Il trouvera donc sa place dans votre salon, votre entr\u00e9e, votre chambre d'enfant ou m\u00eame votre salle \u00e0 manger.<\/p>\n<h3>Film de Tom Cruise<strong> Cadeaux<\/strong><\/h3>\n<p>Cette \u0153uvre d'art Tom Cruise maverick est un cadeau d'anniversaire parfait. Vous pouvez \u00e9galement l'offrir aux amateurs de films de guerre et de Tom Cruise. R\u00e9pandez l'amour dans votre entourage en offrant cette superbe toile d'art mural Top Gun !<\/p>","protected":false},"featured_media":117047,"comment_status":"open","ping_status":"closed","template":"","meta":{"_acf_changed":false},"product_brand":[],"product_cat":[922],"product_tag":[1094,1743,642,1744,1742,933],"class_list":{"0":"post-36940","1":"product","2":"type-product","3":"status-publish","4":"has-post-thumbnail","6":"product_cat-tv-movies-wall-art","7":"product_tag-f22","8":"product_tag-maverick","9":"product_tag-movie","10":"product_tag-tom-cruise","11":"product_tag-top-gun","12":"product_tag-war","13":"pa_canvas-type-canvas-wrap","14":"pa_canvas-type-floating-frame","15":"pa_canvas-type-rolled-print","16":"pa_color-beige-wall-art","17":"pa_number-of-panels-1-panel","18":"pa_number-of-panels-3-panels-wall-art","19":"pa_number-of-panels-5-panels-wall-art","20":"pa_room-game-room-wall-decor","21":"pa_room-garage-wall-decor","22":"pa_room-man-cave-wall-decor","23":"tm-has-options","25":"first","26":"instock","27":"shipping-taxable","28":"purchasable","29":"product-type-variable","30":"has-default-attributes"},"acf":[],"yoast_head":"<!-- This site is optimized with the Yoast SEO plugin v27.5 - https:\/\/yoast.com\/product\/yoast-seo-wordpress\/ -->\n<title>Top Gun Maverick Canvas Art | Large War Movie Wall Art<\/title>\n<meta name=\"description\" content=\"Shop Top Gun Maverick canvas art. Pick from 1 panel, 3 panels, 5 panels or floating frame wall art. Enjoy vibrant prints, Worldwide Free Shipping &amp; 30-day Money Back Guarantee.\" \/>\n<meta name=\"robots\" content=\"index, follow, max-snippet:-1, max-image-preview:large, max-video-preview:-1\" \/>\n<link rel=\"canonical\" href=\"https:\/\/www.canvasartbay.com\/fr\/produit\/top-gun-maverick-canvas-art\/\" \/>\n<meta property=\"og:locale\" content=\"fr_FR\" \/>\n<meta property=\"og:type\" content=\"article\" \/>\n<meta property=\"og:title\" content=\"Top Gun Maverick Canvas Art | Large War Movie Wall Art\" \/>\n<meta property=\"og:description\" content=\"Shop Top Gun Maverick canvas art. Pick from 1 panel, 3 panels, 5 panels or floating frame wall art. Enjoy vibrant prints, Worldwide Free Shipping &amp; 30-day Money Back Guarantee.\" \/>\n<meta property=\"og:url\" content=\"https:\/\/www.canvasartbay.com\/fr\/produit\/top-gun-maverick-canvas-art\/\" \/>\n<meta property=\"og:site_name\" content=\"Canvas Art Bay\" \/>\n<meta property=\"article:modified_time\" content=\"2026-04-08T11:02:36+00:00\" \/>\n<meta property=\"og:image\" content=\"https:\/\/www.canvasartbay.com\/wp-content\/uploads\/2023\/09\/5-panels-top-gun-maverick-1-canvas-art.jpg\" \/>\n\t<meta property=\"og:image:width\" content=\"1200\" \/>\n\t<meta property=\"og:image:height\" content=\"1200\" \/>\n\t<meta property=\"og:image:type\" content=\"image\/jpeg\" \/>\n<meta name=\"twitter:card\" content=\"summary_large_image\" \/>\n<script type=\"application\/ld+json\" class=\"yoast-schema-graph\">{\"@context\":\"https:\\\/\\\/schema.org\",\"@graph\":[{\"@type\":[\"WebPage\",\"ItemPage\"],\"@id\":\"https:\\\/\\\/www.canvasartbay.com\\\/product\\\/top-gun-maverick-canvas-art\\\/\",\"url\":\"https:\\\/\\\/www.canvasartbay.com\\\/product\\\/top-gun-maverick-canvas-art\\\/\",\"name\":\"Top Gun Maverick Canvas Art | Large War Movie Wall Art\",\"isPartOf\":{\"@id\":\"https:\\\/\\\/www.canvasartbay.com\\\/#website\"},\"primaryImageOfPage\":{\"@id\":\"https:\\\/\\\/www.canvasartbay.com\\\/product\\\/top-gun-maverick-canvas-art\\\/#primaryimage\"},\"image\":{\"@id\":\"https:\\\/\\\/www.canvasartbay.com\\\/product\\\/top-gun-maverick-canvas-art\\\/#primaryimage\"},\"thumbnailUrl\":\"https:\\\/\\\/www.canvasartbay.com\\\/wp-content\\\/uploads\\\/2023\\\/09\\\/5-panels-top-gun-maverick-1-canvas-art.jpg\",\"datePublished\":\"2026-03-30T14:25:08+00:00\",\"dateModified\":\"2026-04-08T11:02:36+00:00\",\"description\":\"Shop Top Gun Maverick canvas art. Pick from 1 panel, 3 panels, 5 panels or floating frame wall art. Enjoy vibrant prints, Worldwide Free Shipping & 30-day Money Back Guarantee.\",\"breadcrumb\":{\"@id\":\"https:\\\/\\\/www.canvasartbay.com\\\/product\\\/top-gun-maverick-canvas-art\\\/#breadcrumb\"},\"inLanguage\":\"fr-FR\",\"potentialAction\":[{\"@type\":\"ReadAction\",\"target\":[\"https:\\\/\\\/www.canvasartbay.com\\\/product\\\/top-gun-maverick-canvas-art\\\/\"]}]},{\"@type\":\"ImageObject\",\"inLanguage\":\"fr-FR\",\"@id\":\"https:\\\/\\\/www.canvasartbay.com\\\/product\\\/top-gun-maverick-canvas-art\\\/#primaryimage\",\"url\":\"https:\\\/\\\/www.canvasartbay.com\\\/wp-content\\\/uploads\\\/2023\\\/09\\\/5-panels-top-gun-maverick-1-canvas-art.jpg\",\"contentUrl\":\"https:\\\/\\\/www.canvasartbay.com\\\/wp-content\\\/uploads\\\/2023\\\/09\\\/5-panels-top-gun-maverick-1-canvas-art.jpg\",\"width\":1200,\"height\":1200,\"caption\":\"5 panels top gun maverick 1 canvas art\"},{\"@type\":\"BreadcrumbList\",\"@id\":\"https:\\\/\\\/www.canvasartbay.com\\\/product\\\/top-gun-maverick-canvas-art\\\/#breadcrumb\",\"itemListElement\":[{\"@type\":\"ListItem\",\"position\":1,\"name\":\"Home\",\"item\":\"https:\\\/\\\/www.canvasartbay.com\\\/\"},{\"@type\":\"ListItem\",\"position\":2,\"name\":\"Shop\",\"item\":\"https:\\\/\\\/www.canvasartbay.com\\\/new-arrivals\\\/\"},{\"@type\":\"ListItem\",\"position\":3,\"name\":\"TV &amp; Movies\",\"item\":\"https:\\\/\\\/www.canvasartbay.com\\\/collection\\\/tv-movies-wall-art\\\/\"},{\"@type\":\"ListItem\",\"position\":4,\"name\":\"\u00bb\"}]},{\"@type\":\"WebSite\",\"@id\":\"https:\\\/\\\/www.canvasartbay.com\\\/#website\",\"url\":\"https:\\\/\\\/www.canvasartbay.com\\\/\",\"name\":\"Canvas Art Bay\",\"description\":\"\",\"publisher\":{\"@id\":\"https:\\\/\\\/www.canvasartbay.com\\\/#organization\"},\"potentialAction\":[{\"@type\":\"SearchAction\",\"target\":{\"@type\":\"EntryPoint\",\"urlTemplate\":\"https:\\\/\\\/www.canvasartbay.com\\\/?s={search_term_string}\"},\"query-input\":{\"@type\":\"PropertyValueSpecification\",\"valueRequired\":true,\"valueName\":\"search_term_string\"}}],\"inLanguage\":\"fr-FR\"},{\"@type\":\"Organization\",\"@id\":\"https:\\\/\\\/www.canvasartbay.com\\\/#organization\",\"name\":\"Canvas Art Bay\",\"url\":\"https:\\\/\\\/www.canvasartbay.com\\\/\",\"logo\":{\"@type\":\"ImageObject\",\"inLanguage\":\"fr-FR\",\"@id\":\"https:\\\/\\\/www.canvasartbay.com\\\/#\\\/schema\\\/logo\\\/image\\\/\",\"url\":\"https:\\\/\\\/www.canvasartbay.com\\\/wp-content\\\/uploads\\\/2021\\\/09\\\/cropped-cropped-cropped-cropped-canvasartbay-logo-1-1-300x142-1.png\",\"contentUrl\":\"https:\\\/\\\/www.canvasartbay.com\\\/wp-content\\\/uploads\\\/2021\\\/09\\\/cropped-cropped-cropped-cropped-canvasartbay-logo-1-1-300x142-1.png\",\"width\":300,\"height\":142,\"caption\":\"Canvas Art Bay\"},\"image\":{\"@id\":\"https:\\\/\\\/www.canvasartbay.com\\\/#\\\/schema\\\/logo\\\/image\\\/\"}}]}<\/script>\n<!-- \/ Yoast SEO plugin. -->","yoast_head_json":{"title":"Top Gun Maverick Canvas Art | Large War Movie Wall Art","description":"Achetez l'art sur toile Top Gun Maverick. Choisissez entre 1 panneau, 3 panneaux, 5 panneaux ou un cadre flottant. Profitez d'impressions vibrantes, d'une livraison gratuite dans le monde entier et d'une garantie de remboursement de 30 jours.","robots":{"index":"index","follow":"follow","max-snippet":"max-snippet:-1","max-image-preview":"max-image-preview:large","max-video-preview":"max-video-preview:-1"},"canonical":"https:\/\/www.canvasartbay.com\/fr\/produit\/top-gun-maverick-canvas-art\/","og_locale":"fr_FR","og_type":"article","og_title":"Top Gun Maverick Canvas Art | Large War Movie Wall Art","og_description":"Shop Top Gun Maverick canvas art. Pick from 1 panel, 3 panels, 5 panels or floating frame wall art. Enjoy vibrant prints, Worldwide Free Shipping & 30-day Money Back Guarantee.","og_url":"https:\/\/www.canvasartbay.com\/fr\/produit\/top-gun-maverick-canvas-art\/","og_site_name":"Canvas Art Bay","article_modified_time":"2026-04-08T11:02:36+00:00","og_image":[{"width":1200,"height":1200,"url":"https:\/\/www.canvasartbay.com\/wp-content\/uploads\/2023\/09\/5-panels-top-gun-maverick-1-canvas-art.jpg","type":"image\/jpeg"}],"twitter_card":"summary_large_image","schema":{"@context":"https:\/\/schema.org","@graph":[{"@type":["WebPage","ItemPage"],"@id":"https:\/\/www.canvasartbay.com\/product\/top-gun-maverick-canvas-art\/","url":"https:\/\/www.canvasartbay.com\/product\/top-gun-maverick-canvas-art\/","name":"Top Gun Maverick Canvas Art | Large War Movie Wall Art","isPartOf":{"@id":"https:\/\/www.canvasartbay.com\/#website"},"primaryImageOfPage":{"@id":"https:\/\/www.canvasartbay.com\/product\/top-gun-maverick-canvas-art\/#primaryimage"},"image":{"@id":"https:\/\/www.canvasartbay.com\/product\/top-gun-maverick-canvas-art\/#primaryimage"},"thumbnailUrl":"https:\/\/www.canvasartbay.com\/wp-content\/uploads\/2023\/09\/5-panels-top-gun-maverick-1-canvas-art.jpg","datePublished":"2026-03-30T14:25:08+00:00","dateModified":"2026-04-08T11:02:36+00:00","description":"Achetez l'art sur toile Top Gun Maverick. Choisissez entre 1 panneau, 3 panneaux, 5 panneaux ou un cadre flottant. Profitez d'impressions vibrantes, d'une livraison gratuite dans le monde entier et d'une garantie de remboursement de 30 jours.","breadcrumb":{"@id":"https:\/\/www.canvasartbay.com\/product\/top-gun-maverick-canvas-art\/#breadcrumb"},"inLanguage":"fr-FR","potentialAction":[{"@type":"ReadAction","target":["https:\/\/www.canvasartbay.com\/product\/top-gun-maverick-canvas-art\/"]}]},{"@type":"ImageObject","inLanguage":"fr-FR","@id":"https:\/\/www.canvasartbay.com\/product\/top-gun-maverick-canvas-art\/#primaryimage","url":"https:\/\/www.canvasartbay.com\/wp-content\/uploads\/2023\/09\/5-panels-top-gun-maverick-1-canvas-art.jpg","contentUrl":"https:\/\/www.canvasartbay.com\/wp-content\/uploads\/2023\/09\/5-panels-top-gun-maverick-1-canvas-art.jpg","width":1200,"height":1200,"caption":"5 panels top gun maverick 1 canvas art"},{"@type":"BreadcrumbList","@id":"https:\/\/www.canvasartbay.com\/product\/top-gun-maverick-canvas-art\/#breadcrumb","itemListElement":[{"@type":"ListItem","position":1,"name":"Home","item":"https:\/\/www.canvasartbay.com\/"},{"@type":"ListItem","position":2,"name":"Shop","item":"https:\/\/www.canvasartbay.com\/new-arrivals\/"},{"@type":"ListItem","position":3,"name":"TV &amp; Movies","item":"https:\/\/www.canvasartbay.com\/collection\/tv-movies-wall-art\/"},{"@type":"ListItem","position":4,"name":"\u00bb"}]},{"@type":"WebSite","@id":"https:\/\/www.canvasartbay.com\/#website","url":"https:\/\/www.canvasartbay.com\/","name":"Baie d'art en toile","description":"","publisher":{"@id":"https:\/\/www.canvasartbay.com\/#organization"},"potentialAction":[{"@type":"SearchAction","target":{"@type":"EntryPoint","urlTemplate":"https:\/\/www.canvasartbay.com\/?s={search_term_string}"},"query-input":{"@type":"PropertyValueSpecification","valueRequired":true,"valueName":"search_term_string"}}],"inLanguage":"fr-FR"},{"@type":"Organization","@id":"https:\/\/www.canvasartbay.com\/#organization","name":"Baie d'art en toile","url":"https:\/\/www.canvasartbay.com\/","logo":{"@type":"ImageObject","inLanguage":"fr-FR","@id":"https:\/\/www.canvasartbay.com\/#\/schema\/logo\/image\/","url":"https:\/\/www.canvasartbay.com\/wp-content\/uploads\/2021\/09\/cropped-cropped-cropped-cropped-canvasartbay-logo-1-1-300x142-1.png","contentUrl":"https:\/\/www.canvasartbay.com\/wp-content\/uploads\/2021\/09\/cropped-cropped-cropped-cropped-canvasartbay-logo-1-1-300x142-1.png","width":300,"height":142,"caption":"Canvas Art Bay"},"image":{"@id":"https:\/\/www.canvasartbay.com\/#\/schema\/logo\/image\/"}}]}},"_links":{"self":[{"href":"https:\/\/www.canvasartbay.com\/fr\/wp-json\/wp\/v2\/product\/36940","targetHints":{"allow":["GET"]}}],"collection":[{"href":"https:\/\/www.canvasartbay.com\/fr\/wp-json\/wp\/v2\/product"}],"about":[{"href":"https:\/\/www.canvasartbay.com\/fr\/wp-json\/wp\/v2\/types\/product"}],"replies":[{"embeddable":true,"href":"https:\/\/www.canvasartbay.com\/fr\/wp-json\/wp\/v2\/comments?post=36940"}],"wp:featuredmedia":[{"embeddable":true,"href":"https:\/\/www.canvasartbay.com\/fr\/wp-json\/wp\/v2\/media\/117047"}],"wp:attachment":[{"href":"https:\/\/www.canvasartbay.com\/fr\/wp-json\/wp\/v2\/media?parent=36940"}],"wp:term":[{"taxonomy":"product_brand","embeddable":true,"href":"https:\/\/www.canvasartbay.com\/fr\/wp-json\/wp\/v2\/product_brand?post=36940"},{"taxonomy":"product_cat","embeddable":true,"href":"https:\/\/www.canvasartbay.com\/fr\/wp-json\/wp\/v2\/product_cat?post=36940"},{"taxonomy":"product_tag","embeddable":true,"href":"https:\/\/www.canvasartbay.com\/fr\/wp-json\/wp\/v2\/product_tag?post=36940"}],"curies":[{"name":"wp","href":"https:\/\/api.w.org\/{rel}","templated":true}]}}